{"id":935,"date":"2023-06-01T07:27:46","date_gmt":"2023-06-01T10:27:46","guid":{"rendered":"https:\/\/pos.uel.br\/pgagro\/?page_id=935"},"modified":"2023-10-29T16:35:02","modified_gmt":"2023-10-29T19:35:02","slug":"mestrado-doutorado","status":"publish","type":"page","link":"https:\/\/pos.uel.br\/pgagro\/mestrado-doutorado\/","title":{"rendered":"Mestrado\/Doutorado"},"content":{"rendered":"\n<p><\/p>\n\n\n\n<p><strong>Nesta aba, consulte as disciplinas, quadro de hor\u00e1rios, formul\u00e1rios e auto avalia\u00e7\u00e3o do curso.<\/strong><\/p>\n","protected":false},"excerpt":{"rendered":"<p>Nesta aba, consulte as disciplinas, quadro de hor\u00e1rios, formul\u00e1rios e auto avalia\u00e7\u00e3o do curso.<\/p>\n","protected":false},"author":8,"featured_media":0,"parent":0,"menu_order":0,"comment_status":"closed","ping_status":"closed","template":"","meta":{"_acf_changed":false,"footnotes":""},"class_list":["post-935","page","type-page","status-publish","hentry"],"acf":[],"_links":{"self":[{"href":"https:\/\/pos.uel.br\/pgagro\/wp-json\/wp\/v2\/pages\/935","targetHints":{"allow":["GET"]}}],"collection":[{"href":"https:\/\/pos.uel.br\/pgagro\/wp-json\/wp\/v2\/pages"}],"about":[{"href":"https:\/\/pos.uel.br\/pgagro\/wp-json\/wp\/v2\/types\/page"}],"author":[{"embeddable":true,"href":"https:\/\/pos.uel.br\/pgagro\/wp-json\/wp\/v2\/users\/8"}],"replies":[{"embeddable":true,"href":"https:\/\/pos.uel.br\/pgagro\/wp-json\/wp\/v2\/comments?post=935"}],"version-history":[{"count":3,"href":"https:\/\/pos.uel.br\/pgagro\/wp-json\/wp\/v2\/pages\/935\/revisions"}],"predecessor-version":[{"id":1231,"href":"https:\/\/pos.uel.br\/pgagro\/wp-json\/wp\/v2\/pages\/935\/revisions\/1231"}],"wp:attachment":[{"href":"https:\/\/pos.uel.br\/pgagro\/wp-json\/wp\/v2\/media?parent=935"}],"curies":[{"name":"wp","href":"https:\/\/api.w.org\/{rel}","templated":true}]}}