{"id":421,"date":"2021-08-31T09:03:23","date_gmt":"2021-08-31T12:03:23","guid":{"rendered":"https:\/\/pos.uel.br\/pgagro\/?page_id=421"},"modified":"2025-06-30T20:17:50","modified_gmt":"2025-06-30T23:17:50","slug":"publicacoes-3","status":"publish","type":"page","link":"https:\/\/pos.uel.br\/pgagro\/publicacoes-3\/","title":{"rendered":"Destaques do programa"},"content":{"rendered":"\n<figure class=\"wp-block-image size-full\"><img loading=\"lazy\" decoding=\"async\" width=\"1450\" height=\"400\" src=\"https:\/\/pos.uel.br\/pgagro\/wp-content\/uploads\/2023\/11\/publoi.jpg\" alt=\"\" class=\"wp-image-1308\" srcset=\"https:\/\/pos.uel.br\/pgagro\/wp-content\/uploads\/2023\/11\/publoi.jpg 1450w, https:\/\/pos.uel.br\/pgagro\/wp-content\/uploads\/2023\/11\/publoi-300x83.jpg 300w, https:\/\/pos.uel.br\/pgagro\/wp-content\/uploads\/2023\/11\/publoi-1024x282.jpg 1024w, https:\/\/pos.uel.br\/pgagro\/wp-content\/uploads\/2023\/11\/publoi-768x212.jpg 768w\" sizes=\"auto, (max-width: 1450px) 100vw, 1450px\" \/><\/figure>\n\n\n\n<p><\/p>\n\n\n\n<h2 class=\"wp-block-heading\">Abertas inscri\u00e7\u00f5es para o concurso para docente do departamento de Agronomia UEL- Venha fazer parte do nosso time <\/h2>\n\n\n\n<p>Confira os detalhes em <a href=\"https:\/\/www.cops.uel.br\/v2\/Selecao\/DetalharSelecao\/Selecao\/376\">https:\/\/www.cops.uel.br\/v2\/Selecao\/DetalharSelecao\/Selecao\/376<\/a><\/p>\n\n\n\n<p><\/p>\n\n\n\n<hr class=\"wp-block-separator has-alpha-channel-opacity\" \/>\n\n\n\n<p><strong>Siga nossa p\u00e1gina na Rede Social  LinkedIn:   <\/strong><a href=\"https:\/\/br.linkedin.com\/company\/programa-de-p%C3%B3s-gradua%C3%A7%C3%A3o-em-agronomia-uel\">https:\/\/br.linkedin.com\/company\/programa-de-p%C3%B3s-gradua%C3%A7%C3%A3o-em-agronomia-uel<\/a><\/p>\n\n\n\n<figure class=\"wp-block-image size-full\"><img loading=\"lazy\" decoding=\"async\" width=\"79\" height=\"75\" src=\"https:\/\/pos.uel.br\/pgagro\/wp-content\/uploads\/2025\/05\/image-2.png\" alt=\"\" class=\"wp-image-1767\" \/><\/figure>\n\n\n\n<hr class=\"wp-block-separator has-alpha-channel-opacity\" \/>\n\n\n\n<div class=\"wp-block-media-text is-stacked-on-mobile\"><figure class=\"wp-block-media-text__media\"><img loading=\"lazy\" decoding=\"async\" width=\"1024\" height=\"532\" src=\"https:\/\/pos.uel.br\/pgagro\/wp-content\/uploads\/2025\/05\/HF-FRUTI-1024x532.jpeg\" alt=\"\" class=\"wp-image-1786 size-full\" srcset=\"https:\/\/pos.uel.br\/pgagro\/wp-content\/uploads\/2025\/05\/HF-FRUTI-1024x532.jpeg 1024w, https:\/\/pos.uel.br\/pgagro\/wp-content\/uploads\/2025\/05\/HF-FRUTI-300x156.jpeg 300w, https:\/\/pos.uel.br\/pgagro\/wp-content\/uploads\/2025\/05\/HF-FRUTI-768x399.jpeg 768w, https:\/\/pos.uel.br\/pgagro\/wp-content\/uploads\/2025\/05\/HF-FRUTI.jpeg 1075w\" sizes=\"auto, (max-width: 1024px) 100vw, 1024px\" \/><\/figure><div class=\"wp-block-media-text__content\">\n<p>Projetos de extens\u00e3o da \u00e1rea de concentra\u00e7\u00e3o em produ\u00e7\u00e3o Vegetal, linha de pesqusiae em Horticultura, atendem agricultores familiares e assentados e estudantes da Rede P\u00fablica em projetos de extens\u00e3o.<\/p>\n<\/div><\/div>\n\n\n\n<hr class=\"wp-block-separator has-alpha-channel-opacity\" \/>\n\n\n\n<div class=\"wp-block-media-text is-stacked-on-mobile\" style=\"grid-template-columns:79% auto\"><figure class=\"wp-block-media-text__media\"><img loading=\"lazy\" decoding=\"async\" width=\"909\" height=\"193\" src=\"https:\/\/pos.uel.br\/pgagro\/wp-content\/uploads\/2025\/05\/CursoDres.jpeg\" alt=\"\" class=\"wp-image-1781 size-full\" srcset=\"https:\/\/pos.uel.br\/pgagro\/wp-content\/uploads\/2025\/05\/CursoDres.jpeg 909w, https:\/\/pos.uel.br\/pgagro\/wp-content\/uploads\/2025\/05\/CursoDres-300x64.jpeg 300w, https:\/\/pos.uel.br\/pgagro\/wp-content\/uploads\/2025\/05\/CursoDres-768x163.jpeg 768w\" sizes=\"auto, (max-width: 909px) 100vw, 909px\" \/><\/figure><div class=\"wp-block-media-text__content\">\n<p>A partir da curriculariza\u00e7\u00e3o da extens\u00e3o nos cursos de gradua\u00e7\u00e3o, cada vez mais a Universidade exerce sua voca\u00e7\u00e3o extensionistas. Discentes e docentes do programa participam de atividades de projetos de extens\u00e3o (como no caso do GESOLO &#8211; Grupo de Estudos de Manejo e Conserva\u00e7\u00e3o dos solos.). Nas fotos, egressa Marie Bartz palestra sobre o plantio direto no Brasil e Dr. Ricardo Ralisch ministrando curso de DRES para estudantes da UEL e de outras IES.<\/p>\n<\/div><\/div>\n\n\n\n<hr class=\"wp-block-separator has-alpha-channel-opacity\" \/>\n\n\n\n<p>UEL realizar\u00e1 o VIII SIMP\u00d3SIO DE BIOQU\u00cdMICA E BIOTECNOLOGIA \u2013 SIMBBTEC E I CONGRESSO PARANAENSE DE BIOTECNOLOGIA. Evento discutir\u00e1 temas com linhas abordados em projetos e linhas de pesquisa DO PROGRAMA. Estamos incentivando nossos discentes a participarem e apresentarem seus trabalhos. <a href=\"https:\/\/portal.uel.br\/evento\/viii-simposio-de-bioquimica-e-biotecnologia-simbbtec-e-i-congresso-paranaense-de-biotecnologia\/\">https:\/\/portal.uel.br\/evento\/viii-simposio-de-bioquimica-e-biotecnologia-simbbtec-e-i-congresso-paranaense-de-biotecnologia\/<\/a><\/p>\n\n\n\n<hr class=\"wp-block-separator has-alpha-channel-opacity\" \/>\n\n\n\n<p><\/p>\n\n\n\n<p class=\"has-text-align-center\"><strong>PROFESSORES DO PROGRAMA S\u00c3O HOMENAGEADOS POR CONTRIBUI\u00c7\u00d5ES \u00c0 AGRICULTURA PARANAENSE<\/strong>: Em evento durantes a EXPO LONDRINA 2025, professores do programa receberam Mens\u00e3o Honrosa da Assembleia Legislativa do Paran\u00e1 <\/p>\n\n\n\n<div class=\"wp-block-columns is-layout-flex wp-container-core-columns-is-layout-9d6595d7 wp-block-columns-is-layout-flex\">\n<div class=\"wp-block-column is-layout-flow wp-block-column-is-layout-flow\">\n<div class=\"wp-block-media-text is-stacked-on-mobile\"><figure class=\"wp-block-media-text__media\"><img loading=\"lazy\" decoding=\"async\" width=\"960\" height=\"792\" src=\"https:\/\/pos.uel.br\/pgagro\/wp-content\/uploads\/2025\/04\/WhatsApp-Image-2025-04-16-at-17.41.24.jpeg\" alt=\"\" class=\"wp-image-1713 size-full\" srcset=\"https:\/\/pos.uel.br\/pgagro\/wp-content\/uploads\/2025\/04\/WhatsApp-Image-2025-04-16-at-17.41.24.jpeg 960w, https:\/\/pos.uel.br\/pgagro\/wp-content\/uploads\/2025\/04\/WhatsApp-Image-2025-04-16-at-17.41.24-300x248.jpeg 300w, https:\/\/pos.uel.br\/pgagro\/wp-content\/uploads\/2025\/04\/WhatsApp-Image-2025-04-16-at-17.41.24-768x634.jpeg 768w\" sizes=\"auto, (max-width: 960px) 100vw, 960px\" \/><\/figure><div class=\"wp-block-media-text__content\">\n<p>Prof. Rui Pereira Leite homenageado pelo trabalho de combate ao cancro c\u00edtrico <\/p>\n<\/div><\/div>\n<\/div>\n\n\n\n<div class=\"wp-block-column is-layout-flow wp-block-column-is-layout-flow\">\n<div class=\"wp-block-media-text is-stacked-on-mobile\"><figure class=\"wp-block-media-text__media\"><img loading=\"lazy\" decoding=\"async\" width=\"960\" height=\"754\" src=\"https:\/\/pos.uel.br\/pgagro\/wp-content\/uploads\/2025\/04\/WhatsApp-Image-2025-04-16-at-17.42.11-1.jpeg\" alt=\"\" class=\"wp-image-1714 size-full\" srcset=\"https:\/\/pos.uel.br\/pgagro\/wp-content\/uploads\/2025\/04\/WhatsApp-Image-2025-04-16-at-17.42.11-1.jpeg 960w, https:\/\/pos.uel.br\/pgagro\/wp-content\/uploads\/2025\/04\/WhatsApp-Image-2025-04-16-at-17.42.11-1-300x236.jpeg 300w, https:\/\/pos.uel.br\/pgagro\/wp-content\/uploads\/2025\/04\/WhatsApp-Image-2025-04-16-at-17.42.11-1-768x603.jpeg 768w\" sizes=\"auto, (max-width: 960px) 100vw, 960px\" \/><\/figure><div class=\"wp-block-media-text__content\">\n<p>Profa. Dra. Vania Moda Cirino homenageada pelo trabalho de melhoramento gen\u00e9tico <\/p>\n<\/div><\/div>\n<\/div>\n\n\n\n<div class=\"wp-block-column is-layout-flow wp-block-column-is-layout-flow\">\n<div class=\"wp-block-media-text is-stacked-on-mobile\"><figure class=\"wp-block-media-text__media\"><img loading=\"lazy\" decoding=\"async\" width=\"960\" height=\"884\" src=\"https:\/\/pos.uel.br\/pgagro\/wp-content\/uploads\/2025\/04\/WhatsApp-Image-2025-04-16-at-17.51.35-1.jpeg\" alt=\"\" class=\"wp-image-1716 size-full\" srcset=\"https:\/\/pos.uel.br\/pgagro\/wp-content\/uploads\/2025\/04\/WhatsApp-Image-2025-04-16-at-17.51.35-1.jpeg 960w, https:\/\/pos.uel.br\/pgagro\/wp-content\/uploads\/2025\/04\/WhatsApp-Image-2025-04-16-at-17.51.35-1-300x276.jpeg 300w, https:\/\/pos.uel.br\/pgagro\/wp-content\/uploads\/2025\/04\/WhatsApp-Image-2025-04-16-at-17.51.35-1-768x707.jpeg 768w\" sizes=\"auto, (max-width: 960px) 100vw, 960px\" \/><\/figure><div class=\"wp-block-media-text__content\">\n<p>Prof. Dr. Maur\u00edcio Ursi Ventura homenageado pela pesquisa e extens\u00e3o <\/p>\n<\/div><\/div>\n<\/div>\n<\/div>\n\n\n\n<hr class=\"wp-block-separator has-alpha-channel-opacity\" \/>\n\n\n\n<p class=\"has-text-align-center\"><strong> PROGRAMA UEL &#8211; IDR  COMEMOROU 30 ANOS EM 2024 <\/strong><\/p>\n\n\n\n<p>Em evento realizado no Audit\u00f3rio Ciro Grossi d UEL, o Programa comemorou seus 30 anos. Professores Maria de F\u00e1tima Guimar\u00e2es (ex coordenadora) e Deonisio Destro (primeiro coordenador) foram homenageados pela grande contribui\u00e7\u00e3o \u00e0 estrutura\u00e7\u00e3o do programa atual. Dois paineis foram realizados. Num painel t\u00e9cnico discutiu-se MUDAN\u00c7AS CLIM\u00c1TICAS: O MAIOR DESAFIO DA AGRICULTURA, com os convidados Dr. Jos\u00e9 Salvador Simonetti Foloni da EMBRAPA SOJA e Dr. Leonardo Gava Mataram da Climatic Bonds Initiative. A seguir, quatro egressos, elencados como destaques no programa,  um para cada \u00e1rea de concentra\u00e7\u00e3o, discorreram suas experi\u00eancias profissionais e a import\u00e2ncia do \u00b4programa no desenvolvimento de suas carreiras. Finalmente, os participantes foram recepcionados em Coquetel realizado nas depend\u00eancias da Associa\u00e7\u00e3o dos Funcion\u00e1rios do IDR &#8211; PR. <\/p>\n\n\n\n<p><\/p>\n\n\n\n<div class=\"wp-block-columns is-layout-flex wp-container-core-columns-is-layout-9d6595d7 wp-block-columns-is-layout-flex\">\n<div class=\"wp-block-column is-layout-flow wp-block-column-is-layout-flow\">\n<div class=\"wp-block-media-text is-stacked-on-mobile\"><figure class=\"wp-block-media-text__media\"><img loading=\"lazy\" decoding=\"async\" width=\"768\" height=\"1024\" src=\"https:\/\/pos.uel.br\/pgagro\/wp-content\/uploads\/2025\/04\/WhatsApp-Image-2025-04-20-at-18.22.24-768x1024.jpeg\" alt=\"\" class=\"wp-image-1727 size-full\" srcset=\"https:\/\/pos.uel.br\/pgagro\/wp-content\/uploads\/2025\/04\/WhatsApp-Image-2025-04-20-at-18.22.24-768x1024.jpeg 768w, https:\/\/pos.uel.br\/pgagro\/wp-content\/uploads\/2025\/04\/WhatsApp-Image-2025-04-20-at-18.22.24-225x300.jpeg 225w, https:\/\/pos.uel.br\/pgagro\/wp-content\/uploads\/2025\/04\/WhatsApp-Image-2025-04-20-at-18.22.24-1152x1536.jpeg 1152w, https:\/\/pos.uel.br\/pgagro\/wp-content\/uploads\/2025\/04\/WhatsApp-Image-2025-04-20-at-18.22.24.jpeg 1200w\" sizes=\"auto, (max-width: 768px) 100vw, 768px\" \/><\/figure><div class=\"wp-block-media-text__content\">\n<p>Homenagem ao prof. Deon\u00edsio Destro, primeiro coordenador do programa. <\/p>\n<\/div><\/div>\n<\/div>\n\n\n\n<div class=\"wp-block-column is-layout-flow wp-block-column-is-layout-flow\">\n<div class=\"wp-block-media-text is-stacked-on-mobile\" style=\"grid-template-columns:39% auto\"><figure class=\"wp-block-media-text__media\"><img loading=\"lazy\" decoding=\"async\" width=\"576\" height=\"1024\" src=\"https:\/\/pos.uel.br\/pgagro\/wp-content\/uploads\/2025\/04\/WhatsApp-Image-2025-04-20-at-18.40.59-576x1024.jpeg\" alt=\"\" class=\"wp-image-1726 size-full\" srcset=\"https:\/\/pos.uel.br\/pgagro\/wp-content\/uploads\/2025\/04\/WhatsApp-Image-2025-04-20-at-18.40.59-576x1024.jpeg 576w, https:\/\/pos.uel.br\/pgagro\/wp-content\/uploads\/2025\/04\/WhatsApp-Image-2025-04-20-at-18.40.59-169x300.jpeg 169w, https:\/\/pos.uel.br\/pgagro\/wp-content\/uploads\/2025\/04\/WhatsApp-Image-2025-04-20-at-18.40.59.jpeg 648w\" sizes=\"auto, (max-width: 576px) 100vw, 576px\" \/><\/figure><div class=\"wp-block-media-text__content\">\n<p>Palestra Dra. Dafila Fagoti sobre import\u00e2ncia do curso na sua carreira profissional <\/p>\n<\/div><\/div>\n<\/div>\n\n\n\n<div class=\"wp-block-column is-layout-flow wp-block-column-is-layout-flow\">\n<div class=\"wp-block-media-text is-stacked-on-mobile\" style=\"grid-template-columns:38% auto\"><figure class=\"wp-block-media-text__media\"><img loading=\"lazy\" decoding=\"async\" width=\"576\" height=\"1024\" src=\"https:\/\/pos.uel.br\/pgagro\/wp-content\/uploads\/2025\/04\/WhatsApp-Image-2025-04-20-at-18.40.20-576x1024.jpeg\" alt=\"\" class=\"wp-image-1724 size-full\" srcset=\"https:\/\/pos.uel.br\/pgagro\/wp-content\/uploads\/2025\/04\/WhatsApp-Image-2025-04-20-at-18.40.20-576x1024.jpeg 576w, https:\/\/pos.uel.br\/pgagro\/wp-content\/uploads\/2025\/04\/WhatsApp-Image-2025-04-20-at-18.40.20-169x300.jpeg 169w, https:\/\/pos.uel.br\/pgagro\/wp-content\/uploads\/2025\/04\/WhatsApp-Image-2025-04-20-at-18.40.20.jpeg 720w\" sizes=\"auto, (max-width: 576px) 100vw, 576px\" \/><\/figure><div class=\"wp-block-media-text__content\">\n<p>Palestra Dr. Salvador Simonetti no painel sobre &#8220;Mudan\u00e7a clim\u00e1tica&#8221;<\/p>\n<\/div><\/div>\n<\/div>\n<\/div>\n\n\n\n<hr class=\"wp-block-separator has-alpha-channel-opacity\" \/>\n\n\n\n<p><strong>PUBLICA\u00c7\u00d5ES RECENTES<\/strong> <strong>DO PROGRAMA <\/strong><\/p>\n\n\n\n<p><\/p>\n\n\n\n<p>OLIVEIRA, K. S. ;&nbsp;<a href=\"http:\/\/lattes.cnpq.br\/7955021824074374\" target=\"_blank\" rel=\"noreferrer noopener\">MENDES, A. D. R.<\/a>&nbsp;;&nbsp;<a href=\"http:\/\/lattes.cnpq.br\/8101665699701900\" target=\"_blank\" rel=\"noreferrer noopener\">VOLSI, B.<\/a>&nbsp;;&nbsp;<strong>TELLES, T. S.<\/strong>&nbsp;; YUNES, J. S. ;&nbsp;<a href=\"http:\/\/lattes.cnpq.br\/8259839362903281\" target=\"_blank\" rel=\"noreferrer noopener\">ANDRADE, D. S.<\/a>&nbsp;. Co-inoculation with Rhizobium, Azospirilum and microalgae increases common bean yield and profitability. AGRONOMY JOURNAL, v. 117, p. e21719, 2025.&nbsp;<a href=\"https:\/\/doi.org\/10.1002\/agj2.21719\">https:\/\/doi.org\/10.1002\/agj2.21719<\/a><\/p>\n\n\n\n<p>BARTZ, M. L. C. ;&nbsp;<strong>TELLES, T. S.<\/strong>&nbsp;; CASAO JUNIOR, R. ; FUENTES-LLANILLO, R. ;&nbsp;<a href=\"http:\/\/lattes.cnpq.br\/3620197655490764\" target=\"_blank\" rel=\"noreferrer noopener\">RALISCH, R.<\/a>&nbsp;. No-Tillage System: A genuine Brazilian technology that meets current global demands. Advances in Agronomy, v. 191, p. 115-146, 2025. <a href=\"http:\/\/dx.doi.org\/10.1016\/bs.agron.2025.02.001\" target=\"_blank\" rel=\"noreferrer noopener\">10.1016\/bs.agron.2025.02.001<\/a><\/p>\n\n\n\n<p>GUARIZ, HUGO ROLDI ;&nbsp;OLIVEIRA, Halley Caixeta de&nbsp;; SHIMIZU, GABRIEL DANILO ; Pieretti, Joana Claudio ; SEABRA, AMEDEA BAROZZI . Effect of free and nanoencapsulated nitric oxide donor on the response of tree plants during the hardening off process. REVISTA ARVORE, , v. 49, p. 1-11, 2025 <a href=\"https:\/\/doi.org\/10.53661\/1806-9088202549263802\">https:\/\/doi.org\/10.53661\/1806-9088202549263802<\/a><\/p>\n\n\n\n<p>LUCAS, K. R., CALDARELLI, C. E., VENTURA, M. U., TANG, L., HAYASHI, K., &amp; YOSHIKAWA, N. (2025). Mapping life cycle assessment (LCA) scientific research in agriculture: what do we still have to do?.&nbsp;<em>Environment Systems and Decisions<\/em>,&nbsp;<em>45<\/em>(1), 6. <a href=\"https:\/\/link.springer.com\/article\/10.1007\/s10669-024-09997-4\">https:\/\/link.springer.com\/article\/10.1007\/s10669-024-09997-4<\/a><\/p>\n\n\n\n<p> QUEIROZ, AP.P, PANIZZI, A.R. ; FRAN\u00c7A-NETO, J.B.&nbsp;;&nbsp;BUENO, A. F.&nbsp;. Management Strategies for the Control of Diceraeus melacanthus (Dallas) in Soybean (Summer)-Maize (Fall\/Winter) Successions. NEOTROPICAL ENTOMOLOGY , v. 54, p. 1-12, 2025. <a href=\"https:\/\/link.springer.com\/article\/10.1007\/s13744-024-01219-5\">https:\/\/link.springer.com\/article\/10.1007\/s13744-024-01219-5<\/a><\/p>\n\n\n\n<p>ANDREATA, MATHEUS F. L. ; AFONSO, LEANDRO ; NIEKAWA, ERIKA T. G. ; SALOM\u00c3O, JULIO M. ; BASSO, KAWANY ROQUE ; SILVA, MARIA CLARA D. ; ALVES, LEONARDO CRUZ ; ALARCON, STEFANI F. ; PARRA, MARIA EUGENIA A. ; GRZEGORCZYK, KATHLEN GIOVANA ; CHRYSSAFIDIS, ANDREAS LAZAROS ;&nbsp;<strong>ANDRADE, GALDINO&nbsp;<\/strong>. Microbial Fertilizers: A Study on the Current Scenario of Brazilian Inoculants and Future Perspectives. PLANTS , v. 13, p. 2246, 2024.&nbsp;<a href=\"https:\/\/doi.org\/10.3390\/plants13162246\">https:\/\/doi.org\/10.3390\/plants13162246<\/a><\/p>\n\n\n\n<p>BARAZETTI, ANDR\u00c9 RIEDI ; DEALIS, MICKELY LIUTI ; BASSO, KAWANY ROQUE ; SILVA, MARIA CLARA DAVIS ; ALVES, LEONARDO DA CRUZ ; PARRA, MARIA EUG\u00caNIA ALC\u00c2NTARA ; SIMIONATO, ANE ST\u00c9FANO ; CELY, MARTHA VIVIANA TORRES ; MACEDO, ARTHUR LADEIRA ; SILVA, DENISE BRENTAN ;&nbsp;ANDRADE, GALDINO&nbsp;. Evaluation of Resistance Induction Promoted by Bioactive Compounds of Pseudomonas aeruginosa LV Strain against Asian Soybean Rust. Microorganisms, , v. 12, p. 1576-1590, 2024. <a href=\"https:\/\/www.mdpi.com\/2076-2607\/12\/8\/1576\">https:\/\/www.mdpi.com\/2076-2607\/12\/8\/1576<\/a><\/p>\n\n\n\n<p>FUKUJI, K. K. N. ; FUKUJI, A. Y. S. ;&nbsp;A. GON\u00c7ALVES, L.A. &nbsp;; Delfini J ; Moda-Cirino, V ; Rodrigues R . Association mapping of bean reaction to common bacterial blight by SNP markers. BRAGANTIA , v. 84, p. 1, 2025.  <a href=\"https:\/\/doi.org\/10.1590\/1678-4499.20240120\">https:\/\/doi.org\/10.1590\/1678-4499.20240120<\/a><\/p>\n\n\n\n<p>DUIN, IZABELA MOURA ; BABA, V. Y. ; D&#8217;AMICO-WILLMAN, K. M. ;&nbsp;<a href=\"http:\/\/lattes.cnpq.br\/8756197722397278\" target=\"_blank\" rel=\"noreferrer noopener\">PADUAN, F. N.<\/a>&nbsp;; RODRIGUES, VANESSA HITOMI SUGAHARA ; HUGUET-TAPIA, J. ; JONES, J. ; CANTERI, M. G. ; LEITE JUNIOR, RUI PEREIRA ;&nbsp;BALBI-PE\u00d1A, M. I.&nbsp;. Genome sequences of pathogenic and non-pathogenic Pantoea ananatis strains in maize (Zea mays L.). Access Microbiology, v. 7, p. 1-7, 2025. 10.1099\/acmi.0.000709.v3.<\/p>\n\n\n\n<p>LEONEL, SARITA ; ROBERTO, S.R.&nbsp;; DA SILVA, SIMONE RODRIGUES . Orchard Management Under Climate Change. Horticulturae, v. 11, p. 98, 2025. <a href=\"https:\/\/doi.org\/10.3390\/books978-3-7258-3338-2\">https:\/\/doi.org\/10.3390\/books978-3-7258-3338-2<\/a><\/p>\n\n\n\n<p><a href=\"http:\/\/dx.doi.org\/10.3390\/plants14071058\" target=\"_blank\" rel=\"noreferrer noopener\"><\/a>DE AGUIAR, ALINE CRISTINA ; SAKAI, DANIELLE MIEKO ; BARBOSA, BIANCA LIRIEL MARTINS ; DA SILVA, STEFANIE DO PRADO ;&nbsp;<a href=\"http:\/\/lattes.cnpq.br\/2462623168172176\" target=\"_blank\" rel=\"noreferrer noopener\">YAMASHITA, F\u00e1bio<\/a>&nbsp;;&nbsp;ROBERTO, S.R. . Application of a Novel Formulation of 1-Aminocyclopropane-1-carboxylic Acid (ACC) to Increase the Anthocyanins Concentration in Table Grape Berries. PLANTS, v. 14, p. 1058, 2025. <a href=\"https:\/\/doi.org\/10.3390\/plants14071058\" target=\"_blank\" rel=\"noreferrer noopener\">10.3390\/plants14071058<\/a><\/p>\n\n\n\n<p><\/p>\n","protected":false},"excerpt":{"rendered":"<p>Abertas inscri\u00e7\u00f5es para o concurso para docente do departamento de Agronomia UEL- Venha fazer parte do nosso time Confira os detalhes em https:\/\/www.cops.uel.br\/v2\/Selecao\/DetalharSelecao\/Selecao\/376 Siga nossa p\u00e1gina na Rede Social LinkedIn: https:\/\/br.linkedin.com\/company\/programa-de-p%C3%B3s-gradua%C3%A7%C3%A3o-em-agronomia-uel Projetos de extens\u00e3o da \u00e1rea de concentra\u00e7\u00e3o em produ\u00e7\u00e3o Vegetal, linha de pesqusiae em Horticultura, atendem agricultores familiares e assentados e estudantes da Rede [&hellip;]<\/p>\n","protected":false},"author":8,"featured_media":0,"parent":0,"menu_order":0,"comment_status":"closed","ping_status":"closed","template":"","meta":{"_acf_changed":false,"footnotes":""},"class_list":["post-421","page","type-page","status-publish","hentry"],"acf":[],"_links":{"self":[{"href":"https:\/\/pos.uel.br\/pgagro\/wp-json\/wp\/v2\/pages\/421","targetHints":{"allow":["GET"]}}],"collection":[{"href":"https:\/\/pos.uel.br\/pgagro\/wp-json\/wp\/v2\/pages"}],"about":[{"href":"https:\/\/pos.uel.br\/pgagro\/wp-json\/wp\/v2\/types\/page"}],"author":[{"embeddable":true,"href":"https:\/\/pos.uel.br\/pgagro\/wp-json\/wp\/v2\/users\/8"}],"replies":[{"embeddable":true,"href":"https:\/\/pos.uel.br\/pgagro\/wp-json\/wp\/v2\/comments?post=421"}],"version-history":[{"count":28,"href":"https:\/\/pos.uel.br\/pgagro\/wp-json\/wp\/v2\/pages\/421\/revisions"}],"predecessor-version":[{"id":1953,"href":"https:\/\/pos.uel.br\/pgagro\/wp-json\/wp\/v2\/pages\/421\/revisions\/1953"}],"wp:attachment":[{"href":"https:\/\/pos.uel.br\/pgagro\/wp-json\/wp\/v2\/media?parent=421"}],"curies":[{"name":"wp","href":"https:\/\/api.w.org\/{rel}","templated":true}]}}