{"id":368,"date":"2021-08-16T18:02:05","date_gmt":"2021-08-16T21:02:05","guid":{"rendered":"https:\/\/pos.uel.br\/pgagro\/?page_id=368"},"modified":"2025-05-03T23:47:29","modified_gmt":"2025-05-04T02:47:29","slug":"autoaaliacao","status":"publish","type":"page","link":"https:\/\/pos.uel.br\/pgagro\/autoaaliacao\/","title":{"rendered":"Autoavalia\u00e7\u00e3o"},"content":{"rendered":"\n<figure class=\"wp-block-image size-full\"><img loading=\"lazy\" decoding=\"async\" width=\"1450\" height=\"400\" src=\"https:\/\/pos.uel.br\/pgagro\/wp-content\/uploads\/2023\/11\/autoavaliacao.jpg\" alt=\"\" class=\"wp-image-1272\" srcset=\"https:\/\/pos.uel.br\/pgagro\/wp-content\/uploads\/2023\/11\/autoavaliacao.jpg 1450w, https:\/\/pos.uel.br\/pgagro\/wp-content\/uploads\/2023\/11\/autoavaliacao-300x83.jpg 300w, https:\/\/pos.uel.br\/pgagro\/wp-content\/uploads\/2023\/11\/autoavaliacao-1024x282.jpg 1024w, https:\/\/pos.uel.br\/pgagro\/wp-content\/uploads\/2023\/11\/autoavaliacao-768x212.jpg 768w\" sizes=\"auto, (max-width: 1450px) 100vw, 1450px\" \/><\/figure>\n\n\n\n<p class=\"has-text-align-center\">O processo de autoavalia\u00e7\u00e3o \u00e9 um instrumento para refletir e propor avan\u00e7os no sentido de incrementar a forma\u00e7\u00e3o discente, a produ\u00e7\u00e3o do conhecimento e a sua dissemina\u00e7\u00e3o para apropria\u00e7\u00e3o da sociedade. Internamente, a comiss\u00e3o do programa \u00e9 composta pela comiss\u00e3o coordenadora, um membro de cada \u00e1rea de concentra\u00e7\u00e3o, dois alunos (um de mestrado e outro de doutorado), um egresso e um participante externo. <\/p>\n\n\n\n<hr class=\"wp-block-separator has-alpha-channel-opacity\" \/>\n\n\n\n<div class=\"wp-block-file\"><a id=\"wp-block-file--media-c0b31e42-5d9e-426b-83e5-259113b62520\" href=\"https:\/\/pos.uel.br\/pgagro\/wp-content\/uploads\/2021\/08\/3-FICHA-DE-AVALIACAO-DISCENTES.docx\">3-FICHA-DE-AVALIACAO-DISCENTES<\/a><a href=\"https:\/\/pos.uel.br\/pgagro\/wp-content\/uploads\/2021\/08\/3-FICHA-DE-AVALIACAO-DISCENTES.docx\" class=\"wp-block-file__button wp-element-button\" download aria-describedby=\"wp-block-file--media-c0b31e42-5d9e-426b-83e5-259113b62520\">Baixar<\/a><\/div>\n\n\n\n<div class=\"wp-block-file\"><a id=\"wp-block-file--media-6134ba81-4f41-42e6-ba3b-9fbb893909a7\" href=\"https:\/\/pos.uel.br\/pgagro\/wp-content\/uploads\/2021\/08\/4-FICHA-DE-AVALIACAO-DOCENTES-1.docx\">4-FICHA-DE-AVALIACAO-DOCENTES-1<\/a><a href=\"https:\/\/pos.uel.br\/pgagro\/wp-content\/uploads\/2021\/08\/4-FICHA-DE-AVALIACAO-DOCENTES-1.docx\" class=\"wp-block-file__button wp-element-button\" download aria-describedby=\"wp-block-file--media-6134ba81-4f41-42e6-ba3b-9fbb893909a7\">Baixar<\/a><\/div>\n\n\n\n<div class=\"wp-block-file\"><a id=\"wp-block-file--media-e153aec6-99a9-4aa9-b9c5-0ff2ea9e8ce1\" href=\"https:\/\/pos.uel.br\/pgagro\/wp-content\/uploads\/2021\/08\/5-FICHA-DE-ATUACAO-E-AVALIACAO-EGRESSOS-1.docx\">5-FICHA-DE-ATUACAO-E-AVALIACAO-EGRESSOS-1<\/a><a href=\"https:\/\/pos.uel.br\/pgagro\/wp-content\/uploads\/2021\/08\/5-FICHA-DE-ATUACAO-E-AVALIACAO-EGRESSOS-1.docx\" class=\"wp-block-file__button wp-element-button\" download aria-describedby=\"wp-block-file--media-e153aec6-99a9-4aa9-b9c5-0ff2ea9e8ce1\">Baixar<\/a><\/div>\n\n\n\n<hr class=\"wp-block-separator has-alpha-channel-opacity\" \/>\n\n\n\n<p><\/p>\n\n\n\n<p><strong>PLANEJAMENTO DA AUTOAVALIA\u00c7\u00c3O DOS PROGRAMAS DE P\u00d3S-GRADUA\u00c7\u00c3O DA UNIVERSIDADE ESTADUAL DE LONDRINA (2022-2026)  <\/strong><a href=\"https:\/\/sites.uel.br\/proppg\/wp-content\/uploads\/2024\/08\/Planejamento-de-Autoavaliacao-dos-PPG_UEL-_Gestao-2022-2026.pdf\">https:\/\/sites.uel.br\/proppg\/wp-content\/uploads\/2024\/08\/Planejamento-de-Autoavaliacao-dos-PPG_UEL-_Gestao-2022-2026.pdf<\/a><\/p>\n\n\n\n<p><\/p>\n\n\n\n<p><strong>RELAT\u00d3RIO DE AUTOAVALIA\u00c7\u00c3O INSTITUCIONAL DOS PROGRAMAS DE P\u00d3S-GRADUA\u00c7\u00c3O DA UEL 2021 a 2024<\/strong> <a href=\"https:\/\/sites.uel.br\/proppg\/wp-content\/uploads\/2025\/01\/Relatorio-de-autoavaliacao-PPG_UEL_-2021_24.pdf\"> https:\/\/sites.uel.br\/proppg\/wp-content\/uploads\/2025\/01\/Relatorio-de-autoavaliacao-PPG_UEL_-2021_24.pdf<br><\/a><\/p>\n\n\n\n<p><br><\/p>\n\n\n\n<p><\/p>\n\n\n\n<p><\/p>\n","protected":false},"excerpt":{"rendered":"<p>O processo de autoavalia\u00e7\u00e3o \u00e9 um instrumento para refletir e propor avan\u00e7os no sentido de incrementar a forma\u00e7\u00e3o discente, a produ\u00e7\u00e3o do conhecimento e a sua dissemina\u00e7\u00e3o para apropria\u00e7\u00e3o da sociedade. Internamente, a comiss\u00e3o do programa \u00e9 composta pela comiss\u00e3o coordenadora, um membro de cada \u00e1rea de concentra\u00e7\u00e3o, dois alunos (um de mestrado e outro [&hellip;]<\/p>\n","protected":false},"author":8,"featured_media":0,"parent":0,"menu_order":0,"comment_status":"closed","ping_status":"closed","template":"","meta":{"_acf_changed":false,"footnotes":""},"class_list":["post-368","page","type-page","status-publish","hentry"],"acf":[],"_links":{"self":[{"href":"https:\/\/pos.uel.br\/pgagro\/wp-json\/wp\/v2\/pages\/368","targetHints":{"allow":["GET"]}}],"collection":[{"href":"https:\/\/pos.uel.br\/pgagro\/wp-json\/wp\/v2\/pages"}],"about":[{"href":"https:\/\/pos.uel.br\/pgagro\/wp-json\/wp\/v2\/types\/page"}],"author":[{"embeddable":true,"href":"https:\/\/pos.uel.br\/pgagro\/wp-json\/wp\/v2\/users\/8"}],"replies":[{"embeddable":true,"href":"https:\/\/pos.uel.br\/pgagro\/wp-json\/wp\/v2\/comments?post=368"}],"version-history":[{"count":16,"href":"https:\/\/pos.uel.br\/pgagro\/wp-json\/wp\/v2\/pages\/368\/revisions"}],"predecessor-version":[{"id":1755,"href":"https:\/\/pos.uel.br\/pgagro\/wp-json\/wp\/v2\/pages\/368\/revisions\/1755"}],"wp:attachment":[{"href":"https:\/\/pos.uel.br\/pgagro\/wp-json\/wp\/v2\/media?parent=368"}],"curies":[{"name":"wp","href":"https:\/\/api.w.org\/{rel}","templated":true}]}}