{"id":217,"date":"2021-06-15T02:57:27","date_gmt":"2021-06-15T05:57:27","guid":{"rendered":"https:\/\/pos.uel.br\/pgagro\/pagina-inicial\/"},"modified":"2026-03-10T09:05:50","modified_gmt":"2026-03-10T12:05:50","slug":"pagina-inicial","status":"publish","type":"page","link":"https:\/\/pos.uel.br\/pgagro\/","title":{"rendered":"P\u00e1gina inicial"},"content":{"rendered":"\n<figure class=\"wp-block-image size-large is-resized\"><img loading=\"lazy\" decoding=\"async\" width=\"1024\" height=\"434\" src=\"https:\/\/pos.uel.br\/pgagro\/wp-content\/uploads\/2023\/11\/banneragro-1024x434.jpg\" alt=\"\" class=\"wp-image-1248\" style=\"object-fit:cover;width:1290px;height:undefinedpx\" srcset=\"https:\/\/pos.uel.br\/pgagro\/wp-content\/uploads\/2023\/11\/banneragro-1024x434.jpg 1024w, https:\/\/pos.uel.br\/pgagro\/wp-content\/uploads\/2023\/11\/banneragro-300x127.jpg 300w, https:\/\/pos.uel.br\/pgagro\/wp-content\/uploads\/2023\/11\/banneragro-768x326.jpg 768w, https:\/\/pos.uel.br\/pgagro\/wp-content\/uploads\/2023\/11\/banneragro.jpg 1290w\" sizes=\"auto, (max-width: 1024px) 100vw, 1024px\" \/><\/figure>\n\n\n\n<p><\/p>\n\n\n\n<div class=\"wp-block-columns is-layout-flex wp-container-core-columns-is-layout-9d6595d7 wp-block-columns-is-layout-flex\">\n<div class=\"wp-block-column is-layout-flow wp-block-column-is-layout-flow\" style=\"flex-basis:66.66%\">\n<p class=\"has-text-align-center has-site-background-background-color has-background\"><mark style=\"color:#e30d0d\" class=\"has-inline-color\"><strong><a href=\"https:\/\/pos.uel.br\/pgagro\/wp-content\/uploads\/2026\/03\/Classificacao-para-recebimento-de-bolsas-2026-divulgacao-site.pdf\">RESULTADO DA CLASSIFICA\u00c7\u00c3O PARA IMPLEMENTA\u00c7\u00c3O DE BOLSAS DO PPG EM AGRONOMIA 2026-1<\/a><\/strong><\/mark><\/p>\n\n\n\n<p class=\"has-text-align-center has-site-background-background-color has-background\"><mark style=\"color:#e30d0d\" class=\"has-inline-color\"><strong><a href=\"https:\/\/pos.uel.br\/pgagro\/wp-content\/uploads\/2026\/03\/003-Edital-PPG-AGRO-N.003-2026-Resultado-Estudante-Especial-2026-1.pdf\">EDITAL PPG-AGRO N\u00ba 003\/2026 &#8211; RESULTADO E CONVOCA\u00c7\u00c3O PARA MATR\u00cdCULA ESTUDANTE ESPECIAL &#8211; 2026-1<\/a><\/strong><\/mark><\/p>\n\n\n\n<p class=\"has-text-align-center has-site-background-background-color has-background\"><mark style=\"color:#e30d0d\" class=\"has-inline-color\"><strong><a href=\"https:\/\/pos.uel.br\/pgagro\/wp-content\/uploads\/2026\/02\/002-Edital-PPG-AGRO-N.002-Resultado-Isencao-Taxa-Inscricao-Aluno-especial.pdf\">EDITAL PPG-AGRO N\u00ba 002\/2026 &#8211; RESULTADO ISEN\u00c7\u00c3O INSCRI\u00c7\u00c3O SELE\u00c7\u00c3O ESTUDANTE ESPECIAL &#8211; 2026-1<\/a><\/strong><\/mark><\/p>\n\n\n\n<p class=\"has-text-align-center has-site-background-background-color has-background\"><mark style=\"color:#e30d0d\" class=\"has-inline-color\"><strong><a href=\"https:\/\/pos.uel.br\/pgagro\/wp-content\/uploads\/2025\/12\/020-Edital-PG-AGRO-N.-020-2025-Inscricao-e-Selecao-PDSE-CAPES-2025-2.pdf\">E<\/a><a href=\"https:\/\/pos.uel.br\/pgagro\/wp-content\/uploads\/2026\/02\/001-Edital-PPG-AGRO-N.-001-2026-Selecao-Estudante-Especial-2026-1.pdf\">DITAL PPG-AGRO N\u00ba 001\/2026 &#8211; EDITAL SELE\u00c7\u00c3O ESTUDANTE ESPECIAL &#8211; 2026-1<\/a><\/strong><\/mark><\/p>\n\n\n\n<p class=\"has-text-align-center has-site-background-background-color has-background\"><mark style=\"color:#e30d0d\" class=\"has-inline-color\"><strong><a href=\"https:\/\/pos.uel.br\/pgagro\/wp-content\/uploads\/2025\/12\/020-Edital-PG-AGRO-N.-020-2025-Inscricao-e-Selecao-PDSE-CAPES-2025-2.pdf\">EDITAL PPG-AGRO N\u00ba 020\/2025 &#8211; EDITAL SELE\u00c7\u00c3O PDSE\/CAPES &#8211; 2\u00ba CHAMADA.<\/a><\/strong><\/mark><\/p>\n\n\n\n<p class=\"has-text-align-center has-site-background-background-color has-background\"><mark style=\"color:#e30d0d\" class=\"has-inline-color\"><strong><a href=\"https:\/\/pos.uel.br\/pgagro\/wp-content\/uploads\/2025\/12\/019-Edital-PPG-AGRO-N.-019-2025-Resultado-Selecao-Escola-Agricola.pdf\">EDITAL PPG-AGRO N\u00ba 019\/2025 &#8211; EDITAL RESULTADO SELE\u00c7\u00c3O <mark style=\"color:#e30d0d\" class=\"has-inline-color\"><\/mark><strong><strong>DOCENTES DE COLEGIOS AGRICOLAS ESTADUAIS DO P\u00c1RAN\u00c1 (PROGRAMA AGROQUALIPESQUISA)<\/strong><\/strong><\/a><\/strong><\/mark><\/p>\n\n\n\n<p class=\"has-text-align-center has-site-background-background-color has-background\"><mark style=\"color:#e30d0d\" class=\"has-inline-color\"><strong><strong><a href=\"https:\/\/pos.uel.br\/pgagro\/wp-content\/uploads\/2025\/11\/016-Edital-PPG-AGRO-N.-016-2025-Edital-Selec\u0327a\u0303o-Escola-Agricola-2025.pdf\">EDITAL PPG-AGRO N\u00ba 016\/2025 &#8211; EDITAL SELE\u00c7\u00c3O DOCENTES DE COLEGIOS AGRICOLAS ESTADUAIS DO P\u00c1RAN\u00c1 (PROGRAMA AGROQUALIPESQUISA) <\/a><\/strong><\/strong><\/mark><\/p>\n\n\n\n<p class=\"has-text-align-center has-site-background-background-color has-background\"><mark style=\"color:#e30d0d\" class=\"has-inline-color\"><strong><strong><a href=\"https:\/\/pos.uel.br\/pgagro\/wp-content\/uploads\/2025\/09\/013-Edital-Resultado-PDSE-CAPES-2025-2.pdf\">EDITAL PPG-AGRO N\u00ba 013\/2025 &#8211; EDITAL DE RESULTADO SELE\u00c7\u00c3O PDSE\/CAPES<\/a><\/strong><\/strong><\/mark><\/p>\n\n\n\n<p><\/p>\n\n\n\n<p><\/p>\n\n\n\n<p><\/p>\n<\/div>\n\n\n\n<div class=\"wp-block-column is-layout-flow wp-block-column-is-layout-flow\" style=\"flex-basis:33.33%\">\n<figure class=\"wp-block-image size-full\"><a href=\"https:\/\/pos.uel.br\/pgagro\/programa-de-maestria-y-doctorado-en-agronomia\/\"><img loading=\"lazy\" decoding=\"async\" width=\"700\" height=\"30\" src=\"https:\/\/pos.uel.br\/pgagro\/wp-content\/uploads\/2023\/09\/legenda-espanhol.jpg\" alt=\"\" class=\"wp-image-1104\" srcset=\"https:\/\/pos.uel.br\/pgagro\/wp-content\/uploads\/2023\/09\/legenda-espanhol.jpg 700w, https:\/\/pos.uel.br\/pgagro\/wp-content\/uploads\/2023\/09\/legenda-espanhol-300x13.jpg 300w\" sizes=\"auto, (max-width: 700px) 100vw, 700px\" \/><\/a><\/figure>\n\n\n\n<figure class=\"wp-block-image size-full is-resized\"><a href=\"https:\/\/pos.uel.br\/pgagro\/agronomy-master-and-doctoral-s-degrees-program\/\"><img loading=\"lazy\" decoding=\"async\" width=\"700\" height=\"30\" src=\"https:\/\/pos.uel.br\/pgagro\/wp-content\/uploads\/2023\/09\/LEGENDA-1.gif\" alt=\"\" class=\"wp-image-1105\" style=\"width:467px;height:20px\" \/><\/a><\/figure>\n\n\n\n<figure class=\"wp-block-image size-full\"><img loading=\"lazy\" decoding=\"async\" width=\"490\" height=\"370\" src=\"https:\/\/pos.uel.br\/pgagro\/wp-content\/uploads\/2023\/10\/selo-1.jpg\" alt=\"\" class=\"wp-image-1161\" srcset=\"https:\/\/pos.uel.br\/pgagro\/wp-content\/uploads\/2023\/10\/selo-1.jpg 490w, https:\/\/pos.uel.br\/pgagro\/wp-content\/uploads\/2023\/10\/selo-1-300x227.jpg 300w\" sizes=\"auto, (max-width: 490px) 100vw, 490px\" \/><\/figure>\n\n\n\n<figure class=\"wp-block-image size-full\"><a href=\"https:\/\/pos.uel.br\/pgagro\/tesesdissertacoes\/\" target=\"_blank\" rel=\"noreferrer noopener\"><img loading=\"lazy\" decoding=\"async\" width=\"490\" height=\"320\" src=\"https:\/\/pos.uel.br\/pgagro\/wp-content\/uploads\/2023\/10\/TESES-1.jpg\" alt=\"\" class=\"wp-image-1124\" srcset=\"https:\/\/pos.uel.br\/pgagro\/wp-content\/uploads\/2023\/10\/TESES-1.jpg 490w, https:\/\/pos.uel.br\/pgagro\/wp-content\/uploads\/2023\/10\/TESES-1-300x196.jpg 300w\" sizes=\"auto, (max-width: 490px) 100vw, 490px\" \/><\/a><\/figure>\n<\/div>\n<\/div>\n\n\n\n<p><\/p>\n\n\n\n<div class=\"wp-block-columns is-layout-flex wp-container-core-columns-is-layout-9d6595d7 wp-block-columns-is-layout-flex\">\n<div class=\"wp-block-column is-layout-flow wp-block-column-is-layout-flow\">\n<figure class=\"wp-block-image size-full\"><a href=\"https:\/\/pos.uel.br\/pgagro\/linhas-de-pesquisa\/\"><img loading=\"lazy\" decoding=\"async\" width=\"374\" height=\"374\" src=\"https:\/\/pos.uel.br\/pgagro\/wp-content\/uploads\/2023\/10\/P.jpg\" alt=\"\" class=\"wp-image-1131\" srcset=\"https:\/\/pos.uel.br\/pgagro\/wp-content\/uploads\/2023\/10\/P.jpg 374w, https:\/\/pos.uel.br\/pgagro\/wp-content\/uploads\/2023\/10\/P-300x300.jpg 300w, https:\/\/pos.uel.br\/pgagro\/wp-content\/uploads\/2023\/10\/P-150x150.jpg 150w\" sizes=\"auto, (max-width: 374px) 100vw, 374px\" \/><\/a><\/figure>\n<\/div>\n\n\n\n<div class=\"wp-block-column is-layout-flow wp-block-column-is-layout-flow\">\n<figure class=\"wp-block-image size-full\"><a href=\"https:\/\/pos.uel.br\/pgagro\/regimentos-resolucoes-e-normas-3\/\"><img loading=\"lazy\" decoding=\"async\" width=\"374\" height=\"374\" src=\"https:\/\/pos.uel.br\/pgagro\/wp-content\/uploads\/2023\/10\/R.jpg\" alt=\"\" class=\"wp-image-1132\" srcset=\"https:\/\/pos.uel.br\/pgagro\/wp-content\/uploads\/2023\/10\/R.jpg 374w, https:\/\/pos.uel.br\/pgagro\/wp-content\/uploads\/2023\/10\/R-300x300.jpg 300w, https:\/\/pos.uel.br\/pgagro\/wp-content\/uploads\/2023\/10\/R-150x150.jpg 150w\" sizes=\"auto, (max-width: 374px) 100vw, 374px\" \/><\/a><\/figure>\n<\/div>\n\n\n\n<div class=\"wp-block-column is-layout-flow wp-block-column-is-layout-flow\">\n<figure class=\"wp-block-image size-full\"><a href=\"https:\/\/pos.uel.br\/pgagro\/autoaaliacao\/\"><img loading=\"lazy\" decoding=\"async\" width=\"374\" height=\"374\" src=\"https:\/\/pos.uel.br\/pgagro\/wp-content\/uploads\/2023\/10\/A-1.jpg\" alt=\"\" class=\"wp-image-1134\" srcset=\"https:\/\/pos.uel.br\/pgagro\/wp-content\/uploads\/2023\/10\/A-1.jpg 374w, https:\/\/pos.uel.br\/pgagro\/wp-content\/uploads\/2023\/10\/A-1-300x300.jpg 300w, https:\/\/pos.uel.br\/pgagro\/wp-content\/uploads\/2023\/10\/A-1-150x150.jpg 150w\" sizes=\"auto, (max-width: 374px) 100vw, 374px\" \/><\/a><\/figure>\n<\/div>\n<\/div>\n\n\n\n<div class=\"wp-block-columns is-layout-flex wp-container-core-columns-is-layout-9d6595d7 wp-block-columns-is-layout-flex\">\n<div class=\"wp-block-column is-layout-flow wp-block-column-is-layout-flow\">\n<div class=\"wp-block-media-text alignwide is-stacked-on-mobile\"><figure class=\"wp-block-media-text__media\"><a href=\"https:\/\/www.gov.br\/capes\/pt-br\"><img loading=\"lazy\" decoding=\"async\" width=\"200\" height=\"39\" src=\"https:\/\/pos.uel.br\/pgagro\/wp-content\/uploads\/2023\/10\/CAPES.jpg\" alt=\"\" class=\"wp-image-1128 size-full\" \/><\/a><\/figure><div class=\"wp-block-media-text__content\">\n<p class=\"has-large-font-size\"><\/p>\n<\/div><\/div>\n<\/div>\n\n\n\n<div class=\"wp-block-column is-layout-flow wp-block-column-is-layout-flow\">\n<div class=\"wp-block-media-text alignwide is-stacked-on-mobile\"><figure class=\"wp-block-media-text__media\"><a href=\"https:\/\/www.gov.br\/cnpq\/pt-br\"><img loading=\"lazy\" decoding=\"async\" width=\"198\" height=\"97\" src=\"https:\/\/pos.uel.br\/pgagro\/wp-content\/uploads\/2021\/09\/CNPQ-1.png\" alt=\"\" class=\"wp-image-515 size-full\" \/><\/a><\/figure><div class=\"wp-block-media-text__content\">\n<p class=\"has-large-font-size\"><\/p>\n<\/div><\/div>\n<\/div>\n\n\n\n<div class=\"wp-block-column is-layout-flow wp-block-column-is-layout-flow\">\n<div class=\"wp-block-media-text alignwide is-stacked-on-mobile\"><figure class=\"wp-block-media-text__media\"><a href=\"http:\/\/www.fappr.pr.gov.br\/\"><img loading=\"lazy\" decoding=\"async\" width=\"444\" height=\"165\" src=\"https:\/\/pos.uel.br\/pgagro\/wp-content\/uploads\/2021\/09\/aRAUCARIA-1.png\" alt=\"\" class=\"wp-image-516 size-full\" srcset=\"https:\/\/pos.uel.br\/pgagro\/wp-content\/uploads\/2021\/09\/aRAUCARIA-1.png 444w, https:\/\/pos.uel.br\/pgagro\/wp-content\/uploads\/2021\/09\/aRAUCARIA-1-300x111.png 300w\" sizes=\"auto, (max-width: 444px) 100vw, 444px\" \/><\/a><\/figure><div class=\"wp-block-media-text__content\">\n<p class=\"has-large-font-size\"><\/p>\n<\/div><\/div>\n<\/div>\n\n\n\n<div class=\"wp-block-column is-layout-flow wp-block-column-is-layout-flow\">\n<div class=\"wp-block-media-text alignwide is-stacked-on-mobile\"><figure class=\"wp-block-media-text__media\"><a href=\"https:\/\/sucupira.capes.gov.br\/sucupira\/public\/consultas\/coleta\/veiculoPublicacaoQualis\/listaConsultaGeralPeriodicos.jsf\"><img loading=\"lazy\" decoding=\"async\" width=\"450\" height=\"169\" src=\"https:\/\/pos.uel.br\/pgagro\/wp-content\/uploads\/2021\/09\/sucupira.png\" alt=\"\" class=\"wp-image-527 size-full\" srcset=\"https:\/\/pos.uel.br\/pgagro\/wp-content\/uploads\/2021\/09\/sucupira.png 450w, https:\/\/pos.uel.br\/pgagro\/wp-content\/uploads\/2021\/09\/sucupira-300x113.png 300w\" sizes=\"auto, (max-width: 450px) 100vw, 450px\" \/><\/a><\/figure><div class=\"wp-block-media-text__content\">\n<p class=\"has-large-font-size\"><\/p>\n<\/div><\/div>\n<\/div>\n\n\n\n<div class=\"wp-block-column is-layout-flow wp-block-column-is-layout-flow\">\n<div class=\"wp-block-media-text alignwide is-stacked-on-mobile\"><figure class=\"wp-block-media-text__media\"><a href=\"http:\/\/www.uel.br\/proppg\/portalnovo\/pages\/equipe-e-contatos.php\"><img loading=\"lazy\" decoding=\"async\" width=\"778\" height=\"316\" src=\"https:\/\/pos.uel.br\/pgagro\/wp-content\/uploads\/2021\/09\/PROPPG-1.png\" alt=\"\" class=\"wp-image-517 size-full\" srcset=\"https:\/\/pos.uel.br\/pgagro\/wp-content\/uploads\/2021\/09\/PROPPG-1.png 778w, https:\/\/pos.uel.br\/pgagro\/wp-content\/uploads\/2021\/09\/PROPPG-1-300x122.png 300w, https:\/\/pos.uel.br\/pgagro\/wp-content\/uploads\/2021\/09\/PROPPG-1-768x312.png 768w\" sizes=\"auto, (max-width: 778px) 100vw, 778px\" \/><\/a><\/figure><div class=\"wp-block-media-text__content\">\n<p class=\"has-large-font-size\"><\/p>\n<\/div><\/div>\n<\/div>\n\n\n\n<div class=\"wp-block-column is-layout-flow wp-block-column-is-layout-flow\">\n<div class=\"wp-block-media-text alignwide is-stacked-on-mobile\"><figure class=\"wp-block-media-text__media\"><a href=\"http:\/\/www.seti.pr.gov.br\/\"><img loading=\"lazy\" decoding=\"async\" width=\"820\" height=\"145\" src=\"https:\/\/pos.uel.br\/pgagro\/wp-content\/uploads\/2021\/09\/SETI-1.png\" alt=\"\" class=\"wp-image-519 size-full\" srcset=\"https:\/\/pos.uel.br\/pgagro\/wp-content\/uploads\/2021\/09\/SETI-1.png 820w, https:\/\/pos.uel.br\/pgagro\/wp-content\/uploads\/2021\/09\/SETI-1-300x53.png 300w, https:\/\/pos.uel.br\/pgagro\/wp-content\/uploads\/2021\/09\/SETI-1-768x136.png 768w\" sizes=\"auto, (max-width: 820px) 100vw, 820px\" \/><\/a><\/figure><div class=\"wp-block-media-text__content\">\n<p class=\"has-large-font-size\"><\/p>\n<\/div><\/div>\n<\/div>\n<\/div>\n\n\n\n<div class=\"wp-block-columns is-layout-flex wp-container-core-columns-is-layout-9d6595d7 wp-block-columns-is-layout-flex\"><\/div>\n\n\n\n<div class=\"wp-block-columns is-layout-flex wp-container-core-columns-is-layout-9d6595d7 wp-block-columns-is-layout-flex\"><\/div>\n","protected":false},"excerpt":{"rendered":"<p>RESULTADO DA CLASSIFICA\u00c7\u00c3O PARA IMPLEMENTA\u00c7\u00c3O DE BOLSAS DO PPG EM AGRONOMIA 2026-1 EDITAL PPG-AGRO N\u00ba 003\/2026 &#8211; RESULTADO E CONVOCA\u00c7\u00c3O PARA MATR\u00cdCULA ESTUDANTE ESPECIAL &#8211; 2026-1 EDITAL PPG-AGRO N\u00ba 002\/2026 &#8211; RESULTADO ISEN\u00c7\u00c3O INSCRI\u00c7\u00c3O SELE\u00c7\u00c3O ESTUDANTE ESPECIAL &#8211; 2026-1 EDITAL PPG-AGRO N\u00ba 001\/2026 &#8211; EDITAL SELE\u00c7\u00c3O ESTUDANTE ESPECIAL &#8211; 2026-1 EDITAL PPG-AGRO N\u00ba 020\/2025 &#8211; [&hellip;]<\/p>\n","protected":false},"author":0,"featured_media":0,"parent":0,"menu_order":0,"comment_status":"closed","ping_status":"closed","template":"page-templates\/template-without-title.php","meta":{"_acf_changed":false,"footnotes":""},"class_list":["post-217","page","type-page","status-publish","hentry"],"acf":[],"_links":{"self":[{"href":"https:\/\/pos.uel.br\/pgagro\/wp-json\/wp\/v2\/pages\/217","targetHints":{"allow":["GET"]}}],"collection":[{"href":"https:\/\/pos.uel.br\/pgagro\/wp-json\/wp\/v2\/pages"}],"about":[{"href":"https:\/\/pos.uel.br\/pgagro\/wp-json\/wp\/v2\/types\/page"}],"replies":[{"embeddable":true,"href":"https:\/\/pos.uel.br\/pgagro\/wp-json\/wp\/v2\/comments?post=217"}],"version-history":[{"count":262,"href":"https:\/\/pos.uel.br\/pgagro\/wp-json\/wp\/v2\/pages\/217\/revisions"}],"predecessor-version":[{"id":2198,"href":"https:\/\/pos.uel.br\/pgagro\/wp-json\/wp\/v2\/pages\/217\/revisions\/2198"}],"wp:attachment":[{"href":"https:\/\/pos.uel.br\/pgagro\/wp-json\/wp\/v2\/media?parent=217"}],"curies":[{"name":"wp","href":"https:\/\/api.w.org\/{rel}","templated":true}]}}