{"id":16,"date":"2021-04-20T15:47:53","date_gmt":"2021-04-20T18:47:53","guid":{"rendered":"https:\/\/pos.uel.br\/pgagro\/?page_id=16"},"modified":"2026-01-30T08:41:38","modified_gmt":"2026-01-30T11:41:38","slug":"contatos","status":"publish","type":"page","link":"https:\/\/pos.uel.br\/pgagro\/contatos\/","title":{"rendered":"Contatos"},"content":{"rendered":"\n<figure class=\"wp-block-image size-full\"><img loading=\"lazy\" decoding=\"async\" width=\"1450\" height=\"400\" src=\"https:\/\/pos.uel.br\/pgagro\/wp-content\/uploads\/2023\/11\/contato.jpg\" alt=\"\" class=\"wp-image-1278\" srcset=\"https:\/\/pos.uel.br\/pgagro\/wp-content\/uploads\/2023\/11\/contato.jpg 1450w, https:\/\/pos.uel.br\/pgagro\/wp-content\/uploads\/2023\/11\/contato-300x83.jpg 300w, https:\/\/pos.uel.br\/pgagro\/wp-content\/uploads\/2023\/11\/contato-1024x282.jpg 1024w, https:\/\/pos.uel.br\/pgagro\/wp-content\/uploads\/2023\/11\/contato-768x212.jpg 768w\" sizes=\"auto, (max-width: 1450px) 100vw, 1450px\" \/><\/figure>\n\n\n\n<h2 class=\"wp-block-heading\">Programa de P\u00f3s-Gradua\u00e7\u00e3o em Agronomia<\/h2>\n\n\n\n<div class=\"wp-block-columns is-layout-flex wp-container-core-columns-is-layout-9d6595d7 wp-block-columns-is-layout-flex\">\n<div class=\"wp-block-column is-layout-flow wp-block-column-is-layout-flow\">\n\n\n<p><strong>Secretaria<\/strong>: R. Chuva de Ouro &#8211; CCA &#8211; UNIVERSIDADE ESTADUAL DE LONDRINA, Londrina &#8211; PR, 86055-400, Brasil<\/p>\n\n\n\n<p>email:  pg_agro@uel.br<\/p>\n\n\n\n<p><\/p>\n\n\n\n<p>Tel. (43) 3371 4697<\/p>\n\n\n\n<p><\/p>\n<\/div>\n\n\n\n<div class=\"wp-block-column is-layout-flow wp-block-column-is-layout-flow\">\n<p>Contatos com a Secretaria ou Coordena\u00e7\u00e3o do Programa devem ser feitas, prioritariamente, por e mail: pg_agro@uel.br Tel. 55 (43) 3371 4697<\/p>\n\n\n\n<h3 class=\"wp-block-heading\">Comiss\u00e3o Coordenadora do programa:<\/h3>\n\n\n\n<ul class=\"wp-block-list\">\n<li>Prof. Claudemir Zucareli<\/li>\n\n\n\n<li>Prof. Dr. Maria Isabel Balbi Pena<\/li>\n\n\n\n<li>Prof. Dra. R\u00fabia de Oliveira Molina<\/li>\n<\/ul>\n<\/div>\n<\/div>\n\n\n\n<p><\/p>\n","protected":false},"excerpt":{"rendered":"<p>Programa de P\u00f3s-Gradua\u00e7\u00e3o em Agronomia Secretaria: R. Chuva de Ouro &#8211; CCA &#8211; UNIVERSIDADE ESTADUAL DE LONDRINA, Londrina &#8211; PR, 86055-400, Brasil email: pg_agro@uel.br Tel. (43) 3371 4697 Contatos com a Secretaria ou Coordena\u00e7\u00e3o do Programa devem ser feitas, prioritariamente, por e mail: pg_agro@uel.br Tel. 55 (43) 3371 4697 Comiss\u00e3o Coordenadora do programa:<\/p>\n","protected":false},"author":7,"featured_media":0,"parent":0,"menu_order":0,"comment_status":"closed","ping_status":"closed","template":"","meta":{"_acf_changed":false,"footnotes":""},"class_list":["post-16","page","type-page","status-publish","hentry"],"acf":[],"_links":{"self":[{"href":"https:\/\/pos.uel.br\/pgagro\/wp-json\/wp\/v2\/pages\/16","targetHints":{"allow":["GET"]}}],"collection":[{"href":"https:\/\/pos.uel.br\/pgagro\/wp-json\/wp\/v2\/pages"}],"about":[{"href":"https:\/\/pos.uel.br\/pgagro\/wp-json\/wp\/v2\/types\/page"}],"author":[{"embeddable":true,"href":"https:\/\/pos.uel.br\/pgagro\/wp-json\/wp\/v2\/users\/7"}],"replies":[{"embeddable":true,"href":"https:\/\/pos.uel.br\/pgagro\/wp-json\/wp\/v2\/comments?post=16"}],"version-history":[{"count":19,"href":"https:\/\/pos.uel.br\/pgagro\/wp-json\/wp\/v2\/pages\/16\/revisions"}],"predecessor-version":[{"id":2152,"href":"https:\/\/pos.uel.br\/pgagro\/wp-json\/wp\/v2\/pages\/16\/revisions\/2152"}],"wp:attachment":[{"href":"https:\/\/pos.uel.br\/pgagro\/wp-json\/wp\/v2\/media?parent=16"}],"curies":[{"name":"wp","href":"https:\/\/api.w.org\/{rel}","templated":true}]}}