{"id":1152,"date":"2023-10-08T14:27:50","date_gmt":"2023-10-08T17:27:50","guid":{"rendered":"https:\/\/pos.uel.br\/pgagro\/?page_id=1152"},"modified":"2023-10-19T10:00:07","modified_gmt":"2023-10-19T13:00:07","slug":"programa-de-maestria-y-doctorado-en-agronomia","status":"publish","type":"page","link":"https:\/\/pos.uel.br\/pgagro\/programa-de-maestria-y-doctorado-en-agronomia\/","title":{"rendered":"Programa de maestr\u00eda y doctorado en agronom\u00eda"},"content":{"rendered":"\n<p>El programa de Postgrado en Agronom\u00eda es impartido por la Universidad Estadual de Londrina (UEL) y el Instituto de Desarrollo Rural de Paran\u00e1 (IDR -PR). El programa tiene nivel de \u201cexcelencia\u201d (Concepto 6 de CAPES -Coordinaci\u00f3n de Mejora de Personal de Nivel Superior) debido al desempe\u00f1o destacado en las Ciencias Agr\u00edcolas a nivel regional, nacional e internacional desde 2000.<\/p>\n\n\n\n<p>\u00a0El Norte de Paran\u00e1 es un centro destacado de producci\u00f3n e investigaci\u00f3n agr\u00edcola en Brasil. Predominan las peque\u00f1as y medianas explotaciones agr\u00edcolas lo que conduce a la generaci\u00f3n de empleo e ingresos. Existe diversidad de cultivos, lo que incluye una gran variedad de cereales, frutas, hortalizas y forrajes. El agronegocio es la base de la econom\u00eda de Paran\u00e1 y la regi\u00f3n norte se caracteriza por una agricultura intensiva con alta productividad y amplia adopci\u00f3n de tecnolog\u00edas, generando una demanda constante de investigaci\u00f3n, ense\u00f1anza y extensi\u00f3n, con diversos niveles de capital y tecnolog\u00eda.<\/p>\n\n\n\n<p>\u00a0La misi\u00f3n del Programa de Postgrado en Agronom\u00eda es formar profesionales de excelencia, a trav\u00e9s de la formaci\u00f3n t\u00e9cnica, cient\u00edfica y human\u00edstica, as\u00ed como postgraduados con altos est\u00e1ndares de capacitaci\u00f3n en investigaci\u00f3n y docencia para instituciones p\u00fablicas o privadas en las fronteras de la ciencia. Los proyectos de investigaci\u00f3n priorizan el desarrollo de sistemas agr\u00edcolas sostenibles y regenerativos compatibles con el uso racional de insumos agr\u00edcolas para la obtenci\u00f3n de altos rendimientos con reducido impacto ambiental.<\/p>\n\n\n\n<p> Adem\u00e1s de cientos de maestros y doctores graduados, se han desarrollado una gran cantidad de tecnolog\u00edas. Estudiantes e investigadores\/profesores de la UEL y del IDR PR participaron de la expansi\u00f3n inicial y del desarrollo del \u201cSistema de labranza cero\u201d. Posteriormente, este sistema se extendi\u00f3 por todo Brasil y otros pa\u00edses de Am\u00e9rica del Sur, impactando positivamente la agricultura en todo el mundo.<\/p>\n\n\n\n<p>\u00a0Las \u00e1reas de concentraci\u00f3n incluyen: producci\u00f3n de cultivos; mejoramiento vegetal y biotecnolog\u00eda aplicada; protecci\u00f3n de plantas y ciencia del suelo; abarcando agricultura, fisiolog\u00eda vegetal, horticultura, mejoramiento gen\u00e9tico de cultivos anuales, energ\u00e9ticos y perennes, manejo integrado de plagas, fitopat\u00f3genos de importancia agr\u00edcola, manejo sustentable del suelo, fertilidad del suelo y nutrici\u00f3n vegetal, entre otros.<\/p>\n\n\n\n<p>\u00a0El programa de postgrado trabaja junto con la asistencia t\u00e9cnica y extensi\u00f3n rural del Estado. Esta red de difusi\u00f3n de tecnolog\u00eda permite establecer las demandas reales del sector productivo, se\u00f1alando problem\u00e1ticas objetivas y emergentes. Utilizando una red de estaciones experimentales en todo el Estado, se establecen soluciones en diferentes condiciones de suelo y clima. Por lo tanto, los estudiantes de postgrado y el comit\u00e9 de orientaci\u00f3n validan las hip\u00f3tesis formuladas en m\u00faltiples ubicaciones, aumentando la credibilidad de los resultados. Inmediatamente, la informaci\u00f3n, procesos o productos obtenidos pasan a estar disponibles para los agricultores a trav\u00e9s del sistema de extensi\u00f3n. <\/p>\n\n\n\n<p>Los acuerdos con otras instituciones permiten la movilidad nacional e internacional de estudiantes y profesores. Los estudiantes extranjeros que demandan capacitaci\u00f3n en sistemas agr\u00edcolas tropicales y subtropicales son bienvenidos en el programa. Para obtener m\u00e1s informaci\u00f3n sobre el proceso de solicitud, comun\u00edquese con la secretar\u00eda del programa en pg_agro@uel.br<\/p>\n","protected":false},"excerpt":{"rendered":"<p>El programa de Postgrado en Agronom\u00eda es impartido por la Universidad Estadual de Londrina (UEL) y el Instituto de Desarrollo Rural de Paran\u00e1 (IDR -PR). El programa tiene nivel de \u201cexcelencia\u201d (Concepto 6 de CAPES -Coordinaci\u00f3n de Mejora de Personal de Nivel Superior) debido al desempe\u00f1o destacado en las Ciencias Agr\u00edcolas a nivel regional, nacional [&hellip;]<\/p>\n","protected":false},"author":8,"featured_media":0,"parent":0,"menu_order":0,"comment_status":"closed","ping_status":"closed","template":"","meta":{"_acf_changed":false,"footnotes":""},"class_list":["post-1152","page","type-page","status-publish","hentry"],"acf":[],"_links":{"self":[{"href":"https:\/\/pos.uel.br\/pgagro\/wp-json\/wp\/v2\/pages\/1152","targetHints":{"allow":["GET"]}}],"collection":[{"href":"https:\/\/pos.uel.br\/pgagro\/wp-json\/wp\/v2\/pages"}],"about":[{"href":"https:\/\/pos.uel.br\/pgagro\/wp-json\/wp\/v2\/types\/page"}],"author":[{"embeddable":true,"href":"https:\/\/pos.uel.br\/pgagro\/wp-json\/wp\/v2\/users\/8"}],"replies":[{"embeddable":true,"href":"https:\/\/pos.uel.br\/pgagro\/wp-json\/wp\/v2\/comments?post=1152"}],"version-history":[{"count":3,"href":"https:\/\/pos.uel.br\/pgagro\/wp-json\/wp\/v2\/pages\/1152\/revisions"}],"predecessor-version":[{"id":1222,"href":"https:\/\/pos.uel.br\/pgagro\/wp-json\/wp\/v2\/pages\/1152\/revisions\/1222"}],"wp:attachment":[{"href":"https:\/\/pos.uel.br\/pgagro\/wp-json\/wp\/v2\/media?parent=1152"}],"curies":[{"name":"wp","href":"https:\/\/api.w.org\/{rel}","templated":true}]}}