{"id":214,"date":"2022-09-18T22:05:57","date_gmt":"2022-09-19T01:05:57","guid":{"rendered":"https:\/\/pos.uel.br\/pesquisatranslacional\/?page_id=214"},"modified":"2023-10-17T17:17:57","modified_gmt":"2023-10-17T20:17:57","slug":"links","status":"publish","type":"page","link":"https:\/\/pos.uel.br\/pesquisatranslacional\/links\/","title":{"rendered":"Links"},"content":{"rendered":"\n<p>Inscri\u00e7\u00f5es<\/p>\n\n\n\n<p><a href=\"https:\/\/www.sistemasweb.uel.br\/index.php?contents=system\/inscpos\/index.php&amp;pagina=view\/ListarDadosCurso.php&amp;cd_curso=117&amp;nr_resolucao=05\/2021\">PTIS &#8211; UEL<\/a><\/p>\n\n\n\n<p>Inscri\u00e7\u00f5es pelo portal do estudante UEL <\/p>\n\n\n\n<p><a href=\"https:\/\/sistemas.uel.br\/portaldepos\/index\" data-type=\"URL\" data-id=\"https:\/\/sistemas.uel.br\/portaldepos\/index\">Portal do Estudante de P\u00f3s-Gradua\u00e7\u00e3o<\/a><\/p>\n","protected":false},"excerpt":{"rendered":"<p>Inscri\u00e7\u00f5es PTIS &#8211; UEL Inscri\u00e7\u00f5es pelo portal do estudante UEL Portal do Estudante de P\u00f3s-Gradua\u00e7\u00e3o<\/p>\n","protected":false},"author":7,"featured_media":0,"parent":0,"menu_order":0,"comment_status":"closed","ping_status":"closed","template":"","meta":{"footnotes":""},"class_list":["post-214","page","type-page","status-publish","hentry"],"acf":[],"_links":{"self":[{"href":"https:\/\/pos.uel.br\/pesquisatranslacional\/wp-json\/wp\/v2\/pages\/214","targetHints":{"allow":["GET"]}}],"collection":[{"href":"https:\/\/pos.uel.br\/pesquisatranslacional\/wp-json\/wp\/v2\/pages"}],"about":[{"href":"https:\/\/pos.uel.br\/pesquisatranslacional\/wp-json\/wp\/v2\/types\/page"}],"author":[{"embeddable":true,"href":"https:\/\/pos.uel.br\/pesquisatranslacional\/wp-json\/wp\/v2\/users\/7"}],"replies":[{"embeddable":true,"href":"https:\/\/pos.uel.br\/pesquisatranslacional\/wp-json\/wp\/v2\/comments?post=214"}],"version-history":[{"count":3,"href":"https:\/\/pos.uel.br\/pesquisatranslacional\/wp-json\/wp\/v2\/pages\/214\/revisions"}],"predecessor-version":[{"id":332,"href":"https:\/\/pos.uel.br\/pesquisatranslacional\/wp-json\/wp\/v2\/pages\/214\/revisions\/332"}],"wp:attachment":[{"href":"https:\/\/pos.uel.br\/pesquisatranslacional\/wp-json\/wp\/v2\/media?parent=214"}],"curies":[{"name":"wp","href":"https:\/\/api.w.org\/{rel}","templated":true}]}}