{"id":192,"date":"2024-10-22T14:59:29","date_gmt":"2024-10-22T17:59:29","guid":{"rendered":"https:\/\/pos.uel.br\/pesquisatranslacional\/?page_id=192"},"modified":"2024-10-22T14:59:29","modified_gmt":"2024-10-22T17:59:29","slug":"sobre-o-curso","status":"publish","type":"page","link":"https:\/\/pos.uel.br\/pesquisatranslacional\/sobre-o-curso\/","title":{"rendered":"COMUNICADO"},"content":{"rendered":"\n<p><strong>ATEN\u00c7\u00c3O:<\/strong> ABERTURA DE INSCRI\u00c7\u00d5ES. Edital n\u00b0 EDITAL N\u00ba 001\/2024 &#8211; PTIS\/SPG\/CCB <\/p>\n\n\n\n<hr class=\"wp-block-separator has-alpha-channel-opacity\" \/>\n\n\n\n<p><strong>ATEN\u00c7\u00c3O:<\/strong> O edital n\u00b0 001\/2023 PTIS\/SPG\/CCB &#8211; oferta de vagas para 2024 foi cancelado.<\/p>\n\n\n\n<hr class=\"wp-block-separator has-alpha-channel-opacity\" \/>\n\n\n\n<p class=\"has-medium-font-size\"><strong>Cancelamento do processo de sele\u00e7\u00e3o dos candidatos inscritos na Especializa\u00e7\u00e3o em Biologia Aplicada \u00e0 Sa\u00fade &#8211; BAS 2023.<\/strong><\/p>\n\n\n\n<p>Informamos que o processo de sele\u00e7\u00e3o dos candidatos inscritos na Especializa\u00e7\u00e3o em Biologia Aplicada \u00e0 Sa\u00fade foi cancelado. O n\u00famero de inscritos ficou abaixo do exigido para a oferta do curso no in\u00edcio de 2023. Os valores das inscri\u00e7\u00f5es ser\u00e3o devolvidos aos candidatos.<\/p>\n\n\n\n<p>A Secretaria do Programa de P\u00f3s Gradua\u00e7\u00e3o em Biologia Aplicada \u00e0 Sa\u00fade entrar\u00e1 em contato com os candidatos solicitando informa\u00e7\u00f5es para a restitui\u00e7\u00e3o do valor pago para a inscri\u00e7\u00e3o. <\/p>\n\n\n\n<p>Coordena\u00e7\u00e3o do curso.<\/p>\n\n\n\n<hr class=\"wp-block-separator has-alpha-channel-opacity\" \/>\n\n\n\n<h2 class=\"wp-block-heading has-primary-accent-color has-text-color has-medium-font-size\">Sobre o curso<\/h2>\n\n\n\n<p class=\"has-primary-text-color has-text-color\">Para se tornar um empreendedor de sucesso na \u00e1rea da sa\u00fade \u00e9 importante ter mais que uma boa ideia; requer compreens\u00e3o profunda do mercado e habilidades e compet\u00eancias espec\u00edficas em sa\u00fade. O Programa de P\u00f3s-gradua\u00e7\u00e3o em Biologia Aplicada \u00e0 Sa\u00fade, desenvolvido pelo departamento de Ci\u00eancias Patol\u00f3gicas da Universidade Estadual de Londrina, destina-se a graduandos e profissionais das \u00e1reas de Ci\u00eancias, Ci\u00eancias Biol\u00f3gicas,&nbsp;Ci\u00eancias Biom\u00e9dicas, Biotecnologia, Enfermagem, Farm\u00e1cia-Bioqu\u00edmica, Fisioterapia, Medicina, Medicina Veterin\u00e1ria, Nutri\u00e7\u00e3o, Odontologia que desejam ser empreendedores. <\/p>\n\n\n\n<p class=\"has-primary-text-color has-text-color\">O Programa foi pensado para quem tem restri\u00e7\u00e3o de tempo mas valoriza a exc\u00ealencia e qualidade na sua forma\u00e7\u00e3o profissional. As aulas ocorrem de maneira remota s\u00edncrona com imers\u00f5es em temas espec\u00edficos e gest\u00e3o em bioneg\u00f3cios. <\/p>\n\n\n\n<p class=\"has-primary-accent-color has-text-color has-medium-font-size\"><strong>Objetivos<\/strong><\/p>\n\n\n\n<ul class=\"wp-block-list\">\n<li>Capacitar os profissionais para os desafios de empreender e inovar na \u00e1rea da sa\u00fade. <\/li>\n\n\n\n<li>Instrumentalizar e propor metodologias alternativas para o ensino e pesquisa aos profissionais da \u00e1rea de sa\u00fade, visando oferecer condi\u00e7\u00f5es para melhor entender e decidir sobre quest\u00f5es sociais de diferentes abrang\u00eancias;<\/li>\n\n\n\n<li>Proporcionar aos profissionais atendidos uma vis\u00e3o integrada de Imunologia, Microbiologia, Parasitologia e Patologia, na compreens\u00e3o dos mecanismos de agress\u00e3o, defesa, patogenia, preven\u00e7\u00e3o e controle das doen\u00e7as;<\/li>\n\n\n\n<li>Valorizar o professor de ensino m\u00e9dio e profissionais da sa\u00fade, como agente multiplicador de conhecimento no seu ambiente profissional.<\/li>\n<\/ul>\n\n\n\n<p><\/p>\n\n\n\n<p class=\"has-primary-accent-color has-text-color\"><\/p>\n\n\n\n<div class=\"wp-block-columns are-vertically-aligned-bottom has-site-background-background-color has-background is-layout-flex wp-container-core-columns-is-layout-9d6595d7 wp-block-columns-is-layout-flex\">\n<div class=\"wp-block-column is-layout-flow wp-block-column-is-layout-flow\">\n<p class=\"has-text-align-center\"><strong><mark style=\"background-color:#F5F5F5\" class=\"has-inline-color has-primary-accent-color\">Contato:<\/mark><\/strong><\/p>\n\n\n\n<p class=\"has-text-align-center\">e-mail:&nbsp;<a href=\"mailto:latosensuccb@uel.br\" target=\"_blank\" rel=\"noreferrer noopener\">latosensuccb@uel.br<\/a>&nbsp;<\/p>\n\n\n\n<p class=\"has-text-align-center\">Site:&nbsp;<a target=\"_blank\" href=\"http:\/\/www.uel.br\/pos\/spgccb\" rel=\"noreferrer noopener\"><u>www.uel.br\/pos\/spgccb<\/u><\/a><\/p>\n\n\n\n<p class=\"has-text-align-center\">Fone: (43) 3371-4217<\/p>\n<\/div>\n<\/div>\n\n\n\n<p class=\"has-text-align-center\">Siga-nos<\/p>\n\n\n\n<div class=\"wp-block-buttons is-content-justification-center is-layout-flex wp-container-core-buttons-is-layout-16018d1d wp-block-buttons-is-layout-flex\">\n<div class=\"wp-block-button is-style-fill\"><a class=\"wp-block-button__link has-site-background-color has-luminous-dusk-gradient-background has-text-color has-background wp-element-button\" href=\"https:\/\/www.instagram.com\/bas.uel\/\" target=\"_blank\" rel=\"noreferrer noopener\">Instagram<\/a><\/div>\n<\/div>\n","protected":false},"excerpt":{"rendered":"<p>ATEN\u00c7\u00c3O: ABERTURA DE INSCRI\u00c7\u00d5ES. Edital n\u00b0 EDITAL N\u00ba 001\/2024 &#8211; PTIS\/SPG\/CCB ATEN\u00c7\u00c3O: O edital n\u00b0 001\/2023 PTIS\/SPG\/CCB &#8211; oferta de vagas para 2024 foi cancelado. Cancelamento do processo de sele\u00e7\u00e3o dos candidatos inscritos na Especializa\u00e7\u00e3o em Biologia Aplicada \u00e0 Sa\u00fade &#8211; BAS 2023. Informamos que o processo de sele\u00e7\u00e3o dos candidatos inscritos na Especializa\u00e7\u00e3o em [&hellip;]<\/p>\n","protected":false},"author":6,"featured_media":0,"parent":0,"menu_order":0,"comment_status":"open","ping_status":"closed","template":"","meta":{"footnotes":""},"class_list":["post-192","page","type-page","status-publish","hentry"],"acf":[],"_links":{"self":[{"href":"https:\/\/pos.uel.br\/pesquisatranslacional\/wp-json\/wp\/v2\/pages\/192","targetHints":{"allow":["GET"]}}],"collection":[{"href":"https:\/\/pos.uel.br\/pesquisatranslacional\/wp-json\/wp\/v2\/pages"}],"about":[{"href":"https:\/\/pos.uel.br\/pesquisatranslacional\/wp-json\/wp\/v2\/types\/page"}],"author":[{"embeddable":true,"href":"https:\/\/pos.uel.br\/pesquisatranslacional\/wp-json\/wp\/v2\/users\/6"}],"replies":[{"embeddable":true,"href":"https:\/\/pos.uel.br\/pesquisatranslacional\/wp-json\/wp\/v2\/comments?post=192"}],"version-history":[{"count":41,"href":"https:\/\/pos.uel.br\/pesquisatranslacional\/wp-json\/wp\/v2\/pages\/192\/revisions"}],"predecessor-version":[{"id":353,"href":"https:\/\/pos.uel.br\/pesquisatranslacional\/wp-json\/wp\/v2\/pages\/192\/revisions\/353"}],"wp:attachment":[{"href":"https:\/\/pos.uel.br\/pesquisatranslacional\/wp-json\/wp\/v2\/media?parent=192"}],"curies":[{"name":"wp","href":"https:\/\/api.w.org\/{rel}","templated":true}]}}