{"id":179,"date":"2022-09-18T20:57:09","date_gmt":"2022-09-18T23:57:09","guid":{"rendered":"https:\/\/pos.uel.br\/pesquisatranslacional\/?page_id=179"},"modified":"2023-10-17T16:58:47","modified_gmt":"2023-10-17T19:58:47","slug":"disciplinas","status":"publish","type":"page","link":"https:\/\/pos.uel.br\/pesquisatranslacional\/disciplinas\/","title":{"rendered":"Disciplinas"},"content":{"rendered":"\n<p class=\"has-primary-accent-color has-site-background-background-color has-text-color has-background\"><strong>1. Introdu\u00e7\u00e3o \u00e0 Pesquisa Translacional<\/strong><\/p>\n\n\n\n<p>1 cr 15 h<\/p>\n\n\n\n<p>Conceitos b\u00e1sicos de pesquisa translacional. Princ\u00edpios e etapas do processo translacional. Desafios e oportunidades na pesquisa translacional. M\u00e9todos de Pesquisa em Sa\u00fade.<\/p>\n\n\n\n<p class=\"has-primary-accent-color has-site-background-background-color has-text-color has-background\"><strong>2. Metodologia Cient\u00edfica e Bioestat\u00edstica.<\/strong><\/p>\n\n\n\n<p>3 cr 45 h<br>Desenhos de pesquisa. Coleta e an\u00e1lise de dados. Bioestat\u00edstica e An\u00e1lise de Dados (Testes de hip\u00f3teses e intervalos de confian\u00e7a, An\u00e1lise multivariada). \u00c9tica e Regulamenta\u00e7\u00e3o em Pesquisa. Consentimento informado e prote\u00e7\u00e3o dos participantes. Normas e regulamentos nacionais e internacionais.<\/p>\n\n\n\n<p class=\"has-primary-accent-color has-site-background-background-color has-text-color has-background\"><strong>3. Inova\u00e7\u00e3o em Sa\u00fade<\/strong><\/p>\n\n\n\n<p>1 cr 15 h<\/p>\n\n\n\n<p>Fundamentos da inova\u00e7\u00e3o em sa\u00fade. Desenvolvimento de produtos e tecnologias inovadoras. Transfer\u00eancia de tecnologia e comercializa\u00e7\u00e3o.<\/p>\n\n\n\n<p class=\"has-primary-accent-color has-site-background-background-color has-text-color has-background\"><strong>4. Semin\u00e1rios de Integra\u00e7\u00e3o Avan\u00e7ados.<\/strong><\/p>\n\n\n\n<p>1 cr 15 h<\/p>\n\n\n\n<p>Pesquisa translacional em doen\u00e7as parasit\u00e1rias tropicais, cardiovasculares, c\u00e2ncer e neuroci\u00eancias.<\/p>\n\n\n\n<p class=\"has-primary-accent-color has-site-background-background-color has-text-color has-background\"><strong>5. Biologia Celular Aplicada \u00e0 Sa\u00fade<\/strong> <\/p>\n\n\n\n<p>2 cr 30 h<br>Composi\u00e7\u00e3o, ultraestrutura e funcionamento da c\u00e9lula animal. Organelascitoplasm\u00e1ticas e sua rela\u00e7\u00e3o com patologias. T\u00e9cnicas de biologia celular. Aplica\u00e7\u00f5es da biologia celular em pesquisa e desenvolvimento de medicamentos.<\/p>\n\n\n\n<p class=\"has-primary-accent-color has-site-background-background-color has-text-color has-background\"><strong>6. Microbiologia Laboratorial Essencial <\/strong><\/p>\n\n\n\n<p>4 cr 60 h<\/p>\n\n\n\n<p>Introdu\u00e7\u00e3o a microbiologia aplicada. Teoria e pr\u00e1tica dos principais m\u00e9todos microbiol\u00f3gicos empregados para an\u00e1lise do antibacterianos, antif\u00fangicos e antivirais. Processos microbiol\u00f3gicos e suas aplica\u00e7\u00f5es. Teoria e pr\u00e1tica dos principais m\u00e9todos dediagn\u00f3stico microbiol\u00f3gico. Estrat\u00e9gias de clonagem molecular. A microbiologia na era dasci\u00eancias \u201comicas\u201d. Biosseguran\u00e7a no laborat\u00f3rio de microbiologia.<\/p>\n\n\n\n<p><\/p>\n","protected":false},"excerpt":{"rendered":"<p>1. Introdu\u00e7\u00e3o \u00e0 Pesquisa Translacional 1 cr 15 h Conceitos b\u00e1sicos de pesquisa translacional. Princ\u00edpios e etapas do processo translacional. Desafios e oportunidades na pesquisa translacional. M\u00e9todos de Pesquisa em Sa\u00fade. 2. Metodologia Cient\u00edfica e Bioestat\u00edstica. 3 cr 45 hDesenhos de pesquisa. Coleta e an\u00e1lise de dados. Bioestat\u00edstica e An\u00e1lise de Dados (Testes de hip\u00f3teses [&hellip;]<\/p>\n","protected":false},"author":7,"featured_media":0,"parent":0,"menu_order":0,"comment_status":"closed","ping_status":"closed","template":"","meta":{"footnotes":""},"class_list":["post-179","page","type-page","status-publish","hentry"],"acf":[],"_links":{"self":[{"href":"https:\/\/pos.uel.br\/pesquisatranslacional\/wp-json\/wp\/v2\/pages\/179","targetHints":{"allow":["GET"]}}],"collection":[{"href":"https:\/\/pos.uel.br\/pesquisatranslacional\/wp-json\/wp\/v2\/pages"}],"about":[{"href":"https:\/\/pos.uel.br\/pesquisatranslacional\/wp-json\/wp\/v2\/types\/page"}],"author":[{"embeddable":true,"href":"https:\/\/pos.uel.br\/pesquisatranslacional\/wp-json\/wp\/v2\/users\/7"}],"replies":[{"embeddable":true,"href":"https:\/\/pos.uel.br\/pesquisatranslacional\/wp-json\/wp\/v2\/comments?post=179"}],"version-history":[{"count":6,"href":"https:\/\/pos.uel.br\/pesquisatranslacional\/wp-json\/wp\/v2\/pages\/179\/revisions"}],"predecessor-version":[{"id":328,"href":"https:\/\/pos.uel.br\/pesquisatranslacional\/wp-json\/wp\/v2\/pages\/179\/revisions\/328"}],"wp:attachment":[{"href":"https:\/\/pos.uel.br\/pesquisatranslacional\/wp-json\/wp\/v2\/media?parent=179"}],"curies":[{"name":"wp","href":"https:\/\/api.w.org\/{rel}","templated":true}]}}