{"id":153,"date":"2022-09-18T20:42:26","date_gmt":"2022-09-18T23:42:26","guid":{"rendered":"https:\/\/pos.uel.br\/pesquisatranslacional\/?page_id=153"},"modified":"2022-09-18T20:49:11","modified_gmt":"2022-09-18T23:49:11","slug":"posts","status":"publish","type":"page","link":"https:\/\/pos.uel.br\/pesquisatranslacional\/posts\/","title":{"rendered":"Semin\u00e1rios"},"content":{"rendered":"\n<div class=\"wp-block-query is-layout-flow wp-block-query-is-layout-flow\"><ul class=\"wp-block-post-template is-layout-flow wp-block-post-template-is-layout-flow\"><li class=\"wp-block-post post-365 post type-post status-publish format-standard hentry category-comunicados\">\n<h2 class=\"wp-block-post-title\"><a href=\"https:\/\/pos.uel.br\/pesquisatranslacional\/comunicados\/2025\/02\/12\/atencao-2\/\" target=\"_self\" >Aten\u00e7\u00e3o!<\/a><\/h2>\n\n\n\n<div class=\"wp-block-post-excerpt\"><p class=\"wp-block-post-excerpt__excerpt\">COMUNICADO: Informamamos o cancelamento da oferta da turma para 2025\/1. Um novo edital ser\u00e1 disponibilizado no primeiro semestre de 2025. Isso para que n\u00e3o confundam com cancelamento do curso. <\/p><\/div>\n\n\n<hr class=\"wp-block-separator has-css-opacity\" \/>\n\n\n<div class=\"wp-block-post-date\"><time datetime=\"2025-02-12T08:32:14-03:00\">12 de fevereiro de 2025<\/time><\/div>\n<\/li><li class=\"wp-block-post post-354 post type-post status-publish format-standard hentry category-comunicados\">\n<h2 class=\"wp-block-post-title\"><a href=\"https:\/\/pos.uel.br\/pesquisatranslacional\/comunicados\/2024\/10\/22\/354\/\" target=\"_self\" >Aten\u00e7\u00e3o!<\/a><\/h2>\n\n\n\n<div class=\"wp-block-post-excerpt\"><p class=\"wp-block-post-excerpt__excerpt\">ABERTURA DE INSCRI\u00c7\u00d5ES &#8211; EDITAL N\u00ba 001\/2024 &#8211; PTIS\/SPG\/CCB. A Comiss\u00e3o Coordenadora do Curso de P\u00f3s-Gradua\u00e7\u00e3o Lato sensu em Pesquisa Translacional e Inova\u00e7\u00e3o em Sa\u00fade da Universidade Estadual de Londrina-UEL, no uso de suas atribui\u00e7\u00f5es administrativas e em conformidade com o Edital PROPPG\/DPG\/DAM, torna p\u00fablico aos interessados as normas e os procedimentos a serem obedecidos&hellip; <\/p><\/div>\n\n\n<hr class=\"wp-block-separator has-css-opacity\" \/>\n\n\n<div class=\"wp-block-post-date\"><time datetime=\"2024-10-22T15:00:28-03:00\">22 de outubro de 2024<\/time><\/div>\n<\/li><li class=\"wp-block-post post-337 post type-post status-publish format-standard hentry category-comunicados\">\n<h2 class=\"wp-block-post-title\"><a href=\"https:\/\/pos.uel.br\/pesquisatranslacional\/comunicados\/2024\/02\/16\/atencao\/\" target=\"_self\" >Aten\u00e7\u00e3o!<\/a><\/h2>\n\n\n\n<div class=\"wp-block-post-excerpt\"><p class=\"wp-block-post-excerpt__excerpt\">Informamos que o Edital n\u00b0 001\/2023 PTIS\/SPG\/CCB &#8211; oferta de vagas para 2024 oi cancelado. <\/p><\/div>\n\n\n<hr class=\"wp-block-separator has-css-opacity\" \/>\n\n\n<div class=\"wp-block-post-date\"><time datetime=\"2024-02-16T15:36:28-03:00\">16 de fevereiro de 2024<\/time><\/div>\n<\/li><\/ul><\/div>\n","protected":false},"excerpt":{"rendered":"","protected":false},"author":7,"featured_media":0,"parent":0,"menu_order":0,"comment_status":"closed","ping_status":"closed","template":"","meta":{"footnotes":""},"class_list":["post-153","page","type-page","status-publish","hentry"],"acf":[],"_links":{"self":[{"href":"https:\/\/pos.uel.br\/pesquisatranslacional\/wp-json\/wp\/v2\/pages\/153","targetHints":{"allow":["GET"]}}],"collection":[{"href":"https:\/\/pos.uel.br\/pesquisatranslacional\/wp-json\/wp\/v2\/pages"}],"about":[{"href":"https:\/\/pos.uel.br\/pesquisatranslacional\/wp-json\/wp\/v2\/types\/page"}],"author":[{"embeddable":true,"href":"https:\/\/pos.uel.br\/pesquisatranslacional\/wp-json\/wp\/v2\/users\/7"}],"replies":[{"embeddable":true,"href":"https:\/\/pos.uel.br\/pesquisatranslacional\/wp-json\/wp\/v2\/comments?post=153"}],"version-history":[{"count":3,"href":"https:\/\/pos.uel.br\/pesquisatranslacional\/wp-json\/wp\/v2\/pages\/153\/revisions"}],"predecessor-version":[{"id":168,"href":"https:\/\/pos.uel.br\/pesquisatranslacional\/wp-json\/wp\/v2\/pages\/153\/revisions\/168"}],"wp:attachment":[{"href":"https:\/\/pos.uel.br\/pesquisatranslacional\/wp-json\/wp\/v2\/media?parent=153"}],"curies":[{"name":"wp","href":"https:\/\/api.w.org\/{rel}","templated":true}]}}