{"id":13,"date":"2025-08-14T15:41:10","date_gmt":"2025-08-14T18:41:10","guid":{"rendered":"https:\/\/pos.uel.br\/pesquisa-quantitativa\/?page_id=13"},"modified":"2025-08-15T10:11:11","modified_gmt":"2025-08-15T13:11:11","slug":"corpo-docente","status":"publish","type":"page","link":"https:\/\/pos.uel.br\/pesquisa-quantitativa\/corpo-docente\/","title":{"rendered":"Corpo Docente"},"content":{"rendered":"\n<figure class=\"wp-block-table is-style-stripes\"><table class=\"has-fixed-layout\"><tbody><tr><td><strong>Docentes<\/strong><\/td><td><strong>Link Lattes<\/strong><\/td><\/tr><tr><td>Dra. Ana Verg\u00ednia Libos Messetti<\/td><td><a href=\"https:\/\/buscatextual.cnpq.br\/buscatextual\/visualizacv.do?metodo=apresentar&amp;id=K4704097A2\">Link<\/a><\/td><\/tr><tr><td>Dr. Guilherme Biz<\/td><td><a href=\"https:\/\/buscatextual.cnpq.br\/buscatextual\/visualizacv.do?id=K4240092P5\">Link<\/a><\/td><\/tr><tr><td>Dra. Jaqueline Ap. Raminelli de Oliveira, <\/td><td><a href=\"https:\/\/buscatextual.cnpq.br\/buscatextual\/visualizacv.do?metodo=apresentar&amp;id=K4762306Z5\">Link<\/a><\/td><\/tr><tr><td>Ms. Jos\u00e9 Carlos Camargo Louren\u00e7o <\/td><td><a href=\"https:\/\/buscatextual.cnpq.br\/buscatextual\/visualizacv.do?metodo=apresentar&amp;id=K4780775Y9\">Link<\/a><\/td><\/tr><tr><td>Dra. Larissa Ribeiro de Andrade, <\/td><td><a href=\"https:\/\/buscatextual.cnpq.br\/buscatextual\/visualizacv.do?metodo=apresentar&amp;id=K4443988P7\">Link<\/a><\/td><\/tr><tr><td>Dr. Lucas Santana da Cunha<\/td><td><a href=\"https:\/\/buscatextual.cnpq.br\/buscatextual\/visualizacv.do?metodo=apresentar&amp;id=K4480008U3\">Link<\/a><\/td><\/tr><tr><td>Dra. Mariana Ragassi Urbano<\/td><td><a href=\"https:\/\/buscatextual.cnpq.br\/buscatextual\/visualizacv.do?id=K4215804Y9\">Link<\/a><\/td><\/tr><tr><td>Dr. Rodrigo Rossetto Pescim<\/td><td><a href=\"https:\/\/buscatextual.cnpq.br\/buscatextual\/visualizacv.do?metodo=apresentar&amp;id=K4213674T3\">Link<\/a><\/td><\/tr><tr><td>Dr. Silvano Cesar da Costa<\/td><td><a href=\"https:\/\/buscatextual.cnpq.br\/buscatextual\/visualizacv.do?metodo=apresentar&amp;id=K4717920J7\">Link<\/a><\/td><\/tr><tr><td>Dr. Tiago Viana Flor de Santana<\/td><td>Link<\/td><\/tr><tr><td>Dra. Vanderli Marino Melem<\/td><td>Link<\/td><\/tr><\/tbody><\/table><\/figure>\n\n\n\n<div class=\"wp-block-columns is-layout-flex wp-container-core-columns-is-layout-9d6595d7 wp-block-columns-is-layout-flex\">\n<div class=\"wp-block-column is-layout-flow wp-block-column-is-layout-flow\"><\/div>\n<\/div>\n\n\n\n<p><\/p>\n","protected":false},"excerpt":{"rendered":"<p>Docentes Link Lattes Dra. Ana Verg\u00ednia Libos Messetti Link Dr. Guilherme Biz Link Dra. Jaqueline Ap. Raminelli de Oliveira, Link Ms. Jos\u00e9 Carlos Camargo Louren\u00e7o Link Dra. Larissa Ribeiro de Andrade, Link Dr. Lucas Santana da Cunha Link Dra. Mariana Ragassi Urbano Link Dr. Rodrigo Rossetto Pescim Link Dr. Silvano Cesar da Costa Link Dr. [&hellip;]<\/p>\n","protected":false},"author":6,"featured_media":0,"parent":0,"menu_order":0,"comment_status":"closed","ping_status":"closed","template":"","meta":{"_acf_changed":false,"_themeisle_gutenberg_block_has_review":false,"footnotes":""},"class_list":["post-13","page","type-page","status-publish","hentry"],"acf":[],"_links":{"self":[{"href":"https:\/\/pos.uel.br\/pesquisa-quantitativa\/wp-json\/wp\/v2\/pages\/13","targetHints":{"allow":["GET"]}}],"collection":[{"href":"https:\/\/pos.uel.br\/pesquisa-quantitativa\/wp-json\/wp\/v2\/pages"}],"about":[{"href":"https:\/\/pos.uel.br\/pesquisa-quantitativa\/wp-json\/wp\/v2\/types\/page"}],"author":[{"embeddable":true,"href":"https:\/\/pos.uel.br\/pesquisa-quantitativa\/wp-json\/wp\/v2\/users\/6"}],"replies":[{"embeddable":true,"href":"https:\/\/pos.uel.br\/pesquisa-quantitativa\/wp-json\/wp\/v2\/comments?post=13"}],"version-history":[{"count":8,"href":"https:\/\/pos.uel.br\/pesquisa-quantitativa\/wp-json\/wp\/v2\/pages\/13\/revisions"}],"predecessor-version":[{"id":67,"href":"https:\/\/pos.uel.br\/pesquisa-quantitativa\/wp-json\/wp\/v2\/pages\/13\/revisions\/67"}],"wp:attachment":[{"href":"https:\/\/pos.uel.br\/pesquisa-quantitativa\/wp-json\/wp\/v2\/media?parent=13"}],"curies":[{"name":"wp","href":"https:\/\/api.w.org\/{rel}","templated":true}]}}