{"id":11,"date":"2025-08-14T15:40:56","date_gmt":"2025-08-14T18:40:56","guid":{"rendered":"https:\/\/pos.uel.br\/pesquisa-quantitativa\/?page_id=11"},"modified":"2025-08-19T16:15:47","modified_gmt":"2025-08-19T19:15:47","slug":"estrutura-curricular","status":"publish","type":"page","link":"https:\/\/pos.uel.br\/pesquisa-quantitativa\/estrutura-curricular\/","title":{"rendered":"Estrutura Curricular"},"content":{"rendered":"\n<p><strong><br>DISCIPLINAS OBRIGAT\u00d3RIAS (Exige-se 15 cr\u00e9ditos)<\/strong><\/p>\n\n\n\n<figure class=\"wp-block-table is-style-stripes\"><table class=\"has-fixed-layout\"><tbody><tr><td><strong>2 STA 059<\/strong><\/td><td>An\u00e1lise Explorat\u00f3ria e Amostragem<\/td><td>3 cr\u00e9ditos<\/td><td>45 horas<\/td><\/tr><tr><td><strong>2 STA 060<\/strong><\/td><td>Probabilidade<\/td><td>3 cr\u00e9ditos<\/td><td>45 horas<\/td><\/tr><tr><td><strong>2 STA 061 <\/strong><\/td><td>Infer\u00eancia Estat\u00edstica<\/td><td>3 cr\u00e9ditos<\/td><td>45 horas<\/td><\/tr><tr><td><strong>2 STA 152<\/strong><\/td><td>An\u00e1lise de Correla\u00e7\u00e3o e Regress\u00e3o<\/td><td>3 cr\u00e9ditos<\/td><td>45 horas<\/td><\/tr><tr><td><strong>2 STA 153<\/strong><\/td><td>Estat\u00edstica Experimental<\/td><td>3 cr\u00e9ditos<\/td><td>45 horas<\/td><\/tr><\/tbody><\/table><\/figure>\n\n\n\n<div class=\"wp-block-columns is-layout-flex wp-container-core-columns-is-layout-9d6595d7 wp-block-columns-is-layout-flex\">\n<div class=\"wp-block-column is-layout-flow wp-block-column-is-layout-flow\"><\/div>\n<\/div>\n\n\n\n<p><strong>DISCIPLINAS OPTATIVAS (Exige-se 9 cr\u00e9ditos)<\/strong><\/p>\n\n\n\n<figure class=\"wp-block-table is-style-stripes\"><table class=\"has-fixed-layout\"><tbody><tr><td><strong>2 STA 064<\/strong><\/td><td>An\u00e1lise de Dados  Categ\u00f3ricos<\/td><td>3 cr\u00e9ditos<\/td><td>45 horas<\/td><\/tr><tr><td><strong>2 STA 065<\/strong><\/td><td>An\u00e1lise de S\u00e9ries Temporais<\/td><td>3 cr\u00e9ditos<\/td><td>45 horas<\/td><\/tr><tr><td><strong>2 STA 066<\/strong><\/td><td>Estat\u00edstica N\u00e3o-Param\u00e9trica<\/td><td>3 cr\u00e9ditos<\/td><td>45 horas<\/td><\/tr><tr><td><strong>2 STA 067<\/strong><\/td><td>An\u00e1lise Multivariada<\/td><td>3 cr\u00e9ditos<\/td><td>45 horas<\/td><\/tr><tr><td><strong>2 STA 068<\/strong><\/td><td>Geoestat\u00edstica<\/td><td>3 cr\u00e9ditos<\/td><td>45 horas<\/td><\/tr><tr><td><strong>2STA 069<\/strong><\/td><td>T\u00f3picos Complementares em Estat\u00edstica<\/td><td>3 cr\u00e9ditos<\/td><td>45 horas<\/td><\/tr><tr><td><strong>2 STA 154<\/strong><\/td><td>T\u00f3picos Complementares em Estat\u00edstica ll<\/td><td>3 cr\u00e9ditos<\/td><td>45 horas<\/td><\/tr><tr><td><strong>2 STA 155<\/strong><\/td><td>Introdu\u00e7\u00e3o \u00e0 Aprendizagem Estat\u00edstica e Ci\u00eancia de Dados<\/td><td>3 cr\u00e9ditos<\/td><td>45 horas<\/td><\/tr><\/tbody><\/table><\/figure>\n\n\n\n<div class=\"wp-block-columns is-layout-flex wp-container-core-columns-is-layout-9d6595d7 wp-block-columns-is-layout-flex\">\n<div class=\"wp-block-column is-layout-flow wp-block-column-is-layout-flow\"><\/div>\n<\/div>\n\n\n\n<p><strong>Exigem-se agora, na nova resolu\u00e7\u00e3o, 3 disciplinas optativas.<\/strong><\/p>\n\n\n\n<p><strong>Art. 2\u00ba<\/strong> &#8211; O Curso ter\u00e1 a dura\u00e7\u00e3o de 360 (trezentos e sessenta) horas, correspondentes a 24 (vinte e quatro) cr\u00e9ditos, a serem desenvolvidos em 2 (dois) per\u00edodos letivos.<\/p>\n\n\n\n<p><strong>Par\u00e1grafo \u00danico<\/strong>: Al\u00e9m dos cr\u00e9ditos exigidos em disciplinas obrigat\u00f3rias o estudante dever\u00e1 cumprir 9 (nove) cr\u00e9ditos em disciplinas optativas.<\/p>\n\n\n\n<p><strong><br><\/strong><\/p>\n\n\n\n<div class=\"wp-block-columns is-layout-flex wp-container-core-columns-is-layout-9d6595d7 wp-block-columns-is-layout-flex\">\n<div class=\"wp-block-column is-layout-flow wp-block-column-is-layout-flow\"><\/div>\n<\/div>\n\n\n\n<p><\/p>\n\n\n\n<p><\/p>\n\n\n\n<p class=\"has-primary-accent-color has-text-color has-link-color wp-elements-356956258b96d3b9d636105eb3e4efa6\"><\/p>\n\n\n\n<p><\/p>\n","protected":false},"excerpt":{"rendered":"<p>DISCIPLINAS OBRIGAT\u00d3RIAS (Exige-se 15 cr\u00e9ditos) 2 STA 059 An\u00e1lise Explorat\u00f3ria e Amostragem 3 cr\u00e9ditos 45 horas 2 STA 060 Probabilidade 3 cr\u00e9ditos 45 horas 2 STA 061 Infer\u00eancia Estat\u00edstica 3 cr\u00e9ditos 45 horas 2 STA 152 An\u00e1lise de Correla\u00e7\u00e3o e Regress\u00e3o 3 cr\u00e9ditos 45 horas 2 STA 153 Estat\u00edstica Experimental 3 cr\u00e9ditos 45 horas DISCIPLINAS [&hellip;]<\/p>\n","protected":false},"author":6,"featured_media":0,"parent":0,"menu_order":0,"comment_status":"closed","ping_status":"closed","template":"","meta":{"_acf_changed":false,"_themeisle_gutenberg_block_has_review":false,"footnotes":""},"class_list":["post-11","page","type-page","status-publish","hentry"],"acf":[],"_links":{"self":[{"href":"https:\/\/pos.uel.br\/pesquisa-quantitativa\/wp-json\/wp\/v2\/pages\/11","targetHints":{"allow":["GET"]}}],"collection":[{"href":"https:\/\/pos.uel.br\/pesquisa-quantitativa\/wp-json\/wp\/v2\/pages"}],"about":[{"href":"https:\/\/pos.uel.br\/pesquisa-quantitativa\/wp-json\/wp\/v2\/types\/page"}],"author":[{"embeddable":true,"href":"https:\/\/pos.uel.br\/pesquisa-quantitativa\/wp-json\/wp\/v2\/users\/6"}],"replies":[{"embeddable":true,"href":"https:\/\/pos.uel.br\/pesquisa-quantitativa\/wp-json\/wp\/v2\/comments?post=11"}],"version-history":[{"count":23,"href":"https:\/\/pos.uel.br\/pesquisa-quantitativa\/wp-json\/wp\/v2\/pages\/11\/revisions"}],"predecessor-version":[{"id":161,"href":"https:\/\/pos.uel.br\/pesquisa-quantitativa\/wp-json\/wp\/v2\/pages\/11\/revisions\/161"}],"wp:attachment":[{"href":"https:\/\/pos.uel.br\/pesquisa-quantitativa\/wp-json\/wp\/v2\/media?parent=11"}],"curies":[{"name":"wp","href":"https:\/\/api.w.org\/{rel}","templated":true}]}}