{"id":9,"date":"2025-04-04T09:29:15","date_gmt":"2025-04-04T12:29:15","guid":{"rendered":"https:\/\/pos.uel.br\/pef\/?page_id=9"},"modified":"2025-07-09T16:10:56","modified_gmt":"2025-07-09T19:10:56","slug":"credenciamento","status":"publish","type":"page","link":"https:\/\/pos.uel.br\/pef\/credenciamento\/","title":{"rendered":"Credenciamento"},"content":{"rendered":"\n<p><strong>Quadri\u00eanio 2025-2028<\/strong><\/p>\n\n\n\n<figure class=\"wp-block-table is-style-stripes\"><table class=\"has-fixed-layout\"><tbody><tr><td><a href=\"https:\/\/pos.uel.br\/pef\/wp-content\/uploads\/2025\/04\/Resol-Credenciamento-2025-PEF-UEM-UEL.pdf\" target=\"_blank\" rel=\"noreferrer noopener\">Resolu\u00e7\u00e3o 023\/2025 &#8211; PEF<\/a> (Vagas preenchidas, inscri\u00e7\u00f5es encerradas.)<\/td><\/tr><tr><td><a href=\"https:\/\/pos.uel.br\/pef\/wp-content\/uploads\/2025\/04\/Resol-23-25-PEF-ANEXOS-Cred-Recred-Descred-2025.doc\" target=\"_blank\" rel=\"noreferrer noopener\">Anexos<\/a><\/td><\/tr><tr><td><a href=\"https:\/\/pos.uel.br\/pef\/wp-content\/uploads\/2025\/04\/Edital-05-2025-Resultado-Final_Credenciamento.pdf\" target=\"_blank\" rel=\"noreferrer noopener\">Edital 05\/2025 &#8211; resultado final<\/a><\/td><\/tr><tr><td><a href=\"https:\/\/pos.uel.br\/pef\/wp-content\/uploads\/2025\/07\/Edital-14-2025-Resultado-Final_Credenciamento.pdf\" data-type=\"attachment\" data-id=\"668\">Edital 14\/2025 &#8211; resultado final<\/a><\/td><\/tr><\/tbody><\/table><\/figure>\n\n\n\n<p><\/p>\n","protected":false},"excerpt":{"rendered":"<p>Quadri\u00eanio 2025-2028 Resolu\u00e7\u00e3o 023\/2025 &#8211; PEF (Vagas preenchidas, inscri\u00e7\u00f5es encerradas.) Anexos Edital 05\/2025 &#8211; resultado final Edital 14\/2025 &#8211; resultado final<\/p>\n","protected":false},"author":9,"featured_media":0,"parent":0,"menu_order":0,"comment_status":"closed","ping_status":"closed","template":"","meta":{"_acf_changed":false,"_themeisle_gutenberg_block_has_review":false,"footnotes":""},"class_list":["post-9","page","type-page","status-publish","hentry"],"acf":[],"_links":{"self":[{"href":"https:\/\/pos.uel.br\/pef\/wp-json\/wp\/v2\/pages\/9","targetHints":{"allow":["GET"]}}],"collection":[{"href":"https:\/\/pos.uel.br\/pef\/wp-json\/wp\/v2\/pages"}],"about":[{"href":"https:\/\/pos.uel.br\/pef\/wp-json\/wp\/v2\/types\/page"}],"author":[{"embeddable":true,"href":"https:\/\/pos.uel.br\/pef\/wp-json\/wp\/v2\/users\/9"}],"replies":[{"embeddable":true,"href":"https:\/\/pos.uel.br\/pef\/wp-json\/wp\/v2\/comments?post=9"}],"version-history":[{"count":10,"href":"https:\/\/pos.uel.br\/pef\/wp-json\/wp\/v2\/pages\/9\/revisions"}],"predecessor-version":[{"id":671,"href":"https:\/\/pos.uel.br\/pef\/wp-json\/wp\/v2\/pages\/9\/revisions\/671"}],"wp:attachment":[{"href":"https:\/\/pos.uel.br\/pef\/wp-json\/wp\/v2\/media?parent=9"}],"curies":[{"name":"wp","href":"https:\/\/api.w.org\/{rel}","templated":true}]}}