{"id":75,"date":"2025-04-10T17:35:33","date_gmt":"2025-04-10T20:35:33","guid":{"rendered":"https:\/\/pos.uel.br\/pef\/?page_id=75"},"modified":"2025-04-11T19:40:02","modified_gmt":"2025-04-11T22:40:02","slug":"area-do-aluno","status":"publish","type":"page","link":"https:\/\/pos.uel.br\/pef\/area-do-aluno\/","title":{"rendered":"\u00c1rea do Aluno"},"content":{"rendered":"\n<p><a href=\"https:\/\/pos.uel.br\/pef\/bolsa-de-mestrado-doutorado-e-pos-doutorado\/\" data-type=\"page\" data-id=\"182\">Bolsa de Mestrado, Doutorado e P\u00f3s-Doutorado<\/a><\/p>\n\n\n\n<p><a href=\"https:\/\/pos.uel.br\/pef\/calendario-academico\/\" data-type=\"page\" data-id=\"188\">Calend\u00e1rio Acad\u00eamico<\/a><\/p>\n\n\n\n<p><a href=\"https:\/\/pos.uel.br\/pef\/egressos\/\" data-type=\"page\" data-id=\"194\">Egressos<\/a><\/p>\n\n\n\n<p><a href=\"https:\/\/pos.uel.br\/pef\/estagio-docente\/\" data-type=\"page\" data-id=\"214\">Est\u00e1gio Docente<\/a><\/p>\n\n\n\n<p><a href=\"https:\/\/pos.uel.br\/pef\/formularios\/\" data-type=\"page\" data-id=\"221\">Formul\u00e1rios<\/a><\/p>\n\n\n\n<p><a href=\"https:\/\/pos.uel.br\/pef\/grade-curricular-e-horarios\/\" data-type=\"page\" data-id=\"227\">Grade Curricular e de Hor\u00e1rios<\/a><\/p>\n\n\n\n<p><a href=\"https:\/\/pos.uel.br\/pef\/matricula\/\" data-type=\"page\" data-id=\"233\">Matr\u00edcula<\/a><\/p>\n\n\n\n<p><a href=\"https:\/\/pos.uel.br\/pef\/orientacoes-para-exame-de-qualificacao\/\" data-type=\"page\" data-id=\"239\">Orienta\u00e7\u00f5es para Exame de Qualifica\u00e7\u00e3o<\/a><\/p>\n\n\n\n<p><a href=\"https:\/\/pos.uel.br\/pef\/orientacoes-para-defesas\/\" data-type=\"page\" data-id=\"245\">Orienta\u00e7\u00f5es para Defesas<\/a><\/p>\n\n\n\n<p><a href=\"https:\/\/pos.uel.br\/pef\/portal-do-estudante\/\" data-type=\"page\" data-id=\"315\">Portal do Estudante<\/a><\/p>\n\n\n\n<p><\/p>\n","protected":false},"excerpt":{"rendered":"<p>Bolsa de Mestrado, Doutorado e P\u00f3s-Doutorado Calend\u00e1rio Acad\u00eamico Egressos Est\u00e1gio Docente Formul\u00e1rios Grade Curricular e de Hor\u00e1rios Matr\u00edcula Orienta\u00e7\u00f5es para Exame de Qualifica\u00e7\u00e3o Orienta\u00e7\u00f5es para Defesas Portal do Estudante<\/p>\n","protected":false},"author":9,"featured_media":0,"parent":0,"menu_order":0,"comment_status":"closed","ping_status":"closed","template":"","meta":{"_acf_changed":false,"_themeisle_gutenberg_block_has_review":false,"footnotes":""},"class_list":["post-75","page","type-page","status-publish","hentry"],"acf":[],"_links":{"self":[{"href":"https:\/\/pos.uel.br\/pef\/wp-json\/wp\/v2\/pages\/75","targetHints":{"allow":["GET"]}}],"collection":[{"href":"https:\/\/pos.uel.br\/pef\/wp-json\/wp\/v2\/pages"}],"about":[{"href":"https:\/\/pos.uel.br\/pef\/wp-json\/wp\/v2\/types\/page"}],"author":[{"embeddable":true,"href":"https:\/\/pos.uel.br\/pef\/wp-json\/wp\/v2\/users\/9"}],"replies":[{"embeddable":true,"href":"https:\/\/pos.uel.br\/pef\/wp-json\/wp\/v2\/comments?post=75"}],"version-history":[{"count":4,"href":"https:\/\/pos.uel.br\/pef\/wp-json\/wp\/v2\/pages\/75\/revisions"}],"predecessor-version":[{"id":313,"href":"https:\/\/pos.uel.br\/pef\/wp-json\/wp\/v2\/pages\/75\/revisions\/313"}],"wp:attachment":[{"href":"https:\/\/pos.uel.br\/pef\/wp-json\/wp\/v2\/media?parent=75"}],"curies":[{"name":"wp","href":"https:\/\/api.w.org\/{rel}","templated":true}]}}