{"id":73,"date":"2025-04-10T17:35:33","date_gmt":"2025-04-10T20:35:33","guid":{"rendered":"https:\/\/pos.uel.br\/pef\/?page_id=73"},"modified":"2026-01-14T11:17:35","modified_gmt":"2026-01-14T14:17:35","slug":"contatos","status":"publish","type":"page","link":"https:\/\/pos.uel.br\/pef\/contatos\/","title":{"rendered":"Contatos"},"content":{"rendered":"\n<p><\/p>\n\n\n\n<div class=\"wp-block-columns is-layout-flex wp-container-core-columns-is-layout-9d6595d7 wp-block-columns-is-layout-flex\">\n<div class=\"wp-block-column is-layout-flow wp-block-column-is-layout-flow\">\n<div class=\"wp-block-columns is-layout-flex wp-container-core-columns-is-layout-9d6595d7 wp-block-columns-is-layout-flex\">\n<div class=\"wp-block-column is-vertically-aligned-top is-layout-flow wp-block-column-is-layout-flow\">\n<div class=\"wp-block-group is-vertical is-layout-flex wp-container-core-group-is-layout-8cf370e7 wp-block-group-is-layout-flex\">\n<p class=\"has-text-align-center\"><strong>UEL<\/strong><\/p>\n\n\n\n<p class=\"has-text-align-center\">Fone: (43) 3371-1890<\/p>\n\n\n\n<p class=\"has-text-align-center\">Email:&nbsp;<a href=\"mailto:cefepos@uel.br\">cefepos@uel.br&nbsp;<\/a>&nbsp;<\/p>\n\n\n\n<p><\/p>\n\n\n\n<p class=\"has-text-align-center\"><strong>Endere\u00e7o para correspond\u00eancia &#8211; UEL<\/strong><\/p>\n\n\n\n<p class=\"has-text-align-left\">Programa de P\u00f3s-Gradua\u00e7\u00e3o Associado em Educa\u00e7\u00e3o F\u00edsica &#8211; UEM\/UEL<br>Universidade Estadual de Londrina &#8211; Centro de Educa\u00e7\u00e3o F\u00edsica e Esporte<br>Rodovia Celso Garcia Cid (PR 445)<br>Caixa Postal 10.011 , &nbsp;CEP: 86057-970 , &nbsp;Londrina &#8211; PR<\/p>\n\n\n\n<p class=\"has-text-align-center\"><a href=\"http:\/\/www.uel.br\/pos\/ppgef\">http:\/\/www.uel.br\/pos\/ppgef<\/a><\/p>\n<\/div>\n<\/div>\n\n\n\n<div class=\"wp-block-column is-layout-flow wp-block-column-is-layout-flow\">\n<div class=\"wp-block-group is-vertical is-layout-flex wp-container-core-group-is-layout-8cf370e7 wp-block-group-is-layout-flex\">\n<p class=\"has-text-align-center\"><strong>UEM<\/strong><\/p>\n\n\n\n<p class=\"has-text-align-center\">Fone: (44) 3011-4470<\/p>\n\n\n\n<p class=\"has-text-align-center\">Email:&nbsp;<a href=\"mailto:sec-pef@uem.br\">sec-pef@uem.br<\/a><\/p>\n\n\n\n<p><\/p>\n\n\n\n<p class=\"has-text-align-center\"><strong>Endere\u00e7o para correspond\u00eancia &#8211; UEM:<\/strong><\/p>\n\n\n\n<p class=\"has-text-align-left\">Universidade Estadual de Maring\u00e1<br>Programa de P\u00f3s-Gradua\u00e7\u00e3o Associado em Educa\u00e7\u00e3o F\u00edsica &#8211; UEM\/UEL<br>Bloco M06, Sala 07<br>Campus Universit\u00e1rio &#8211; Av. Colombo, 5790 &#8211; CEP 87020-900 &#8211; Maring\u00e1 &#8211; PR<\/p>\n<\/div>\n<\/div>\n<\/div>\n<\/div>\n<\/div>\n\n\n\n<p><\/p>\n","protected":false},"excerpt":{"rendered":"<p>UEL Fone: (43) 3371-1890 Email:&nbsp;cefepos@uel.br&nbsp;&nbsp; Endere\u00e7o para correspond\u00eancia &#8211; UEL Programa de P\u00f3s-Gradua\u00e7\u00e3o Associado em Educa\u00e7\u00e3o F\u00edsica &#8211; UEM\/UELUniversidade Estadual de Londrina &#8211; Centro de Educa\u00e7\u00e3o F\u00edsica e EsporteRodovia Celso Garcia Cid (PR 445)Caixa Postal 10.011 , &nbsp;CEP: 86057-970 , &nbsp;Londrina &#8211; PR http:\/\/www.uel.br\/pos\/ppgef UEM Fone: (44) 3011-4470 Email:&nbsp;sec-pef@uem.br Endere\u00e7o para correspond\u00eancia &#8211; UEM: Universidade [&hellip;]<\/p>\n","protected":false},"author":9,"featured_media":0,"parent":0,"menu_order":0,"comment_status":"closed","ping_status":"closed","template":"","meta":{"_acf_changed":false,"_themeisle_gutenberg_block_has_review":false,"footnotes":""},"class_list":["post-73","page","type-page","status-publish","hentry"],"acf":[],"_links":{"self":[{"href":"https:\/\/pos.uel.br\/pef\/wp-json\/wp\/v2\/pages\/73","targetHints":{"allow":["GET"]}}],"collection":[{"href":"https:\/\/pos.uel.br\/pef\/wp-json\/wp\/v2\/pages"}],"about":[{"href":"https:\/\/pos.uel.br\/pef\/wp-json\/wp\/v2\/types\/page"}],"author":[{"embeddable":true,"href":"https:\/\/pos.uel.br\/pef\/wp-json\/wp\/v2\/users\/9"}],"replies":[{"embeddable":true,"href":"https:\/\/pos.uel.br\/pef\/wp-json\/wp\/v2\/comments?post=73"}],"version-history":[{"count":9,"href":"https:\/\/pos.uel.br\/pef\/wp-json\/wp\/v2\/pages\/73\/revisions"}],"predecessor-version":[{"id":954,"href":"https:\/\/pos.uel.br\/pef\/wp-json\/wp\/v2\/pages\/73\/revisions\/954"}],"wp:attachment":[{"href":"https:\/\/pos.uel.br\/pef\/wp-json\/wp\/v2\/media?parent=73"}],"curies":[{"name":"wp","href":"https:\/\/api.w.org\/{rel}","templated":true}]}}