{"id":436,"date":"2025-05-08T15:01:11","date_gmt":"2025-05-08T18:01:11","guid":{"rendered":"https:\/\/pos.uel.br\/pef\/?page_id=436"},"modified":"2026-01-20T08:20:06","modified_gmt":"2026-01-20T11:20:06","slug":"pos-doutorado","status":"publish","type":"page","link":"https:\/\/pos.uel.br\/pef\/pos-doutorado\/","title":{"rendered":"P\u00f3s-doutorado"},"content":{"rendered":"\n<p>No momento n\u00e3o existem editais abertos.<\/p>\n\n\n\n<ul class=\"wp-block-list\"><\/ul>\n\n\n\n<hr class=\"wp-block-separator has-alpha-channel-opacity\" \/>\n\n\n\n<p><strong>Normativa na UEL<\/strong><\/p>\n\n\n\n<p><\/p>\n\n\n\n<p><\/p>\n\n\n\n<p><strong>Normativa na UEM<\/strong><\/p>\n\n\n\n<p><a href=\"https:\/\/pos.uel.br\/pef\/wp-content\/uploads\/2025\/07\/Resolucao_009cep2024.pdf\">Resolu\u00e7\u00e3o n. 009\/2024-CEP \u2013 Est\u00e1gio P\u00f3s-Doutoral \u2013 UEM<\/a>\u00a0(anexos e formul\u00e1rios dispon\u00edveis no site\u00a0<a href=\"https:\/\/pgd.uem.br\/pos-doutorado\">https:\/\/pgd.uem.br\/pos-doutorado<\/a>)<\/p>\n","protected":false},"excerpt":{"rendered":"<p>No momento n\u00e3o existem editais abertos. Normativa na UEL Normativa na UEM Resolu\u00e7\u00e3o n. 009\/2024-CEP \u2013 Est\u00e1gio P\u00f3s-Doutoral \u2013 UEM\u00a0(anexos e formul\u00e1rios dispon\u00edveis no site\u00a0https:\/\/pgd.uem.br\/pos-doutorado)<\/p>\n","protected":false},"author":8,"featured_media":0,"parent":0,"menu_order":0,"comment_status":"closed","ping_status":"closed","template":"","meta":{"_acf_changed":false,"_themeisle_gutenberg_block_has_review":false,"footnotes":""},"class_list":["post-436","page","type-page","status-publish","hentry"],"acf":[],"_links":{"self":[{"href":"https:\/\/pos.uel.br\/pef\/wp-json\/wp\/v2\/pages\/436","targetHints":{"allow":["GET"]}}],"collection":[{"href":"https:\/\/pos.uel.br\/pef\/wp-json\/wp\/v2\/pages"}],"about":[{"href":"https:\/\/pos.uel.br\/pef\/wp-json\/wp\/v2\/types\/page"}],"author":[{"embeddable":true,"href":"https:\/\/pos.uel.br\/pef\/wp-json\/wp\/v2\/users\/8"}],"replies":[{"embeddable":true,"href":"https:\/\/pos.uel.br\/pef\/wp-json\/wp\/v2\/comments?post=436"}],"version-history":[{"count":3,"href":"https:\/\/pos.uel.br\/pef\/wp-json\/wp\/v2\/pages\/436\/revisions"}],"predecessor-version":[{"id":974,"href":"https:\/\/pos.uel.br\/pef\/wp-json\/wp\/v2\/pages\/436\/revisions\/974"}],"wp:attachment":[{"href":"https:\/\/pos.uel.br\/pef\/wp-json\/wp\/v2\/media?parent=436"}],"curies":[{"name":"wp","href":"https:\/\/api.w.org\/{rel}","templated":true}]}}