{"id":277,"date":"2025-04-11T17:28:10","date_gmt":"2025-04-11T20:28:10","guid":{"rendered":"https:\/\/pos.uel.br\/pef\/?page_id=277"},"modified":"2025-04-11T17:36:21","modified_gmt":"2025-04-11T20:36:21","slug":"sisnep","status":"publish","type":"page","link":"https:\/\/pos.uel.br\/pef\/sisnep\/","title":{"rendered":"SISNEP"},"content":{"rendered":"\n<p><\/p>\n\n\n\n<p>O&nbsp;<a href=\"http:\/\/portal2.saude.gov.br\/sisnep\/\" target=\"_blank\" rel=\"noreferrer noopener\">Sistema Nacional de Informa\u00e7\u00f5es sobre \u00c9tica em Pesquisa envolvendo Seres Humanos (SISNEP)<\/a>&nbsp;\u00e9 um sistema de informa\u00e7\u00f5es via internet sobre pesquisas envolvendo seres humanos.<\/p>\n\n\n\n<p>Todo projeto registrado no SISNEP dever\u00e1 ser entregue no CEP respons\u00e1vel pelo acompanhamento da pesquisa e receber\u00e1 um n\u00famero. Este n\u00famero \u00e9 \u00fanico e corresponde ao Certificado de Apresenta\u00e7\u00e3o para Aprecia\u00e7\u00e3o \u00c9tica (CAAE) que ser\u00e1 o identificador do projeto em todos os n\u00edveis:<\/p>\n\n\n\n<p>&#8211; No SISNEP;&nbsp;<br>&#8211; No Comit\u00ea de \u00c9tica em Pesquisa (CEPs);&nbsp;<br>&#8211; Na Comiss\u00e3o Nacional de \u00c9tica em Pesquisa (CONEP); e&nbsp;<br>&#8211; inclusive nas revistas de publica\u00e7\u00e3o cient\u00edficas ou congressos.<\/p>\n\n\n\n<p>O CAAE significar\u00e1 um respaldo para o pesquisador, demonstrando que apresentou seu projeto para aprova\u00e7\u00e3o \u00e9tica e tamb\u00e9m uma seguran\u00e7a para as pessoas envolvidas na pesquisa.<\/p>\n\n\n\n<p class=\"has-text-align-left\">Fonte:&nbsp;<a href=\"http:\/\/portal2.saude.gov.br\/sisnep\/\" target=\"_blank\" rel=\"noreferrer noopener\">SISNEP<\/a><\/p>\n\n\n\n<h4 class=\"wp-block-heading alignwide\"><strong>Procedimentos:<\/strong><\/h4>\n\n\n\n<blockquote class=\"wp-block-quote is-layout-flow wp-block-quote-is-layout-flow\"><\/blockquote>\n\n\n\n<p>Os pesquisadores, para encaminharem seus projetos para o Comit\u00ea de \u00c9tica, dever\u00e3o cadastr\u00e1-los junto ao SISNEP &#8211; Sistema Nacional de \u00c9tica em Pesquisa. Ao final do cadastro ser\u00e1 gerada uma Folha de Rosto, que acompanhar\u00e1 o tr\u00e2mite do projeto ao Comit\u00ea de \u00c9tica da UEL e Minist\u00e9rio de Sa\u00fade.<\/p>\n\n\n\n<p class=\"has-text-align-center\"><a href=\"http:\/\/portal2.saude.gov.br\/sisnep\/\" target=\"_blank\" rel=\"noreferrer noopener\">Site do SISNEP<\/a><\/p>\n\n\n\n<hr class=\"wp-block-separator has-alpha-channel-opacity is-style-default\" \/>\n\n\n\n<p class=\"has-text-align-center\"><a href=\"http:\/\/www.uel.br\/proppg\/portal\/pages\/arquivos\/pesquisa\/comite-de-etica\/Para_registrar_sua_pesquisa_no_SISNEP_12.02.2009%5B1%5D.pdf\" target=\"_blank\" rel=\"noreferrer noopener\">Orienta\u00e7\u00f5es para cadastrar projetos junto ao SISNEP<\/a><\/p>\n\n\n\n<hr class=\"wp-block-separator has-alpha-channel-opacity is-style-default\" \/>\n\n\n\n<p class=\"has-text-align-center\"><a href=\"http:\/\/www.uel.br\/proppg\/portal\/pages\/arquivos\/pesquisa\/projetos%20de%20pesquisa\/comite%20de%20etica\/PESQUISADORES.pdf\" target=\"_blank\" rel=\"noreferrer noopener\">M\u00f3dulo de Opera\u00e7\u00e3o (Manual do Pesquisador)<\/a><\/p>\n\n\n\n<p>No manual, voc\u00ea encontra todas as informa\u00e7\u00f5es necess\u00e1rias sobre as etapas de preenchimento.<\/p>\n\n\n\n<p>Ap\u00f3s entrar no site do SISNEP, clique em:<br><strong>&#8220;registre seu projeto aqui&#8221;:<\/strong><\/p>\n\n\n\n<figure class=\"wp-block-image\"><img decoding=\"async\" src=\"http:\/\/www.uel.br\/pos\/ppgef\/imagens\/sisnep1.jpg\" alt=\"\" \/><\/figure>\n\n\n\n<p>Tenha \u00e0 m\u00e3o o projeto com todas as informa\u00e7\u00f5es pois n\u00e3o ser\u00e1 poss\u00edvel preencher a Folha de Rosto (FR) parcialmente.<\/p>\n\n\n\n<p>A entrada no sistema ser\u00e1 feita atrav\u00e9s da senha que \u00e9 adquirida atrav\u00e9s da op\u00e7\u00e3o &#8220;Cadastrar Pesquisador&#8221;, no Menu Principal.<\/p>\n\n\n\n<figure class=\"wp-block-image\"><img decoding=\"async\" src=\"http:\/\/www.uel.br\/pos\/ppgef\/imagens\/sisnep2.jpg\" alt=\"\" \/><\/figure>\n\n\n\n<p>Ap\u00f3s o cadastro, voc\u00ea receber\u00e1 a senha para entrar no sistema pelo menu principal:<\/p>\n\n\n\n<figure class=\"wp-block-image\"><img decoding=\"async\" src=\"http:\/\/www.uel.br\/pos\/ppgef\/imagens\/sisnep3.jpg\" alt=\"\" \/><\/figure>\n\n\n\n<p>Siga as instru\u00e7\u00f5es que surgem na tela. Caso tenha d\u00favidas, consulte:<br><a href=\"http:\/\/www.uel.br\/proppg\/portal\/pages\/arquivos\/pesquisa\/comite-de-etica\/Para_registrar_sua_pesquisa_no_SISNEP_12.02.2009%5B1%5D.pdf\" target=\"_blank\" rel=\"noreferrer noopener\">Orienta\u00e7\u00f5es para cadastrar projetos junto ao SISNEP<\/a>&nbsp;<br><a href=\"http:\/\/www.uel.br\/proppg\/portal\/pages\/arquivos\/pesquisa\/projetos%20de%20pesquisa\/comite%20de%20etica\/PESQUISADORES.pdf\" target=\"_blank\" rel=\"noreferrer noopener\">M\u00f3dulo de Opera\u00e7\u00e3o (Manual do Pesquisador)<\/a><\/p>\n\n\n\n<p>Caso o seu projeto seja multic\u00eantrico, o sistema oferecer\u00e1 recursos para que voc\u00ea, atrav\u00e9s de palavras chave ou c\u00f3digo, localize o t\u00edtulo do projeto dentro do sistema, evitando a redigita\u00e7\u00e3o dos dados.<\/p>\n\n\n\n<p><br>A FR preenchida ser\u00e1 enviada pelo SISNEP, automaticamente, ao CEP de refer\u00eancia, a espera da apresenta\u00e7\u00e3o do protocolo de pesquisa.<\/p>\n\n\n\n<p>A FR impressa deve ser juntada ao protocolo de pesquisa completo e encaminhada \u00e0 diretoria da institui\u00e7\u00e3o para anu\u00eancia e assinatura.<\/p>\n\n\n\n<p>Este protocolo de pesquisa com a FR dever\u00e1, ent\u00e3o, ser entregue ao CEP.<\/p>\n\n\n\n<p>Informe se o seu curr\u00edculo est\u00e1 no Curr\u00edculo Lattes do CNPq. Para cadastro do seu curr\u00edculo use o link&nbsp;<a href=\"http:\/\/lattes.cnpq.br\/\" target=\"_blank\" rel=\"noreferrer noopener\">http:\/\/lattes.cnpq.br\/<\/a>, pois isso facilitar\u00e1, isentando-o da apresenta\u00e7\u00e3o do curr\u00edculo ao CEP.<\/p>\n\n\n\n<p>Fontes:\u00a0<a href=\"http:\/\/portal2.saude.gov.br\/sisnep\/\" target=\"_blank\" rel=\"noreferrer noopener\">SISNEP\u00a0<\/a>|\u00a0<a href=\"http:\/\/www.uel.br\/comites\/cepesh\/\" target=\"_blank\" rel=\"noreferrer noopener\">CEP-UEL<\/a><\/p>\n","protected":false},"excerpt":{"rendered":"<p>O&nbsp;Sistema Nacional de Informa\u00e7\u00f5es sobre \u00c9tica em Pesquisa envolvendo Seres Humanos (SISNEP)&nbsp;\u00e9 um sistema de informa\u00e7\u00f5es via internet sobre pesquisas envolvendo seres humanos. Todo projeto registrado no SISNEP dever\u00e1 ser entregue no CEP respons\u00e1vel pelo acompanhamento da pesquisa e receber\u00e1 um n\u00famero. Este n\u00famero \u00e9 \u00fanico e corresponde ao Certificado de Apresenta\u00e7\u00e3o para Aprecia\u00e7\u00e3o \u00c9tica [&hellip;]<\/p>\n","protected":false},"author":9,"featured_media":0,"parent":0,"menu_order":0,"comment_status":"closed","ping_status":"closed","template":"","meta":{"_acf_changed":false,"_themeisle_gutenberg_block_has_review":false,"footnotes":""},"class_list":["post-277","page","type-page","status-publish","hentry"],"acf":[],"_links":{"self":[{"href":"https:\/\/pos.uel.br\/pef\/wp-json\/wp\/v2\/pages\/277","targetHints":{"allow":["GET"]}}],"collection":[{"href":"https:\/\/pos.uel.br\/pef\/wp-json\/wp\/v2\/pages"}],"about":[{"href":"https:\/\/pos.uel.br\/pef\/wp-json\/wp\/v2\/types\/page"}],"author":[{"embeddable":true,"href":"https:\/\/pos.uel.br\/pef\/wp-json\/wp\/v2\/users\/9"}],"replies":[{"embeddable":true,"href":"https:\/\/pos.uel.br\/pef\/wp-json\/wp\/v2\/comments?post=277"}],"version-history":[{"count":3,"href":"https:\/\/pos.uel.br\/pef\/wp-json\/wp\/v2\/pages\/277\/revisions"}],"predecessor-version":[{"id":281,"href":"https:\/\/pos.uel.br\/pef\/wp-json\/wp\/v2\/pages\/277\/revisions\/281"}],"wp:attachment":[{"href":"https:\/\/pos.uel.br\/pef\/wp-json\/wp\/v2\/media?parent=277"}],"curies":[{"name":"wp","href":"https:\/\/api.w.org\/{rel}","templated":true}]}}