{"id":262,"date":"2025-04-11T17:19:19","date_gmt":"2025-04-11T20:19:19","guid":{"rendered":"https:\/\/pos.uel.br\/pef\/?page_id=262"},"modified":"2025-04-11T17:26:37","modified_gmt":"2025-04-11T20:26:37","slug":"comite-de-etica-em-pesquisa-uem","status":"publish","type":"page","link":"https:\/\/pos.uel.br\/pef\/comite-de-etica-em-pesquisa-uem\/","title":{"rendered":"Comit\u00ea de \u00c9tica em Pesquisa UEM"},"content":{"rendered":"\n<h3 class=\"wp-block-heading alignwide\">CEP &#8211; Comit\u00ea permanente de \u00e9tica em pesquisa envolvendo seres humanos &#8211; COPEP &#8211; UEM<\/h3>\n\n\n\n<p>O&nbsp;<a href=\"http:\/\/www.ppg.uem.br\/docs\/ceea\/Comite_Alteracao\/COMIT%C3%8A%20PERMANENTE%20DE%20%C3%89TICA.htm\">Comit\u00ea de \u00c9tica em Pesquisa (CEP)<\/a>&nbsp;\u00e9 um colegiado interdisciplinar e independente, com \u201cmunus p\u00fablico\u201d, de car\u00e1ter consultivo, deliberativo e educativo, criado para defender os interesses dos sujeitos de pesquisa em sua integridade e dignidade e para contribuir no desenvolvimento da pesquisa dentro de padr\u00f5es \u00e9ticos (Item II.14 da&nbsp;<a href=\"http:\/\/www.uel.br\/comites\/cepesh\/Resolu%C3%A7ao%20196.htm\" target=\"_blank\" rel=\"noreferrer noopener\">Resolu\u00e7\u00e3o 196\/96-CNS-MS<\/a>).<\/p>\n\n\n\n<p>A Conep (Comiss\u00e3o Nacional de \u00c9tica em Pesquisa) nomina por CEP os Comit\u00eas de \u00c9tica em Pesquisa atuantes no Brasil. Na UEM nominamos o comit\u00ea por&nbsp;<strong>COPEP<\/strong>, tendo em vista que em nossa institui\u00e7\u00e3o, a sigal CEP \u00e9 utilizada para nominar o Conselho de Ensino, Pesquisa e Extens\u00e3o.<\/p>\n\n\n\n<p><a href=\"http:\/\/www.ppg.uem.br\/default.asp?id=9&amp;ACT=5&amp;content=147&amp;mnu=9\" target=\"_blank\" rel=\"noreferrer noopener\">COPEP-UEM<\/a><br><a href=\"http:\/\/conselho.saude.gov.br\/index.htm\" target=\"_blank\" rel=\"noreferrer noopener\">Conselho Nacional de Sa\u00fade<\/a><br><a href=\"http:\/\/www.uel.br\/comites\/cepesh\/Resolu%C3%A7ao%20196.htm\" target=\"_blank\" rel=\"noreferrer noopener\">Resolu\u00e7\u00e3o n\u00ba 196 de 10 de outubro de 1996 &#8211; Minist\u00e9rio da Sa\u00fade<\/a><\/p>\n\n\n\n<p>COPEP&nbsp;Fone (44) 3011-4444<br>e-mail:&nbsp;<a href=\"mailto:copep@uem.br\">copep@uem.br<\/a><\/p>\n\n\n\n<p><\/p>\n","protected":false},"excerpt":{"rendered":"<p>CEP &#8211; Comit\u00ea permanente de \u00e9tica em pesquisa envolvendo seres humanos &#8211; COPEP &#8211; UEM O&nbsp;Comit\u00ea de \u00c9tica em Pesquisa (CEP)&nbsp;\u00e9 um colegiado interdisciplinar e independente, com \u201cmunus p\u00fablico\u201d, de car\u00e1ter consultivo, deliberativo e educativo, criado para defender os interesses dos sujeitos de pesquisa em sua integridade e dignidade e para contribuir no desenvolvimento da [&hellip;]<\/p>\n","protected":false},"author":9,"featured_media":0,"parent":0,"menu_order":0,"comment_status":"closed","ping_status":"closed","template":"","meta":{"_acf_changed":false,"_themeisle_gutenberg_block_has_review":false,"footnotes":""},"class_list":["post-262","page","type-page","status-publish","hentry"],"acf":[],"_links":{"self":[{"href":"https:\/\/pos.uel.br\/pef\/wp-json\/wp\/v2\/pages\/262","targetHints":{"allow":["GET"]}}],"collection":[{"href":"https:\/\/pos.uel.br\/pef\/wp-json\/wp\/v2\/pages"}],"about":[{"href":"https:\/\/pos.uel.br\/pef\/wp-json\/wp\/v2\/types\/page"}],"author":[{"embeddable":true,"href":"https:\/\/pos.uel.br\/pef\/wp-json\/wp\/v2\/users\/9"}],"replies":[{"embeddable":true,"href":"https:\/\/pos.uel.br\/pef\/wp-json\/wp\/v2\/comments?post=262"}],"version-history":[{"count":3,"href":"https:\/\/pos.uel.br\/pef\/wp-json\/wp\/v2\/pages\/262\/revisions"}],"predecessor-version":[{"id":276,"href":"https:\/\/pos.uel.br\/pef\/wp-json\/wp\/v2\/pages\/262\/revisions\/276"}],"wp:attachment":[{"href":"https:\/\/pos.uel.br\/pef\/wp-json\/wp\/v2\/media?parent=262"}],"curies":[{"name":"wp","href":"https:\/\/api.w.org\/{rel}","templated":true}]}}