{"id":261,"date":"2025-04-11T17:19:19","date_gmt":"2025-04-11T20:19:19","guid":{"rendered":"https:\/\/pos.uel.br\/pef\/?page_id=261"},"modified":"2025-04-11T17:25:25","modified_gmt":"2025-04-11T20:25:25","slug":"comite-de-etica-em-pesquisa-uel","status":"publish","type":"page","link":"https:\/\/pos.uel.br\/pef\/comite-de-etica-em-pesquisa-uel\/","title":{"rendered":"Comit\u00ea de \u00c9tica em Pesquisa UEL"},"content":{"rendered":"\n<h3 class=\"wp-block-heading alignwide\">CEP &#8211; COMIT\u00ca DE \u00c9TICA EM PESQUISA ENVOLVENDO SERES HUMANOS &#8211; UEL<\/h3>\n\n\n\n<p>Os&nbsp;Projetos de Pesquisa que envolvem seres humanos devem ser avaliados pelo&nbsp;<a href=\"http:\/\/www.uel.br\/comites\/cepesh\/\" target=\"_blank\" rel=\"noreferrer noopener\">Comit\u00ea de \u00c9tica da UEL<\/a>&nbsp;(CEP-UEL). O CEP-UEL normatiza as pesquisas conforme a&nbsp;<a href=\"http:\/\/www.uel.br\/comites\/cepesh\/Resolu%C3%A7ao%20196.htm\" target=\"_blank\" rel=\"noreferrer noopener\">Resolu\u00e7\u00e3o n\u00ba 196<\/a>&nbsp;do&nbsp;<a href=\"http:\/\/conselho.saude.gov.br\/\" target=\"_blank\" rel=\"noreferrer noopener\">Conselho Nacional de Sa\u00fade<\/a>&nbsp;do Minist\u00e9rio da Sa\u00fade.<\/p>\n\n\n\n<p><a href=\"http:\/\/www.uel.br\/comites\/cepesh\/\" target=\"_blank\" rel=\"noreferrer noopener\">CEP-UEL<\/a><br><a href=\"http:\/\/conselho.saude.gov.br\/index.htm\" target=\"_blank\" rel=\"noreferrer noopener\">Conselho Nacional de Sa\u00fade<\/a><br><a href=\"http:\/\/www.uel.br\/comites\/cepesh\/Resolu%C3%A7ao%20196.htm\" target=\"_blank\" rel=\"noreferrer noopener\">Resolu\u00e7\u00e3o n\u00ba 196 de 10 de outubro de 1996 &#8211; Minist\u00e9rio da Sa\u00fade<\/a><\/p>\n\n\n\n<p>Para mais informa\u00e7\u00f5es:<br>E-mail:\u00a0<a href=\"mailto:cep_uel@uel.br\">cep_uel@uel.br<\/a><\/p>\n\n\n\n<h3 class=\"wp-block-heading alignwide\">CEP &#8211; COMIT\u00ca DE \u00c9TICA EM PESQUISA ENVOLVENDO ANIMAIS &#8211; UEL<\/h3>\n\n\n\n<p>Sede CEUA-UEL: LABESC &#8211; Laborat\u00f3rio Escola de P\u00f3s-Gradua\u00e7\u00e3o &#8211; Sala 13 (pr\u00f3ximo ao Banco Ita\u00fa no Campus UEL)<\/p>\n\n\n\n<p>Secret\u00e1ria: Edilamar dos Anjos Atendimento: 13h00 \u00e0s 17h00 &#8211; de segunda a sexta-feira<\/p>\n\n\n\n<p>E-mail\u00a0CEUA-UEL:\u00a0<a href=\"mailto:ceua@uel.br\" target=\"_blank\" rel=\"noreferrer noopener\">ceua@uel.br<\/a>. Fone: (43) 3371-5454<\/p>\n\n\n\n<p><a href=\"http:\/\/www.uel.br\/comites\/ceua\/\" target=\"_blank\" rel=\"noreferrer noopener\">http:\/\/www.uel.br\/comites\/ceua\/<\/a><\/p>\n\n\n\n<p><\/p>\n","protected":false},"excerpt":{"rendered":"<p>CEP &#8211; COMIT\u00ca DE \u00c9TICA EM PESQUISA ENVOLVENDO SERES HUMANOS &#8211; UEL Os&nbsp;Projetos de Pesquisa que envolvem seres humanos devem ser avaliados pelo&nbsp;Comit\u00ea de \u00c9tica da UEL&nbsp;(CEP-UEL). O CEP-UEL normatiza as pesquisas conforme a&nbsp;Resolu\u00e7\u00e3o n\u00ba 196&nbsp;do&nbsp;Conselho Nacional de Sa\u00fade&nbsp;do Minist\u00e9rio da Sa\u00fade. CEP-UELConselho Nacional de Sa\u00fadeResolu\u00e7\u00e3o n\u00ba 196 de 10 de outubro de 1996 &#8211; [&hellip;]<\/p>\n","protected":false},"author":9,"featured_media":0,"parent":0,"menu_order":0,"comment_status":"closed","ping_status":"closed","template":"","meta":{"_acf_changed":false,"_themeisle_gutenberg_block_has_review":false,"footnotes":""},"class_list":["post-261","page","type-page","status-publish","hentry"],"acf":[],"_links":{"self":[{"href":"https:\/\/pos.uel.br\/pef\/wp-json\/wp\/v2\/pages\/261","targetHints":{"allow":["GET"]}}],"collection":[{"href":"https:\/\/pos.uel.br\/pef\/wp-json\/wp\/v2\/pages"}],"about":[{"href":"https:\/\/pos.uel.br\/pef\/wp-json\/wp\/v2\/types\/page"}],"author":[{"embeddable":true,"href":"https:\/\/pos.uel.br\/pef\/wp-json\/wp\/v2\/users\/9"}],"replies":[{"embeddable":true,"href":"https:\/\/pos.uel.br\/pef\/wp-json\/wp\/v2\/comments?post=261"}],"version-history":[{"count":6,"href":"https:\/\/pos.uel.br\/pef\/wp-json\/wp\/v2\/pages\/261\/revisions"}],"predecessor-version":[{"id":274,"href":"https:\/\/pos.uel.br\/pef\/wp-json\/wp\/v2\/pages\/261\/revisions\/274"}],"wp:attachment":[{"href":"https:\/\/pos.uel.br\/pef\/wp-json\/wp\/v2\/media?parent=261"}],"curies":[{"name":"wp","href":"https:\/\/api.w.org\/{rel}","templated":true}]}}