{"id":252,"date":"2025-04-11T16:57:09","date_gmt":"2025-04-11T19:57:09","guid":{"rendered":"https:\/\/pos.uel.br\/pef\/?page_id=252"},"modified":"2026-02-24T11:16:49","modified_gmt":"2026-02-24T14:16:49","slug":"banco-de-teses","status":"publish","type":"page","link":"https:\/\/pos.uel.br\/pef\/banco-de-teses\/","title":{"rendered":"Publica\u00e7\u00f5es"},"content":{"rendered":"\n<h3 class=\"wp-block-heading alignwide\"><strong>Banco de Disserta\u00e7\u00f5es e Teses&nbsp;<\/strong><\/h3>\n\n\n\n<p>Para acessar, clique no link abaixo que ir\u00e1 efetuar o direcionamento para a biblioteca digital do Programa:<\/p>\n\n\n\n<p><a href=\"https:\/\/repositorio.uel.br\/communities\/07976656-64d1-4bdc-b37b-2dfae9e485ba\">Reposit\u00f3rio UEL &#8211; CEFE<\/a><\/p>\n\n\n\n<p>Biblioteca Digital &#8211; <a href=\"https:\/\/biblioteca.sophia.com.br\/7869\/\" data-type=\"link\" data-id=\"https:\/\/biblioteca.sophia.com.br\/7869\/\">UEM<\/a> e <a href=\"http:\/\/repositorio.uem.br:8080\/jspui\/\">Reposit\u00f3rio<\/a><\/p>\n\n\n\n<p><\/p>\n","protected":false},"excerpt":{"rendered":"<p>Banco de Disserta\u00e7\u00f5es e Teses&nbsp; Para acessar, clique no link abaixo que ir\u00e1 efetuar o direcionamento para a biblioteca digital do Programa: Reposit\u00f3rio UEL &#8211; CEFE Biblioteca Digital &#8211; UEM e Reposit\u00f3rio<\/p>\n","protected":false},"author":9,"featured_media":0,"parent":0,"menu_order":0,"comment_status":"closed","ping_status":"closed","template":"","meta":{"_acf_changed":false,"_themeisle_gutenberg_block_has_review":false,"footnotes":""},"class_list":["post-252","page","type-page","status-publish","hentry"],"acf":[],"_links":{"self":[{"href":"https:\/\/pos.uel.br\/pef\/wp-json\/wp\/v2\/pages\/252","targetHints":{"allow":["GET"]}}],"collection":[{"href":"https:\/\/pos.uel.br\/pef\/wp-json\/wp\/v2\/pages"}],"about":[{"href":"https:\/\/pos.uel.br\/pef\/wp-json\/wp\/v2\/types\/page"}],"author":[{"embeddable":true,"href":"https:\/\/pos.uel.br\/pef\/wp-json\/wp\/v2\/users\/9"}],"replies":[{"embeddable":true,"href":"https:\/\/pos.uel.br\/pef\/wp-json\/wp\/v2\/comments?post=252"}],"version-history":[{"count":8,"href":"https:\/\/pos.uel.br\/pef\/wp-json\/wp\/v2\/pages\/252\/revisions"}],"predecessor-version":[{"id":1054,"href":"https:\/\/pos.uel.br\/pef\/wp-json\/wp\/v2\/pages\/252\/revisions\/1054"}],"wp:attachment":[{"href":"https:\/\/pos.uel.br\/pef\/wp-json\/wp\/v2\/media?parent=252"}],"curies":[{"name":"wp","href":"https:\/\/api.w.org\/{rel}","templated":true}]}}