{"id":245,"date":"2025-04-11T15:40:31","date_gmt":"2025-04-11T18:40:31","guid":{"rendered":"https:\/\/pos.uel.br\/pef\/?page_id=245"},"modified":"2025-06-10T18:13:08","modified_gmt":"2025-06-10T21:13:08","slug":"orientacoes-para-defesas","status":"publish","type":"page","link":"https:\/\/pos.uel.br\/pef\/orientacoes-para-defesas\/","title":{"rendered":"Orienta\u00e7\u00f5es para Defesas"},"content":{"rendered":"\n<h3 class=\"wp-block-heading alignwide\"><strong><strong>PROCEDIMENTOS PARA DEFESA &#8211; UEL<\/strong><\/strong><\/h3>\n\n\n\n<p>Para a defesa de disserta\u00e7\u00e3o, o candidato dever\u00e1 ter integralizado todos os cr\u00e9ditos exigidos pelo programa e ter sido aprovado no exame de Qualifica\u00e7\u00e3o.<\/p>\n\n\n\n<h5 class=\"wp-block-heading alignwide\"><strong>Procedimentos:<\/strong><\/h5>\n\n\n\n<h4 class=\"wp-block-heading alignwide has-text-align-center\"><a target=\"_blank\" href=\"http:\/\/www.uel.br\/pos\/ppgef\/uel\/documentosuel\/2011\/deliberacao_012011_banca_com_membro_de_outra_linha.pdf\" rel=\"noreferrer noopener\">Deliberacao n\u00ba 01\/2011 Banca com membro de outra linha<\/a><\/h4>\n\n\n\n<p>Considerando a Resolu\u00e7\u00e3o CEPE n\u00ba174\/2007, que altera o regulamento dos Programas de P\u00f3s-Gradua\u00e7\u00e3o Stricto-Sensu da UEL;<\/p>\n\n\n\n<p>Considerando a Resolu\u00e7\u00e3o CEPE n\u00ba 58\/2010, que aprova o Regimento do Programa de P\u00f3s-Gradua\u00e7\u00e3o Associado em Educa\u00e7\u00e3o F\u00edsica (UEM\/UEL), em n\u00edvel de Mestrado e Doutorado;<\/p>\n\n\n\n<p>A COMISS\u00c3O COORDENADORA DO PROGRAMA DE P\u00d3S-GRADAU\u00c7\u00c3O EM EDUCA\u00c7\u00c3O F\u00cdSICA, em reuni\u00e3o no dia 25 de agosto de 2010, deliberou os procedimentos para encaminhamento da avalia\u00e7\u00e3o Disserta\u00e7\u00e3o e a entrega do exemplar final, conforme os itens a seguir:<\/p>\n\n\n\n<p><strong><u>1) O(a) estudante dever\u00e1 depositar<\/u><\/strong>&nbsp;na Secretaria do Programa, 5 (cinco exemplares (espiral), observando o seu prazo regulamentar para finaliza\u00e7\u00e3o da disserta\u00e7\u00e3o, pois n\u00e3o ser\u00e3o aceitos dep\u00f3sitos de exemplares fora de prazo;<\/p>\n\n\n\n<p>Juntamente, com os exemplares devem ser entregues 2 (duas) c\u00f3pias da folha de assinatura dos membros da banca;<\/p>\n\n\n\n<p>A Secretaria do Programa emitir\u00e1 mediante o dep\u00f3sito dos exemplares, a An\u00e1lise Curricular do(a) estudante para avaliar se os requisitos acad\u00eamicos do programa est\u00e3o cumpridos para efetiva\u00e7\u00e3o do dep\u00f3sito;<\/p>\n\n\n\n<p><strong><u>2) O orientador dever\u00e1 entregar<\/u><\/strong>, na Secretaria do Programa, o of\u00edcio (em formul\u00e1rio pr\u00f3prio para esta finalidade) requerendo a constitui\u00e7\u00e3o de Banca de Avalia\u00e7\u00e3o de Disserta\u00e7\u00e3o e a ficha de cadastramento de Docente, para membros externos, observando o&nbsp;<a href=\"http:\/\/www.uel.br\/pos\/ppgef\/portal\/modules\/fckeditor\/fckeditor\/editor\/cronogramareunioesuel.htm\">calend\u00e1rio de reuni\u00f5es da Comiss\u00e3o Coordenadora<\/a>, que dever\u00e1 avaliar a banca proposta;<\/p>\n\n\n\n<p><strong><u>3) Ap\u00f3s plenamente cumpridas as etapas anteriores<\/u><\/strong>, a Secretaria do Programa encaminhar\u00e1 o of\u00edcio de solicita\u00e7\u00e3o para ser protocolado, junto \u00e0 PROPPG para provid\u00eancias de homologa\u00e7\u00e3o institucional da Banca de Defesa;<\/p>\n\n\n\n<p><strong><u>4) Ap\u00f3s a homologa\u00e7\u00e3o<\/u><\/strong>, a Secretaria do Programa comunicar\u00e1 o Professor Orientador, que ter\u00e1 at\u00e9 60 dias para realizar a Banca e providenciar o respectivo agendamento;<\/p>\n\n\n\n<p><strong>5) A Secretaria do Programa providenciar\u00e1 o envio dos exemplares<\/strong>&nbsp;para os respectivos membros da banca;<\/p>\n\n\n\n<p><strong>6) O agendamento dever\u00e1 ser comunicado, pelo orientador \u00e0 Secretaria<\/strong>, para que sejam devidamente providenciadas: passagens, hospedagem, reserva de sala e demais medida para realiza\u00e7\u00e3o da Banca;<\/p>\n\n\n\n<p><strong>7) As bancas dever\u00e3o ser marcadas no per\u00edodo da tarde<\/strong>, em fun\u00e7\u00e3o da ocupa\u00e7\u00e3o de salas de aula com gradua\u00e7\u00e3o e p\u00f3s-gradua\u00e7\u00e3o no per\u00edodo da manh\u00e3. Caso seja necess\u00e1ria a marca\u00e7\u00e3o em outro per\u00edodo o Orientador dever\u00e1 se responsabilizar pela reserva, junto \u00e0 institui\u00e7\u00e3o, devidamente comunicada para Secretaria providenciar a sua publica\u00e7\u00e3o.<\/p>\n\n\n\n<p><strong>8) A Secretaria providenciar\u00e1 a publica\u00e7\u00e3o<\/strong>&nbsp;na p\u00e1gina do Programa, bem como no Edital externo da sala onde ser\u00e1 realizada a banca;<\/p>\n\n\n\n<p><strong><u>9) Ap\u00f3s a defesa, o estudante ter\u00e1 30 dias<\/u><\/strong>&nbsp;para entrega do exemplar final corrigido em CD no formato doc\/rtf, em apenas um arquivo com o nome do estudante. Exemplo AntonioJos\u00e9deCam\u00f5es.rtf. Juntamente com a autoriza\u00e7\u00e3o de cess\u00e3o de direitos autorais da Biblioteca Central da UEL, conforme formul\u00e1rio dispon\u00edvel em &lt;<a href=\"http:\/\/www.bibliotecadigital.uel.br\/instrucao.php\" target=\"_blank\" rel=\"noreferrer noopener\">http:\/\/www.bibliotecadigital.uel.br\/instrucao.php<\/a>&gt;.<\/p>\n\n\n\n<p><strong>10) O exemplar dever\u00e1 seguir as normas da Biblioteca da UEL<\/strong>, observando as orienta\u00e7\u00f5es e normativas da institui\u00e7\u00e3o, que podem ser encontradas na p\u00e1gina da Biblioteca &lt;<a href=\"http:\/\/www.uel.br\/bc\/index.php?content=servicos_normalizacao.html\" target=\"_blank\" rel=\"noreferrer noopener\">http:\/\/www.uel.br\/bc\/index.php?content=servicos_normalizacao.html<\/a>&gt;.<\/p>\n\n\n\n<p><strong>11) Dever\u00e1 ser entregue um exemplar de Capa Dura<\/strong>, com as seguintes caracter\u00edsticas:<\/p>\n\n\n\n<p>a) Capa dura na cor verde-bandeira;<\/p>\n\n\n\n<p>b) As letras devem ser douradas;<\/p>\n\n\n\n<p>c) Deve conter o s\u00edmbolo da UEL, T\u00edtulo, nome do(a) estudante (s), cidade, ano. Igual a contracapa, do modelo da biblioteca da UEL;<\/p>\n\n\n\n<p>d) Na lombada, na parte superior a sigla UEL, seguida de uma linha (horizontal), o t\u00edtulo do trabalho, o n\u00edvel de titula\u00e7\u00e3o MESTRADO\/DOUTORADO, seguido de uma linha (horizontal), ano da defesa.<\/p>\n\n\n\n<p><\/p>\n\n\n\n<p><a href=\"https:\/\/pos.uel.br\/pef\/wp-content\/uploads\/2025\/06\/INSTRUCAO-MODELO-ESCANDINAVO-31-01-17.pdf\" target=\"_blank\" rel=\"noreferrer noopener\"><strong>INSTRU\u00c7\u00c3O NORMATIVA No 01\/2017-PEF &#8211; MODELO ESCANDINAVO<\/strong><\/a><\/p>\n\n\n\n<hr class=\"wp-block-separator has-alpha-channel-opacity is-style-wide\" \/>\n\n\n\n<h3 class=\"wp-block-heading alignwide\"><strong><strong>PROCEDIMENTOS PARA DEFESA &#8211; UE<\/strong><\/strong>M<\/h3>\n\n\n\n<p>Para a defesa de disserta\u00e7\u00e3o, o candidato dever\u00e1 ter integralizado todos os cr\u00e9ditos exigidos pelo programa e ter sido aprovado no exame de Qualifica\u00e7\u00e3o.<\/p>\n\n\n\n<h5 class=\"wp-block-heading alignwide\"><strong>Procedimentos:<\/strong><\/h5>\n\n\n\n<p>Para requerer junto \u00e0&nbsp;<strong>Comiss\u00e3o Coordenadora UEM<\/strong>&nbsp;a defesa da disserta\u00e7\u00e3o, o estudante dever\u00e1:<\/p>\n\n\n\n<p>I- preencher na&nbsp;<strong>secretaria do programa (UEM)<\/strong>&nbsp;a solicita\u00e7\u00e3o, em formul\u00e1rio pr\u00f3prio, com no m\u00ednimo 30 dias de anteced\u00eancia \u00e0 data prevista ou estimada para a defesa;<\/p>\n\n\n\n<p>II- anexar quatro c\u00f3pias da disserta\u00e7\u00e3o.<\/p>\n\n\n\n<p>A Banca Examinadora para defesa de Disserta\u00e7\u00e3o dever\u00e1 ser composta por tr\u00eas membros, portadores do t\u00edtulo de Doutor.<\/p>\n\n\n\n<p>A Banca ser\u00e1 composta pelo orientador da Disserta\u00e7\u00e3o, por um membro<br>participante do quadro de docentes do Programa e por um membro externo \u00e0 Institui\u00e7\u00e3o.<\/p>\n\n\n\n<p>Ser\u00e3o designados, ainda, dois suplentes para cobrirem as eventuais faltas dos titulares, sendo que um dos suplentes dever\u00e1 ser membro externo \u00e0 Institui\u00e7\u00e3o.<\/p>\n\n\n\n<p>O orientador da disserta\u00e7\u00e3o ser\u00e1 o presidente da comiss\u00e3o e lhe compete estabelecer contato com os demais membros da banca examinadora, para determinar a data da apresenta\u00e7\u00e3o e comunic\u00e1-la \u00e0&nbsp;<strong>secretaria do PEF- UEM<\/strong>.<\/p>\n\n\n\n<p>A apresenta\u00e7\u00e3o da disserta\u00e7\u00e3o dever\u00e1 ser feita pelo candidato em, no m\u00e1ximo, 50 min. Logo ap\u00f3s, o presidente da banca assegurar\u00e1 aos professores o direito de solicitar esclarecimentos relativos ao tema da disserta\u00e7\u00e3o por um per\u00edodo adicional de at\u00e9 30 min por docente, e ao candidato, o direito de responder a cada docente, por igual per\u00edodo.<\/p>\n\n\n\n<p>O estudante dever\u00e1 demonstrar o dom\u00ednio do tema escolhido, conhecimento da literatura pertinente, capacidade de sistematiza\u00e7\u00e3o de ideias, bem como esp\u00edrito cr\u00edtico.<\/p>\n\n\n\n<p>Ap\u00f3s a defesa da disserta\u00e7\u00e3o, a banca examinadora deliberar\u00e1, sem a<br>presen\u00e7a do candidato, bem como do p\u00fablico, sobre a avalia\u00e7\u00e3o da disserta\u00e7\u00e3o, podendo decidir pela aprova\u00e7\u00e3o ou reprova\u00e7\u00e3o.<\/p>\n\n\n\n<p>A defesa de disserta\u00e7\u00e3o ser\u00e1 p\u00fablica, e no final do processo de avalia\u00e7\u00e3o a banca examinadora emitir\u00e1 um dos seguintes conceitos:<br><br>I- reprovado, por unanimidade ou pela maioria dos membros da banca;<br>II- aprovado, por unanimidade ou pela maioria dos membros da banca<\/p>\n\n\n\n<p>No caso de aprova\u00e7\u00e3o, a banca poder\u00e1 sugerir reformula\u00e7\u00f5es na disserta\u00e7\u00e3o, as quais dever\u00e3o ser acompanhadas pelo orientador e dever\u00e3o ser entreguesno prazo m\u00e1ximo de 90 dias ap\u00f3s a defesa.<\/p>\n\n\n\n<p>Ap\u00f3s a aprova\u00e7\u00e3o, o candidato dever\u00e1 encaminhar \u00e0&nbsp;<strong>coordena\u00e7\u00e3o do programa UEM<\/strong>, sete c\u00f3pias impressas da disserta\u00e7\u00e3o reformulada e uma c\u00f3pia em meio eletr\u00f4nico.<br><br>O resultado da avalia\u00e7\u00e3o dever\u00e1 ser encaminhado a&nbsp;<strong>Comiss\u00e3o Coordenadora UEM<\/strong><\/p>\n\n\n\n<hr class=\"wp-block-separator has-alpha-channel-opacity is-style-wide\" \/>\n\n\n\n<h5 class=\"wp-block-heading alignwide\"><a href=\"http:\/\/www.uel.br\/pos\/ppgef\/portal\/pages\/arquivos\/Arquivos%20UEL\/MODELO%20ESCANDINAVO%2031-01-17.pdf\" target=\"_blank\" rel=\"noreferrer noopener\">Modelo Escandinavo<\/a><\/h5>\n","protected":false},"excerpt":{"rendered":"<p>PROCEDIMENTOS PARA DEFESA &#8211; UEL Para a defesa de disserta\u00e7\u00e3o, o candidato dever\u00e1 ter integralizado todos os cr\u00e9ditos exigidos pelo programa e ter sido aprovado no exame de Qualifica\u00e7\u00e3o. Procedimentos: Deliberacao n\u00ba 01\/2011 Banca com membro de outra linha Considerando a Resolu\u00e7\u00e3o CEPE n\u00ba174\/2007, que altera o regulamento dos Programas de P\u00f3s-Gradua\u00e7\u00e3o Stricto-Sensu da UEL; [&hellip;]<\/p>\n","protected":false},"author":9,"featured_media":0,"parent":0,"menu_order":0,"comment_status":"closed","ping_status":"closed","template":"","meta":{"_acf_changed":false,"_themeisle_gutenberg_block_has_review":false,"footnotes":""},"class_list":["post-245","page","type-page","status-publish","hentry"],"acf":[],"_links":{"self":[{"href":"https:\/\/pos.uel.br\/pef\/wp-json\/wp\/v2\/pages\/245","targetHints":{"allow":["GET"]}}],"collection":[{"href":"https:\/\/pos.uel.br\/pef\/wp-json\/wp\/v2\/pages"}],"about":[{"href":"https:\/\/pos.uel.br\/pef\/wp-json\/wp\/v2\/types\/page"}],"author":[{"embeddable":true,"href":"https:\/\/pos.uel.br\/pef\/wp-json\/wp\/v2\/users\/9"}],"replies":[{"embeddable":true,"href":"https:\/\/pos.uel.br\/pef\/wp-json\/wp\/v2\/comments?post=245"}],"version-history":[{"count":5,"href":"https:\/\/pos.uel.br\/pef\/wp-json\/wp\/v2\/pages\/245\/revisions"}],"predecessor-version":[{"id":580,"href":"https:\/\/pos.uel.br\/pef\/wp-json\/wp\/v2\/pages\/245\/revisions\/580"}],"wp:attachment":[{"href":"https:\/\/pos.uel.br\/pef\/wp-json\/wp\/v2\/media?parent=245"}],"curies":[{"name":"wp","href":"https:\/\/api.w.org\/{rel}","templated":true}]}}