{"id":239,"date":"2025-04-11T15:34:09","date_gmt":"2025-04-11T18:34:09","guid":{"rendered":"https:\/\/pos.uel.br\/pef\/?page_id=239"},"modified":"2025-04-11T15:38:58","modified_gmt":"2025-04-11T18:38:58","slug":"orientacoes-para-exame-de-qualificacao","status":"publish","type":"page","link":"https:\/\/pos.uel.br\/pef\/orientacoes-para-exame-de-qualificacao\/","title":{"rendered":"Orienta\u00e7\u00f5es para Exame de Qualifica\u00e7\u00e3o"},"content":{"rendered":"\n<h3 class=\"wp-block-heading alignwide\"><strong>PROCEDIMENTOS PARA QUALIFICA\u00c7\u00c3O<\/strong><\/h3>\n\n\n\n<p>Ap\u00f3s a integraliza\u00e7\u00e3o dos cr\u00e9ditos exigidos em disciplinas o estudante dever\u00e1 requerer o exame de Qualifica\u00e7\u00e3o que ser\u00e1 aprovado em reuni\u00e3o da&nbsp;<strong>Comiss\u00e3o Coordenadora UEL\/UEM<\/strong>, sendo as normas para sua avalia\u00e7\u00e3o estabelecidas pela referida Comiss\u00e3o.<\/p>\n\n\n\n<p>Ser\u00e1 permitida apenas uma repeti\u00e7\u00e3o no Exame de Qualifica\u00e7\u00e3o, no prazo n\u00e3o superior a seis meses do exame anterior.<\/p>\n\n\n\n<p>Cada p\u00f3s-graduando ter\u00e1 um professor-orientador de disserta\u00e7\u00e3o dentre os professores credenciados no Programa.<\/p>\n\n\n\n<hr class=\"wp-block-separator has-alpha-channel-opacity is-style-wide\" \/>\n\n\n\n<h3 class=\"wp-block-heading alignwide\"><strong><mark style=\"background-color:#F5F5F5\" class=\"has-inline-color has-primary-accent-color\">Procedimentos UEL:<\/mark><\/strong><\/h3>\n\n\n\n<p>Para requerer junto \u00e0&nbsp;<strong>Comiss\u00e3o Coordenadora UEL\/UEM<\/strong>&nbsp;o Exame de Qualifica\u00e7\u00e3o, o estudante dever\u00e1:<\/p>\n\n\n\n<p>I &#8211; Verificar junto ao Portal do Estudante (com hist\u00f3rico) ou junto \u00e0 Secretaria do Programa (An\u00e1lise Curricular): (a) se h\u00e1 pend\u00eancias de cr\u00e9ditos a serem cumpridos (24 mestrado e 36 Doutorado) e (b) se o Exame de Profici\u00eancia consta como APROVADO;<\/p>\n\n\n\n<p>II &#8211; Fazer solicita\u00e7\u00e3o de Exame de Qualifica\u00e7\u00e3o n o Portal do Estudante.<\/p>\n\n\n\n<p>III &#8211; O orientador deve entregar na<strong>&nbsp;secretaria do programa (UEL\/UEM)<\/strong>&nbsp;a&nbsp;<a href=\"http:\/\/www.uel.br\/pos\/ppgef\/uel\/documentosuel\/solicitacaodequalificacao.doc\" target=\"_blank\" rel=\"noreferrer noopener\">solicita\u00e7\u00e3o para Qualifica\u00e7\u00e3o<\/a>&nbsp;solicita\u00e7\u00e3o para Qualifica\u00e7\u00e3o, em formul\u00e1rio pr\u00f3prio, para avalia\u00e7\u00e3o do pedido pela Comiss\u00e3o Coordenadora, observando-se o Calend\u00e1rio de Reuni\u00f5es, com no m\u00ednimo 30 dias de anteced\u00eancia \u00e0 data prevista ou estimada para a qualifica\u00e7\u00e3o;<\/p>\n\n\n\n<p>V- Encaminhar as c\u00f3pias do projeto para os membros (titulares e suplentes) da banca;<\/p>\n\n\n\n<h4 class=\"wp-block-heading alignwide\"><strong>MESTRADO<\/strong><\/h4>\n\n\n\n<p>A Banca Examinadora para o exame de Qualifica\u00e7\u00e3o de Mestrado dever\u00e1 ser composta por tr\u00eas membros, portadores do t\u00edtulo de Doutor.<\/p>\n\n\n\n<p>A Banca ser\u00e1 composta:<br>1) pelo orientador da Disserta\u00e7\u00e3o<br>2) por um membro participante do quadro de docentes do Programa<br>3) por um membro externo \u00e0 Institui\u00e7\u00e3o.<\/p>\n\n\n\n<h4 class=\"wp-block-heading alignwide\"><strong>DOUTORADO<\/strong><\/h4>\n\n\n\n<p>A Banca Examinadora para o exame de Qualifica\u00e7\u00e3o de Doutorado dever\u00e1 ser composta por sete membros, incluindo dois suplentes, portadores do t\u00edtulo de Doutor.<\/p>\n\n\n\n<p>A Banca ser\u00e1 composta:<br>1) orientador<br>2) membro externo<br>3) membro externo<br>4) membro interno<br>5) membro interno<br>6) suplente interno<br>7) suplente externo<\/p>\n\n\n\n<p>No Exame de Qualifica\u00e7\u00e3o dever\u00e3o estar presentes o orientador, 2 membros internos e 2 pareceres dos membros externo, quando os mesmos n\u00e3o estiverem presentes.<\/p>\n\n\n\n<h4 class=\"wp-block-heading alignwide\"><strong>As informa\u00e7\u00f5es abaixo ser\u00e3o v\u00e1lidas para os cursos de Mestrado e Doutorado.<\/strong><\/h4>\n\n\n\n<p>Ser\u00e3o designados, ainda, dois suplentes para cobrirem as eventuais faltas dos titulares, sendo que um dos suplentes dever\u00e1 ser membro externo \u00e0 Institui\u00e7\u00e3o.<\/p>\n\n\n\n<p>Poder\u00e3o ser aceitos como co-orientadores professores n\u00e3o-vinculados ao programa, com a aprova\u00e7\u00e3o da Comiss\u00e3o Coordenadora UEL.<\/p>\n\n\n\n<hr class=\"wp-block-separator has-alpha-channel-opacity is-style-wide\" \/>\n\n\n\n<h3 class=\"wp-block-heading alignwide\"><strong><mark style=\"background-color:#F5F5F5\" class=\"has-inline-color has-primary-accent-color\">Procedimentos UEM:<\/mark><\/strong><\/h3>\n\n\n\n<p>O aluno que tiver conclu\u00eddo os 24 cr\u00e9ditos exigidos em disciplinas de Mestrado ou os 36 cr\u00e9ditos exigidos em disciplinas de Doutorado poder\u00e1 apresentar a composi\u00e7\u00e3o da banca examinadora ao Conselho Acad\u00eamico do Programa para aprova\u00e7\u00e3o.<br>Documentos necess\u00e1rios:<br>1- formul\u00e1rio contendo composi\u00e7\u00e3o da banca e declara\u00e7\u00e3o referente custeio para participa\u00e7\u00e3o de membros externos (dispon\u00edvel na Secretaria do PEF);<br>2- hist\u00f3rico do curso gerado na Secretaria Acad\u00eamica Virtual (sisav.uem.br);<br>3- print da p\u00e1gina da Plataforma Sucupira, onde consta o v\u00ednculo dos docentes externos (titular e suplente) com programa de p\u00f3s-gradua\u00e7\u00e3o, dispon\u00edvel em https:\/\/sucupira.capes.gov.br\/sucupira\/, Coleta CAPES;<br>4- quando o membro externo for de longe, simular a viagem (passagem a\u00e9rea) colocando a data de sa\u00edda e retorno como se a defesa fosse ocorrer na pr\u00f3xima semana e fazer o print da tela.<\/p>\n\n\n\n<p>Ap\u00f3s a aprova\u00e7\u00e3o da banca pelo conselho o aluno dever\u00e1 entregar \u00e0 Secretaria do PEF os seguintes documentos:<br>a) enviar por e-mail arquivo pdf do projeto de disserta\u00e7\u00e3o ou tese e o endere\u00e7o de e-mail dos membros externos (titulares e suplentes), pelo menos trinta dias antes da data prevista para o exame de qualifica\u00e7\u00e3o e solicitar a confec\u00e7\u00e3o do of\u00edcio referente confirma\u00e7\u00e3o do convite aos membros da banca;<br>b) aguardar a chegada do parecer do membro externo;<br>c) agendar o local da qualifica\u00e7\u00e3o;<br>d) entregar o formul\u00e1rio \u201cExame de Qualifica\u00e7\u00e3o \u2013 Disserta\u00e7\u00e3o\u201d ou \u201cExame de<br>Qualifica\u00e7\u00e3o \u2013 Tese\u201d (dispon\u00edvel na Secretaria do PEF), pelo menos dez dias<br>antes da realiza\u00e7\u00e3o do exame.<\/p>\n\n\n\n<h4 class=\"wp-block-heading alignwide\"><strong>ORIENTA\u00c7\u00d5ES PARA DEFESA<\/strong><\/h4>\n\n\n\n<p>a) enviar por e-mail o arquivo pdf da disserta\u00e7\u00e3o ou tese para sec-pef@uem.br\u00a0e aos membros da banca (titulares e suplentes), pelo menos trinta dias antes<br>da data da defesa;<br>b) consultar os membros externos quanto \u00e0 c\u00f3pia impressa, em caso afirmativo\u00a0enviar por correio;<br>c) agendar o local da defesa;<br>d) entregar o formul\u00e1rio \u201cIndica\u00e7\u00e3o de Banca &#8211; Disserta\u00e7\u00e3o\u201d ou \u201cIndica\u00e7\u00e3o de\u00a0Banca &#8211; Tese\u201d (dispon\u00edvel no site) preenchido e assinado, pelo menos trinta\u00a0dias antes da data da defesa;<br>Considerando os procedimentos para aquisi\u00e7\u00e3o de passagem, hospedagem,\u00a0alimenta\u00e7\u00e3o de membros externos, quanto antes for comprada a passagem\u00a0mais barata ela ser\u00e1. A data de defesa dever\u00e1 estar confirmada pelos membros\u00a0da banca, pois mudan\u00e7a de data\/hor\u00e1rio de voo causa multa e pode extrapolar\u00a0o teto m\u00e1ximo da ajuda de custo.<br>Para agendar o local da qualifica\u00e7\u00e3o\/defesa:<br>a) Na Secretaria do PEF: Sala 2, Bloco M05;<br>b) Na FADEC, Ramal 4462: Audit\u00f3rio da FADEC;<br>c) No DTP, Ramal 4897: Sala 13, Bloco H12;<br>d) No PGE, Ramal 4731: Sala 14, Bloco H12;<br>e) No DFA, Ramal 4835: Audit\u00f3rio 1, K68;<br>f) Na BCE, Ramais\u00a05299 e 4468: sala de Web confer\u00eancia;<br>g) No NEAD, Ramal 4098: Bloco H01.<br>Cabe ao aluno: providenciar a organiza\u00e7\u00e3o do local antes e ap\u00f3s a utiliza\u00e7\u00e3o,<br>bem como: multim\u00eddia, toalha, copos e \u00e1gua. Verificar junto ao setor<br>respons\u00e1vel as regras de uso do local e se h\u00e1 espa\u00e7o destinado para\u00a0coffee<br>break.\u00a0Em caso afirmativo, providenciar \u00e1gua, caf\u00e9, suco, salgados, doces, etc<\/p>\n","protected":false},"excerpt":{"rendered":"<p>PROCEDIMENTOS PARA QUALIFICA\u00c7\u00c3O Ap\u00f3s a integraliza\u00e7\u00e3o dos cr\u00e9ditos exigidos em disciplinas o estudante dever\u00e1 requerer o exame de Qualifica\u00e7\u00e3o que ser\u00e1 aprovado em reuni\u00e3o da&nbsp;Comiss\u00e3o Coordenadora UEL\/UEM, sendo as normas para sua avalia\u00e7\u00e3o estabelecidas pela referida Comiss\u00e3o. Ser\u00e1 permitida apenas uma repeti\u00e7\u00e3o no Exame de Qualifica\u00e7\u00e3o, no prazo n\u00e3o superior a seis meses do exame [&hellip;]<\/p>\n","protected":false},"author":9,"featured_media":0,"parent":0,"menu_order":0,"comment_status":"closed","ping_status":"closed","template":"","meta":{"_acf_changed":false,"_themeisle_gutenberg_block_has_review":false,"footnotes":""},"class_list":["post-239","page","type-page","status-publish","hentry"],"acf":[],"_links":{"self":[{"href":"https:\/\/pos.uel.br\/pef\/wp-json\/wp\/v2\/pages\/239","targetHints":{"allow":["GET"]}}],"collection":[{"href":"https:\/\/pos.uel.br\/pef\/wp-json\/wp\/v2\/pages"}],"about":[{"href":"https:\/\/pos.uel.br\/pef\/wp-json\/wp\/v2\/types\/page"}],"author":[{"embeddable":true,"href":"https:\/\/pos.uel.br\/pef\/wp-json\/wp\/v2\/users\/9"}],"replies":[{"embeddable":true,"href":"https:\/\/pos.uel.br\/pef\/wp-json\/wp\/v2\/comments?post=239"}],"version-history":[{"count":3,"href":"https:\/\/pos.uel.br\/pef\/wp-json\/wp\/v2\/pages\/239\/revisions"}],"predecessor-version":[{"id":244,"href":"https:\/\/pos.uel.br\/pef\/wp-json\/wp\/v2\/pages\/239\/revisions\/244"}],"wp:attachment":[{"href":"https:\/\/pos.uel.br\/pef\/wp-json\/wp\/v2\/media?parent=239"}],"curies":[{"name":"wp","href":"https:\/\/api.w.org\/{rel}","templated":true}]}}