{"id":233,"date":"2025-04-11T15:30:52","date_gmt":"2025-04-11T18:30:52","guid":{"rendered":"https:\/\/pos.uel.br\/pef\/?page_id=233"},"modified":"2025-04-11T15:32:25","modified_gmt":"2025-04-11T18:32:25","slug":"matricula","status":"publish","type":"page","link":"https:\/\/pos.uel.br\/pef\/matricula\/","title":{"rendered":"Matr\u00edcula"},"content":{"rendered":"\n<h3 class=\"wp-block-heading alignwide\"><strong>Matr\u00edcula Estudantes<\/strong><\/h3>\n\n\n\n<p>O candidato aprovado e classificado ter\u00e1 que se cadastrar previamente para ter acesso ao Portal do Estudante de P\u00f3s-Gradua\u00e7\u00e3o e realizar a matr\u00edcula. As instru\u00e7\u00f5es sobre o procedimento de matr\u00edcula e o sistema para efetuar a matr\u00edcula eletr\u00f4nica estar\u00e3o dispon\u00edveis no site mencionado;<\/p>\n\n\n\n<p>Inscri\u00e7\u00f5es s\u00e3o realizadas pelo site da Institui\u00e7\u00e3o<\/p>\n\n\n\n<p>Aluno UEL:&nbsp;<a href=\"http:\/\/www.uel.br\/portaldoestudante\" target=\"_blank\" rel=\"noreferrer noopener\">http:\/\/www.uel.br\/portaldoestudante<\/a>.<\/p>\n\n\n\n<p>Aluno UEM:&nbsp;<a href=\"https:\/\/npd.uem.br\/sgipos\/\" target=\"_blank\" rel=\"noreferrer noopener\">https:\/\/npd.uem.br\/sgipos\/<\/a><\/p>\n\n\n\n<h5 class=\"wp-block-heading has-text-align-center\"><strong>ATEN\u00c7\u00c3O!!!<\/strong><\/h5>\n\n\n\n<h5 class=\"wp-block-heading has-text-align-center\"><strong>SOLICITAMOS AOS P\u00d3S-GRADUANDOS QUE EFETIVEM A MATR\u00cdCULA EM APENAS UMA DISCIPLINA DO N\u00daCLEO COMUM POR SEMESTRE.<\/strong><\/h5>\n\n\n\n<h5 class=\"wp-block-heading\"><\/h5>\n","protected":false},"excerpt":{"rendered":"<p>Matr\u00edcula Estudantes O candidato aprovado e classificado ter\u00e1 que se cadastrar previamente para ter acesso ao Portal do Estudante de P\u00f3s-Gradua\u00e7\u00e3o e realizar a matr\u00edcula. As instru\u00e7\u00f5es sobre o procedimento de matr\u00edcula e o sistema para efetuar a matr\u00edcula eletr\u00f4nica estar\u00e3o dispon\u00edveis no site mencionado; Inscri\u00e7\u00f5es s\u00e3o realizadas pelo site da Institui\u00e7\u00e3o Aluno UEL:&nbsp;http:\/\/www.uel.br\/portaldoestudante. Aluno [&hellip;]<\/p>\n","protected":false},"author":9,"featured_media":0,"parent":0,"menu_order":0,"comment_status":"closed","ping_status":"closed","template":"","meta":{"_acf_changed":false,"_themeisle_gutenberg_block_has_review":false,"footnotes":""},"class_list":["post-233","page","type-page","status-publish","hentry"],"acf":[],"_links":{"self":[{"href":"https:\/\/pos.uel.br\/pef\/wp-json\/wp\/v2\/pages\/233","targetHints":{"allow":["GET"]}}],"collection":[{"href":"https:\/\/pos.uel.br\/pef\/wp-json\/wp\/v2\/pages"}],"about":[{"href":"https:\/\/pos.uel.br\/pef\/wp-json\/wp\/v2\/types\/page"}],"author":[{"embeddable":true,"href":"https:\/\/pos.uel.br\/pef\/wp-json\/wp\/v2\/users\/9"}],"replies":[{"embeddable":true,"href":"https:\/\/pos.uel.br\/pef\/wp-json\/wp\/v2\/comments?post=233"}],"version-history":[{"count":3,"href":"https:\/\/pos.uel.br\/pef\/wp-json\/wp\/v2\/pages\/233\/revisions"}],"predecessor-version":[{"id":238,"href":"https:\/\/pos.uel.br\/pef\/wp-json\/wp\/v2\/pages\/233\/revisions\/238"}],"wp:attachment":[{"href":"https:\/\/pos.uel.br\/pef\/wp-json\/wp\/v2\/media?parent=233"}],"curies":[{"name":"wp","href":"https:\/\/api.w.org\/{rel}","templated":true}]}}