{"id":227,"date":"2025-04-11T15:27:47","date_gmt":"2025-04-11T18:27:47","guid":{"rendered":"https:\/\/pos.uel.br\/pef\/?page_id=227"},"modified":"2026-03-26T11:31:20","modified_gmt":"2026-03-26T14:31:20","slug":"grade-curricular-e-horarios","status":"publish","type":"page","link":"https:\/\/pos.uel.br\/pef\/grade-curricular-e-horarios\/","title":{"rendered":"Grade Curricular e Hor\u00e1rios"},"content":{"rendered":"\n<h5 class=\"wp-block-heading alignwide is-style-highlighted-heading\"><strong>Acesso aos arquivos:<\/strong><\/h5>\n\n\n\n<figure class=\"wp-block-table is-style-stripes\"><table class=\"has-fixed-layout\"><tbody><tr><td>1\u00ba semestre 2026 &#8211; <a href=\"https:\/\/pos.uel.br\/pef\/wp-content\/uploads\/2025\/05\/QuadroHorario-1o-semestre-2025-2.pdf\" data-type=\"attachment\" data-id=\"496\"><\/a><a href=\"https:\/\/pos.uel.br\/pef\/wp-content\/uploads\/2026\/03\/QuadroHorario-1o-semestre-2026-26-03.pdf\" data-type=\"attachment\" data-id=\"1142\">Hor\u00e1rio<\/a><\/td><\/tr><tr><td>2\u00ba semestre 2025 &#8211; <a href=\"https:\/\/pos.uel.br\/pef\/wp-content\/uploads\/2025\/11\/AQuadroHorario-2o-semestre-2025-2.pdf\" data-type=\"attachment\" data-id=\"846\">Hor\u00e1rio<\/a><\/td><\/tr><\/tbody><\/table><\/figure>\n\n\n\n<p><\/p>\n\n\n\n<p>O curso de mestrado compreende a realiza\u00e7\u00e3o de disciplinas de n\u00facleo comum e eletivas e atividades de pesquisa que levem \u00e0 apresenta\u00e7\u00e3o e \u00e0 defesa de disserta\u00e7\u00e3o.\u00a0<\/p>\n\n\n\n<p>As disciplinas de n\u00facleo comum e eletivas possuem de dois a seis cr\u00e9ditos, sendo que o curso de mestrado exige a integraliza\u00e7\u00e3o de um m\u00ednimo de 48 cr\u00e9ditos, assim distribu\u00eddos: a) 24 cr\u00e9ditos em disciplinas de n\u00facleo comum e\/ou eletivas; b) 24 cr\u00e9ditos referentes \u00e0 apresenta\u00e7\u00e3o e \u00e0 defesa de disserta\u00e7\u00e3o.<\/p>\n\n\n\n<p>Podem ser aproveitados at\u00e9 12 cr\u00e9ditos em disciplinas cursadas no pr\u00f3prio Programa e\/ou em outros Programas de P\u00f3s-Gradua\u00e7\u00e3o Stricto sensu de Institui\u00e7\u00f5es de Ensino Superior, que tenham afinidade com a \u00e1rea de concentra\u00e7\u00e3o do programa e validade nacional.<\/p>\n\n\n\n<p>Outras atividades como Est\u00e1gio de doc\u00eancia na gradua\u00e7\u00e3o, atividades especiais (resumos e artigos publicados) e estudos independentes (participa\u00e7\u00e3o em reuni\u00f5es peri\u00f3dicas em grupos de estudo e pesquisa, participa\u00e7\u00e3o em projetos, co-orienta\u00e7\u00e3o de trabalhos de inicia\u00e7\u00e3o cient\u00edfica e de conclus\u00e3o de curso), correspondentes a dois cr\u00e9ditos cada, podem ser utilizados para a integraliza\u00e7\u00e3o dos cr\u00e9ditos exigidos em disciplinas.<\/p>\n\n\n\n<p>Ap\u00f3s a integraliza\u00e7\u00e3o dos cr\u00e9ditos exigidos em disciplinas o estudante deve requerer o Exame de Qualifica\u00e7\u00e3o que \u00e9 aprovado em reuni\u00e3o da Comiss\u00e3o Coordenadora da UEL ou do Conselho Acad\u00eamico da UEM, sendo as normas para sua avalia\u00e7\u00e3o estabelecidas pelo Colegiado. Apenas uma repeti\u00e7\u00e3o no Exame de Qualifica\u00e7\u00e3o \u00e9 permitida, no prazo n\u00e3o superior a seis meses do exame anterior.<\/p>\n\n\n\n<p>A dura\u00e7\u00e3o do curso de Mestrado \u00e9 de no m\u00ednimo dois e no m\u00e1ximo de quatro semestres. Entretanto, o prazo para a integraliza\u00e7\u00e3o do curso de Mestrado pode ser prorrogado por mais um semestre, a crit\u00e9rio do Colegiado.<\/p>\n\n\n\n<p>A matr\u00edcula semestral em Disserta\u00e7\u00e3o I a IV \u00e9 obrigat\u00f3ria e computa 24 cr\u00e9ditos aos estudantes. O p\u00f3s-graduando que n\u00e3o requer sua matr\u00edcula nestas disciplinas \u00e9 desligado do curso.&nbsp;<\/p>\n\n\n\n<h3 class=\"wp-block-heading alignwide\"><strong>Doutorado em Educa\u00e7\u00e3o F\u00edsica<\/strong><\/h3>\n\n\n\n<p>O curso de doutorado compreende a realiza\u00e7\u00e3o de disciplinas de n\u00facleo comum e eletivas e atividades de pesquisa que levem \u00e0 apresenta\u00e7\u00e3o e defesa da Tese.<\/p>\n\n\n\n<p>As disciplinas de n\u00facleo comum e eletivas t\u00eam de dois a seis cr\u00e9ditos, sendo que o curso de doutorado exige a integraliza\u00e7\u00e3o de um m\u00ednimo de 84 cr\u00e9ditos, assim distribu\u00eddos: a) 36 cr\u00e9ditos em disciplinas de n\u00facleo comum e\/ou eletivas; b) 48 cr\u00e9ditos referentes \u00e0 apresenta\u00e7\u00e3o e \u00e0 defesa da tese.<\/p>\n\n\n\n<p>Podem ser aproveitados at\u00e9 18 cr\u00e9ditos em disciplinas cursadas no pr\u00f3prio Programa e\/ou em outros Programas de P\u00f3s-Gradua\u00e7\u00e3o Stricto-Sensu de Institui\u00e7\u00f5es de Ensino Superior, que tenham afinidade com a \u00e1rea de concentra\u00e7\u00e3o do programa e validade nacional.<\/p>\n\n\n\n<p>Outras atividades como Est\u00e1gio de doc\u00eancia na gradua\u00e7\u00e3o, atividades especiais (resumos e artigos publicados) e estudos independentes (participa\u00e7\u00e3o em reuni\u00f5es peri\u00f3dicas em grupos de estudo e pesquisa, participa\u00e7\u00e3o em projetos, co-orienta\u00e7\u00e3o de trabalhos de inicia\u00e7\u00e3o cient\u00edfica e de conclus\u00e3o de curso), correspondentes a dois cr\u00e9ditos cada, podem ser utilizados para a integraliza\u00e7\u00e3o dos cr\u00e9ditos exigidos em disciplinas.<\/p>\n\n\n\n<p>Ap\u00f3s a integraliza\u00e7\u00e3o dos cr\u00e9ditos exigidos em disciplinas o estudante deve requerer o Exame de Qualifica\u00e7\u00e3o que \u00e9 aprovado em reuni\u00e3o da Comiss\u00e3o Coordenadora da UEL ou do Conselho Acad\u00eamico da UEM, sendo as normas para sua avalia\u00e7\u00e3o estabelecidas pelo Colegiado. \u00c9 permitida apenas uma repeti\u00e7\u00e3o no Exame de Qualifica\u00e7\u00e3o, no prazo n\u00e3o superior a 12 meses do exame anterior.<\/p>\n\n\n\n<p>A dura\u00e7\u00e3o do curso de Doutorado \u00e9 de no m\u00ednimo quatro e no m\u00e1ximo de oito semestres. Entretanto, o prazo para a integraliza\u00e7\u00e3o do curso de Doutorado pode ser prorrogado por mais dois semestres, a crit\u00e9rio do Colegiado.<\/p>\n\n\n\n<p>A matr\u00edcula semestral em Tese I a IV \u00e9 obrigat\u00f3ria e computar\u00e1 48 cr\u00e9ditos aos estudantes. O p\u00f3s-graduando que n\u00e3o requer sua matr\u00edcula nestas disciplinas \u00e9 desligado do curso.<\/p>\n\n\n\n<p><\/p>\n\n\n\n<p><\/p>\n","protected":false},"excerpt":{"rendered":"<p>Acesso aos arquivos: 1\u00ba semestre 2026 &#8211; Hor\u00e1rio 2\u00ba semestre 2025 &#8211; Hor\u00e1rio O curso de mestrado compreende a realiza\u00e7\u00e3o de disciplinas de n\u00facleo comum e eletivas e atividades de pesquisa que levem \u00e0 apresenta\u00e7\u00e3o e \u00e0 defesa de disserta\u00e7\u00e3o.\u00a0 As disciplinas de n\u00facleo comum e eletivas possuem de dois a seis cr\u00e9ditos, sendo que [&hellip;]<\/p>\n","protected":false},"author":9,"featured_media":0,"parent":0,"menu_order":0,"comment_status":"closed","ping_status":"closed","template":"","meta":{"_acf_changed":false,"_themeisle_gutenberg_block_has_review":false,"footnotes":""},"class_list":["post-227","page","type-page","status-publish","hentry"],"acf":[],"_links":{"self":[{"href":"https:\/\/pos.uel.br\/pef\/wp-json\/wp\/v2\/pages\/227","targetHints":{"allow":["GET"]}}],"collection":[{"href":"https:\/\/pos.uel.br\/pef\/wp-json\/wp\/v2\/pages"}],"about":[{"href":"https:\/\/pos.uel.br\/pef\/wp-json\/wp\/v2\/types\/page"}],"author":[{"embeddable":true,"href":"https:\/\/pos.uel.br\/pef\/wp-json\/wp\/v2\/users\/9"}],"replies":[{"embeddable":true,"href":"https:\/\/pos.uel.br\/pef\/wp-json\/wp\/v2\/comments?post=227"}],"version-history":[{"count":19,"href":"https:\/\/pos.uel.br\/pef\/wp-json\/wp\/v2\/pages\/227\/revisions"}],"predecessor-version":[{"id":1144,"href":"https:\/\/pos.uel.br\/pef\/wp-json\/wp\/v2\/pages\/227\/revisions\/1144"}],"wp:attachment":[{"href":"https:\/\/pos.uel.br\/pef\/wp-json\/wp\/v2\/media?parent=227"}],"curies":[{"name":"wp","href":"https:\/\/api.w.org\/{rel}","templated":true}]}}