{"id":141,"date":"2025-04-10T22:19:52","date_gmt":"2025-04-11T01:19:52","guid":{"rendered":"https:\/\/pos.uel.br\/pef\/?page_id=141"},"modified":"2025-06-13T13:37:53","modified_gmt":"2025-06-13T16:37:53","slug":"grupos-de-pesquisa","status":"publish","type":"page","link":"https:\/\/pos.uel.br\/pef\/grupos-de-pesquisa\/","title":{"rendered":"Grupos de Pesquisa"},"content":{"rendered":"\n<p><\/p>\n\n\n\n<h4 class=\"wp-block-heading\">Conhe\u00e7a os grupos de pesquisa vinculados \u00e0 UEM e UEL que contam com a lideran\u00e7a de docentes do programa.<\/h4>\n\n\n\n<p>Os links podem encaminhar para o site do grupo de pesquisa ou para a p\u00e1gina do grupo no&nbsp;<a href=\"http:\/\/dgp.cnpq.br\/buscaoperacional\/\" target=\"_blank\" rel=\"noreferrer noopener\">Diret\u00f3rio dos Grupos de Pesquisa do CNPq<\/a>:<\/p>\n\n\n\n<blockquote class=\"wp-block-quote is-layout-flow wp-block-quote-is-layout-flow\">\n<p><\/p>\n<\/blockquote>\n\n\n\n<h2 class=\"wp-block-heading\">UEL:<\/h2>\n\n\n\n<p><a href=\"https:\/\/www.facebook.com\/gepafid\" data-type=\"link\" data-id=\"https:\/\/www.facebook.com\/gepafid\">Grupo de Estudo e Pesquisa em Atividade F\u00edsica e Defici\u00eancia&nbsp;&#8211; GEPAFID<\/a><\/p>\n\n\n\n<p><a href=\"http:\/\/www.uel.br\/grupo-pesquisa\/gepafe\/\" target=\"_blank\" rel=\"noreferrer noopener\">Grupo de Estudo e Pesquisa em Atividade F\u00edsica e Exerc\u00edcio &#8211; GEPAFE<\/a><\/p>\n\n\n\n<p><a href=\"https:\/\/www.facebook.com\/gepehaf.uel.1\" target=\"_blank\" rel=\"noreferrer noopener\">Grupo de Estudos e Pesquisa sobre Envelhecimento Humano e Atividade F\u00edsica &#8211; GEPEHAF<\/a><\/p>\n\n\n\n<p><a href=\"http:\/\/dgp.cnpq.br\/dgp\/espelhogrupo\/1016980735165350\" target=\"_blank\" rel=\"noreferrer noopener\">Grupo de Pesquisa sobre Forma\u00e7\u00e3o e Trabalho em Educa\u00e7\u00e3o F\u00edsica &#8211; FORTEF<\/a><\/p>\n\n\n\n<p><a href=\"https:\/\/www.facebook.com\/Gerart-179309872890196\/\" target=\"_blank\" rel=\"noreferrer noopener\">Grupo de Estudos em Regenera\u00e7\u00e3o, Adapta\u00e7\u00e3o e Reparo Tecidual &#8211; GERART<\/a><\/p>\n\n\n\n<p><a href=\"http:\/\/gepesine.wordpress.com\/\" target=\"_blank\" rel=\"noreferrer noopener\">Grupo de Estudos e Pesquisa em Sistema Neuromuscular e Exerc\u00edcio &#8211; GEPESINE<\/a><\/p>\n\n\n\n<p><a href=\"https:\/\/www.instagram.com\/geaps.uel\/\" target=\"_blank\" rel=\"noreferrer noopener\"><\/a><a href=\"https:\/\/www.instagram.com\/geaps.uel\/\" target=\"_blank\" rel=\"noreferrer noopener\"><\/a><a href=\"https:\/\/www.instagram.com\/geaps.uel\/\" target=\"_blank\" rel=\"noreferrer noopener\"><\/a><a href=\"https:\/\/www.instagram.com\/geaps.uel\/\" target=\"_blank\" rel=\"noreferrer noopener\"><\/a><a href=\"https:\/\/www.instagram.com\/geaps.uel\/\" target=\"_blank\" rel=\"noreferrer noopener\"><\/a><a href=\"https:\/\/www.instagram.com\/geaps.uel\/\" target=\"_blank\" rel=\"noreferrer noopener\"><\/a><a href=\"https:\/\/www.instagram.com\/geaps.uel\/\" target=\"_blank\" rel=\"noreferrer noopener\"><\/a><a href=\"https:\/\/www.instagram.com\/geaps.uel\/\" target=\"_blank\" rel=\"noreferrer noopener\"><\/a><a href=\"https:\/\/www.instagram.com\/geaps.uel\/\" target=\"_blank\" rel=\"noreferrer noopener\"><\/a><a href=\"https:\/\/www.instagram.com\/geaps.uel\/\" target=\"_blank\" rel=\"noreferrer noopener\"><\/a><a href=\"https:\/\/www.instagram.com\/geaps.uel\/\" target=\"_blank\" rel=\"noreferrer noopener\"><\/a><a href=\"https:\/\/www.instagram.com\/geaps.uel\/\" target=\"_blank\" rel=\"noreferrer noopener\"><\/a><a href=\"https:\/\/www.instagram.com\/geaps.uel\/\" target=\"_blank\" rel=\"noreferrer noopener\">Grupo de Estudos em Atividade F\u00edsica, Psicologia e Sa\u00fade &#8211; GEAPS<\/a><\/p>\n\n\n\n<p><a href=\"http:\/\/www.uel.br\/grupo-pesquisa\/gepedam\" target=\"_blank\" rel=\"noreferrer noopener\">Grupo de Estudos e Pesquisa em Desenvolvimento e Aprendizagem Motora &#8211; GEPEDAM<\/a><\/p>\n\n\n\n<p><a href=\"http:\/\/dgp.cnpq.br\/buscaoperacional\/detalhegrupo.jsp?grupo=0080409RY7JT0A\" target=\"_blank\" rel=\"noreferrer noopener\">Grupo de Estudo e Pesquisa em Atividade F\u00edsica e Sa\u00fade &#8211; GEPAFIS<\/a><\/p>\n\n\n\n<p><a href=\"http:\/\/paifit.com.br\/site\/\" target=\"_blank\" rel=\"noreferrer noopener\">Grupo de Pesquisa em Avalia\u00e7\u00e3o e Interven\u00e7\u00e3o em Fisioterapia &#8211; PAIFIT<\/a><\/p>\n\n\n\n<p><a href=\"http:\/\/dgp.cnpq.br\/dgp\/espelhogrupo\/7550269941749068\" target=\"_blank\" rel=\"noreferrer noopener\">Grupo de Pesquisa em Ci\u00eancias do Esporte<\/a><a href=\"https:\/\/www.gepemene.com.br\/\" target=\"_blank\" rel=\"noreferrer noopener\">Grupo de Estudo e Pesquisa em Metabolismo, Nutri\u00e7\u00e3o e Exerc\u00edcio &#8211; GEPEMENE<\/a>&nbsp;<a href=\"http:\/\/www2.uel.br\/grupo-pesquisa\/gepemene\" target=\"_blank\" rel=\"noreferrer noopener\">&nbsp;&nbsp;<\/a><\/p>\n\n\n\n<p><a href=\"https:\/\/www.instagram.com\/lab.biomecanica\/\" target=\"_blank\" rel=\"noreferrer noopener\">Laborat\u00f3rio de Biomec\u00e2nica Aplicada &#8211; LBA<\/a><\/p>\n\n\n\n<p><a href=\"http:\/\/rdeminice.wixsite.com\/labbioquimica\" target=\"_blank\" rel=\"noreferrer noopener\">Labex &#8211; Laborat\u00f3rio de Bioq\u00edmica do Exerc\u00edcio da UEL<\/a><\/p>\n\n\n\n<p><a href=\"http:\/\/dgp.cnpq.br\/buscaoperacional\/detalhegrupo.jsp?grupo=00804090U4BLW6\" target=\"_blank\" rel=\"noreferrer noopener\">Neuroci\u00eancias Motoras &#8211; NEMO<\/a><\/p>\n\n\n\n<p><\/p>\n\n\n\n<h2 class=\"wp-block-heading\">UEM:<\/h2>\n\n\n\n<p><a href=\"https:\/\/labgimnica.wixsite.com\/labgimnica\" target=\"_blank\" rel=\"noreferrer noopener\">G\u00edmnica &#8211; forma\u00e7\u00e3o, interven\u00e7\u00e3o e escola<\/a><\/p>\n\n\n\n<p><a href=\"https:\/\/cleber-junior.wixsite.com\/seminariodolazer\" target=\"_blank\" rel=\"noreferrer noopener\">Grupo de Estudos do Lazer &#8211; GEL<\/a><\/p>\n\n\n\n<p><a href=\"https:\/\/www.instagram.com\/gepedh_uem?igsh=am54N2k0dXZtaWI5\" target=\"_blank\" rel=\"noreferrer noopener\">Grupo de Estudos de Psicologia do Esporte e Desempenho Humano &#8211; GEPEDH<\/a><\/p>\n\n\n\n<p><a href=\"https:\/\/www.facebook.com\/gepafit\/?ti=as\" target=\"_blank\" rel=\"noreferrer noopener\">Grupo de Estudo e Pesquisa em Aptid\u00e3o F\u00edsica e Treinamento &#8211; GEPAFIT<\/a><\/p>\n\n\n\n<p><a href=\"https:\/\/www.instagram.com\/gepense_uem\/\" target=\"_blank\" rel=\"noreferrer noopener\">Grupo e Estudo e Pesquisa em Exerc\u00edcio e Nutri\u00e7\u00e3o para a Sa\u00fade e no Esporte &#8211; GEPENSE<\/a><\/p>\n\n\n\n<p><a href=\"https:\/\/www.instagram.com\/gefeah.uem\/\" target=\"_blank\" rel=\"noreferrer noopener\">Grupo de Estudos e Pesquisa em Fisiologia do Exerc\u00edcio Aplicada a Humanos &#8211; GEFEAH<\/a><\/p>\n\n\n\n<p><a href=\"https:\/\/geefe-uem.wixsite.com\/geefe-uem\" target=\"_blank\" rel=\"noreferrer noopener\">Grupo de Estudos em Educa\u00e7\u00e3o F\u00edsica Escolar&nbsp; &#8211; GEEFE<\/a><\/p>\n\n\n\n<p><a href=\"https:\/\/instagram.com\/_gpccl?igshid=YmMyMTA2M2Y=\" target=\"_blank\" rel=\"noreferrer noopener\">Grupo de Estudos em Pol\u00edticas de Esporte e Lazer &#8211; GEPPOL<\/a><\/p>\n\n\n\n<p><a href=\"http:\/\/www.uem.br\/gpharv\/\" target=\"_blank\" rel=\"noreferrer noopener\">Grupo de Pesquisa em Hipertens\u00e3o Arterial Sist\u00eamica, Rigidez Arterial e Envelhecimento Vascular (GPHARV)<\/a><\/p>\n\n\n\n<p><a href=\"https:\/\/distritomix.com\/nemo\/\" target=\"_blank\" rel=\"noreferrer noopener\">N\u00facleo de Estudos Multiprofissional da Obesidade &#8211; NEMO<\/a><\/p>\n\n\n\n<p><a href=\"https:\/\/www.facebook.com\/oefeuem\/\" target=\"_blank\" rel=\"noreferrer noopener\">Observat\u00f3rio de Educa\u00e7\u00e3o F\u00edsica e Esporte (OEFE-UEM)<\/a><\/p>\n","protected":false},"excerpt":{"rendered":"<p>Conhe\u00e7a os grupos de pesquisa vinculados \u00e0 UEM e UEL que contam com a lideran\u00e7a de docentes do programa. Os links podem encaminhar para o site do grupo de pesquisa ou para a p\u00e1gina do grupo no&nbsp;Diret\u00f3rio dos Grupos de Pesquisa do CNPq: UEL: Grupo de Estudo e Pesquisa em Atividade F\u00edsica e Defici\u00eancia&nbsp;&#8211; GEPAFID [&hellip;]<\/p>\n","protected":false},"author":9,"featured_media":0,"parent":0,"menu_order":0,"comment_status":"closed","ping_status":"closed","template":"","meta":{"_acf_changed":false,"_themeisle_gutenberg_block_has_review":false,"footnotes":""},"class_list":["post-141","page","type-page","status-publish","hentry"],"acf":[],"_links":{"self":[{"href":"https:\/\/pos.uel.br\/pef\/wp-json\/wp\/v2\/pages\/141","targetHints":{"allow":["GET"]}}],"collection":[{"href":"https:\/\/pos.uel.br\/pef\/wp-json\/wp\/v2\/pages"}],"about":[{"href":"https:\/\/pos.uel.br\/pef\/wp-json\/wp\/v2\/types\/page"}],"author":[{"embeddable":true,"href":"https:\/\/pos.uel.br\/pef\/wp-json\/wp\/v2\/users\/9"}],"replies":[{"embeddable":true,"href":"https:\/\/pos.uel.br\/pef\/wp-json\/wp\/v2\/comments?post=141"}],"version-history":[{"count":5,"href":"https:\/\/pos.uel.br\/pef\/wp-json\/wp\/v2\/pages\/141\/revisions"}],"predecessor-version":[{"id":595,"href":"https:\/\/pos.uel.br\/pef\/wp-json\/wp\/v2\/pages\/141\/revisions\/595"}],"wp:attachment":[{"href":"https:\/\/pos.uel.br\/pef\/wp-json\/wp\/v2\/media?parent=141"}],"curies":[{"name":"wp","href":"https:\/\/api.w.org\/{rel}","templated":true}]}}