{"id":128,"date":"2025-04-10T21:12:24","date_gmt":"2025-04-11T00:12:24","guid":{"rendered":"https:\/\/pos.uel.br\/pef\/?page_id=128"},"modified":"2026-04-07T10:17:53","modified_gmt":"2026-04-07T13:17:53","slug":"regulamentos","status":"publish","type":"page","link":"https:\/\/pos.uel.br\/pef\/regulamentos\/","title":{"rendered":"Regulamentos"},"content":{"rendered":"\n<h2 class=\"wp-block-heading\">UEL<\/h2>\n\n\n\n<p><a href=\"https:\/\/pos.uel.br\/pef\/wp-content\/uploads\/2025\/10\/Resolucao-CEPE-93-2018-Regimento-PPG-Ed-Fisica.pdf\" data-type=\"attachment\" data-id=\"824\">Resolu\u00e7\u00e3o CEPE 93 2018 &#8211; Regimento PPG Ed Fisica<\/a><\/p>\n\n\n\n<p><a href=\"https:\/\/pos.uel.br\/pef\/wp-content\/uploads\/2026\/04\/Deliberacao-No004-2014-Reest-Programa-PG-Ed-Fisica-Mestrado-Doutorado.pdf\" data-type=\"attachment\" data-id=\"1167\">Delibera\u00e7\u00e3o &#8211; N\u00ba004-2014 &#8211; Reest Programa PG Ed Fisica (Mestrado-Doutorado)<\/a><\/p>\n\n\n\n<h2 class=\"wp-block-heading\">UEM<\/h2>\n\n\n\n<p><a href=\"https:\/\/pos.uel.br\/pef\/wp-content\/uploads\/2026\/01\/resolucao-088-2025-Regulamento-do-PEF.pdf\" data-type=\"attachment\" data-id=\"952\">Resolu\u00e7\u00e3o n\u00ba 088\/2025-CI\/CCS &#8211; novo Regulamento do PEF<\/a><\/p>\n\n\n\n<p><\/p>\n","protected":false},"excerpt":{"rendered":"<p>UEL Resolu\u00e7\u00e3o CEPE 93 2018 &#8211; Regimento PPG Ed Fisica Delibera\u00e7\u00e3o &#8211; N\u00ba004-2014 &#8211; Reest Programa PG Ed Fisica (Mestrado-Doutorado) UEM Resolu\u00e7\u00e3o n\u00ba 088\/2025-CI\/CCS &#8211; novo Regulamento do PEF<\/p>\n","protected":false},"author":9,"featured_media":0,"parent":0,"menu_order":0,"comment_status":"closed","ping_status":"closed","template":"","meta":{"_acf_changed":false,"_themeisle_gutenberg_block_has_review":false,"footnotes":""},"class_list":["post-128","page","type-page","status-publish","hentry"],"acf":[],"_links":{"self":[{"href":"https:\/\/pos.uel.br\/pef\/wp-json\/wp\/v2\/pages\/128","targetHints":{"allow":["GET"]}}],"collection":[{"href":"https:\/\/pos.uel.br\/pef\/wp-json\/wp\/v2\/pages"}],"about":[{"href":"https:\/\/pos.uel.br\/pef\/wp-json\/wp\/v2\/types\/page"}],"author":[{"embeddable":true,"href":"https:\/\/pos.uel.br\/pef\/wp-json\/wp\/v2\/users\/9"}],"replies":[{"embeddable":true,"href":"https:\/\/pos.uel.br\/pef\/wp-json\/wp\/v2\/comments?post=128"}],"version-history":[{"count":8,"href":"https:\/\/pos.uel.br\/pef\/wp-json\/wp\/v2\/pages\/128\/revisions"}],"predecessor-version":[{"id":1168,"href":"https:\/\/pos.uel.br\/pef\/wp-json\/wp\/v2\/pages\/128\/revisions\/1168"}],"wp:attachment":[{"href":"https:\/\/pos.uel.br\/pef\/wp-json\/wp\/v2\/media?parent=128"}],"curies":[{"name":"wp","href":"https:\/\/api.w.org\/{rel}","templated":true}]}}