{"id":1055,"date":"2026-02-24T11:19:35","date_gmt":"2026-02-24T14:19:35","guid":{"rendered":"https:\/\/pos.uel.br\/pef\/?page_id=1055"},"modified":"2026-02-24T11:21:28","modified_gmt":"2026-02-24T14:21:28","slug":"links-uteis","status":"publish","type":"page","link":"https:\/\/pos.uel.br\/pef\/links-uteis\/","title":{"rendered":"Links \u00dateis"},"content":{"rendered":"\n<ul class=\"wp-block-list\">\n<li><a href=\"https:\/\/sistemas.uel.br\/portaldepos\/index\">Portal do Estudante de P\u00f3s-Gradua\u00e7\u00e3o<\/a><\/li>\n\n\n\n<li><a href=\"https:\/\/sites.uel.br\/ati\/criaremail-alunos\/\">Cria\u00e7\u00e3o de e-mail para estudantes de P\u00f3s-Gradua\u00e7\u00e3o<\/a><\/li>\n\n\n\n<li><a href=\"https:\/\/sites.uel.br\/bibliotecas\/\">Bibliotecas UEL<\/a><\/li>\n\n\n\n<li><a href=\"https:\/\/sites.uel.br\/bibliotecas\/apostilas-para-normalizacao\/\">Normaliza\u00e7\u00e3o de Publica\u00e7\u00f5es<\/a><\/li>\n\n\n\n<li><a href=\"https:\/\/sites.uel.br\/ati\/microsoft-365-para-educacao\/\">Pacote Office 365 sem custo para estudantes<\/a><\/li>\n\n\n\n<li><a href=\"https:\/\/sites.uel.br\/proppg\/estagio-2\/\">Est\u00e1gio de P\u00f3s-Gradua\u00e7\u00e3o<\/a><\/li>\n\n\n\n<li><a href=\"https:\/\/sites.uel.br\/proppg\/\">PROPPG \u2013 Pr\u00f3-Reitoria de Pesquisa e P\u00f3s-Gradua\u00e7\u00e3o<\/a><\/li>\n<\/ul>\n\n\n\n<p><\/p>\n","protected":false},"excerpt":{"rendered":"","protected":false},"author":6,"featured_media":0,"parent":0,"menu_order":0,"comment_status":"closed","ping_status":"closed","template":"","meta":{"_acf_changed":false,"_themeisle_gutenberg_block_has_review":false,"footnotes":""},"class_list":["post-1055","page","type-page","status-publish","hentry"],"acf":[],"_links":{"self":[{"href":"https:\/\/pos.uel.br\/pef\/wp-json\/wp\/v2\/pages\/1055","targetHints":{"allow":["GET"]}}],"collection":[{"href":"https:\/\/pos.uel.br\/pef\/wp-json\/wp\/v2\/pages"}],"about":[{"href":"https:\/\/pos.uel.br\/pef\/wp-json\/wp\/v2\/types\/page"}],"author":[{"embeddable":true,"href":"https:\/\/pos.uel.br\/pef\/wp-json\/wp\/v2\/users\/6"}],"replies":[{"embeddable":true,"href":"https:\/\/pos.uel.br\/pef\/wp-json\/wp\/v2\/comments?post=1055"}],"version-history":[{"count":2,"href":"https:\/\/pos.uel.br\/pef\/wp-json\/wp\/v2\/pages\/1055\/revisions"}],"predecessor-version":[{"id":1059,"href":"https:\/\/pos.uel.br\/pef\/wp-json\/wp\/v2\/pages\/1055\/revisions\/1059"}],"wp:attachment":[{"href":"https:\/\/pos.uel.br\/pef\/wp-json\/wp\/v2\/media?parent=1055"}],"curies":[{"name":"wp","href":"https:\/\/api.w.org\/{rel}","templated":true}]}}