{"id":3106,"date":"2025-04-27T00:32:27","date_gmt":"2025-04-27T03:32:27","guid":{"rendered":"https:\/\/pos.uel.br\/pecem\/?page_id=3106"},"modified":"2025-04-28T18:39:01","modified_gmt":"2025-04-28T21:39:01","slug":"iii-epecem-es","status":"publish","type":"page","link":"https:\/\/pos.uel.br\/pecem\/es\/iii-epecem-es\/","title":{"rendered":"III EPECEM"},"content":{"rendered":"\n<p>Disponible en el sitio: <a href=\"https:\/\/sites.google.com\/uel.br\/iiiepecem\">https:\/\/sites.google.com\/uel.br\/iiiepecem<\/a><\/p>\n\n\n<div class=\"wp-block-image\">\n<figure class=\"aligncenter size-large is-resized\"><img loading=\"lazy\" decoding=\"async\" width=\"1024\" height=\"483\" src=\"https:\/\/pos.uel.br\/pecem\/wp-content\/uploads\/2024\/09\/image-1024x483.png\" alt=\"\" class=\"wp-image-2652\" style=\"width:912px;height:auto\" srcset=\"https:\/\/pos.uel.br\/pecem\/wp-content\/uploads\/2024\/09\/image-1024x483.png 1024w, https:\/\/pos.uel.br\/pecem\/wp-content\/uploads\/2024\/09\/image-300x141.png 300w, https:\/\/pos.uel.br\/pecem\/wp-content\/uploads\/2024\/09\/image-768x362.png 768w, https:\/\/pos.uel.br\/pecem\/wp-content\/uploads\/2024\/09\/image.png 1228w\" sizes=\"auto, (max-width: 1024px) 100vw, 1024px\" \/><\/figure>\n<\/div>\n\n\n<p><strong>Organizaci\u00f3n:<\/strong> Iniciativa de los estudiantes del PECEM con el apoyo de los docentes del Programa.<\/p>\n\n\n\n<p><strong>Objetivo:<\/strong> Reunir a estudiantes, egresados y docentes para discutir temas relacionados con el panorama actual del \u00e1rea de ense\u00f1anza, con un enfoque en temas como la actuaci\u00f3n de egresados del <a href=\"https:\/\/pos.uel.br\/pecem\/es\/pagina-inicial-espanol\/\" data-type=\"page\" data-id=\"1171\">Programa de Posgrado en Ense\u00f1anza de Ciencias y Educaci\u00f3n Matem\u00e1tica (PECEM)<\/a>, experiencias del doctorado sandwich en el extranjero, y estrategias y resultados de la autoevaluaci\u00f3n del programa. El evento tiene como objetivo promover un espacio de intercambio de experiencias y autoevaluaci\u00f3n, contribuyendo al desempe\u00f1o continuo del Programa y a la formaci\u00f3n y actuaci\u00f3n de los profesionales del \u00e1rea.<\/p>\n\n\n\n<p><strong>Per\u00edodo de realizaci\u00f3n:<\/strong> 05 de diciembre de 2024 (evento presencial).<\/p>\n\n\n\n<p><strong>Resultados:<\/strong> A trav\u00e9s de la colaboraci\u00f3n entre docentes, estudiantes y egresados se organiz\u00f3 el III EPECEM. En esta tercera edici\u00f3n, con el objetivo de fortalecer acciones y ampliar horizontes en la investigaci\u00f3n, se discuti\u00f3 sobre el panorama actual del \u00e1rea de ense\u00f1anza (Conferencia inaugural realizada por la Prof. Dra. Ivanise Maria Rizzatti \u2013 Coordinadora del \u00c1rea de Ense\u00f1anza en CAPES, gesti\u00f3n 2022-2026). A continuaci\u00f3n, se present\u00f3 la actuaci\u00f3n de los egresados, a partir de una mesa redonda. En el per\u00edodo de la tarde se presentaron los relatos y experiencias de estudiantes que participaron en el programa de doctorado sandwich en el extranjero (PDSE) y se discutieron las estrategias y resultados de la autoevaluaci\u00f3n del PECEM.<\/p>\n\n\n\n<p><strong><strong>Estudiantes del PECEM que participan en la comisi\u00f3n organizadora del evento<\/strong>:<\/strong><\/p>\n\n\n\n<ul class=\"wp-block-list\">\n<li>Isadora Polvani Barbosa (representante discente do PECEM)<\/li>\n\n\n\n<li>Ana Carolina Hyrycena<\/li>\n\n\n\n<li>Caio Juvanelli<\/li>\n\n\n\n<li>Eloisa Antunes Maciel<\/li>\n\n\n\n<li>Marllon Moreti de Souza Rosa<\/li>\n\n\n\n<li>William Hitoshy Ogasawara<\/li>\n<\/ul>\n\n\n\n<p><strong><strong>Egresados del PECEM que participan en la comisi\u00f3n organizadora del evento<\/strong>:<\/strong><\/p>\n\n\n\n<ul class=\"wp-block-list\">\n<li>Prof. Dr.&nbsp;Gabriel dos Santos e Silva&nbsp;(Prof.&nbsp;Dr. da Universidade Federal do Paran\u00e1 (UFPR)<\/li>\n\n\n\n<li>Prof. Dr.&nbsp;Paulo Henrique Rodrigues&nbsp;(Prof. Dr. da&nbsp;Universidade Estadual do Paran\u00e1 (UNESPAR \u2013 campus Paranava\u00ed)<\/li>\n\n\n\n<li>Profa. Dra. Viviane Arrigo&nbsp;(Profa. Dra. da Universidade&nbsp;Federal da Fronteira Sul&nbsp;(UFFS&nbsp;\u2013 campus&nbsp;Realeza)<\/li>\n<\/ul>\n\n\n\n<p><strong><strong>Docentes que participaron en la comisi\u00f3n organizadora del evento<\/strong>:<\/strong><\/p>\n\n\n\n<ul class=\"wp-block-list\">\n<li>Profa. Dra.&nbsp;Fabiele Cristiane Dias Broietti (Docente PECEM &#8211; UEL)<\/li>\n\n\n\n<li>Profa. Dra.&nbsp;Mariana Aparecida Bologna Soares de Andrade&nbsp;(Docente PECEM &#8211; UEL)<\/li>\n\n\n\n<li>Profa. Dra.&nbsp;Pamela Emanueli Alves Ferreira (coordenadora do evento)&nbsp;(Docente PECEM &#8211; UEL)<\/li>\n<\/ul>\n\n\n\n<div style=\"height:45px\" aria-hidden=\"true\" class=\"wp-block-spacer\"><\/div>\n\n\n\n<div class=\"wp-block-columns is-layout-flex wp-container-core-columns-is-layout-9d6595d7 wp-block-columns-is-layout-flex\">\n<div class=\"wp-block-column is-layout-flow wp-block-column-is-layout-flow\">\n<figure class=\"wp-block-gallery has-nested-images columns-default is-cropped wp-block-gallery-1 is-layout-flex wp-block-gallery-is-layout-flex\">\n<figure class=\"wp-block-image size-large\"><img loading=\"lazy\" decoding=\"async\" width=\"1024\" height=\"768\" data-id=\"2830\" src=\"https:\/\/pos.uel.br\/pecem\/wp-content\/uploads\/2024\/12\/WhatsApp-Image-2024-12-06-at-17.28.21-1024x768.jpeg\" alt=\"\" class=\"wp-image-2830\" srcset=\"https:\/\/pos.uel.br\/pecem\/wp-content\/uploads\/2024\/12\/WhatsApp-Image-2024-12-06-at-17.28.21-1024x768.jpeg 1024w, https:\/\/pos.uel.br\/pecem\/wp-content\/uploads\/2024\/12\/WhatsApp-Image-2024-12-06-at-17.28.21-300x225.jpeg 300w, https:\/\/pos.uel.br\/pecem\/wp-content\/uploads\/2024\/12\/WhatsApp-Image-2024-12-06-at-17.28.21-768x576.jpeg 768w, https:\/\/pos.uel.br\/pecem\/wp-content\/uploads\/2024\/12\/WhatsApp-Image-2024-12-06-at-17.28.21.jpeg 1280w\" sizes=\"auto, (max-width: 1024px) 100vw, 1024px\" \/><\/figure>\n<\/figure>\n<\/div>\n\n\n\n<div class=\"wp-block-column is-layout-flow wp-block-column-is-layout-flow\">\n<figure class=\"wp-block-gallery has-nested-images columns-default is-cropped wp-block-gallery-2 is-layout-flex wp-block-gallery-is-layout-flex\">\n<figure class=\"wp-block-image size-large\"><img loading=\"lazy\" decoding=\"async\" width=\"1024\" height=\"682\" data-id=\"2832\" src=\"https:\/\/pos.uel.br\/pecem\/wp-content\/uploads\/2024\/12\/WhatsApp-Image-2024-12-06-at-17.28.59-1024x682.jpeg\" alt=\"\" class=\"wp-image-2832\" srcset=\"https:\/\/pos.uel.br\/pecem\/wp-content\/uploads\/2024\/12\/WhatsApp-Image-2024-12-06-at-17.28.59-1024x682.jpeg 1024w, https:\/\/pos.uel.br\/pecem\/wp-content\/uploads\/2024\/12\/WhatsApp-Image-2024-12-06-at-17.28.59-300x200.jpeg 300w, https:\/\/pos.uel.br\/pecem\/wp-content\/uploads\/2024\/12\/WhatsApp-Image-2024-12-06-at-17.28.59-768x511.jpeg 768w, https:\/\/pos.uel.br\/pecem\/wp-content\/uploads\/2024\/12\/WhatsApp-Image-2024-12-06-at-17.28.59.jpeg 1280w\" sizes=\"auto, (max-width: 1024px) 100vw, 1024px\" \/><\/figure>\n<\/figure>\n<\/div>\n<\/div>\n\n\n\n<div class=\"wp-block-columns is-layout-flex wp-container-core-columns-is-layout-9d6595d7 wp-block-columns-is-layout-flex\">\n<div class=\"wp-block-column is-layout-flow wp-block-column-is-layout-flow\">\n<figure class=\"wp-block-gallery has-nested-images columns-default is-cropped wp-block-gallery-3 is-layout-flex wp-block-gallery-is-layout-flex\">\n<figure class=\"wp-block-image size-large\"><img loading=\"lazy\" decoding=\"async\" width=\"1024\" height=\"682\" data-id=\"2841\" src=\"https:\/\/pos.uel.br\/pecem\/wp-content\/uploads\/2024\/12\/WhatsApp-Image-2024-12-06-at-17.22.05-1-1024x682.jpeg\" alt=\"\" class=\"wp-image-2841\" srcset=\"https:\/\/pos.uel.br\/pecem\/wp-content\/uploads\/2024\/12\/WhatsApp-Image-2024-12-06-at-17.22.05-1-1024x682.jpeg 1024w, https:\/\/pos.uel.br\/pecem\/wp-content\/uploads\/2024\/12\/WhatsApp-Image-2024-12-06-at-17.22.05-1-300x200.jpeg 300w, https:\/\/pos.uel.br\/pecem\/wp-content\/uploads\/2024\/12\/WhatsApp-Image-2024-12-06-at-17.22.05-1-768x512.jpeg 768w, https:\/\/pos.uel.br\/pecem\/wp-content\/uploads\/2024\/12\/WhatsApp-Image-2024-12-06-at-17.22.05-1-1536x1023.jpeg 1536w, https:\/\/pos.uel.br\/pecem\/wp-content\/uploads\/2024\/12\/WhatsApp-Image-2024-12-06-at-17.22.05-1.jpeg 1600w\" sizes=\"auto, (max-width: 1024px) 100vw, 1024px\" \/><\/figure>\n<\/figure>\n<\/div>\n\n\n\n<div class=\"wp-block-column is-layout-flow wp-block-column-is-layout-flow\">\n<figure class=\"wp-block-gallery has-nested-images columns-default is-cropped wp-block-gallery-4 is-layout-flex wp-block-gallery-is-layout-flex\">\n<figure class=\"wp-block-image size-large\"><img loading=\"lazy\" decoding=\"async\" width=\"1024\" height=\"576\" data-id=\"2843\" src=\"https:\/\/pos.uel.br\/pecem\/wp-content\/uploads\/2024\/12\/WhatsApp-Image-2024-12-08-at-22.25.22-1024x576.jpeg\" alt=\"\" class=\"wp-image-2843\" srcset=\"https:\/\/pos.uel.br\/pecem\/wp-content\/uploads\/2024\/12\/WhatsApp-Image-2024-12-08-at-22.25.22-1024x576.jpeg 1024w, https:\/\/pos.uel.br\/pecem\/wp-content\/uploads\/2024\/12\/WhatsApp-Image-2024-12-08-at-22.25.22-300x169.jpeg 300w, https:\/\/pos.uel.br\/pecem\/wp-content\/uploads\/2024\/12\/WhatsApp-Image-2024-12-08-at-22.25.22-768x432.jpeg 768w, https:\/\/pos.uel.br\/pecem\/wp-content\/uploads\/2024\/12\/WhatsApp-Image-2024-12-08-at-22.25.22-1536x864.jpeg 1536w, https:\/\/pos.uel.br\/pecem\/wp-content\/uploads\/2024\/12\/WhatsApp-Image-2024-12-08-at-22.25.22.jpeg 1600w\" sizes=\"auto, (max-width: 1024px) 100vw, 1024px\" \/><\/figure>\n<\/figure>\n<\/div>\n<\/div>\n\n\n\n<p>Reportaje \u2013\u00a0<a href=\"https:\/\/operobal.uel.br\/ultimas\/2024\/12\/10\/evento-reune-egressos-e-estudantes-do-programa-de-pos-graduacao-em-ensino-de-ciencias-e-educacao-matematica\/\" target=\"_blank\" rel=\"noreferrer noopener\">Ag\u00eancia de Not\u00edcias UEL<\/a><\/p>\n\n\n\n<p><\/p>\n","protected":false},"excerpt":{"rendered":"<p>Disponible en el sitio: https:\/\/sites.google.com\/uel.br\/iiiepecem Organizaci\u00f3n: Iniciativa de los estudiantes del PECEM con el apoyo de los docentes del Programa. Objetivo: Reunir a estudiantes, egresados y docentes para discutir temas relacionados con el panorama actual del \u00e1rea de ense\u00f1anza, con un enfoque en temas como la actuaci\u00f3n de egresados del Programa de Posgrado en Ense\u00f1anza [&hellip;]<\/p>\n","protected":false},"author":8,"featured_media":0,"parent":0,"menu_order":0,"comment_status":"closed","ping_status":"closed","template":"","meta":{"_acf_changed":false,"footnotes":""},"class_list":["post-3106","page","type-page","status-publish","hentry"],"acf":[],"_links":{"self":[{"href":"https:\/\/pos.uel.br\/pecem\/wp-json\/wp\/v2\/pages\/3106","targetHints":{"allow":["GET"]}}],"collection":[{"href":"https:\/\/pos.uel.br\/pecem\/wp-json\/wp\/v2\/pages"}],"about":[{"href":"https:\/\/pos.uel.br\/pecem\/wp-json\/wp\/v2\/types\/page"}],"author":[{"embeddable":true,"href":"https:\/\/pos.uel.br\/pecem\/wp-json\/wp\/v2\/users\/8"}],"replies":[{"embeddable":true,"href":"https:\/\/pos.uel.br\/pecem\/wp-json\/wp\/v2\/comments?post=3106"}],"version-history":[{"count":2,"href":"https:\/\/pos.uel.br\/pecem\/wp-json\/wp\/v2\/pages\/3106\/revisions"}],"predecessor-version":[{"id":3265,"href":"https:\/\/pos.uel.br\/pecem\/wp-json\/wp\/v2\/pages\/3106\/revisions\/3265"}],"wp:attachment":[{"href":"https:\/\/pos.uel.br\/pecem\/wp-json\/wp\/v2\/media?parent=3106"}],"curies":[{"name":"wp","href":"https:\/\/api.w.org\/{rel}","templated":true}]}}