{"id":3097,"date":"2025-04-27T00:28:48","date_gmt":"2025-04-27T03:28:48","guid":{"rendered":"https:\/\/pos.uel.br\/pecem\/?page_id=3097"},"modified":"2025-07-12T18:04:48","modified_gmt":"2025-07-12T21:04:48","slug":"postdoctorado","status":"publish","type":"page","link":"https:\/\/pos.uel.br\/pecem\/es\/postdoctorado\/","title":{"rendered":"Postdoctorado"},"content":{"rendered":"\n<h4 class=\"wp-block-heading\">En el Cuatrienio (2025-2029) se supervisar\u00e1n los siguientes investigadores posdoctorados:<\/h4>\n\n\n\n<div style=\"height:10px\" aria-hidden=\"true\" class=\"wp-block-spacer\"><\/div>\n\n\n\n<figure class=\"wp-block-table is-style-stripes\"><table class=\"has-fixed-layout\"><thead><tr><th class=\"has-text-align-left\" data-align=\"left\">Nombre<\/th><th class=\"has-text-align-left\" data-align=\"left\">Per\u00edodo<\/th><th>Supervisor(a)<\/th><\/tr><\/thead><tbody><tr><td class=\"has-text-align-left\" data-align=\"left\">ENIO&nbsp;FREIRE DE PAULA<\/td><td class=\"has-text-align-left\" data-align=\"left\"><\/td><td>Profa. Dra. M\u00e1rcia Cristina de Costa Trindade Cyrino<\/td><\/tr><tr><td class=\"has-text-align-left\" data-align=\"left\">MARCUS&nbsp;VIN\u00cdCIUS MARTINEZ PIRATELO<\/td><td class=\"has-text-align-left\" data-align=\"left\"><\/td><td>Profa. Dra. Mariana A. B. Soares de Andrade<\/td><\/tr><tr><td class=\"has-text-align-left\" data-align=\"left\">RENATA APARECIDA FARIA<\/td><td class=\"has-text-align-left\" data-align=\"left\">01\/03\/2024 A 01\/03\/2026<\/td><td>Prof. Dr. Carlos Eduardo Labur\u00fa<\/td><\/tr><\/tbody><\/table><\/figure>\n\n\n\n<p><\/p>\n\n\n\n<div style=\"height:50px\" aria-hidden=\"true\" class=\"wp-block-spacer\"><\/div>\n\n\n\n<h4 class=\"wp-block-heading\">En el Cuatrienio (2021-2024) se supervisaron 12 posdoctorados:<\/h4>\n\n\n\n<div style=\"height:10px\" aria-hidden=\"true\" class=\"wp-block-spacer\"><\/div>\n\n\n\n<figure class=\"wp-block-table is-style-stripes\"><table class=\"has-fixed-layout\"><thead><tr><th class=\"has-text-align-left\" data-align=\"left\">Nombre<\/th><th class=\"has-text-align-left\" data-align=\"left\">Per\u00edodo<\/th><th>Supervisor(a)<\/th><\/tr><\/thead><tbody><tr><td class=\"has-text-align-left\" data-align=\"left\">EMERSON TORTOLA<\/td><td class=\"has-text-align-left\" data-align=\"left\">23\/09\/2021 a 22\/09\/2022<\/td><td>Profa. Dra. Lourdes Maria Werle de Almeida<\/td><\/tr><tr><td class=\"has-text-align-left\" data-align=\"left\">HENRIQUE CESAR ESTEVAN BALLESTERO<\/td><td class=\"has-text-align-left\" data-align=\"left\">17\/08\/2020 a 27\/08\/2021<\/td><td>Profa. Dra. Marinez Meneghello Passos<\/td><\/tr><tr><td class=\"has-text-align-left\" data-align=\"left\">MARCELA TEIXEIRA GODOY<\/td><td class=\"has-text-align-left\" data-align=\"left\">01\/10\/2019 a 10\/04\/2021<\/td><td>Prof. Dr. Carlos Eduardo Labur\u00fa<\/td><\/tr><tr><td class=\"has-text-align-left\" data-align=\"left\">MARCUS VINICIUS MARTINEZ PIRATELO<\/td><td class=\"has-text-align-left\" data-align=\"left\">25\/06\/2020 a 30\/06\/2022<\/td><td>Profa. Dra. Marinez Meneghello Passos<\/td><\/tr><tr><td class=\"has-text-align-left\" data-align=\"left\">MICHELLE ANDRADE KLAIBER<\/td><td class=\"has-text-align-left\" data-align=\"left\">02\/03\/2020 a 01\/07\/2021<\/td><td>Profa. Dra. Angela Marta Pereira das Dores Savioli<\/td><\/tr><tr><td class=\"has-text-align-left\" data-align=\"left\">ALEXANDRE TADEU GOMES DE CARVALHO<\/td><td class=\"has-text-align-left\" data-align=\"left\">25\/05\/2022 a 28\/02\/2023<\/td><td>Prof. Dr. Carlos Eduardo Labur\u00fa<\/td><\/tr><tr><td class=\"has-text-align-left\" data-align=\"left\">DENIS ROGERIO SANCHES ALVES<\/td><td class=\"has-text-align-left\" data-align=\"left\">30\/04\/2022 a 29\/04\/2023<\/td><td>Prof. Dr. Sergio de Mello Arruda<\/td><\/tr><tr><td class=\"has-text-align-left\" data-align=\"left\">FERNANDA FRASSON<br>(Chamada CNPq 25\/2021 \u2013 Bolsa no Pa\u00eds)<\/td><td class=\"has-text-align-left\" data-align=\"left\">01\/06\/2022 a 30\/11\/2023<\/td><td>Prof. Dr. Carlos Eduardo Labur\u00fa<\/td><\/tr><tr><td class=\"has-text-align-left\" data-align=\"left\">MARCELO SILVA DE JESUS<\/td><td class=\"has-text-align-left\" data-align=\"left\">26\/05\/2022 a 01\/03\/2023<\/td><td>Profa. Dra. Angela Marta Pereira das Dores Savioli<\/td><\/tr><tr><td class=\"has-text-align-left\" data-align=\"left\">REGINA SIMPLICIO CARVALHO<\/td><td class=\"has-text-align-left\" data-align=\"left\">01\/03\/2023 a 28\/02\/2024<\/td><td>Prof. Dr. Carlos Eduardo Labur\u00fa<\/td><\/tr><tr><td class=\"has-text-align-left\" data-align=\"left\">RENATA VIVIANE RAFFA RODRIGUES<\/td><td class=\"has-text-align-left\" data-align=\"left\">01\/03\/2023 a 29\/02\/2024<\/td><td>Profa. Dra. M\u00e1rcia Cristina de Costa Trindade Cyrino<\/td><\/tr><tr><td class=\"has-text-align-left\" data-align=\"left\">RENATA APARECIDA FARIA<\/td><td class=\"has-text-align-left\" data-align=\"left\">01\/03\/2024 A 01\/03\/2026<\/td><td>Prof. Dr. Carlos Eduardo Labur\u00fa<\/td><\/tr><\/tbody><\/table><\/figure>\n\n\n\n<div style=\"height:50px\" aria-hidden=\"true\" class=\"wp-block-spacer\"><\/div>\n\n\n\n<h4 class=\"wp-block-heading\"><strong>En el Cuatrienio (2017-2020) se supervisaron 11 posdoctorados:<\/strong><\/h4>\n\n\n\n<div style=\"height:10px\" aria-hidden=\"true\" class=\"wp-block-spacer\"><\/div>\n\n\n\n<figure class=\"wp-block-table is-style-stripes\"><table class=\"has-fixed-layout\"><thead><tr><th>Nombre<\/th><th>Per\u00edodo<\/th><th>Supervisor(a)<\/th><\/tr><\/thead><tbody><tr><td>ANDREIA DE FREITAS ZOMPERO<\/td><td>01\/08\/2017 a 30\/09\/2018<\/td><td>Prof. Dr. Carlos Eduardo Labur\u00fa<\/td><\/tr><tr><td>EDELAINE CRISTINA DE ANDRADE<\/td><td>01\/10\/2017 a 28\/09\/2018<\/td><td>Prof. Dr. Sergio de Mello Arruda<\/td><\/tr><tr><td>FERNANDA APARECIDA MEGLHIORATTI<\/td><td>10\/11\/2015 a 21\/03\/2017<\/td><td>Profa. Dra. Irin\u00e9a de Lourdes Batista<\/td><\/tr><tr><td>FABIO ALEXANDRE BORGES<\/td><td>01\/10\/2018 a 30\/09\/2019<\/td><td>Profa. Dra. M\u00e1rcia Cristina de Costa Trindade Cyrino<\/td><\/tr><tr><td>PAULO SERGIO DE CAMARGO FILHO<\/td><td>01\/10\/2018 a 08\/07\/2019<\/td><td>Prof. Dr. Carlos Eduardo Labur\u00fa<\/td><\/tr><tr><td>KEILA TATIANA BONI<\/td><td>01\/11\/2019 a 30\/10\/2020<\/td><td>Prof. Dr. Carlos Eduardo Labur\u00fa<\/td><\/tr><tr><td>MARCELA TEIXEIRA GODOY<\/td><td>01\/10\/2019 a 10\/04\/2021<\/td><td>Prof. Dr. Carlos Eduardo Labur\u00fa<\/td><\/tr><tr><td>VANESSA LARGO<\/td><td>25\/02\/2019 a 24\/02\/2020<\/td><td>Prof. Dr. Sergio de Mello Arruda<\/td><\/tr><tr><td>HENRIQUE CESAR ESTEVAN BALLESTERO<\/td><td>17\/08\/2020 a 27\/08\/2021<\/td><td>Profa. Dra. Marinez Meneghello Passos<\/td><\/tr><tr><td>MARCUS VINICIUS MARTINEZ PIRATELO<\/td><td>25\/06\/2020 a 30\/06\/2022<\/td><td>Profa. Dra. Marinez Meneghello Passos<\/td><\/tr><tr><td>MICHELLE ANDRADE KLAIBER<\/td><td>02\/03\/2020 a 01\/07\/2021<\/td><td>Profa. Dra. Angela Marta Pereira das Dores Savioli<\/td><\/tr><\/tbody><\/table><\/figure>\n\n\n\n<div style=\"height:50px\" aria-hidden=\"true\" class=\"wp-block-spacer\"><\/div>\n\n\n\n<p><strong>BECAS DEL PROGRAMA NACIONAL DE POSDOCTORADO \u2013 CAPES<\/strong><\/p>\n\n\n\n<div style=\"height:10px\" aria-hidden=\"true\" class=\"wp-block-spacer\"><\/div>\n\n\n\n<div class=\"wp-block-buttons is-layout-flex wp-block-buttons-is-layout-flex\">\n<div class=\"wp-block-button\"><a class=\"wp-block-button__link has-extra-1-background-color has-background wp-element-button\" href=\"https:\/\/pos.uel.br\/pecem\/wp-content\/uploads\/2021\/08\/EditalPNPD20151.pdf\" target=\"_blank\" rel=\"noreferrer noopener\"><strong>Edital 002\/2015<\/strong><\/a><\/div>\n<\/div>\n\n\n\n<div style=\"height:10px\" aria-hidden=\"true\" class=\"wp-block-spacer\"><\/div>\n\n\n\n<p>La comisi\u00f3n de evaluaci\u00f3n para la selecci\u00f3n de la beca PNPD, constituida por los docentes Profa. Dra. Angela Marta Pereira das Dores Savioli, Prof. Dr. Carlos Eduardo Labur\u00fa y Profa. Dra. Rosana Figueiredo Salvi, conforme a los criterios publicados en el edital espec\u00edfico, resuelve la aprobaci\u00f3n de la beca para la <strong>Profa. Dra. Fernanda Aparecida Meglhioratti.<\/strong><\/p>\n\n\n\n<p><strong>Profa. Dra. Irin\u00e9a de Lourdes Batista<\/strong><br><em>Coordinadora del PECEM<\/em><\/p>\n\n\n\n<hr class=\"wp-block-separator has-text-color has-site-background-color has-alpha-channel-opacity has-site-background-background-color has-background is-style-wide\" \/>\n\n\n\n<div class=\"wp-block-buttons is-layout-flex wp-block-buttons-is-layout-flex\">\n<div class=\"wp-block-button\"><a class=\"wp-block-button__link has-extra-1-background-color has-background wp-element-button\" href=\"https:\/\/pos.uel.br\/pecem\/wp-content\/uploads\/2021\/08\/EditalPNPD2017.pdf\" target=\"_blank\" rel=\"noreferrer noopener\"><strong>Edital 001\/2017<\/strong><\/a><\/div>\n<\/div>\n\n\n\n<div style=\"height:10px\" aria-hidden=\"true\" class=\"wp-block-spacer\"><\/div>\n\n\n\n<p>La comisi\u00f3n de evaluaci\u00f3n para la selecci\u00f3n de la beca PNPD, constituida por los docentes Prof. Dr. Carlos Eduardo Labur\u00fa, Profa. Dra. Angela Marta Pereira das Dores Savioli y Profa. Dra. Fabiele Cristiane Dias Broieti, conforme a los criterios publicados en el edital espec\u00edfico, resuelve la aprobaci\u00f3n de la beca para la <strong>Profa. Dra. Edelaine Cristina de Andrade.<\/strong><\/p>\n\n\n\n<p><strong>Profa. Dra. Angela Marta Pereira das Dores Savioli<\/strong><br><em>Coordinadora del PECEM&nbsp;<\/em><\/p>\n\n\n\n<hr class=\"wp-block-separator has-text-color has-site-background-color has-alpha-channel-opacity has-site-background-background-color has-background is-style-wide\" \/>\n\n\n\n<div class=\"wp-block-buttons is-layout-flex wp-block-buttons-is-layout-flex\">\n<div class=\"wp-block-button\"><a class=\"wp-block-button__link has-extra-1-background-color has-background wp-element-button\" href=\"https:\/\/pos.uel.br\/pecem\/wp-content\/uploads\/2021\/08\/EditalResultadoPNPD2018.pdf\" target=\"_blank\" rel=\"noreferrer noopener\"><strong>Edital 007\/2018<\/strong><\/a><\/div>\n<\/div>\n\n\n\n<div style=\"height:10px\" aria-hidden=\"true\" class=\"wp-block-spacer\"><\/div>\n\n\n\n<p>La comisi\u00f3n de evaluaci\u00f3n para la selecci\u00f3n de la beca PNPD, constituida por los docentes Profa. Dra. Fabiele Cristiane Dias Broietti, Profa. Dra. Mariana A. Bologna Soares de Andrade y Profa. Dra. Rosana Figueiredo Salvi, conforme a los criterios publicados en el edital espec\u00edfico, resuelve la aprobaci\u00f3n de la beca de posdoctorado para el <strong>Prof. Dr. F\u00e1bio Alexandre Borges.<\/strong><\/p>\n\n\n\n<p><strong>Profa. Dra. Angela Marta Pereira das Dores Savioli<\/strong><br><em>Coordinadora del PECEM<\/em><\/p>\n\n\n\n<hr class=\"wp-block-separator has-text-color has-site-background-color has-alpha-channel-opacity has-site-background-background-color has-background is-style-wide\" \/>\n\n\n\n<div class=\"wp-block-buttons is-layout-flex wp-block-buttons-is-layout-flex\">\n<div class=\"wp-block-button\"><a class=\"wp-block-button__link has-extra-1-background-color has-background wp-element-button\" href=\"https:\/\/pos.uel.br\/pecem\/wp-content\/uploads\/2021\/08\/EditalResultadoPNPD2019.pdf\" target=\"_blank\" rel=\"noreferrer noopener\"><strong>Edital 007\/2019<\/strong><\/a><\/div>\n<\/div>\n\n\n\n<div style=\"height:10px\" aria-hidden=\"true\" class=\"wp-block-spacer\"><\/div>\n\n\n\n<p>La comisi\u00f3n de evaluaci\u00f3n para la selecci\u00f3n de la beca PNPD, constituida por los docentes Profa. Dra. Andr\u00e9ia de Freitas Zompero y Prof. Dr. \u00c1lvaro Lorencini J\u00fanior, conforme a los criterios publicados en el edital espec\u00edfico, resuelve la aprobaci\u00f3n de la beca de posdoctorado para la <strong>Profa. Dra. Marcela Teixeira Godoy.&nbsp;<\/strong>&nbsp;<\/p>\n\n\n\n<p><strong>Profa. Dra. Mariana A. Bologna S. de Andrade<\/strong><br><em>Coordinadora del PECEM<\/em><\/p>\n\n\n\n<p><\/p>\n\n\n\n<div class=\"wp-block-buttons is-layout-flex wp-block-buttons-is-layout-flex\">\n<div class=\"wp-block-button\"><a class=\"wp-block-button__link has-extra-1-background-color has-background wp-element-button\" href=\"https:\/\/pos.uel.br\/pecem\/wp-content\/uploads\/2024\/12\/Resultado_Preliminar_PIPD_assinado-1.pdf\" target=\"_blank\" rel=\"noreferrer noopener\"><strong>Edital 013\/2024<\/strong><\/a><\/div>\n<\/div>\n\n\n\n<div style=\"height:10px\" aria-hidden=\"true\" class=\"wp-block-spacer\"><\/div>\n\n\n\n<p>La comisi\u00f3n de evaluaci\u00f3n para la selecci\u00f3n de la beca PNPD, constituida por los docentes Prof\u00aa. Dr\u00aa. Irin\u00e9a de LourdesBatista, Prof\u00aa. Dr\u00aa. Lourdes Maria Werle de Almeida y Prof\u00aa. Dr\u00aa Mariana A. B. Soares de Andrade , conforme a los criterios publicados en el edital espec\u00edfico, resuelve la aprobaci\u00f3n de la beca de posdoctorado para lo <strong><strong>Prof. Dr. Enio Freire de Paula<\/strong>.&nbsp;<\/strong>&nbsp;<\/p>\n\n\n\n<p><strong>Profa. Dra. Profa. Dra. Fabiele Cristiane Dias Broietti<\/strong><br><em>Coordinadora del PECEM<\/em><\/p>\n","protected":false},"excerpt":{"rendered":"<p>En el Cuatrienio (2025-2029) se supervisar\u00e1n los siguientes investigadores posdoctorados: Nombre Per\u00edodo Supervisor(a) ENIO&nbsp;FREIRE DE PAULA Profa. Dra. M\u00e1rcia Cristina de Costa Trindade Cyrino MARCUS&nbsp;VIN\u00cdCIUS MARTINEZ PIRATELO Profa. Dra. Mariana A. B. Soares de Andrade RENATA APARECIDA FARIA 01\/03\/2024 A 01\/03\/2026 Prof. Dr. Carlos Eduardo Labur\u00fa En el Cuatrienio (2021-2024) se supervisaron 12 posdoctorados: Nombre [&hellip;]<\/p>\n","protected":false},"author":8,"featured_media":0,"parent":0,"menu_order":0,"comment_status":"closed","ping_status":"closed","template":"","meta":{"_acf_changed":false,"footnotes":""},"class_list":["post-3097","page","type-page","status-publish","hentry"],"acf":[],"_links":{"self":[{"href":"https:\/\/pos.uel.br\/pecem\/wp-json\/wp\/v2\/pages\/3097","targetHints":{"allow":["GET"]}}],"collection":[{"href":"https:\/\/pos.uel.br\/pecem\/wp-json\/wp\/v2\/pages"}],"about":[{"href":"https:\/\/pos.uel.br\/pecem\/wp-json\/wp\/v2\/types\/page"}],"author":[{"embeddable":true,"href":"https:\/\/pos.uel.br\/pecem\/wp-json\/wp\/v2\/users\/8"}],"replies":[{"embeddable":true,"href":"https:\/\/pos.uel.br\/pecem\/wp-json\/wp\/v2\/comments?post=3097"}],"version-history":[{"count":8,"href":"https:\/\/pos.uel.br\/pecem\/wp-json\/wp\/v2\/pages\/3097\/revisions"}],"predecessor-version":[{"id":3437,"href":"https:\/\/pos.uel.br\/pecem\/wp-json\/wp\/v2\/pages\/3097\/revisions\/3437"}],"wp:attachment":[{"href":"https:\/\/pos.uel.br\/pecem\/wp-json\/wp\/v2\/media?parent=3097"}],"curies":[{"name":"wp","href":"https:\/\/api.w.org\/{rel}","templated":true}]}}