{"id":3095,"date":"2025-04-27T00:28:14","date_gmt":"2025-04-27T03:28:14","guid":{"rendered":"https:\/\/pos.uel.br\/pecem\/?page_id=3095"},"modified":"2026-01-06T13:15:12","modified_gmt":"2026-01-06T16:15:12","slug":"pdse-es","status":"publish","type":"page","link":"https:\/\/pos.uel.br\/pecem\/es\/pdse-es\/","title":{"rendered":"PDSE"},"content":{"rendered":"\n<p>La internacionalizaci\u00f3n es un desaf\u00edo recurrente en los programas de posgrado en Brasil, configur\u00e1ndose como una estrategia para el avance cient\u00edfico y tecnol\u00f3gico, as\u00ed como para generar oportunidades de perfeccionamiento profesional.<\/p>\n\n\n\n<p>Como una de las acciones de internacionalizaci\u00f3n del PECEM, hemos incentivado la participaci\u00f3n de estudiantes en el <strong>Programa de<\/strong> <strong>Doctorado Sandwich en el Exterior (PDSE).<\/strong><\/p>\n\n\n\n<p>\u00daltimos edictos publicados y estudiantes seleccionados:<\/p>\n\n\n\n<p><a href=\"https:\/\/pos.uel.br\/pecem\/wp-content\/uploads\/2025\/08\/Edital_06-2025_PECEM_-_PDSE_Final-primeira_chamada_assinado.pdf\" target=\"_blank\" rel=\"noreferrer noopener\"><strong><a href=\"https:\/\/pos.uel.br\/pecem\/wp-content\/uploads\/2024\/11\/Edital_PECEM_PDSE_n._12_2024_com_anexos_assinado.pdf\"><strong>EDITAL PECEM n\u00ba 06\/2025 \u02d7 Establece Normas y Procedimientos de Selecci\u00f3n Interna de candidatos(as) al Programa de Doctorado Sandwich en el Exterior<\/strong><\/a><\/strong><\/a><\/p>\n\n\n\n<p><strong>Selected student:<\/strong><\/p>\n\n\n\n<p>1.\u00a0<strong>Ana Carolina Hyrycena<\/strong>\u00a0(Supervisor: Prof. Dr. Mois\u00e9s Alves de Oliveira)<br>Instituci\u00f3n de destino: Instituto de Filosofia do Consejo Superior de Investigaciones Cient\u00edficas \u2013 CSIC, Madrid, Espa\u00f1a.<br>Coorientador: Prof. Dr. Maria Eulalia P\u00e9rez Sede\u00f1o<br>Per\u00edodo en el exterior: febrero 2026 a mayo de 2026 (4 meses)<\/p>\n\n\n\n<p><a href=\"https:\/\/pos.uel.br\/pecem\/wp-content\/uploads\/2024\/11\/Edital_PECEM_PDSE_n._12_2024_com_anexos_assinado.pdf\"><strong>EDITAL PECEM n\u00ba 12\/2024 \u02d7 Establece Normas y Procedimientos de Selecci\u00f3n Interna de candidatos(as) al Programa de Doctorado Sandwich en el Exterior<\/strong><\/a><\/p>\n\n\n\n<p>Estudiante seleccionado:<\/p>\n\n\n\n<p><strong>1.<\/strong> <strong>Marllon Moreti de Souza Rosa<\/strong> (Orientadora: Profa. Dra. Mariana Aparecida Bologna Soares de Andrade)<\/p>\n\n\n\n<p>Instituci\u00f3n de destino: Europa-Universit\u00e4t Flensburg (Flensburg, Alemanha), Institut f\u00fcr Physik und ihre Geschichte.<br>Coorientador: Prof. Dr. Peter Heering<\/p>\n\n\n\n<p>Per\u00edodo en el exterior: septiembre de 2025 a mayo de 2026 (9 meses)<\/p>\n\n\n\n<p><a href=\"https:\/\/pos.uel.br\/pecem\/wp-content\/uploads\/2024\/04\/Edital_04_2024_PECEM_PDSE_com_anexos_assinado-2.pdf\"><strong>EDITAL PECEM n\u00ba 04\/2024 \u2013 Establece Normas y Procedimientos de Selecci\u00f3n Interna de candidatos al Programa de Doctorado Sandwich en el Exterior<\/strong><\/a><\/p>\n\n\n\n<p>Estudiantes seleccionados:<\/p>\n\n\n\n<p>1. <strong>Fernanda Boa Sorte Rocha<\/strong> (Orientadora: Profa. Dra. Regina Corio de Buriasco)<\/p>\n\n\n\n<p>Instituci\u00f3n de destino: Sapienza Universit\u00e0 di Roma &#8211; It\u00e1lia<\/p>\n\n\n\n<p>Coorientadora en el exterior: Profa. Dra. Annalisa Cusi<\/p>\n\n\n\n<p>Per\u00edodo en el exterior: septiembre de 2024 a febrero de 2025 (6 meses)<\/p>\n\n\n\n<p>2. <strong>Felipe Tsuzuki <\/strong>(Orientador: Prof. Dr. Mois\u00e9s Alves de Oliveira)<\/p>\n\n\n\n<p>Instituci\u00f3n de destino: Departamento de Historia de la Ciencia del Instituto de<br>Historia en el Centro de Ciencia Humanas y Sociales del Consejo Superior de Investigaciones<br>Cient\u00edficas (CSIC) &#8211; Madrid\/Espanha<\/p>\n\n\n\n<p>Coorientador en el exterior: Prof. Dr. Antonio Lafuente<\/p>\n\n\n\n<p>Per\u00edodo en el exterior: octubre de 2024 a abril de 2025 (7 meses)<\/p>\n\n\n\n<p><a href=\"https:\/\/pos.uel.br\/pecem\/wp-content\/uploads\/2023\/11\/Edital-13_2023_PECEM_PDSE-2023-com-anexos.pdf\"><strong>EDITAL PECEM n\u00ba 13\/2023 \u2013 Normas y Procedimientos de Selecci\u00f3n Interna de candidatos al Programa de Doctorado Sandwich en el Exterior<\/strong><\/a><\/p>\n\n\n\n<p>Estudiante seleccionado:<\/p>\n\n\n\n<p>1. <strong>Valter Cardoso da Silva<\/strong> (Orientador: Prof. Dr. Mois\u00e9s Alves de Oliveira)<\/p>\n\n\n\n<p>Instituci\u00f3n de destino: Departamento de Historia de la Ciencia del Instituto de<br>Historia en el Centro de Ciencia Humanas y Sociales del Consejo Superior de Investigaciones<br>Cient\u00edficas (CSIC) &#8211; Madrid\/Espanha<\/p>\n\n\n\n<p>Coorientador en el exterior: Prof. Dr. Antonio Lafuente<\/p>\n\n\n\n<p>Per\u00edodo en el exterior: abril de 2024 a agosto de 2024 (5 meses)<\/p>\n\n\n\n<p><a href=\"https:\/\/pos.uel.br\/pecem\/wp-content\/uploads\/2023\/01\/Edital_PECEM_PDSE_001_2023_-Anexo-I.pdf\"><strong>EDITAL PECEM n\u00ba 001\/2023 \u2013 Normas y Procedimientos de Selecci\u00f3n Interna de candidatos al Programa de Doctorado Sandwich en el Exterior<\/strong><\/a><\/p>\n\n\n\n<p>Estudiantes seleccionados:<\/p>\n\n\n\n<p>1. <strong>Fernanda Caroline Cybulski<\/strong> (Orientadora: Profa. Dra. M\u00e1rcia Cristina de Costa Trindade Cyrino)<\/p>\n\n\n\n<p>Instituci\u00f3n de destino: Universidade de Lisboa &#8211; Portugal<\/p>\n\n\n\n<p>Coorientadora en el exterior: Profa. Dra. H\u00e9lia Oliveira<\/p>\n\n\n\n<p>Per\u00edodo en el exterior: septiembre de 2023 a junio de 2024 (10 meses)<\/p>\n\n\n\n<p>2.&nbsp;<strong>Pedro Leonardo Guarilha Colli <\/strong>(Orientadora: Profa. Dra. Mariana Ap. B. Soares de Andrade)<\/p>\n\n\n\n<p>Instituci\u00f3n de destino: University of Antwerp &#8211; B\u00e9lgica<\/p>\n\n\n\n<p>Coorientadora en el exterior: Profa. Dra. Annie (Rianne) Pinxten<\/p>\n\n\n\n<p>Per\u00edodo en el exterior: noviembre de 2023 a agosto de 2024 (10 meses)<\/p>\n","protected":false},"excerpt":{"rendered":"<p>La internacionalizaci\u00f3n es un desaf\u00edo recurrente en los programas de posgrado en Brasil, configur\u00e1ndose como una estrategia para el avance cient\u00edfico y tecnol\u00f3gico, as\u00ed como para generar oportunidades de perfeccionamiento profesional. Como una de las acciones de internacionalizaci\u00f3n del PECEM, hemos incentivado la participaci\u00f3n de estudiantes en el Programa de Doctorado Sandwich en el Exterior [&hellip;]<\/p>\n","protected":false},"author":8,"featured_media":0,"parent":0,"menu_order":0,"comment_status":"closed","ping_status":"closed","template":"","meta":{"_acf_changed":false,"footnotes":""},"class_list":["post-3095","page","type-page","status-publish","hentry"],"acf":[],"_links":{"self":[{"href":"https:\/\/pos.uel.br\/pecem\/wp-json\/wp\/v2\/pages\/3095","targetHints":{"allow":["GET"]}}],"collection":[{"href":"https:\/\/pos.uel.br\/pecem\/wp-json\/wp\/v2\/pages"}],"about":[{"href":"https:\/\/pos.uel.br\/pecem\/wp-json\/wp\/v2\/types\/page"}],"author":[{"embeddable":true,"href":"https:\/\/pos.uel.br\/pecem\/wp-json\/wp\/v2\/users\/8"}],"replies":[{"embeddable":true,"href":"https:\/\/pos.uel.br\/pecem\/wp-json\/wp\/v2\/comments?post=3095"}],"version-history":[{"count":5,"href":"https:\/\/pos.uel.br\/pecem\/wp-json\/wp\/v2\/pages\/3095\/revisions"}],"predecessor-version":[{"id":3652,"href":"https:\/\/pos.uel.br\/pecem\/wp-json\/wp\/v2\/pages\/3095\/revisions\/3652"}],"wp:attachment":[{"href":"https:\/\/pos.uel.br\/pecem\/wp-json\/wp\/v2\/media?parent=3095"}],"curies":[{"name":"wp","href":"https:\/\/api.w.org\/{rel}","templated":true}]}}