{"id":3089,"date":"2025-04-27T00:20:50","date_gmt":"2025-04-27T03:20:50","guid":{"rendered":"https:\/\/pos.uel.br\/pecem\/?page_id=3089"},"modified":"2026-01-21T10:58:02","modified_gmt":"2026-01-21T13:58:02","slug":"formularios-2","status":"publish","type":"page","link":"https:\/\/pos.uel.br\/pecem\/es\/formularios-2\/","title":{"rendered":"Formularios"},"content":{"rendered":"\n<p><strong>ENLACES CON FORMULARIOS PARA LA COMPOSICI\u00d3N DE LOS TRIBUNALES DE CALIFICACI\u00d3N Y DE DEFENSA<\/strong><\/p>\n\n\n\n<div class=\"wp-block-buttons is-layout-flex wp-block-buttons-is-layout-flex\">\n<div class=\"wp-block-button\"><a class=\"wp-block-button__link has-extra-1-background-color has-background wp-element-button\" href=\"https:\/\/pos.uel.br\/pecem\/wp-content\/uploads\/2025\/07\/Indicacao-Banca-Qualificacao-Mestrado-MODELO-2T-2.doc\" target=\"_blank\" rel=\"noreferrer noopener\"><strong>Modelo de formulario para la composici\u00f3n de tribunal de calificaci\u00f3n \u2013 M\u00e1ster (2 titulares)<\/strong><\/a><\/div>\n<\/div>\n\n\n\n<div style=\"height:20px\" aria-hidden=\"true\" class=\"wp-block-spacer\"><\/div>\n\n\n\n<div class=\"wp-block-buttons is-layout-flex wp-block-buttons-is-layout-flex\">\n<div class=\"wp-block-button\"><a class=\"wp-block-button__link has-extra-1-background-color has-background wp-element-button\" href=\"https:\/\/pos.uel.br\/pecem\/wp-content\/uploads\/2025\/07\/Indicacao-Banca-Qualificacao-Doutorado-MODELO-4T-1.doc\" target=\"_blank\" rel=\"noreferrer noopener\"><strong>Modelo de formulario para la composici\u00f3n de tribunal de calificaci\u00f3n \u2013 Doctorado (4 titulares)<\/strong><\/a><\/div>\n<\/div>\n\n\n\n<div style=\"height:20px\" aria-hidden=\"true\" class=\"wp-block-spacer\"><\/div>\n\n\n\n<div class=\"wp-block-buttons is-layout-flex wp-block-buttons-is-layout-flex\">\n<div class=\"wp-block-button\"><a class=\"wp-block-button__link has-extra-1-background-color has-background wp-element-button\" href=\"https:\/\/pos.uel.br\/pecem\/wp-content\/uploads\/2025\/07\/Indicacao-Banca-Defesa-Mestrado-MODELO-2T-2S.doc\" target=\"_blank\" rel=\"noreferrer noopener\"><strong>Modelo de formulario para la composici\u00f3n de tribunal de defensa \u2013 M\u00e1ster (2 titulares y 2 suplentes)<\/strong><\/a><\/div>\n<\/div>\n\n\n\n<div style=\"height:20px\" aria-hidden=\"true\" class=\"wp-block-spacer\"><\/div>\n\n\n\n<div class=\"wp-block-buttons is-layout-flex wp-block-buttons-is-layout-flex\">\n<div class=\"wp-block-button\"><a class=\"wp-block-button__link has-extra-1-background-color has-background wp-element-button\" href=\"https:\/\/pos.uel.br\/pecem\/wp-content\/uploads\/2025\/07\/Indicacao-Banca-Defesa-Doutorado-MODELO-4T-2S.doc\" target=\"_blank\" rel=\"noreferrer noopener\"><strong>Modelo de formulario para la composici\u00f3n de tribunal de defensa \u2013 Doctorado (4 titulares y 2 suplentes)<\/strong><\/a><\/div>\n<\/div>\n\n\n\n<div style=\"height:20px\" aria-hidden=\"true\" class=\"wp-block-spacer\"><\/div>\n\n\n\n<div class=\"wp-block-buttons is-layout-flex wp-block-buttons-is-layout-flex\">\n<div class=\"wp-block-button\"><a class=\"wp-block-button__link has-extra-1-background-color has-background wp-element-button\" href=\"https:\/\/pos.uel.br\/pecem\/wp-content\/uploads\/2025\/09\/Modelo-indicacao-de-convidados-de-banca-presencial.docx\" target=\"_blank\" rel=\"noreferrer noopener\"><strong>Modelo de formulario para la composici\u00f3n de tribunal de defensa \u2013 Solicitud de apoyo financiero<\/strong><\/a><\/div>\n<\/div>\n\n\n\n<div style=\"height:40px\" aria-hidden=\"true\" class=\"wp-block-spacer\"><\/div>\n\n\n\n<div style=\"height:0px\" aria-hidden=\"true\" class=\"wp-block-spacer\"><\/div>\n\n\n\n<p><strong>ORIENTACIONES PARA LA ENTREGA DE LA VERSI\u00d3N FINAL<\/strong><\/p>\n\n\n\n<div class=\"wp-block-buttons is-layout-flex wp-block-buttons-is-layout-flex\">\n<div class=\"wp-block-button\"><a class=\"wp-block-button__link has-extra-1-background-color has-background wp-element-button\" href=\"https:\/\/pos.uel.br\/pecem\/wp-content\/uploads\/2026\/01\/2026-criterios-para-entrega-de-trabalho-final.pdf\" target=\"_blank\" rel=\"noreferrer noopener\"><strong>Orientaci\u00f3n y criterios para la entrega del trabajo final<\/strong><\/a><\/div>\n<\/div>\n\n\n\n<div style=\"height:20px\" aria-hidden=\"true\" class=\"wp-block-spacer\"><\/div>\n\n\n\n<div class=\"wp-block-buttons is-layout-flex wp-block-buttons-is-layout-flex\">\n<div class=\"wp-block-button\"><a class=\"wp-block-button__link has-extra-1-background-color has-background wp-element-button\" href=\"https:\/\/pos.uel.br\/pecem\/wp-content\/uploads\/2026\/01\/TERMO-DE-ENCAMINHAMENTO-pos-defesa-M-D.docx\" target=\"_blank\" rel=\"noreferrer noopener\"><strong>Encaminamientos Post-defensa de M\u00e1ster y Doctorado<\/strong><\/a><\/div>\n<\/div>\n\n\n\n<div style=\"height:50px\" aria-hidden=\"true\" class=\"wp-block-spacer\"><\/div>\n\n\n\n<p><strong>PRESENTACIONES DE TRABAJOS EN EVENTOS DEL \u00c1REA<\/strong><\/p>\n\n\n\n<p>No olvidar incluir los <a href=\"https:\/\/pos.uel.br\/pecem\/es\/logos-del-programa\/\" data-type=\"page\" data-id=\"3108\">logotipos <\/a>del Programa y de la Capes, especialmente en el caso de los becados.<\/p>\n\n\n\n<div style=\"height:50px\" aria-hidden=\"true\" class=\"wp-block-spacer\"><\/div>\n\n\n\n<p><strong>INFORMATIVO SOBRE SOLICITUD DE AYUDA FINANCIERA<\/strong><\/p>\n\n\n\n<div style=\"height:20px\" aria-hidden=\"true\" class=\"wp-block-spacer\"><\/div>\n\n\n\n<div class=\"wp-block-buttons is-layout-flex wp-block-buttons-is-layout-flex\">\n<div class=\"wp-block-button\"><a class=\"wp-block-button__link has-extra-1-background-color has-background wp-element-button\" href=\"https:\/\/pos.uel.br\/pecem\/wp-content\/uploads\/2025\/09\/ANEXO-0-SOLICITACAO-DE-AUXILIO-FINANCEIRO_informacoes-.pdf\" target=\"_blank\" rel=\"noreferrer noopener\"><strong>Anexo 0<\/strong> &#8211; Solicitud de ayuda financiera (informaci\u00f3n)<\/a><\/div>\n<\/div>\n\n\n\n<div style=\"height:20px\" aria-hidden=\"true\" class=\"wp-block-spacer\"><\/div>\n\n\n\n<div class=\"wp-block-buttons is-layout-flex wp-block-buttons-is-layout-flex\">\n<div class=\"wp-block-button\"><a class=\"wp-block-button__link has-extra-1-background-color has-background wp-element-button\" href=\"https:\/\/pos.uel.br\/pecem\/wp-content\/uploads\/2025\/09\/ANEXO-1-SOLICITACAO-DE-AUXILIO-FINANCEIRO_evento-presencial.docxTACAO-DE-AUXILIO-FINANCEIRO_evento-presencial.docx\" target=\"_blank\" rel=\"noreferrer noopener\"><strong>Anexo 1 <\/strong>&#8211; Solicitud de ayuda financiera (evento presencial)<\/a><\/div>\n<\/div>\n\n\n\n<div style=\"height:20px\" aria-hidden=\"true\" class=\"wp-block-spacer\"><\/div>\n\n\n\n<div class=\"wp-block-buttons is-layout-flex wp-block-buttons-is-layout-flex\">\n<div class=\"wp-block-button\"><a class=\"wp-block-button__link has-extra-1-background-color has-background wp-element-button\" href=\"https:\/\/pos.uel.br\/pecem\/wp-content\/uploads\/2025\/09\/ANEXO-2-SOLICITACAO-DE-AUXILIO-FINANCEIRO_evento-online-1.docxevento-online-1.docx\" target=\"_blank\" rel=\"noreferrer noopener\"><strong>Anexo 2<\/strong> &#8211; Solicitud de ayuda financiera (evento en l\u00ednea)<\/a><\/div>\n<\/div>\n\n\n\n<div style=\"height:20px\" aria-hidden=\"true\" class=\"wp-block-spacer\"><\/div>\n\n\n\n<div class=\"wp-block-buttons is-layout-flex wp-block-buttons-is-layout-flex\">\n<div class=\"wp-block-button\"><a class=\"wp-block-button__link has-extra-1-background-color has-background wp-element-button\" href=\"https:\/\/pos.uel.br\/pecem\/wp-content\/uploads\/2025\/09\/ANEXO-3-SOLICITACAO-DE-AUXILIO-FINANCEIRO_publicacao_traducao_revisao-1.docx\" target=\"_blank\" rel=\"noreferrer noopener\"><strong>Anexo 3<\/strong> \u2013 Solicitud de ayuda financiera (publicaci\u00f3n, traducci\u00f3n y revisi\u00f3n)<\/a><\/div>\n<\/div>\n\n\n\n<div style=\"height:20px\" aria-hidden=\"true\" class=\"wp-block-spacer\"><\/div>\n\n\n\n<div class=\"wp-block-buttons is-layout-flex wp-block-buttons-is-layout-flex\">\n<div class=\"wp-block-button\"><a class=\"wp-block-button__link has-extra-1-background-color has-background wp-element-button\" href=\"https:\/\/pos.uel.br\/pecem\/wp-content\/uploads\/2025\/09\/ANEXO-4-RELATORIO-DE-AUXILIO-FINANCEIRO_relatorio-evento-presencial-ou-online-1.docx\" target=\"_blank\" rel=\"noreferrer noopener\"><strong>Anexo 4 <\/strong>&#8211; Solicitud de ayuda financiera (informe de evento presencial o en l\u00ednea)<\/a><\/div>\n<\/div>\n","protected":false},"excerpt":{"rendered":"<p>ENLACES CON FORMULARIOS PARA LA COMPOSICI\u00d3N DE LOS TRIBUNALES DE CALIFICACI\u00d3N Y DE DEFENSA ORIENTACIONES PARA LA ENTREGA DE LA VERSI\u00d3N FINAL PRESENTACIONES DE TRABAJOS EN EVENTOS DEL \u00c1REA No olvidar incluir los logotipos del Programa y de la Capes, especialmente en el caso de los becados. INFORMATIVO SOBRE SOLICITUD DE AYUDA FINANCIERA<\/p>\n","protected":false},"author":8,"featured_media":0,"parent":0,"menu_order":0,"comment_status":"closed","ping_status":"closed","template":"","meta":{"_acf_changed":false,"footnotes":""},"class_list":["post-3089","page","type-page","status-publish","hentry"],"acf":[],"_links":{"self":[{"href":"https:\/\/pos.uel.br\/pecem\/wp-json\/wp\/v2\/pages\/3089","targetHints":{"allow":["GET"]}}],"collection":[{"href":"https:\/\/pos.uel.br\/pecem\/wp-json\/wp\/v2\/pages"}],"about":[{"href":"https:\/\/pos.uel.br\/pecem\/wp-json\/wp\/v2\/types\/page"}],"author":[{"embeddable":true,"href":"https:\/\/pos.uel.br\/pecem\/wp-json\/wp\/v2\/users\/8"}],"replies":[{"embeddable":true,"href":"https:\/\/pos.uel.br\/pecem\/wp-json\/wp\/v2\/comments?post=3089"}],"version-history":[{"count":10,"href":"https:\/\/pos.uel.br\/pecem\/wp-json\/wp\/v2\/pages\/3089\/revisions"}],"predecessor-version":[{"id":3705,"href":"https:\/\/pos.uel.br\/pecem\/wp-json\/wp\/v2\/pages\/3089\/revisions\/3705"}],"wp:attachment":[{"href":"https:\/\/pos.uel.br\/pecem\/wp-json\/wp\/v2\/media?parent=3089"}],"curies":[{"name":"wp","href":"https:\/\/api.w.org\/{rel}","templated":true}]}}