{"id":3087,"date":"2025-04-27T00:20:28","date_gmt":"2025-04-27T03:20:28","guid":{"rendered":"https:\/\/pos.uel.br\/pecem\/?page_id=3087"},"modified":"2025-04-28T01:50:02","modified_gmt":"2025-04-28T04:50:02","slug":"orientaciones-generales","status":"publish","type":"page","link":"https:\/\/pos.uel.br\/pecem\/es\/orientaciones-generales\/","title":{"rendered":"Orientaciones generales"},"content":{"rendered":"\n<p><strong>Inclusi\u00f3n y exclusi\u00f3n de matr\u00edcula en asignaturas; Solicitud de matr\u00edcula y re-matr\u00edcula; Pedidos de equivalencia y convalidaci\u00f3n de cr\u00e9ditos en asignaturas; Solicitud de pr\u00f3rroga de plazos; Justificaci\u00f3n de ausencias; Licencia por maternidad; Solicitudes fuera de plazo; Cancelaci\u00f3n de matr\u00edcula; Recursos.<\/strong><\/p>\n\n\n\n<p class=\"has-text-align-center\"><strong>Estas solicitudes y requerimientos deben ser enviados a trav\u00e9s de la<\/strong><\/p>\n\n\n\n<div class=\"wp-block-buttons is-content-justification-center is-layout-flex wp-container-core-buttons-is-layout-16018d1d wp-block-buttons-is-layout-flex\">\n<div class=\"wp-block-button\"><a class=\"wp-block-button__link has-extra-1-background-color has-background wp-element-button\" href=\"https:\/\/sistemas.uel.br\/portaldepos\/index\" target=\"_blank\" rel=\"noreferrer noopener\"><strong>Portal del Estudiante<\/strong><\/a><\/div>\n<\/div>\n\n\n\n<div style=\"height:50px\" aria-hidden=\"true\" class=\"wp-block-spacer\"><\/div>\n\n\n\n<p><strong>Indicaci\u00f3n de Composici\u00f3n del Tribunal para Calificaci\u00f3n (Disertaci\u00f3n o Tesis):<\/strong> El estudiante deber\u00e1 enviar a la Composici\u00f3n del Tribunal los ejemplares con un m\u00ednimo de 30 d\u00edas de anticipaci\u00f3n. Enviar el documento de indicaci\u00f3n de tribunal con un m\u00ednimo de 30 d\u00edas de anticipaci\u00f3n a la Secretar\u00eda de Posgrado del CCE, para que haya tiempo suficiente para la realizaci\u00f3n de los procedimientos de la Secretar\u00eda de Posgrado. Los docentes indicados deber\u00e1n haber confirmado su participaci\u00f3n en el tribunal. Para la calificaci\u00f3n, los docentes indicados deben tener el Registro de Participante en Tribunal debidamente regularizado ante la PROPPG.<\/p>\n\n\n\n<p class=\"has-text-align-center\"><strong>Las indicaciones deben hacerse a trav\u00e9s de:<\/strong><\/p>\n\n\n\n<div class=\"wp-block-buttons is-content-justification-center is-layout-flex wp-container-core-buttons-is-layout-16018d1d wp-block-buttons-is-layout-flex\">\n<div class=\"wp-block-button\"><a class=\"wp-block-button__link has-extra-1-background-color has-background wp-element-button\" href=\"https:\/\/pos.uel.br\/pecem\/formularios\/\"><strong>Formulario Espec\u00edfico<\/strong><\/a><\/div>\n<\/div>\n\n\n\n<div style=\"height:50px\" aria-hidden=\"true\" class=\"wp-block-spacer\"><\/div>\n\n\n\n<p><strong>Indicaci\u00f3n de Composici\u00f3n del Tribunal para Defensa de Disertaci\u00f3n o Tesis:<\/strong> El estudiante deber\u00e1 enviar a la Composici\u00f3n del Tribunal los ejemplares para defensa, con un m\u00ednimo de 30 d\u00edas de anticipaci\u00f3n. Enviar el documento de indicaci\u00f3n de tribunal con un m\u00ednimo de 30 d\u00edas de anticipaci\u00f3n a la Secretar\u00eda de Posgrado del CCE, para que haya tiempo suficiente para la realizaci\u00f3n de los procedimientos de la Secretar\u00eda de Posgrado. Los docentes indicados deber\u00e1n haber confirmado su participaci\u00f3n en el tribunal. Para la defensa, los docentes indicados deben tener el Registro de Participante en Tribunal debidamente regularizado ante la PROPPG.<\/p>\n\n\n\n<p class=\"has-text-align-center\"><strong>Las indicaciones deben hacerse a trav\u00e9s de:<\/strong><\/p>\n\n\n\n<div class=\"wp-block-buttons is-content-justification-center is-layout-flex wp-container-core-buttons-is-layout-16018d1d wp-block-buttons-is-layout-flex\">\n<div class=\"wp-block-button\"><a class=\"wp-block-button__link has-extra-1-background-color has-background wp-element-button\" href=\"https:\/\/pos.uel.br\/pecem\/formularios\/\"><strong>Formulario Espec\u00edfico<\/strong><\/a><\/div>\n<\/div>\n","protected":false},"excerpt":{"rendered":"<p>Inclusi\u00f3n y exclusi\u00f3n de matr\u00edcula en asignaturas; Solicitud de matr\u00edcula y re-matr\u00edcula; Pedidos de equivalencia y convalidaci\u00f3n de cr\u00e9ditos en asignaturas; Solicitud de pr\u00f3rroga de plazos; Justificaci\u00f3n de ausencias; Licencia por maternidad; Solicitudes fuera de plazo; Cancelaci\u00f3n de matr\u00edcula; Recursos. Estas solicitudes y requerimientos deben ser enviados a trav\u00e9s de la Indicaci\u00f3n de Composici\u00f3n del [&hellip;]<\/p>\n","protected":false},"author":8,"featured_media":0,"parent":0,"menu_order":0,"comment_status":"closed","ping_status":"closed","template":"","meta":{"_acf_changed":false,"footnotes":""},"class_list":["post-3087","page","type-page","status-publish","hentry"],"acf":[],"_links":{"self":[{"href":"https:\/\/pos.uel.br\/pecem\/wp-json\/wp\/v2\/pages\/3087","targetHints":{"allow":["GET"]}}],"collection":[{"href":"https:\/\/pos.uel.br\/pecem\/wp-json\/wp\/v2\/pages"}],"about":[{"href":"https:\/\/pos.uel.br\/pecem\/wp-json\/wp\/v2\/types\/page"}],"author":[{"embeddable":true,"href":"https:\/\/pos.uel.br\/pecem\/wp-json\/wp\/v2\/users\/8"}],"replies":[{"embeddable":true,"href":"https:\/\/pos.uel.br\/pecem\/wp-json\/wp\/v2\/comments?post=3087"}],"version-history":[{"count":2,"href":"https:\/\/pos.uel.br\/pecem\/wp-json\/wp\/v2\/pages\/3087\/revisions"}],"predecessor-version":[{"id":3232,"href":"https:\/\/pos.uel.br\/pecem\/wp-json\/wp\/v2\/pages\/3087\/revisions\/3232"}],"wp:attachment":[{"href":"https:\/\/pos.uel.br\/pecem\/wp-json\/wp\/v2\/media?parent=3087"}],"curies":[{"name":"wp","href":"https:\/\/api.w.org\/{rel}","templated":true}]}}