{"id":3079,"date":"2025-04-27T00:18:27","date_gmt":"2025-04-27T03:18:27","guid":{"rendered":"https:\/\/pos.uel.br\/pecem\/?page_id=3079"},"modified":"2025-04-28T01:05:20","modified_gmt":"2025-04-28T04:05:20","slug":"autoevaluacion-y-planificacion-estrategica","status":"publish","type":"page","link":"https:\/\/pos.uel.br\/pecem\/es\/autoevaluacion-y-planificacion-estrategica\/","title":{"rendered":"Autoevaluaci\u00f3n y Planificaci\u00f3n Estrat\u00e9gica"},"content":{"rendered":"\n<p>La Universidad Estatal de Londrina (UEL), a trav\u00e9s de la Pr\u00f3-Reitoria de Investigaci\u00f3n y Posgrado (PROPPG), desde el a\u00f1o 2019, ha estado trabajando con sus Programas de Posgrado Stricto Sensu con el objetivo de sistematizar las acciones de autoevaluaci\u00f3n.<\/p>\n\n\n\n<p>En este contexto, se constituy\u00f3 la <a href=\"https:\/\/sites.uel.br\/ciapg\/\" data-type=\"link\" data-id=\"https:\/\/sites.uel.br\/ciapg\/\" target=\"_blank\" rel=\"noreferrer noopener\"><strong>Comisi\u00f3n Institucional de Evaluaci\u00f3n de Posgrado (CIAPG)<\/strong><\/a>, compuesta por el Director de Posgrado, los coordinadores representando los nueve Centros de Estudios de la Instituci\u00f3n y un coordinador del M\u00e1ster Profesional. Durante este per\u00edodo, cada Programa estableci\u00f3 internamente una comisi\u00f3n de autoevaluaci\u00f3n (CAA), responsable de las acciones de autoevaluaci\u00f3n dentro del \u00e1mbito de cada Programa.<\/p>\n\n\n\n<p>La <strong>CAA\/PECEM\/UEL<\/strong> actual est\u00e1 constituida por:<\/p>\n\n\n\n<p><strong>Docentes:\u00a0<\/strong><\/p>\n\n\n\n<p>PROFA. DRA. LOURDES MARIA WERLE DE ALMEIDA&nbsp;<\/p>\n\n\n\n<p>PROFA. DRA. ANDREIA DE FREITAS ZOMPERO&nbsp;<\/p>\n\n\n\n<p>PROFA. DRA. EDILAINE REGINA DOS SANTOS&nbsp;<\/p>\n\n\n\n<p><strong>Estudiantes:\u00a0<\/strong><\/p>\n\n\n\n<p>SARAH GIOVANA GIOLO FERNANDES DIAS \u2013 estudiante de m\u00e1ster&nbsp;<\/p>\n\n\n\n<p>CAIO JUVANELLI \u2013 estudiante de doctorado&nbsp;<\/p>\n\n\n\n<p><strong>Egresado:\u00a0<\/strong><\/p>\n\n\n\n<p>JEFERSON TAKEO PADOAN SEKI&nbsp;<\/p>\n\n\n\n<p>La Comisi\u00f3n Institucional de Evaluaci\u00f3n de Posgrado (CIAPG) propuso los criterios m\u00ednimos obligatorios para las fichas de evaluaci\u00f3n de estudiantes, egresados, docentes y el informe de autoevaluaci\u00f3n del Programa, recomendando que la CAA a\u00f1adiera los criterios que considerara necesarios debido a las especificidades del \u00e1rea en sus instrumentos de evaluaci\u00f3n.&nbsp;<\/p>\n\n\n\n<p><strong>Informe de Autoevaluaci\u00f3n Institucional de los Programas de Posgrado de la UEL 2021 a 2024<\/strong><\/p>\n\n\n\n<p>Enlace de acceso: <a href=\"https:\/\/pos.uel.br\/pecem\/wp-content\/uploads\/2025\/01\/Relatorio-de-autoavaliacao-PPG_UEL_-2021_24.pdf\" target=\"_blank\" rel=\"noreferrer noopener\">https:\/\/pos.uel.br\/pecem\/wp-content\/uploads\/2025\/01\/Relatorio-de-autoavaliacao-PPG_UEL_-2021_24.pdf<\/a><\/p>\n\n\n\n<p><strong>Planificaci\u00f3n de Autoevaluaci\u00f3n de los Programas de Posgrado de la Universidad Estatal de Londrina Gesti\u00f3n 2022-2026<\/strong><\/p>\n\n\n\n<p>Enlace de acceso: <a href=\"https:\/\/sites.uel.br\/ciapg\/wp-content\/uploads\/2024\/08\/Planejamento-de-Autoavaliacao-dos-PPG_UEL-_Gestao-2022-2026.pdf\" data-type=\"link\" data-id=\"https:\/\/sites.uel.br\/ciapg\/wp-content\/uploads\/2024\/08\/Planejamento-de-Autoavaliacao-dos-PPG_UEL-_Gestao-2022-2026.pdf\" target=\"_blank\" rel=\"noreferrer noopener\">https:\/\/sites.uel.br\/ciapg\/wp-content\/uploads\/2024\/08\/Planejamento-de-Autoavaliacao-dos-PPG_UEL-_Gestao-2022-2026.pdf<\/a><\/p>\n\n\n\n<p><strong>Planificaci\u00f3n de Autoevaluaci\u00f3n de los Programas de Posgrado de la Universidad Estatal de Londrina Gesti\u00f3n 2019-2021<\/strong><\/p>\n\n\n\n<p>Enlace de acceso: <a href=\"https:\/\/sites.uel.br\/ciapg\/wp-content\/uploads\/2022\/09\/Planejamento-de-Autoavaliacao-dos-PPG_UEL-_Gestao-2019-2021.pdf\" target=\"_blank\" rel=\"noreferrer noopener\">https:\/\/sites.uel.br\/ciapg\/wp-content\/uploads\/2022\/09\/Planejamento-de-Autoavaliacao-dos-PPG_UEL-_Gestao-2019-2021.pdf<\/a><\/p>\n\n\n\n<p><strong>Presentaci\u00f3n del Informe de Autoevaluaci\u00f3n del PECEM \u2013 2020 a 2022<\/strong><\/p>\n\n\n\n<p>Enlace de acceso: <a href=\"https:\/\/pos.uel.br\/pecem\/wp-content\/uploads\/2024\/07\/Autoavaliacao_PECEM_2020-e-2022.pdf\" target=\"_blank\" rel=\"noreferrer noopener\">https:\/\/pos.uel.br\/pecem\/wp-content\/uploads\/2024\/07\/Autoavaliacao_PECEM_2020-e-2022.pdf<\/a><\/p>\n\n\n\n<p><strong>Presentaci\u00f3n del Informe de Autoevaluaci\u00f3n del PECEM \u2013 2023 a 2024<\/strong><\/p>\n\n\n\n<p>Enlace de acceso: <a href=\"https:\/\/pos.uel.br\/pecem\/wp-content\/uploads\/2025\/01\/Autoavaliacao-PECEM-2023-e-2024.pdf\" target=\"_blank\" rel=\"noreferrer noopener\">https:\/\/pos.uel.br\/pecem\/wp-content\/uploads\/2025\/01\/Autoavaliacao-PECEM-2023-e-2024.pdf<\/a><\/p>\n","protected":false},"excerpt":{"rendered":"<p>La Universidad Estatal de Londrina (UEL), a trav\u00e9s de la Pr\u00f3-Reitoria de Investigaci\u00f3n y Posgrado (PROPPG), desde el a\u00f1o 2019, ha estado trabajando con sus Programas de Posgrado Stricto Sensu con el objetivo de sistematizar las acciones de autoevaluaci\u00f3n. En este contexto, se constituy\u00f3 la Comisi\u00f3n Institucional de Evaluaci\u00f3n de Posgrado (CIAPG), compuesta por el [&hellip;]<\/p>\n","protected":false},"author":8,"featured_media":0,"parent":0,"menu_order":0,"comment_status":"closed","ping_status":"closed","template":"","meta":{"_acf_changed":false,"footnotes":""},"class_list":["post-3079","page","type-page","status-publish","hentry"],"acf":[],"_links":{"self":[{"href":"https:\/\/pos.uel.br\/pecem\/wp-json\/wp\/v2\/pages\/3079","targetHints":{"allow":["GET"]}}],"collection":[{"href":"https:\/\/pos.uel.br\/pecem\/wp-json\/wp\/v2\/pages"}],"about":[{"href":"https:\/\/pos.uel.br\/pecem\/wp-json\/wp\/v2\/types\/page"}],"author":[{"embeddable":true,"href":"https:\/\/pos.uel.br\/pecem\/wp-json\/wp\/v2\/users\/8"}],"replies":[{"embeddable":true,"href":"https:\/\/pos.uel.br\/pecem\/wp-json\/wp\/v2\/comments?post=3079"}],"version-history":[{"count":3,"href":"https:\/\/pos.uel.br\/pecem\/wp-json\/wp\/v2\/pages\/3079\/revisions"}],"predecessor-version":[{"id":3211,"href":"https:\/\/pos.uel.br\/pecem\/wp-json\/wp\/v2\/pages\/3079\/revisions\/3211"}],"wp:attachment":[{"href":"https:\/\/pos.uel.br\/pecem\/wp-json\/wp\/v2\/media?parent=3079"}],"curies":[{"name":"wp","href":"https:\/\/api.w.org\/{rel}","templated":true}]}}