{"id":3077,"date":"2025-04-27T00:17:40","date_gmt":"2025-04-27T03:17:40","guid":{"rendered":"https:\/\/pos.uel.br\/pecem\/?page_id=3077"},"modified":"2025-04-28T00:56:37","modified_gmt":"2025-04-28T03:56:37","slug":"egresados","status":"publish","type":"page","link":"https:\/\/pos.uel.br\/pecem\/es\/egresados\/","title":{"rendered":"Egresados"},"content":{"rendered":"\n<p>GPSEME comenz\u00f3 oficialmente sus actividades en 2002. En Paran\u00e1, fue el primer Programa de M\u00e1ster en Ense\u00f1anza de Ciencias y Ense\u00f1anza Matem\u00e1tica, contribuyendo a la formaci\u00f3n de nuevos investigadores.&nbsp;<\/p>\n\n\n\n<p>A lo largo de 22 a\u00f1os, GPSEME ha tenido m\u00e1s de <strong>300 disertaciones<\/strong> y m\u00e1s de <strong>200 tesis<\/strong> defendidas, como se muestra en el siguiente gr\u00e1fico:<\/p>\n\n\n\n<figure class=\"wp-block-image size-full is-resized\"><img loading=\"lazy\" decoding=\"async\" width=\"834\" height=\"675\" src=\"https:\/\/pos.uel.br\/pecem\/wp-content\/uploads\/2025\/02\/image.png\" alt=\"\" class=\"wp-image-2923\" style=\"width:522px;height:auto\" srcset=\"https:\/\/pos.uel.br\/pecem\/wp-content\/uploads\/2025\/02\/image.png 834w, https:\/\/pos.uel.br\/pecem\/wp-content\/uploads\/2025\/02\/image-300x243.png 300w, https:\/\/pos.uel.br\/pecem\/wp-content\/uploads\/2025\/02\/image-768x622.png 768w\" sizes=\"auto, (max-width: 834px) 100vw, 834px\" \/><\/figure>\n\n\n\n<p>Datos Actualizados en Febrero de 2025&nbsp;<\/p>\n\n\n\n<p>Los alumni de GPSEME han estado trabajando como:&nbsp;<\/p>\n\n\n\n<ul class=\"wp-block-list\">\n<li>Profesores de Educaci\u00f3n B\u00e1sica\u00a0<\/li>\n\n\n\n<li>Profesores de Educaci\u00f3n Superior\u00a0<\/li>\n\n\n\n<li>Coinvestigadores de programas de formaci\u00f3n docente\u00a0<\/li>\n\n\n\n<li>Investigadores, profesores y coordinadores de programas de posgrado\u00a0<\/li>\n\n\n\n<li>Coordinadores de \u00e1rea en Centros Regionales de Educaci\u00f3n\u00a0<\/li>\n\n\n\n<li>Gerentes en diversas instituciones p\u00fablicas y privadas en diferentes estados de Brasil y otros pa\u00edses\u00a0<\/li>\n<\/ul>\n\n\n\n<figure class=\"wp-block-image size-full is-resized\"><img loading=\"lazy\" decoding=\"async\" width=\"945\" height=\"445\" src=\"https:\/\/pos.uel.br\/pecem\/wp-content\/uploads\/2025\/02\/image-5.png\" alt=\"\" class=\"wp-image-2951\" style=\"width:769px;height:auto\" srcset=\"https:\/\/pos.uel.br\/pecem\/wp-content\/uploads\/2025\/02\/image-5.png 945w, https:\/\/pos.uel.br\/pecem\/wp-content\/uploads\/2025\/02\/image-5-300x141.png 300w, https:\/\/pos.uel.br\/pecem\/wp-content\/uploads\/2025\/02\/image-5-768x362.png 768w\" sizes=\"auto, (max-width: 945px) 100vw, 945px\" \/><\/figure>\n\n\n\n<p>Datos Actualizados en Febrero de 2025<\/p>\n\n\n\n<figure class=\"wp-block-image size-full is-resized\"><img loading=\"lazy\" decoding=\"async\" width=\"945\" height=\"466\" src=\"https:\/\/pos.uel.br\/pecem\/wp-content\/uploads\/2025\/02\/image-6.png\" alt=\"\" class=\"wp-image-2952\" style=\"width:771px;height:auto\" srcset=\"https:\/\/pos.uel.br\/pecem\/wp-content\/uploads\/2025\/02\/image-6.png 945w, https:\/\/pos.uel.br\/pecem\/wp-content\/uploads\/2025\/02\/image-6-300x148.png 300w, https:\/\/pos.uel.br\/pecem\/wp-content\/uploads\/2025\/02\/image-6-768x379.png 768w\" sizes=\"auto, (max-width: 945px) 100vw, 945px\" \/><\/figure>\n\n\n\n<p>Datos Actualizados en Febrero de 2025\u00a0<\/p>\n\n\n\n<figure class=\"wp-block-image size-full is-resized\"><img loading=\"lazy\" decoding=\"async\" width=\"945\" height=\"469\" src=\"https:\/\/pos.uel.br\/pecem\/wp-content\/uploads\/2025\/02\/image-7.png\" alt=\"\" class=\"wp-image-2953\" style=\"width:770px;height:auto\" srcset=\"https:\/\/pos.uel.br\/pecem\/wp-content\/uploads\/2025\/02\/image-7.png 945w, https:\/\/pos.uel.br\/pecem\/wp-content\/uploads\/2025\/02\/image-7-300x149.png 300w, https:\/\/pos.uel.br\/pecem\/wp-content\/uploads\/2025\/02\/image-7-768x381.png 768w\" sizes=\"auto, (max-width: 945px) 100vw, 945px\" \/><\/figure>\n\n\n\n<p>Datos Actualizados en Febrero de 2025<\/p>\n","protected":false},"excerpt":{"rendered":"<p>GPSEME comenz\u00f3 oficialmente sus actividades en 2002. En Paran\u00e1, fue el primer Programa de M\u00e1ster en Ense\u00f1anza de Ciencias y Ense\u00f1anza Matem\u00e1tica, contribuyendo a la formaci\u00f3n de nuevos investigadores.&nbsp; A lo largo de 22 a\u00f1os, GPSEME ha tenido m\u00e1s de 300 disertaciones y m\u00e1s de 200 tesis defendidas, como se muestra en el siguiente gr\u00e1fico: [&hellip;]<\/p>\n","protected":false},"author":8,"featured_media":0,"parent":0,"menu_order":0,"comment_status":"closed","ping_status":"closed","template":"","meta":{"_acf_changed":false,"footnotes":""},"class_list":["post-3077","page","type-page","status-publish","hentry"],"acf":[],"_links":{"self":[{"href":"https:\/\/pos.uel.br\/pecem\/wp-json\/wp\/v2\/pages\/3077","targetHints":{"allow":["GET"]}}],"collection":[{"href":"https:\/\/pos.uel.br\/pecem\/wp-json\/wp\/v2\/pages"}],"about":[{"href":"https:\/\/pos.uel.br\/pecem\/wp-json\/wp\/v2\/types\/page"}],"author":[{"embeddable":true,"href":"https:\/\/pos.uel.br\/pecem\/wp-json\/wp\/v2\/users\/8"}],"replies":[{"embeddable":true,"href":"https:\/\/pos.uel.br\/pecem\/wp-json\/wp\/v2\/comments?post=3077"}],"version-history":[{"count":3,"href":"https:\/\/pos.uel.br\/pecem\/wp-json\/wp\/v2\/pages\/3077\/revisions"}],"predecessor-version":[{"id":3205,"href":"https:\/\/pos.uel.br\/pecem\/wp-json\/wp\/v2\/pages\/3077\/revisions\/3205"}],"wp:attachment":[{"href":"https:\/\/pos.uel.br\/pecem\/wp-json\/wp\/v2\/media?parent=3077"}],"curies":[{"name":"wp","href":"https:\/\/api.w.org\/{rel}","templated":true}]}}