{"id":3069,"date":"2025-04-27T00:13:23","date_gmt":"2025-04-27T03:13:23","guid":{"rendered":"https:\/\/pos.uel.br\/pecem\/?page_id=3069"},"modified":"2025-04-27T23:43:22","modified_gmt":"2025-04-28T02:43:22","slug":"lineas-de-investigacion","status":"publish","type":"page","link":"https:\/\/pos.uel.br\/pecem\/es\/lineas-de-investigacion\/","title":{"rendered":"L\u00edneas de investigaci\u00f3n"},"content":{"rendered":"\n<div class=\"wp-block-columns is-layout-flex wp-container-core-columns-is-layout-9d6595d7 wp-block-columns-is-layout-flex\">\n<div class=\"wp-block-column is-layout-flow wp-block-column-is-layout-flow\">\n<p><strong>La construcci\u00f3n del conocimiento en Ciencias y Matem\u00e1ticas.&nbsp;<\/strong><\/p>\n\n\n\n<p>Investigaci\u00f3n de los fundamentos y del proceso de construcci\u00f3n del conocimiento del estudiante en el aprendizaje de Ciencias y Matem\u00e1ticas.<\/p>\n<\/div>\n\n\n\n<div class=\"wp-block-column is-layout-flow wp-block-column-is-layout-flow\">\n<p><strong>La formaci\u00f3n de profesores en Ciencias y Matem\u00e1ticas.&nbsp;<\/strong><\/p>\n\n\n\n<p>Investigaci\u00f3n de los fundamentos y del proceso de construcci\u00f3n\/elaboraci\u00f3n de los saberes docentes en la ense\u00f1anza de Ciencias y Matem\u00e1ticas.<\/p>\n<\/div>\n\n\n\n<div class=\"wp-block-column is-layout-flow wp-block-column-is-layout-flow\">\n<p><strong>Historia y Filosof\u00eda de la Ciencia y de las Matem\u00e1ticas.&nbsp;<\/strong><\/p>\n\n\n\n<p>Contribuciones de la Historia y de la Filosof\u00eda de las Ciencias y de las Matem\u00e1ticas con vistas a la comprensi\u00f3n de las relaciones entre los saberes cient\u00edficos y escolares y de la constituci\u00f3n hist\u00f3rico-cultural de las Ciencias y de las Matem\u00e1ticas.<\/p>\n<\/div>\n<\/div>\n","protected":false},"excerpt":{"rendered":"<p>La construcci\u00f3n del conocimiento en Ciencias y Matem\u00e1ticas.&nbsp; Investigaci\u00f3n de los fundamentos y del proceso de construcci\u00f3n del conocimiento del estudiante en el aprendizaje de Ciencias y Matem\u00e1ticas. La formaci\u00f3n de profesores en Ciencias y Matem\u00e1ticas.&nbsp; Investigaci\u00f3n de los fundamentos y del proceso de construcci\u00f3n\/elaboraci\u00f3n de los saberes docentes en la ense\u00f1anza de Ciencias y [&hellip;]<\/p>\n","protected":false},"author":8,"featured_media":0,"parent":0,"menu_order":0,"comment_status":"closed","ping_status":"closed","template":"","meta":{"_acf_changed":false,"footnotes":""},"class_list":["post-3069","page","type-page","status-publish","hentry"],"acf":[],"_links":{"self":[{"href":"https:\/\/pos.uel.br\/pecem\/wp-json\/wp\/v2\/pages\/3069","targetHints":{"allow":["GET"]}}],"collection":[{"href":"https:\/\/pos.uel.br\/pecem\/wp-json\/wp\/v2\/pages"}],"about":[{"href":"https:\/\/pos.uel.br\/pecem\/wp-json\/wp\/v2\/types\/page"}],"author":[{"embeddable":true,"href":"https:\/\/pos.uel.br\/pecem\/wp-json\/wp\/v2\/users\/8"}],"replies":[{"embeddable":true,"href":"https:\/\/pos.uel.br\/pecem\/wp-json\/wp\/v2\/comments?post=3069"}],"version-history":[{"count":2,"href":"https:\/\/pos.uel.br\/pecem\/wp-json\/wp\/v2\/pages\/3069\/revisions"}],"predecessor-version":[{"id":3185,"href":"https:\/\/pos.uel.br\/pecem\/wp-json\/wp\/v2\/pages\/3069\/revisions\/3185"}],"wp:attachment":[{"href":"https:\/\/pos.uel.br\/pecem\/wp-json\/wp\/v2\/media?parent=3069"}],"curies":[{"name":"wp","href":"https:\/\/api.w.org\/{rel}","templated":true}]}}