{"id":3061,"date":"2025-04-26T23:58:31","date_gmt":"2025-04-27T02:58:31","guid":{"rendered":"https:\/\/pos.uel.br\/pecem\/?page_id=3061"},"modified":"2025-04-27T03:17:37","modified_gmt":"2025-04-27T06:17:37","slug":"acerca-del-programa","status":"publish","type":"page","link":"https:\/\/pos.uel.br\/pecem\/es\/acerca-del-programa\/","title":{"rendered":"Acerca del programa"},"content":{"rendered":"\n<div class=\"wp-block-buttons is-content-justification-center is-layout-flex wp-container-core-buttons-is-layout-16018d1d wp-block-buttons-is-layout-flex\">\n<div class=\"wp-block-button has-custom-width wp-block-button__width-50\"><a class=\"wp-block-button__link has-extra-1-background-color has-background wp-element-button\" href=\"https:\/\/pos.uel.br\/pecem\/es\/presentacion-y-objetivos\/\"><strong>Presentaci\u00f3n y objetivos<\/strong><\/a><\/div>\n<\/div>\n\n\n\n<div style=\"height:15px\" aria-hidden=\"true\" class=\"wp-block-spacer\"><\/div>\n\n\n\n<div class=\"wp-block-buttons is-content-justification-center is-layout-flex wp-container-core-buttons-is-layout-16018d1d wp-block-buttons-is-layout-flex\">\n<div class=\"wp-block-button has-custom-width wp-block-button__width-50\"><a class=\"wp-block-button__link has-extra-1-background-color has-background wp-element-button\" href=\"https:\/\/pos.uel.br\/pecem\/es\/area-de-concentracion\/\"><strong><strong>\u00c1rea de concentraci\u00f3n<\/strong><\/strong><\/a><\/div>\n<\/div>\n\n\n\n<div style=\"height:15px\" aria-hidden=\"true\" class=\"wp-block-spacer\"><\/div>\n\n\n\n<div class=\"wp-block-buttons is-content-justification-center is-layout-flex wp-container-core-buttons-is-layout-16018d1d wp-block-buttons-is-layout-flex\">\n<div class=\"wp-block-button has-custom-width wp-block-button__width-50\"><a class=\"wp-block-button__link has-extra-1-background-color has-background wp-element-button\" href=\"https:\/\/pos.uel.br\/pecem\/es\/lineas-de-investigacion\/\"><strong><strong>L\u00edneas de investigaci\u00f3n<\/strong><\/strong><\/a><\/div>\n<\/div>\n\n\n\n<div style=\"height:15px\" aria-hidden=\"true\" class=\"wp-block-spacer\"><\/div>\n\n\n\n<div class=\"wp-block-buttons is-content-justification-center is-layout-flex wp-container-core-buttons-is-layout-16018d1d wp-block-buttons-is-layout-flex\">\n<div class=\"wp-block-button has-custom-width wp-block-button__width-50\"><a class=\"wp-block-button__link has-extra-1-background-color has-background wp-element-button\" href=\"https:\/\/pos.uel.br\/pecem\/es\/reglamento\/\"><strong><strong>Reglamento<\/strong><\/strong><\/a><\/div>\n<\/div>\n\n\n\n<div style=\"height:15px\" aria-hidden=\"true\" class=\"wp-block-spacer\"><\/div>\n\n\n\n<div class=\"wp-block-buttons is-content-justification-center is-layout-flex wp-container-core-buttons-is-layout-16018d1d wp-block-buttons-is-layout-flex\">\n<div class=\"wp-block-button has-custom-width wp-block-button__width-50\"><a class=\"wp-block-button__link has-extra-1-background-color has-background wp-element-button\" href=\"https:\/\/pos.uel.br\/pecem\/es\/estructura-curricular\/\"><strong><strong>Estructura curricular<\/strong><\/strong><\/a><\/div>\n<\/div>\n\n\n\n<div style=\"height:15px\" aria-hidden=\"true\" class=\"wp-block-spacer\"><\/div>\n\n\n\n<div class=\"wp-block-buttons is-content-justification-center is-layout-flex wp-container-core-buttons-is-layout-16018d1d wp-block-buttons-is-layout-flex\">\n<div class=\"wp-block-button has-custom-width wp-block-button__width-50\"><a class=\"wp-block-button__link has-extra-1-background-color has-background wp-element-button\" href=\"https:\/\/pos.uel.br\/pecem\/es\/becas-del-programa\/\"><strong><strong>Becas del programa<\/strong><\/strong><\/a><\/div>\n<\/div>\n\n\n\n<div style=\"height:15px\" aria-hidden=\"true\" class=\"wp-block-spacer\"><\/div>\n\n\n\n<div class=\"wp-block-buttons is-content-justification-center is-layout-flex wp-container-core-buttons-is-layout-16018d1d wp-block-buttons-is-layout-flex\">\n<div class=\"wp-block-button has-custom-width wp-block-button__width-50\"><a class=\"wp-block-button__link has-extra-1-background-color has-background wp-element-button\" href=\"https:\/\/pos.uel.br\/pecem\/es\/egresados\/\"><strong><strong>Egresados<\/strong><\/strong><\/a><\/div>\n<\/div>\n\n\n\n<div style=\"height:15px\" aria-hidden=\"true\" class=\"wp-block-spacer\"><\/div>\n\n\n\n<div class=\"wp-block-buttons is-content-justification-center is-layout-flex wp-container-core-buttons-is-layout-16018d1d wp-block-buttons-is-layout-flex\">\n<div class=\"wp-block-button has-custom-width wp-block-button__width-50\"><a class=\"wp-block-button__link has-extra-1-background-color has-background wp-element-button\" href=\"https:\/\/pos.uel.br\/pecem\/es\/autoevaluacion-y-planificacion-estrategica\/\"><strong><strong>Autoevaluaci\u00f3n y Planificaci\u00f3n Estrat\u00e9gica<\/strong><\/strong><\/a><\/div>\n<\/div>\n","protected":false},"excerpt":{"rendered":"","protected":false},"author":8,"featured_media":0,"parent":0,"menu_order":0,"comment_status":"closed","ping_status":"closed","template":"","meta":{"_acf_changed":false,"footnotes":""},"class_list":["post-3061","page","type-page","status-publish","hentry"],"acf":[],"_links":{"self":[{"href":"https:\/\/pos.uel.br\/pecem\/wp-json\/wp\/v2\/pages\/3061","targetHints":{"allow":["GET"]}}],"collection":[{"href":"https:\/\/pos.uel.br\/pecem\/wp-json\/wp\/v2\/pages"}],"about":[{"href":"https:\/\/pos.uel.br\/pecem\/wp-json\/wp\/v2\/types\/page"}],"author":[{"embeddable":true,"href":"https:\/\/pos.uel.br\/pecem\/wp-json\/wp\/v2\/users\/8"}],"replies":[{"embeddable":true,"href":"https:\/\/pos.uel.br\/pecem\/wp-json\/wp\/v2\/comments?post=3061"}],"version-history":[{"count":2,"href":"https:\/\/pos.uel.br\/pecem\/wp-json\/wp\/v2\/pages\/3061\/revisions"}],"predecessor-version":[{"id":3159,"href":"https:\/\/pos.uel.br\/pecem\/wp-json\/wp\/v2\/pages\/3061\/revisions\/3159"}],"wp:attachment":[{"href":"https:\/\/pos.uel.br\/pecem\/wp-json\/wp\/v2\/media?parent=3061"}],"curies":[{"name":"wp","href":"https:\/\/api.w.org\/{rel}","templated":true}]}}