{"id":30,"date":"2021-04-29T12:41:55","date_gmt":"2021-04-29T15:41:55","guid":{"rendered":"https:\/\/pos.uel.br\/pecem\/?page_id=30"},"modified":"2024-09-16T09:53:03","modified_gmt":"2024-09-16T12:53:03","slug":"corpo-docente","status":"publish","type":"page","link":"https:\/\/pos.uel.br\/pecem\/corpo-docente\/","title":{"rendered":"Corpo docente"},"content":{"rendered":"\n<figure class=\"wp-block-table alignwide is-style-stripes\" id=\"AutoNumber11\"><table class=\"has-primary-text-color has-text-color\"><tbody><tr><td><a rel=\"noreferrer noopener\" href=\"http:\/\/lattes.cnpq.br\/0858496742334845\" target=\"_blank\"><\/a><a href=\"http:\/\/lattes.cnpq.br\/0858496742334845\" target=\"_blank\" rel=\"noreferrer noopener\"><img decoding=\"async\" src=\"https:\/\/pos.uel.br\/pecem\/wp-content\/uploads\/2021\/08\/Lattes.png\" alt=\"O atributo alt desta imagem est\u00e1 vazio. O nome do arquivo \u00e9 Lattes.png\" style=\"width: 50px\"><\/a><\/td><td><strong>\u00c1LVARO LORENCINI J\u00daNIOR<br><\/strong>Departamento de Biologia Geral<strong><a href=\"mailto:alvarojr@uel.br\"><br><\/a><\/strong><a href=\"mailto:alvarojr@uel.br\" target=\"_blank\" rel=\"noreferrer noopener\">alvarojr@uel.br<\/a><\/td><td><a href=\"http:\/\/lattes.cnpq.br\/0078830840463434\" target=\"_blank\" rel=\"noreferrer noopener\"><img decoding=\"async\" style=\"width: 50px\" src=\"https:\/\/pos.uel.br\/pecem\/wp-content\/uploads\/2021\/08\/Lattes.png\" alt=\"\"><\/a><\/td><td><strong>MARIANA A. B. SOARES DE ANDRADE<br><\/strong>Departamento de Biologia Geral<strong><a href=\"mailto:mariana.bologna@gmail.com\"><br><\/a><\/strong><a rel=\"noreferrer noopener\" href=\"mailto:mariana.bologna@gmail.com\" target=\"_blank\">mariana.bologna@gmail.com<\/a> <\/td><\/tr><tr><td><a rel=\"noreferrer noopener\" href=\"http:\/\/lattes.cnpq.br\/2231621376375299\" target=\"_blank\"><img decoding=\"async\" src=\"https:\/\/pos.uel.br\/pecem\/wp-content\/uploads\/2021\/08\/Lattes.png\" alt=\"O atributo alt desta imagem est\u00e1 vazio. O nome do arquivo \u00e9 Lattes.png\" style=\"width: 50px\"><\/a><\/td><td><strong>ANDREIA DE FREITAS ZOMPERO <\/strong><br>Departamento de Biologia Geral <br><a href=\"mailto:andreiazomp@uel.br\" target=\"_blank\" rel=\"noreferrer noopener\">andreiazomp@uel.br <\/a><\/td><td><a rel=\"noreferrer noopener\" href=\"http:\/\/lattes.cnpq.br\/3275252597631249\" target=\"_blank\"><img decoding=\"async\" src=\"https:\/\/pos.uel.br\/pecem\/wp-content\/uploads\/2021\/08\/Lattes.png\" alt=\"\" style=\"width: 50px\"><\/a><\/td><td><strong>MARINEZ MENEGHELLO PASSOS<br><\/strong>Departamento de Matem\u00e1tica <strong><br><\/strong><a rel=\"noreferrer noopener\" href=\"mailto:marinezpassos@uel.br\" target=\"_blank\">marinezpassos@uel.br<\/a> <\/td><\/tr><tr><td><a rel=\"noreferrer noopener\" href=\"http:\/\/lattes.cnpq.br\/4879872802919794\" target=\"_blank\"><img decoding=\"async\" src=\"https:\/\/pos.uel.br\/pecem\/wp-content\/uploads\/2021\/08\/Lattes.png\" alt=\"O atributo alt desta imagem est\u00e1 vazio. O nome do arquivo \u00e9 Lattes.png\" style=\"width: 50px\"><\/a><\/td><td><strong>ANGELA MARTA PEREIRA DAS DORES SAVIOLI<br><\/strong>Departamento de Matem\u00e1tica<br><a href=\"mailto:angelamarta@uel.br\" target=\"_blank\" rel=\"noreferrer noopener\">angelamartasavioli@gmail.com<\/a><\/td><td><a rel=\"noreferrer noopener\" href=\"http:\/\/lattes.cnpq.br\/3459824970571567\" target=\"_blank\"><img decoding=\"async\" src=\"https:\/\/pos.uel.br\/pecem\/wp-content\/uploads\/2021\/08\/Lattes.png\" alt=\"\" style=\"width: 50px\"><\/a><\/td><td> <strong>MOIS\u00c9S ALVES DE OLIVEIRA<br><\/strong>Departamento de Qu\u00edmica <strong><a href=\"mailto:reginaburiasco@gmail.com\"><br><\/a><\/strong><a rel=\"noreferrer noopener\" href=\"mailto:moisesoliveira@uel.br\" target=\"_blank\">moises@uel.br<\/a> <\/td><\/tr><tr><td><a href=\"http:\/\/lattes.cnpq.br\/8152553722779306\" target=\"_blank\" rel=\"noreferrer noopener\"><img decoding=\"async\" style=\"width: 50px\" src=\"https:\/\/pos.uel.br\/pecem\/wp-content\/uploads\/2021\/08\/Lattes.png\" alt=\"O atributo alt desta imagem est\u00e1 vazio. O nome do arquivo \u00e9 Lattes.png\"><\/a><\/td><td><strong>BRUNO RODRIGO TEIXEIRA<\/strong><br>Departamento de Matem\u00e1tica<br><a rel=\"noreferrer noopener\" href=\"mailto:angelamarta@uel.br\" target=\"_blank\">bruno@uel.br<\/a><\/td><td><a rel=\"noreferrer noopener\" href=\"http:\/\/lattes.cnpq.br\/1845347041325856\" target=\"_blank\"><img decoding=\"async\" style=\"width: 50px\" src=\"https:\/\/pos.uel.br\/pecem\/wp-content\/uploads\/2021\/08\/Lattes.png\" alt=\"\"><\/a><\/td><td><strong>PAMELA EMANUELI ALVES FERREIRA <br><\/strong>Departamento de Matem\u00e1tica<strong><a href=\"mailto:reginaburiasco@gmail.com\"><br><\/a><\/strong><a rel=\"noreferrer noopener\" href=\"mailto:pam@uel.br\" target=\"_blank\">pam@uel.br <\/a><\/td><\/tr><tr><td><a rel=\"noreferrer noopener\" href=\"http:\/\/lattes.cnpq.br\/7608531416003323\" target=\"_blank\"><img decoding=\"async\" src=\"https:\/\/pos.uel.br\/pecem\/wp-content\/uploads\/2021\/08\/Lattes.png\" alt=\"O atributo alt desta imagem est\u00e1 vazio. O nome do arquivo \u00e9 Lattes.png\" style=\"width: 50px\"><\/a><\/td><td><strong>CARLOS EDUARDO LABUR\u00da<br><\/strong>Departamento de F\u00edsica<br><a rel=\"noreferrer noopener\" href=\"mailto:laburu@uel.br\" target=\"_blank\">laburu@uel.br<\/a> <\/td><td> <a rel=\"noreferrer noopener\" href=\"http:\/\/lattes.cnpq.br\/2861766195446524\" target=\"_blank\"><img decoding=\"async\" style=\"width: 50px\" src=\"https:\/\/pos.uel.br\/pecem\/wp-content\/uploads\/2021\/08\/Lattes.png\" alt=\"\"><\/a><\/td><td><strong>PAULO S\u00c9RGIO DE CAMARGO FILHO<br><\/strong>UTFPR &#8211; Londrina<br><a href=\"mailto:paulocamargo@utfpr.edu.br\">paulocamargo@utfpr.edu.br<\/a><\/td><\/tr><tr><td><a href=\"http:\/\/lattes.cnpq.br\/7796006562239758\" target=\"_blank\" rel=\"noreferrer noopener\"><img decoding=\"async\" style=\"width: 50px\" src=\"https:\/\/pos.uel.br\/pecem\/wp-content\/uploads\/2021\/08\/Lattes.png\" alt=\"O atributo alt desta imagem est\u00e1 vazio. O nome do arquivo \u00e9 Lattes.png\"><\/a><\/td><td><strong>EDILAINE REGINA DOS SANTOS<\/strong><br>Departamento de Matem\u00e1tica<br><a rel=\"noreferrer noopener\" href=\"mailto:laburu@uel.br\" target=\"_blank\">edilaine.santos@uel.br<\/a><\/td><td><a rel=\"noreferrer noopener\" href=\"http:\/\/lattes.cnpq.br\/3250673949753067\" target=\"_blank\"><img decoding=\"async\" style=\"width: 50px\" src=\"https:\/\/pos.uel.br\/pecem\/wp-content\/uploads\/2021\/08\/Lattes.png\" alt=\"\"><\/a><\/td><td><strong><br>REGINA LUZIA CORIO DE BURIASCO<br><\/strong>Departamento de Matem\u00e1tica<strong> <a href=\"mailto:salvi@uel.br\"><br><\/a><\/strong><a rel=\"noreferrer noopener\" href=\"mailto:reginaburiasco@gmail.com\" target=\"_blank\">reginaburiasco@gmail.com<\/a><\/td><\/tr><tr><td> <a rel=\"noreferrer noopener\" href=\"http:\/\/lattes.cnpq.br\/6755046101127661\" target=\"_blank\"><img decoding=\"async\" src=\"https:\/\/pos.uel.br\/pecem\/wp-content\/uploads\/2021\/08\/Lattes.png\" alt=\"O atributo alt desta imagem est\u00e1 vazio. O nome do arquivo \u00e9 Lattes.png\" style=\"width: 50px\"><\/a><\/td><td> <strong>FABIELE CRISTIANE DIAS BROIETTI<br><\/strong>Departamento de Qu\u00edmica<strong> <a href=\"mailto:lourdes@uel.br\"><br><\/a><\/strong><a rel=\"noreferrer noopener\" href=\"mailto:fabieledias@uel.br\" target=\"_blank\">fabieledias@uel.br<\/a> <\/td><td><a rel=\"noreferrer noopener\" href=\"http:\/\/lattes.cnpq.br\/3162292964889276\" target=\"_blank\"><img decoding=\"async\" style=\"width: 50px\" src=\"https:\/\/pos.uel.br\/pecem\/wp-content\/uploads\/2021\/08\/Lattes.png\" alt=\"\"><\/a><\/td><td><strong>S\u00c9RGIO DE MELLO ARRUDA<\/strong><br>Departamento de F\u00edsica<br><a rel=\"noreferrer noopener\" href=\"mailto:sergioarruda@uel.br\" target=\"_blank\">sergioarruda@uel.br<\/a><\/td><\/tr><tr><td><a href=\"http:\/\/lattes.cnpq.br\/2307929589172134\" target=\"_blank\" rel=\"noreferrer noopener\"><img decoding=\"async\" style=\"width: 50px\" src=\"https:\/\/pos.uel.br\/pecem\/wp-content\/uploads\/2021\/08\/Lattes.png\" alt=\"O atributo alt desta imagem est\u00e1 vazio. O nome do arquivo \u00e9 Lattes.png\"><\/a><\/td><td><strong>GUSTAVO IACHEL<\/strong><br>Departamento de F\u00edsica<br><a rel=\"noreferrer noopener\" href=\"mailto:fabieledias@uel.br\" target=\"_blank\">iachel@uel.br<\/a><\/td><td><\/td><td><\/td><\/tr><tr><td><a rel=\"noreferrer noopener\" href=\"http:\/\/lattes.cnpq.br\/2081105081728634\" target=\"_blank\"><img decoding=\"async\" src=\"https:\/\/pos.uel.br\/pecem\/wp-content\/uploads\/2021\/08\/Lattes.png\" alt=\"O atributo alt desta imagem est\u00e1 vazio. O nome do arquivo \u00e9 Lattes.png\" style=\"width: 50px\"><\/a><\/td><td><strong>IRIN\u00c9A DE LOURDES BATISTA<br><\/strong>Departamento de F\u00edsica <strong><a href=\"mailto:marciacyrino@uel.br\"><br><\/a><\/strong><a rel=\"noreferrer noopener\" href=\"mailto:irinea@uel.br\" target=\"_blank\">irinea2009@gmail.com<\/a>  <\/td><td><\/td><td><\/td><\/tr><tr><td><a rel=\"noreferrer noopener\" href=\"http:\/\/lattes.cnpq.br\/2660354136462141\" target=\"_blank\"><img decoding=\"async\" src=\"https:\/\/pos.uel.br\/pecem\/wp-content\/uploads\/2021\/08\/Lattes.png\" alt=\"O atributo alt desta imagem est\u00e1 vazio. O nome do arquivo \u00e9 Lattes.png\" style=\"width: 50px\"><\/a><\/td><td><strong>LOURDES MARIA WERLE DE ALMEIDA <\/strong><br>Departamento de Matem\u00e1tica<strong><a href=\"mailto:marinezpassos@uel.br%20\"><br><\/a><\/strong><a rel=\"noreferrer noopener\" href=\"mailto:lourdes@uel.br\" target=\"_blank\">lourdes@uel.br<\/a> <\/td><td><a rel=\"noreferrer noopener\" href=\"http:\/\/lattes.cnpq.br\/3585014678720938\" target=\"_blank\"><\/a><\/td><td><\/td><\/tr><tr><td><a href=\"http:\/\/lattes.cnpq.br\/0809818122632169\" target=\"_blank\" rel=\"noreferrer noopener\"><img decoding=\"async\" style=\"width: 50px\" src=\"https:\/\/pos.uel.br\/pecem\/wp-content\/uploads\/2021\/08\/Lattes.png\" alt=\"\"><\/a><\/td><td><strong>M\u00c1RCIA CRISTINA DE COSTA TRINDADE CYRINO<br><\/strong>Departamento de Matem\u00e1tica <strong><a href=\"mailto:fabieledias@uel.br\"><br><\/a><\/strong><a href=\"mailto:marciacyrino@uel.br\" target=\"_blank\" rel=\"noreferrer noopener\">marciacyrino@uel.br<\/a><\/td><td><\/td><td><\/td><\/tr><tr><td><a href=\"http:\/\/lattes.cnpq.br\/2660354136462141\" target=\"_blank\" rel=\"noreferrer noopener\"><\/a> <\/td><td><\/td><\/tr><\/tbody><\/table><\/figure>\n","protected":false},"excerpt":{"rendered":"<p>\u00c1LVARO LORENCINI J\u00daNIORDepartamento de Biologia Geralalvarojr@uel.br MARIANA A. B. SOARES DE ANDRADEDepartamento de Biologia Geralmariana.bologna@gmail.com ANDREIA DE FREITAS ZOMPERO Departamento de Biologia Geral andreiazomp@uel.br MARINEZ MENEGHELLO PASSOSDepartamento de Matem\u00e1tica marinezpassos@uel.br ANGELA MARTA PEREIRA DAS DORES SAVIOLIDepartamento de Matem\u00e1ticaangelamartasavioli@gmail.com MOIS\u00c9S ALVES DE OLIVEIRADepartamento de Qu\u00edmica moises@uel.br BRUNO RODRIGO TEIXEIRADepartamento de Matem\u00e1ticabruno@uel.br PAMELA EMANUELI ALVES FERREIRA Departamento [&hellip;]<\/p>\n","protected":false},"author":8,"featured_media":0,"parent":0,"menu_order":0,"comment_status":"closed","ping_status":"closed","template":"","meta":{"_acf_changed":false,"footnotes":""},"class_list":["post-30","page","type-page","status-publish","hentry"],"acf":[],"_links":{"self":[{"href":"https:\/\/pos.uel.br\/pecem\/wp-json\/wp\/v2\/pages\/30","targetHints":{"allow":["GET"]}}],"collection":[{"href":"https:\/\/pos.uel.br\/pecem\/wp-json\/wp\/v2\/pages"}],"about":[{"href":"https:\/\/pos.uel.br\/pecem\/wp-json\/wp\/v2\/types\/page"}],"author":[{"embeddable":true,"href":"https:\/\/pos.uel.br\/pecem\/wp-json\/wp\/v2\/users\/8"}],"replies":[{"embeddable":true,"href":"https:\/\/pos.uel.br\/pecem\/wp-json\/wp\/v2\/comments?post=30"}],"version-history":[{"count":16,"href":"https:\/\/pos.uel.br\/pecem\/wp-json\/wp\/v2\/pages\/30\/revisions"}],"predecessor-version":[{"id":2663,"href":"https:\/\/pos.uel.br\/pecem\/wp-json\/wp\/v2\/pages\/30\/revisions\/2663"}],"wp:attachment":[{"href":"https:\/\/pos.uel.br\/pecem\/wp-json\/wp\/v2\/media?parent=30"}],"curies":[{"name":"wp","href":"https:\/\/api.w.org\/{rel}","templated":true}]}}