{"id":2451,"date":"2024-07-25T01:17:50","date_gmt":"2024-07-25T04:17:50","guid":{"rendered":"https:\/\/pos.uel.br\/pecem\/?page_id=2451"},"modified":"2025-04-28T01:43:50","modified_gmt":"2025-04-28T04:43:50","slug":"orientacoes-gerais","status":"publish","type":"page","link":"https:\/\/pos.uel.br\/pecem\/orientacoes-gerais\/","title":{"rendered":"Orienta\u00e7\u00f5es Gerais"},"content":{"rendered":"\n<p><strong>Inclus\u00e3o e exclus\u00e3o de matr\u00edcula em disciplinas; Solicita\u00e7\u00e3o de matr\u00edcula e rematr\u00edcula; Pedidos de equival\u00eancia e convalida\u00e7\u00e3o de cr\u00e9ditos em disciplinas; Solicita\u00e7\u00e3o de prorroga\u00e7\u00e3o de prazos; Justificativa de faltas; Licen\u00e7a maternidade; Pedidos fora de prazo; Trancamento de matr\u00edcula; Recursos.<\/strong>&nbsp;<\/p>\n\n\n\n<p class=\"has-text-align-center\"><strong>Estas solicita\u00e7\u00f5es e requerimentos devem ser encaminhadas por meio do<\/strong><\/p>\n\n\n\n<div class=\"wp-block-buttons is-content-justification-center is-layout-flex wp-container-core-buttons-is-layout-16018d1d wp-block-buttons-is-layout-flex\">\n<div class=\"wp-block-button\"><a class=\"wp-block-button__link has-extra-1-background-color has-background wp-element-button\" href=\"https:\/\/sistemas.uel.br\/portaldepos\/index\" target=\"_blank\" rel=\"noreferrer noopener\"><strong>Portal do Estudante<\/strong><\/a><\/div>\n<\/div>\n\n\n\n<div style=\"height:50px\" aria-hidden=\"true\" class=\"wp-block-spacer\"><\/div>\n\n\n\n<p><strong>Indica\u00e7\u00e3o de Banca Examinadora para Qualifica\u00e7\u00e3o (Disserta\u00e7\u00e3o ou Tese)<\/strong>: O estudante dever\u00e1 encaminhar \u00e0 Banca Examinadora os exemplares com anteced\u00eancia m\u00ednima de 30 dias. Encaminhar o documento de indica\u00e7\u00e3o de banca com anteced\u00eancia m\u00ednima de 30 dias para a Secretaria de P\u00f3s-Gradua\u00e7\u00e3o do CCE, para que haja tempo h\u00e1bil para a realiza\u00e7\u00e3o de procedimentos da Secretaria de P\u00f3s-Gradua\u00e7\u00e3o. Os docentes indicados dever\u00e3o ter confirmado a participa\u00e7\u00e3o na banca. Para a qualifica\u00e7\u00e3o, os docentes indicados devem estar com o Cadastro de Participante em Banca Examinadora devidamente regularizado junto \u00e0 PROPPG.<\/p>\n\n\n\n<p class=\"has-text-align-center\"><strong>As indica\u00e7\u00f5es devem ser feitas por meio de:<\/strong><\/p>\n\n\n\n<div class=\"wp-block-buttons is-content-justification-center is-layout-flex wp-container-core-buttons-is-layout-16018d1d wp-block-buttons-is-layout-flex\">\n<div class=\"wp-block-button\"><a class=\"wp-block-button__link has-extra-1-background-color has-background wp-element-button\" href=\"https:\/\/pos.uel.br\/pecem\/formularios\/\"><strong>Formul\u00e1rio Espec\u00edfico<\/strong><\/a><\/div>\n<\/div>\n\n\n\n<div style=\"height:50px\" aria-hidden=\"true\" class=\"wp-block-spacer\"><\/div>\n\n\n\n<p><strong>Indica\u00e7\u00e3o de Banca Examinadora para Defesa de Disserta\u00e7\u00e3o ou Tese<\/strong>: O estudante dever\u00e1 encaminhar \u00e0 Banca Examinadora os exemplares para defesa, com anteced\u00eancia m\u00ednima de 30 dias. Encaminhar o documento de indica\u00e7\u00e3o de banca com anteced\u00eancia m\u00ednima de 30 dias para a Secretaria de P\u00f3s-Gradua\u00e7\u00e3o do CCE, para que haja tempo h\u00e1bil para a realiza\u00e7\u00e3o de procedimentos da Secretaria de P\u00f3s-Gradua\u00e7\u00e3o. Os docentes indicados dever\u00e3o ter confirmado a participa\u00e7\u00e3o na banca. Para a defesa, os docentes indicados devem estar com o Cadastro de Participante em Banca Examinadora devidamente regularizado junto \u00e0 PROPPG.<\/p>\n\n\n\n<p class=\"has-text-align-center\"><strong>As indica\u00e7\u00f5es devem ser feitas por meio de:<\/strong><\/p>\n\n\n\n<div class=\"wp-block-buttons is-content-justification-center is-layout-flex wp-container-core-buttons-is-layout-16018d1d wp-block-buttons-is-layout-flex\">\n<div class=\"wp-block-button\"><a class=\"wp-block-button__link has-extra-1-background-color has-background wp-element-button\" href=\"https:\/\/pos.uel.br\/pecem\/formularios\/\"><strong>Formul\u00e1rio Espec\u00edfico<\/strong><\/a><\/div>\n<\/div>\n","protected":false},"excerpt":{"rendered":"<p>Inclus\u00e3o e exclus\u00e3o de matr\u00edcula em disciplinas; Solicita\u00e7\u00e3o de matr\u00edcula e rematr\u00edcula; Pedidos de equival\u00eancia e convalida\u00e7\u00e3o de cr\u00e9ditos em disciplinas; Solicita\u00e7\u00e3o de prorroga\u00e7\u00e3o de prazos; Justificativa de faltas; Licen\u00e7a maternidade; Pedidos fora de prazo; Trancamento de matr\u00edcula; Recursos.&nbsp; Estas solicita\u00e7\u00f5es e requerimentos devem ser encaminhadas por meio do Indica\u00e7\u00e3o de Banca Examinadora para Qualifica\u00e7\u00e3o [&hellip;]<\/p>\n","protected":false},"author":8,"featured_media":0,"parent":0,"menu_order":0,"comment_status":"closed","ping_status":"closed","template":"","meta":{"_acf_changed":false,"footnotes":""},"class_list":["post-2451","page","type-page","status-publish","hentry"],"acf":[],"_links":{"self":[{"href":"https:\/\/pos.uel.br\/pecem\/wp-json\/wp\/v2\/pages\/2451","targetHints":{"allow":["GET"]}}],"collection":[{"href":"https:\/\/pos.uel.br\/pecem\/wp-json\/wp\/v2\/pages"}],"about":[{"href":"https:\/\/pos.uel.br\/pecem\/wp-json\/wp\/v2\/types\/page"}],"author":[{"embeddable":true,"href":"https:\/\/pos.uel.br\/pecem\/wp-json\/wp\/v2\/users\/8"}],"replies":[{"embeddable":true,"href":"https:\/\/pos.uel.br\/pecem\/wp-json\/wp\/v2\/comments?post=2451"}],"version-history":[{"count":6,"href":"https:\/\/pos.uel.br\/pecem\/wp-json\/wp\/v2\/pages\/2451\/revisions"}],"predecessor-version":[{"id":3228,"href":"https:\/\/pos.uel.br\/pecem\/wp-json\/wp\/v2\/pages\/2451\/revisions\/3228"}],"wp:attachment":[{"href":"https:\/\/pos.uel.br\/pecem\/wp-json\/wp\/v2\/media?parent=2451"}],"curies":[{"name":"wp","href":"https:\/\/api.w.org\/{rel}","templated":true}]}}