{"id":187,"date":"2021-07-21T12:51:04","date_gmt":"2021-07-21T15:51:04","guid":{"rendered":"https:\/\/pos.uel.br\/pecem\/?page_id=187"},"modified":"2025-07-22T10:57:02","modified_gmt":"2025-07-22T13:57:02","slug":"logos-do-programa","status":"publish","type":"page","link":"https:\/\/pos.uel.br\/pecem\/logos-do-programa\/","title":{"rendered":"Logos do programa"},"content":{"rendered":"\n<div class=\"wp-block-file\"><a id=\"wp-block-file--media-63f44403-eee1-4696-91ad-0690e3ce866e\" href=\"https:\/\/pos.uel.br\/pecem\/wp-content\/uploads\/2021\/08\/PECEM-cabecalho-site-fundo-branco-1.png\">PECEM cabe\u00e7alho fundo branco<\/a><a href=\"https:\/\/pos.uel.br\/pecem\/wp-content\/uploads\/2021\/08\/PECEM-cabecalho-site-fundo-branco-1.png\" class=\"wp-block-file__button wp-element-button\" download aria-describedby=\"wp-block-file--media-63f44403-eee1-4696-91ad-0690e3ce866e\">Baixar<\/a><\/div>\n\n\n\n<div class=\"wp-block-file\"><a id=\"wp-block-file--media-519da829-fd05-4668-b53c-edfcdb80826c\" href=\"https:\/\/pos.uel.br\/pecem\/wp-content\/uploads\/2021\/08\/PECEM-cabecalho-site-fundo-transparente-1.png\">PECEM cabe\u00e7alho fundo transparente<\/a><a href=\"https:\/\/pos.uel.br\/pecem\/wp-content\/uploads\/2021\/08\/PECEM-cabecalho-site-fundo-transparente-1.png\" class=\"wp-block-file__button wp-element-button\" download aria-describedby=\"wp-block-file--media-519da829-fd05-4668-b53c-edfcdb80826c\">Baixar<\/a><\/div>\n\n\n\n<div class=\"wp-block-file\"><a id=\"wp-block-file--media-8bf5324a-58f9-4ceb-99ed-89e5c86d22e3\" href=\"https:\/\/pos.uel.br\/pecem\/wp-content\/uploads\/2021\/08\/PECEM-logo-fundo-branco.jpg\">PECEM logo fundo branco<\/a><a href=\"https:\/\/pos.uel.br\/pecem\/wp-content\/uploads\/2021\/08\/PECEM-logo-fundo-branco.jpg\" class=\"wp-block-file__button wp-element-button\" download aria-describedby=\"wp-block-file--media-8bf5324a-58f9-4ceb-99ed-89e5c86d22e3\">Baixar<\/a><\/div>\n\n\n\n<div class=\"wp-block-file\"><a id=\"wp-block-file--media-c8e9c4c5-29b6-4a16-85f7-9852e9243f1d\" href=\"https:\/\/pos.uel.br\/pecem\/wp-content\/uploads\/2021\/08\/PECEM-logo-fundo-transparente.png\">PECEM logo fundo transparente<\/a><a href=\"https:\/\/pos.uel.br\/pecem\/wp-content\/uploads\/2021\/08\/PECEM-logo-fundo-transparente.png\" class=\"wp-block-file__button wp-element-button\" download aria-describedby=\"wp-block-file--media-c8e9c4c5-29b6-4a16-85f7-9852e9243f1d\">Baixar<\/a><\/div>\n\n\n\n<p><\/p>\n\n\n\n<p><\/p>\n\n\n\n<h2 class=\"wp-block-heading\">Outros Logotipos<\/h2>\n\n\n\n<p><a href=\"https:\/\/www.gov.br\/capes\/pt-br\/centrais-de-conteudo\/logomarca\" target=\"_blank\" rel=\"noreferrer noopener\">CAPES<\/a><\/p>\n\n\n\n<p><a href=\"https:\/\/www.gov.br\/cnpq\/pt-br\/canais_atendimento\/identidade-visual\/identidade-visual\" target=\"_blank\" rel=\"noreferrer noopener\">CNPQ<\/a><\/p>\n\n\n\n<p><a href=\"https:\/\/www.fappr.pr.gov.br\/Pagina\/Logomarcas-e-Material-Grafico\" target=\"_blank\" rel=\"noreferrer noopener\">Funda\u00e7\u00e3o Arauc\u00e1ria<\/a><\/p>\n\n\n\n<h2 class=\"wp-block-heading\"><\/h2>\n","protected":false},"excerpt":{"rendered":"<p>Outros Logotipos CAPES CNPQ Funda\u00e7\u00e3o Arauc\u00e1ria<\/p>\n","protected":false},"author":8,"featured_media":0,"parent":0,"menu_order":0,"comment_status":"closed","ping_status":"closed","template":"","meta":{"_acf_changed":false,"footnotes":""},"class_list":["post-187","page","type-page","status-publish","hentry"],"acf":[],"_links":{"self":[{"href":"https:\/\/pos.uel.br\/pecem\/wp-json\/wp\/v2\/pages\/187","targetHints":{"allow":["GET"]}}],"collection":[{"href":"https:\/\/pos.uel.br\/pecem\/wp-json\/wp\/v2\/pages"}],"about":[{"href":"https:\/\/pos.uel.br\/pecem\/wp-json\/wp\/v2\/types\/page"}],"author":[{"embeddable":true,"href":"https:\/\/pos.uel.br\/pecem\/wp-json\/wp\/v2\/users\/8"}],"replies":[{"embeddable":true,"href":"https:\/\/pos.uel.br\/pecem\/wp-json\/wp\/v2\/comments?post=187"}],"version-history":[{"count":15,"href":"https:\/\/pos.uel.br\/pecem\/wp-json\/wp\/v2\/pages\/187\/revisions"}],"predecessor-version":[{"id":3461,"href":"https:\/\/pos.uel.br\/pecem\/wp-json\/wp\/v2\/pages\/187\/revisions\/3461"}],"wp:attachment":[{"href":"https:\/\/pos.uel.br\/pecem\/wp-json\/wp\/v2\/media?parent=187"}],"curies":[{"name":"wp","href":"https:\/\/api.w.org\/{rel}","templated":true}]}}