{"id":1859,"date":"2023-05-01T17:13:34","date_gmt":"2023-05-01T20:13:34","guid":{"rendered":"https:\/\/pos.uel.br\/pecem\/?page_id=1859"},"modified":"2023-05-01T17:26:16","modified_gmt":"2023-05-01T20:26:16","slug":"producoes-do-pecem","status":"publish","type":"page","link":"https:\/\/pos.uel.br\/pecem\/producoes-do-pecem\/","title":{"rendered":"Produ\u00e7\u00f5es do PECEM"},"content":{"rendered":"\n<h2 class=\"wp-block-heading\">Livros<\/h2>\n\n\n\n<p>ANDRADE, Mariana Aparecida Bologna Soares de; BROIETTI, Fabiele Cristiane Dias. <strong>PECEM &#8211; 20 anos de pesquisa em Ensino de Ci\u00eancias e Educa\u00e7\u00e3o Matem\u00e1tica. <\/strong>S\u00e3o Paulo: Livraria da F\u00edsica, 2022. Acesso em:<\/p>\n\n\n\n<ul class=\"wp-block-list\">\n<li><a rel=\"noreferrer noopener\" href=\"https:\/\/pos.uel.br\/pecem\/wp-content\/uploads\/2023\/05\/PECEM-2.pdf\" target=\"_blank\">Link para pdf<\/a>;<\/li>\n\n\n\n<li><a rel=\"noreferrer noopener\" href=\"https:\/\/pos.uel.br\/pecem\/wp-content\/uploads\/2023\/05\/blocked.gif\" target=\"_blank\">Link para epub (kindle)<\/a>.<\/li>\n<\/ul>\n","protected":false},"excerpt":{"rendered":"<p>Livros ANDRADE, Mariana Aparecida Bologna Soares de; BROIETTI, Fabiele Cristiane Dias. PECEM &#8211; 20 anos de pesquisa em Ensino de Ci\u00eancias e Educa\u00e7\u00e3o Matem\u00e1tica. S\u00e3o Paulo: Livraria da F\u00edsica, 2022. Acesso em:<\/p>\n","protected":false},"author":8,"featured_media":0,"parent":0,"menu_order":0,"comment_status":"closed","ping_status":"closed","template":"","meta":{"_acf_changed":false,"footnotes":""},"class_list":["post-1859","page","type-page","status-publish","hentry"],"acf":[],"_links":{"self":[{"href":"https:\/\/pos.uel.br\/pecem\/wp-json\/wp\/v2\/pages\/1859","targetHints":{"allow":["GET"]}}],"collection":[{"href":"https:\/\/pos.uel.br\/pecem\/wp-json\/wp\/v2\/pages"}],"about":[{"href":"https:\/\/pos.uel.br\/pecem\/wp-json\/wp\/v2\/types\/page"}],"author":[{"embeddable":true,"href":"https:\/\/pos.uel.br\/pecem\/wp-json\/wp\/v2\/users\/8"}],"replies":[{"embeddable":true,"href":"https:\/\/pos.uel.br\/pecem\/wp-json\/wp\/v2\/comments?post=1859"}],"version-history":[{"count":3,"href":"https:\/\/pos.uel.br\/pecem\/wp-json\/wp\/v2\/pages\/1859\/revisions"}],"predecessor-version":[{"id":1868,"href":"https:\/\/pos.uel.br\/pecem\/wp-json\/wp\/v2\/pages\/1859\/revisions\/1868"}],"wp:attachment":[{"href":"https:\/\/pos.uel.br\/pecem\/wp-json\/wp\/v2\/media?parent=1859"}],"curies":[{"name":"wp","href":"https:\/\/api.w.org\/{rel}","templated":true}]}}