{"id":164,"date":"2021-07-21T12:20:08","date_gmt":"2021-07-21T15:20:08","guid":{"rendered":"https:\/\/pos.uel.br\/pecem\/?page_id=164"},"modified":"2026-04-24T18:57:35","modified_gmt":"2026-04-24T21:57:35","slug":"formularios","status":"publish","type":"page","link":"https:\/\/pos.uel.br\/pecem\/formularios\/","title":{"rendered":"Formul\u00e1rios"},"content":{"rendered":"\n<p><strong>LINKS COM FORMUL\u00c1RIOS PARA COMPOSI\u00c7\u00c3O DAS BANCAS DE QUALIFICA\u00c7\u00c3O E DE DEFESA<\/strong><\/p>\n\n\n\n<div class=\"wp-block-buttons is-layout-flex wp-block-buttons-is-layout-flex\">\n<div class=\"wp-block-button\"><a class=\"wp-block-button__link has-extra-1-background-color has-background wp-element-button\" href=\"https:\/\/pos.uel.br\/pecem\/wp-content\/uploads\/2025\/07\/Indicacao-Banca-Qualificacao-Mestrado-MODELO-2T-2.doc\" target=\"_blank\" rel=\"noreferrer noopener\"><strong>Modelo de formul\u00e1rio para composi\u00e7\u00e3o de banca de qualifica\u00e7\u00e3o &#8211; Mestrado (2 titulares)<\/strong><\/a><\/div>\n<\/div>\n\n\n\n<div style=\"height:20px\" aria-hidden=\"true\" class=\"wp-block-spacer\"><\/div>\n\n\n\n<div class=\"wp-block-buttons is-layout-flex wp-block-buttons-is-layout-flex\">\n<div class=\"wp-block-button\"><a class=\"wp-block-button__link has-extra-1-background-color has-background wp-element-button\" href=\"https:\/\/pos.uel.br\/pecem\/wp-content\/uploads\/2025\/07\/Indicacao-Banca-Qualificacao-Doutorado-MODELO-4T-1.doc\" target=\"_blank\" rel=\"noreferrer noopener\"><strong>Modelo de formul\u00e1rio para composi\u00e7\u00e3o de banca de qualifica\u00e7\u00e3o &#8211; Doutorado (4 titulares)<\/strong><\/a><\/div>\n<\/div>\n\n\n\n<div style=\"height:20px\" aria-hidden=\"true\" class=\"wp-block-spacer\"><\/div>\n\n\n\n<div class=\"wp-block-buttons is-layout-flex wp-block-buttons-is-layout-flex\">\n<div class=\"wp-block-button\"><a class=\"wp-block-button__link has-extra-1-background-color has-background wp-element-button\" href=\"https:\/\/pos.uel.br\/pecem\/wp-content\/uploads\/2025\/07\/Indicacao-Banca-Defesa-Mestrado-MODELO-2T-2S.doc\" target=\"_blank\" rel=\"noreferrer noopener\"><strong>Modelo de formul\u00e1rio para composi\u00e7\u00e3o de banca de defesa &#8211; Mestrado (2 titulares e 2 suplentes)<\/strong><\/a><\/div>\n<\/div>\n\n\n\n<div style=\"height:21px\" aria-hidden=\"true\" class=\"wp-block-spacer\"><\/div>\n\n\n\n<div class=\"wp-block-buttons is-layout-flex wp-block-buttons-is-layout-flex\">\n<div class=\"wp-block-button\"><a class=\"wp-block-button__link has-extra-1-background-color has-background wp-element-button\" href=\"https:\/\/pos.uel.br\/pecem\/wp-content\/uploads\/2025\/07\/Indicacao-Banca-Defesa-Doutorado-MODELO-4T-2S.doc\" target=\"_blank\" rel=\"noreferrer noopener\"><strong>Modelo de formul\u00e1rio para composi\u00e7\u00e3o de banca de defesa &#8211; Doutorado (4 titulares e 2 suplentes)<\/strong><\/a><\/div>\n<\/div>\n\n\n\n<div style=\"height:21px\" aria-hidden=\"true\" class=\"wp-block-spacer\"><\/div>\n\n\n\n<div class=\"wp-block-buttons is-layout-flex wp-block-buttons-is-layout-flex\">\n<div class=\"wp-block-button\"><a class=\"wp-block-button__link has-extra-1-background-color has-background wp-element-button\" href=\"https:\/\/pos.uel.br\/pecem\/wp-content\/uploads\/2025\/09\/Modelo-indicacao-de-convidados-de-banca-presencial.docx\" target=\"_blank\" rel=\"noreferrer noopener\"><strong>Modelo de formul\u00e1rio para composi\u00e7\u00e3o de banca presencial &#8211; Solicita\u00e7\u00e3o de apoio financeiro<\/strong><\/a><\/div>\n<\/div>\n\n\n\n<div style=\"height:21px\" aria-hidden=\"true\" class=\"wp-block-spacer\"><\/div>\n\n\n\n<p><strong>ORIENTA\u00c7\u00d5ES PARA A ENTREGA DA VERS\u00c3O FINAL<\/strong><\/p>\n\n\n\n<div class=\"wp-block-buttons is-layout-flex wp-block-buttons-is-layout-flex\">\n<div class=\"wp-block-button\"><a class=\"wp-block-button__link has-extra-1-background-color has-background wp-element-button\" href=\"https:\/\/pos.uel.br\/pecem\/wp-content\/uploads\/2026\/01\/2026-criterios-para-entrega-de-trabalho-final.pdf\" target=\"_blank\" rel=\"noreferrer noopener\"><strong>Orienta\u00e7\u00e3o e crit\u00e9rios para entrega do trabalho final<\/strong><\/a><\/div>\n<\/div>\n\n\n\n<div style=\"height:20px\" aria-hidden=\"true\" class=\"wp-block-spacer\"><\/div>\n\n\n\n<div class=\"wp-block-buttons is-layout-flex wp-block-buttons-is-layout-flex\">\n<div class=\"wp-block-button\"><a class=\"wp-block-button__link has-extra-1-background-color has-background wp-element-button\" href=\"https:\/\/pos.uel.br\/pecem\/wp-content\/uploads\/2026\/01\/TERMO-DE-ENCAMINHAMENTO-pos-defesa-M-D.docx\"><strong>Termo de<\/strong> <strong>Encaminhamento P\u00f3s-defesa de Mestrado e Doutorado<\/strong><\/a><\/div>\n<\/div>\n\n\n\n<div style=\"height:50px\" aria-hidden=\"true\" class=\"wp-block-spacer\"><\/div>\n\n\n\n<p><strong>APRESENTA\u00c7\u00d5ES DE TRABALHOS EM EVENTOS DA \u00c1REA<\/strong><\/p>\n\n\n\n<p>N\u00e3o esquecer de colocar os <strong><a href=\"https:\/\/pos.uel.br\/pecem\/logos-do-programa\/\" target=\"_blank\" rel=\"noreferrer noopener\">logos<\/a> <\/strong>do Programa e da Capes, principalmente para o caso de bolsistas.<\/p>\n\n\n\n<div style=\"height:50px\" aria-hidden=\"true\" class=\"wp-block-spacer\"><\/div>\n\n\n\n<p><strong>INFORMATIVO SOBRE SOLICITA\u00c7\u00c3O DE AUX\u00cdLIO FINANCEIRO<\/strong> &#8211; <strong>ESTUDANTES<\/strong><\/p>\n\n\n\n<div style=\"height:20px\" aria-hidden=\"true\" class=\"wp-block-spacer\"><\/div>\n\n\n\n<div class=\"wp-block-buttons is-layout-flex wp-block-buttons-is-layout-flex\">\n<div class=\"wp-block-button\"><a class=\"wp-block-button__link has-extra-1-background-color has-background wp-element-button\" href=\"https:\/\/pos.uel.br\/pecem\/wp-content\/uploads\/2025\/09\/ANEXO-0-SOLICITACAO-DE-AUXILIO-FINANCEIRO_informacoes-.pdf\" target=\"_blank\" rel=\"noreferrer noopener\"><strong>Anexo 0<\/strong> &#8211; Solicita\u00e7\u00e3o de aux\u00edlio financeiro (informa\u00e7\u00f5es)<\/a><\/div>\n<\/div>\n\n\n\n<div style=\"height:20px\" aria-hidden=\"true\" class=\"wp-block-spacer\"><\/div>\n\n\n\n<div class=\"wp-block-buttons is-layout-flex wp-block-buttons-is-layout-flex\">\n<div class=\"wp-block-button\"><a class=\"wp-block-button__link has-extra-1-background-color has-background wp-element-button\" href=\"https:\/\/pos.uel.br\/pecem\/wp-content\/uploads\/2025\/09\/ANEXO-1-SOLICITACAO-DE-AUXILIO-FINANCEIRO_evento-presencial.docx\" target=\"_blank\" rel=\"noreferrer noopener\"><strong>Anexo 1 <\/strong>&#8211; Solicita\u00e7\u00e3o de aux\u00edlio financeiro (evento presencial)<\/a><\/div>\n<\/div>\n\n\n\n<div style=\"height:20px\" aria-hidden=\"true\" class=\"wp-block-spacer\"><\/div>\n\n\n\n<div class=\"wp-block-buttons is-layout-flex wp-block-buttons-is-layout-flex\">\n<div class=\"wp-block-button\"><a class=\"wp-block-button__link has-extra-1-background-color has-background wp-element-button\" href=\"https:\/\/pos.uel.br\/pecem\/wp-content\/uploads\/2025\/09\/ANEXO-2-SOLICITACAO-DE-AUXILIO-FINANCEIRO_evento-online-1.docx\" target=\"_blank\" rel=\"noreferrer noopener\"><strong>Anexo 2<\/strong> &#8211; Solicita\u00e7\u00e3o de aux\u00edlio financeiro (evento online)<\/a><\/div>\n<\/div>\n\n\n\n<div style=\"height:20px\" aria-hidden=\"true\" class=\"wp-block-spacer\"><\/div>\n\n\n\n<div class=\"wp-block-buttons is-layout-flex wp-block-buttons-is-layout-flex\">\n<div class=\"wp-block-button\"><a class=\"wp-block-button__link has-extra-1-background-color has-background wp-element-button\" href=\"https:\/\/pos.uel.br\/pecem\/wp-content\/uploads\/2025\/09\/ANEXO-3-SOLICITACAO-DE-AUXILIO-FINANCEIRO_publicacao_traducao_revisao-1.docx\" target=\"_blank\" rel=\"noreferrer noopener\"><strong>Anexo 3<\/strong> \u2013 Solicita\u00e7\u00e3o de aux\u00edlio financeiro (publica\u00e7\u00e3o, tradu\u00e7\u00e3o e revis\u00e3o)<\/a><\/div>\n<\/div>\n\n\n\n<div style=\"height:20px\" aria-hidden=\"true\" class=\"wp-block-spacer\"><\/div>\n\n\n\n<div class=\"wp-block-buttons is-layout-flex wp-block-buttons-is-layout-flex\">\n<div class=\"wp-block-button\"><a class=\"wp-block-button__link has-extra-1-background-color has-background wp-element-button\" href=\"https:\/\/pos.uel.br\/pecem\/wp-content\/uploads\/2025\/09\/ANEXO-4-RELATORIO-DE-AUXILIO-FINANCEIRO_relatorio-evento-presencial-ou-online-1.docx\" target=\"_blank\" rel=\"noreferrer noopener\"><strong>Anexo 4 <\/strong>&#8211; Solicita\u00e7\u00e3o de aux\u00edlio financeiro (relat\u00f3rio de evento presencial ou online<\/a><\/div>\n<\/div>\n\n\n\n<div style=\"height:50px\" aria-hidden=\"true\" class=\"wp-block-spacer\"><\/div>\n\n\n\n<p><strong>INFORMATIVO SOBRE SOLICITA\u00c7\u00c3O DE AUX\u00cdLIO FINANCEIRO<\/strong> &#8211; <strong>DOCENTES<\/strong><\/p>\n\n\n\n<div class=\"wp-block-buttons is-layout-flex wp-block-buttons-is-layout-flex\">\n<div class=\"wp-block-button\"><a class=\"wp-block-button__link has-extra-1-background-color has-background wp-element-button\" href=\"https:\/\/pos.uel.br\/pecem\/wp-content\/uploads\/2025\/09\/ANEXO-5-DOCENTES-SOLICITACAO-AUXILIO-EVENTO-docentes-do-programa.docx\" target=\"_blank\" rel=\"noreferrer noopener\"><strong>Anexo 5 <\/strong>&#8211; DOCENTES &#8211; Solicita\u00e7\u00e3o de aux\u00edlio financeiro<\/a><\/div>\n<\/div>\n\n\n\n<div style=\"height:50px\" aria-hidden=\"true\" class=\"wp-block-spacer\"><\/div>\n\n\n\n<p><strong>OUTROS ANEXOS <\/strong><\/p>\n\n\n\n<div class=\"wp-block-buttons is-layout-flex wp-block-buttons-is-layout-flex\">\n<div class=\"wp-block-button\"><a class=\"wp-block-button__link has-extra-1-background-color has-background wp-element-button\" href=\"https:\/\/pos.uel.br\/pecem\/wp-content\/uploads\/2025\/09\/ANEXO-6-MODELO-de-declaracao-de-revisao-textual.docx\" target=\"_blank\" rel=\"noreferrer noopener\"><strong>Anexo 6 <\/strong>&#8211; MODELO de declara\u00e7\u00e3o de revis\u00e3o textual\/tradu\u00e7\u00e3o<\/a><\/div>\n<\/div>\n\n\n\n<p><\/p>\n","protected":false},"excerpt":{"rendered":"<p>LINKS COM FORMUL\u00c1RIOS PARA COMPOSI\u00c7\u00c3O DAS BANCAS DE QUALIFICA\u00c7\u00c3O E DE DEFESA ORIENTA\u00c7\u00d5ES PARA A ENTREGA DA VERS\u00c3O FINAL APRESENTA\u00c7\u00d5ES DE TRABALHOS EM EVENTOS DA \u00c1REA N\u00e3o esquecer de colocar os logos do Programa e da Capes, principalmente para o caso de bolsistas. INFORMATIVO SOBRE SOLICITA\u00c7\u00c3O DE AUX\u00cdLIO FINANCEIRO &#8211; ESTUDANTES INFORMATIVO SOBRE SOLICITA\u00c7\u00c3O DE [&hellip;]<\/p>\n","protected":false},"author":8,"featured_media":0,"parent":0,"menu_order":0,"comment_status":"closed","ping_status":"closed","template":"","meta":{"_acf_changed":false,"footnotes":""},"class_list":["post-164","page","type-page","status-publish","hentry"],"acf":[],"_links":{"self":[{"href":"https:\/\/pos.uel.br\/pecem\/wp-json\/wp\/v2\/pages\/164","targetHints":{"allow":["GET"]}}],"collection":[{"href":"https:\/\/pos.uel.br\/pecem\/wp-json\/wp\/v2\/pages"}],"about":[{"href":"https:\/\/pos.uel.br\/pecem\/wp-json\/wp\/v2\/types\/page"}],"author":[{"embeddable":true,"href":"https:\/\/pos.uel.br\/pecem\/wp-json\/wp\/v2\/users\/8"}],"replies":[{"embeddable":true,"href":"https:\/\/pos.uel.br\/pecem\/wp-json\/wp\/v2\/comments?post=164"}],"version-history":[{"count":37,"href":"https:\/\/pos.uel.br\/pecem\/wp-json\/wp\/v2\/pages\/164\/revisions"}],"predecessor-version":[{"id":3821,"href":"https:\/\/pos.uel.br\/pecem\/wp-json\/wp\/v2\/pages\/164\/revisions\/3821"}],"wp:attachment":[{"href":"https:\/\/pos.uel.br\/pecem\/wp-json\/wp\/v2\/media?parent=164"}],"curies":[{"name":"wp","href":"https:\/\/api.w.org\/{rel}","templated":true}]}}