{"id":1397,"date":"2021-12-09T11:27:22","date_gmt":"2021-12-09T14:27:22","guid":{"rendered":"https:\/\/pos.uel.br\/pecem\/?page_id=1397"},"modified":"2025-04-27T23:39:27","modified_gmt":"2025-04-28T02:39:27","slug":"area-de-concentracion","status":"publish","type":"page","link":"https:\/\/pos.uel.br\/pecem\/es\/area-de-concentracion\/","title":{"rendered":"\u00c1rea de concentraci\u00f3n"},"content":{"rendered":"\n<p class=\"has-text-align-center\"><strong>T\u00cdTULOS ACAD\u00c9MICOS DE M\u00c1STER Y DOCTORADO&nbsp;<\/strong><\/p>\n\n\n\n<p class=\"has-text-align-center\"><strong>ENSE\u00d1ANZA DE CIENCIAS Y EDUCACI\u00d3N MATEM\u00c1TICA&nbsp;<\/strong><\/p>\n\n\n\n<p class=\"has-text-align-center\"><strong>\u00c1REAS DE INVESTIGACI\u00d3N&nbsp;<\/strong><\/p>\n\n\n\n<p class=\"has-text-align-center\"><strong>CONSTRUCCI\u00d3N DEL CONOCIMIENTO EN CIENCIAS Y MATEM\u00c1TICAS&nbsp;<\/strong><\/p>\n\n\n\n<p class=\"has-text-align-center\">Investigaciones sobre las bases y el proceso de construcci\u00f3n del conocimiento de los estudiantes en la educaci\u00f3n de Ciencias y Matem\u00e1ticas.&nbsp;<\/p>\n\n\n\n<p class=\"has-text-align-center\"><strong>DESARROLLO DEL DOCENTE EN CIENCIAS Y MATEM\u00c1TICAS&nbsp;<\/strong><\/p>\n\n\n\n<p class=\"has-text-align-center\">Investigaci\u00f3n sobre las bases y el proceso de construcci\u00f3n\/preparaci\u00f3n del conocimiento docente en la educaci\u00f3n de Ciencias y Matem\u00e1ticas.&nbsp;<\/p>\n\n\n\n<p class=\"has-text-align-center\"><strong>HISTORIA Y FILOSOF\u00cdA DE LAS CIENCIAS Y MATEM\u00c1TICAS&nbsp;<\/strong><\/p>\n\n\n\n<p class=\"has-text-align-center\">Aportes de la Historia y la Filosof\u00eda de las Ciencias y Matem\u00e1ticas hacia una comprensi\u00f3n entre el conocimiento escolar y el conocimiento cient\u00edfico, as\u00ed como la constituci\u00f3n hist\u00f3rico-cultural de las Ciencias y Matem\u00e1ticas.&nbsp;<\/p>\n\n\n\n<p class=\"has-text-align-center\"><strong>DEPARTAMENTOS PROPONENTES\u00a0<\/strong><\/p>\n\n\n\n<p class=\"has-text-align-center\">Departamento de Biolog\u00eda General, Departamento de F\u00edsica, Departamento de Geograf\u00eda, Departamento de Matem\u00e1ticas y Departamento de Qu\u00edmica.<\/p>\n","protected":false},"excerpt":{"rendered":"<p>T\u00cdTULOS ACAD\u00c9MICOS DE M\u00c1STER Y DOCTORADO&nbsp; ENSE\u00d1ANZA DE CIENCIAS Y EDUCACI\u00d3N MATEM\u00c1TICA&nbsp; \u00c1REAS DE INVESTIGACI\u00d3N&nbsp; CONSTRUCCI\u00d3N DEL CONOCIMIENTO EN CIENCIAS Y MATEM\u00c1TICAS&nbsp; Investigaciones sobre las bases y el proceso de construcci\u00f3n del conocimiento de los estudiantes en la educaci\u00f3n de Ciencias y Matem\u00e1ticas.&nbsp; DESARROLLO DEL DOCENTE EN CIENCIAS Y MATEM\u00c1TICAS&nbsp; Investigaci\u00f3n sobre las bases y [&hellip;]<\/p>\n","protected":false},"author":8,"featured_media":0,"parent":0,"menu_order":0,"comment_status":"closed","ping_status":"closed","template":"","meta":{"_acf_changed":false,"footnotes":""},"class_list":["post-1397","page","type-page","status-publish","hentry"],"acf":[],"_links":{"self":[{"href":"https:\/\/pos.uel.br\/pecem\/wp-json\/wp\/v2\/pages\/1397","targetHints":{"allow":["GET"]}}],"collection":[{"href":"https:\/\/pos.uel.br\/pecem\/wp-json\/wp\/v2\/pages"}],"about":[{"href":"https:\/\/pos.uel.br\/pecem\/wp-json\/wp\/v2\/types\/page"}],"author":[{"embeddable":true,"href":"https:\/\/pos.uel.br\/pecem\/wp-json\/wp\/v2\/users\/8"}],"replies":[{"embeddable":true,"href":"https:\/\/pos.uel.br\/pecem\/wp-json\/wp\/v2\/comments?post=1397"}],"version-history":[{"count":2,"href":"https:\/\/pos.uel.br\/pecem\/wp-json\/wp\/v2\/pages\/1397\/revisions"}],"predecessor-version":[{"id":3183,"href":"https:\/\/pos.uel.br\/pecem\/wp-json\/wp\/v2\/pages\/1397\/revisions\/3183"}],"wp:attachment":[{"href":"https:\/\/pos.uel.br\/pecem\/wp-json\/wp\/v2\/media?parent=1397"}],"curies":[{"name":"wp","href":"https:\/\/api.w.org\/{rel}","templated":true}]}}