{"id":1184,"date":"2021-09-21T19:53:29","date_gmt":"2021-09-21T22:53:29","guid":{"rendered":"https:\/\/pos.uel.br\/pecem\/?page_id=1184"},"modified":"2025-06-16T10:50:12","modified_gmt":"2025-06-16T13:50:12","slug":"program-scholarships","status":"publish","type":"page","link":"https:\/\/pos.uel.br\/pecem\/en\/program-scholarships\/","title":{"rendered":"Program Scholarships"},"content":{"rendered":"\n<p><strong>Current Number of Scholarships<\/strong><\/p>\n\n\n\n<p>The Program has 33 (thirty-three) CAPES Doctoral scholarships, 2 (two) active CAPES Doctoral scholarships through the Funda\u00e7\u00e3o Arauc\u00e1ria public notice and 1 (one) active CNPQ Doctoral scholarship through the Funda\u00e7\u00e3o Arauc\u00e1ria public notice.<\/p>\n\n\n\n<p>For the Master&#8217;s level, the Program has 19 (nineteen) CAPES scholarships, 1 (one) CAPES scholarship through the Funda\u00e7\u00e3o Arauc\u00e1ria public notice and 1 (one) active CNPQ scholarship through the Funda\u00e7\u00e3o Arauc\u00e1ria public notice.<\/p>\n\n\n\n<p><strong>Criteria for Student Classification and Scholarship Distribution \u2013 for students admitted until 2023<\/strong><br>The first criterion is the descending order of the score on the writing exam taken during the selection process. The second criterion is to consider students whose advisor does not yet have a scholarship holder, aiming for equity in the number of scholarship holders per advisor.<\/p>\n\n\n\n<p><strong>Criteria for Student Classification and Scholarship Distribution \u2013 for students admitted from 2024 onwards<\/strong><br><strong>Master&#8217;s<\/strong><br>The first criterion is the descending order of the score on the writing exam taken during the selection process. The second criterion is to consider students whose advisor does not yet have a scholarship holder, aiming for equity in the number of scholarship holders per advisor.<\/p>\n\n\n\n<p><strong>Doctorate<\/strong><br>The criterion will be the weighted average of the selection exam score (NS) and the first English exam score (NPPI) applied by the program, following the formula:<br>(NS x 0.7) + (NPPI x 0.3)<\/p>\n\n\n\n<p><strong>Scholarships and Employment Links, and Scholarships of Other Nature<\/strong><br>The Program has an internal rule regarding the employment link of scholarship holders or the link of scholarships from different sources than those received in GPSEME. It will be possible to request accumulation under only one of the two situations presented below:<\/p>\n\n\n\n<ol start=\"1\" class=\"wp-block-list\">\n<li><strong>GPSEME students who work as teachers in Basic Education or Higher Education<\/strong><br>\u2022 It is allowed to work with a standard of 20 hours per week or up to 20 CONTRACTUAL hours in the private network.<br>\u2022 It is necessary to obtain the advisor&#8217;s agreement.<\/li>\n\n\n\n<li><strong>PECEM students with scholarships of a different nature<\/strong><br>Accumulation will be allowed if the following criteria are met:<br>\u2022 The additional scholarship is from a different source and not from the same payer.<br>\u2022 The activity financed by the other scholarship must have an academic character and be related to the field of Education (teaching, research, extension, or educational material production activities).<br>\u2022 Presentation and approval of the work plan, indicating the activities to be developed.<br>\u2022 Submission of a letter from the advisor confirming awareness and agreement with the scholarship, ensuring that the activities will not interfere with the student&#8217;s commitment to GPSEME activities.<\/li>\n<\/ol>\n\n\n\n<p><strong>Note<\/strong>: The accumulation of scholarships is not allowed if the additional scholarship:<br>(a) is of the same nature \u2013 master&#8217;s or doctoral scholarship;<br>(b) has the same payer source (CAPES or CNPq); and\/or<br>(c) finances non-academic activities (activities unrelated to teaching, research, extension, or educational material production).<\/p>\n\n\n\n<p><strong>Starting from October 1, 2023<\/strong>: Students who already have the above-mentioned links before becoming scholarship holders may be eligible for scholarship quotas.<\/p>\n\n\n\n<p>The distribution of master&#8217;s and doctoral scholarships, after classification, will follow an initial round of distribution for students who do not work and do not receive scholarships. After this distribution, there will be a subsequent distribution considering students with employment links or scholarships established by the program.<\/p>\n\n\n\n<p>The student must inform the scholarship committee of any existing or future links they may have for evaluation, approval, or maintenance of GPSEME scholarships. In cases where the student does not inform the scholarship committee or fails to submit the required documents, the GPSEME master&#8217;s or doctoral scholarship will not be granted or will be canceled.<\/p>\n\n\n\n<div style=\"height:20px\" aria-hidden=\"true\" class=\"wp-block-spacer\"><\/div>\n\n\n\n<div class=\"wp-block-columns is-layout-flex wp-container-core-columns-is-layout-9d6595d7 wp-block-columns-is-layout-flex\">\n<div class=\"wp-block-column is-layout-flow wp-block-column-is-layout-flow\">\n<div class=\"wp-block-buttons is-content-justification-center is-layout-flex wp-container-core-buttons-is-layout-16018d1d wp-block-buttons-is-layout-flex\">\n<div class=\"wp-block-button has-custom-width wp-block-button__width-100\"><a class=\"wp-block-button__link has-extra-1-background-color has-background wp-element-button\" href=\"https:\/\/pos.uel.br\/pecem\/wp-content\/uploads\/2023\/09\/portaria_133-1-1.pdf\" target=\"_blank\" rel=\"noreferrer noopener\"><strong><strong>CAPES ORDER No. 133, of July 10, 2023<\/strong><\/strong><\/a><\/div>\n<\/div>\n\n\n\n<div style=\"height:20px\" aria-hidden=\"true\" class=\"wp-block-spacer\"><\/div>\n\n\n\n<div class=\"wp-block-buttons is-layout-flex wp-block-buttons-is-layout-flex\">\n<div class=\"wp-block-button has-custom-width wp-block-button__width-100\"><a class=\"wp-block-button__link has-extra-1-background-color has-background wp-element-button\" href=\"https:\/\/pos.uel.br\/pecem\/wp-content\/uploads\/2024\/07\/TermodeCompromissoDS_Bolsista.docx\" target=\"_blank\" rel=\"noreferrer noopener\"><strong>Scholarship Holder Commitment Term<\/strong><\/a><\/div>\n<\/div>\n\n\n\n<div style=\"height:20px\" aria-hidden=\"true\" class=\"wp-block-spacer\"><\/div>\n\n\n\n<div class=\"wp-block-buttons is-layout-flex wp-block-buttons-is-layout-flex\">\n<div class=\"wp-block-button has-custom-width wp-block-button__width-100\"><a class=\"wp-block-button__link has-extra-1-background-color has-background wp-element-button\" href=\"https:\/\/pos.uel.br\/pecem\/wp-content\/uploads\/2021\/08\/DIPPG_Bolsa_PortariaConjuntaCapesCNPq1.pdf\" target=\"_blank\" rel=\"noreferrer noopener\"><strong>Joint Order of 07\/15\/2010 from CAPES\/CNPq<\/strong><\/a><\/div>\n<\/div>\n\n\n\n<div style=\"height:20px\" aria-hidden=\"true\" class=\"wp-block-spacer\"><\/div>\n\n\n\n<div class=\"wp-block-buttons is-layout-flex wp-block-buttons-is-layout-flex\">\n<div class=\"wp-block-button has-custom-width wp-block-button__width-100\"><a class=\"wp-block-button__link has-extra-1-background-color has-background wp-element-button\" href=\"https:\/\/pos.uel.br\/pecem\/wp-content\/uploads\/2021\/08\/proex-consulta-historica1.pdf\" target=\"_blank\" rel=\"noreferrer noopener\"><strong>PROEX Regulations for Historical Consultation<\/strong><\/a><\/div>\n<\/div>\n\n\n\n<div style=\"height:20px\" aria-hidden=\"true\" class=\"wp-block-spacer\"><\/div>\n\n\n\n<div class=\"wp-block-buttons is-layout-flex wp-block-buttons-is-layout-flex\">\n<div class=\"wp-block-button has-custom-width wp-block-button__width-100\"><a class=\"wp-block-button__link has-extra-1-background-color has-background wp-element-button\" href=\"https:\/\/pos.uel.br\/pecem\/wp-content\/uploads\/2021\/08\/portaria-2271.pdf\" target=\"_blank\" rel=\"noreferrer noopener\"><strong>CAPES ORDER No. 227 of November 27, 2017<\/strong><\/a><\/div>\n<\/div>\n\n\n\n<div style=\"height:20px\" aria-hidden=\"true\" class=\"wp-block-spacer\"><\/div>\n\n\n\n<div class=\"wp-block-buttons is-layout-flex wp-block-buttons-is-layout-flex\">\n<div class=\"wp-block-button has-custom-width wp-block-button__width-100\"><a class=\"wp-block-button__link has-extra-1-background-color has-background wp-element-button\" href=\"https:\/\/pos.uel.br\/pecem\/wp-content\/uploads\/2021\/08\/devolucao-de-bolsa.pdf\" target=\"_blank\" rel=\"noreferrer noopener\"><strong>Guidelines for Scholarship Return<\/strong><\/a><\/div>\n<\/div>\n\n\n\n<div style=\"height:20px\" aria-hidden=\"true\" class=\"wp-block-spacer\"><\/div>\n\n\n\n<div class=\"wp-block-buttons is-layout-flex wp-block-buttons-is-layout-flex\">\n<div class=\"wp-block-button has-custom-width wp-block-button__width-100\"><a class=\"wp-block-button__link has-extra-1-background-color has-background wp-element-button\" href=\"https:\/\/pos.uel.br\/pecem\/wp-content\/uploads\/2025\/02\/SEI_2538198_Oficio_Circular_1-Novas-regras-em-caso-de-licenca-maternidade-1.pdf\" target=\"_blank\" rel=\"noreferrer noopener\"><strong>New Rules for Extension of Study Scholarships in Case of Maternity Leave (2025)<\/strong><\/a><\/div>\n<\/div>\n<\/div>\n\n\n\n<div class=\"wp-block-column is-layout-flow wp-block-column-is-layout-flow\">\n<div class=\"wp-block-buttons is-content-justification-center is-layout-flex wp-container-core-buttons-is-layout-16018d1d wp-block-buttons-is-layout-flex\">\n<div class=\"wp-block-button has-custom-width wp-block-button__width-100\"><a class=\"wp-block-button__link has-extra-1-background-color has-background wp-element-button\" href=\"https:\/\/pos.uel.br\/pecem\/wp-content\/uploads\/2024\/07\/Instrucao-de-Servico_PROPPG_07_2023-Portaria-133.pdf\" target=\"_blank\" rel=\"noreferrer noopener\"><strong><strong>SERVICE INSTRUCTION PROPPG No. 07\/2023<\/strong><\/strong><\/a><\/div>\n<\/div>\n\n\n\n<div style=\"height:20px\" aria-hidden=\"true\" class=\"wp-block-spacer\"><\/div>\n\n\n\n<div class=\"wp-block-buttons is-layout-flex wp-block-buttons-is-layout-flex\">\n<div class=\"wp-block-button has-custom-width wp-block-button__width-100\"><a class=\"wp-block-button__link has-extra-1-background-color has-background wp-element-button\" href=\"https:\/\/pos.uel.br\/pecem\/wp-content\/uploads\/2024\/07\/DeclaraodeAcmulos1-Modelo-2.docx\" target=\"_blank\" rel=\"noreferrer noopener\"><strong><strong>DECLARATION OF ACCUMULATION<\/strong><\/strong><\/a><\/div>\n<\/div>\n\n\n\n<div style=\"height:20px\" aria-hidden=\"true\" class=\"wp-block-spacer\"><\/div>\n\n\n\n<div class=\"wp-block-buttons is-layout-flex wp-block-buttons-is-layout-flex\">\n<div class=\"wp-block-button has-custom-width wp-block-button__width-100\"><a class=\"wp-block-button__link has-extra-1-background-color has-background wp-element-button\" href=\"https:\/\/pos.uel.br\/pecem\/wp-content\/uploads\/2021\/08\/proex-atualizado1.pdf\" target=\"_blank\" rel=\"noreferrer noopener\"><strong>Updated PROEX Regulations<\/strong><\/a><\/div>\n<\/div>\n\n\n\n<div style=\"height:20px\" aria-hidden=\"true\" class=\"wp-block-spacer\"><\/div>\n\n\n\n<div class=\"wp-block-buttons is-layout-flex wp-block-buttons-is-layout-flex\">\n<div class=\"wp-block-button has-custom-width wp-block-button__width-100\"><a class=\"wp-block-button__link has-extra-1-background-color has-background wp-element-button\" href=\"https:\/\/pos.uel.br\/pecem\/wp-content\/uploads\/2021\/08\/portaria-1321.pdf\" target=\"_blank\" rel=\"noreferrer noopener\"><strong>CAPES ORDER No. 132 of August 18, 2016<\/strong><\/a><\/div>\n<\/div>\n\n\n\n<div style=\"height:20px\" aria-hidden=\"true\" class=\"wp-block-spacer\"><\/div>\n\n\n\n<div class=\"wp-block-buttons is-layout-flex wp-block-buttons-is-layout-flex\">\n<div class=\"wp-block-button has-custom-width wp-block-button__width-100\"><a class=\"wp-block-button__link has-extra-1-background-color has-background wp-element-button\" href=\"https:\/\/pos.uel.br\/pecem\/wp-content\/uploads\/2021\/08\/termo-de-compromisso-discente1.pdf\" target=\"_blank\" rel=\"noreferrer noopener\"><strong>Commitment Term for Scholarship Students<\/strong><\/a><\/div>\n<\/div>\n\n\n\n<div style=\"height:20px\" aria-hidden=\"true\" class=\"wp-block-spacer\"><\/div>\n\n\n\n<div class=\"wp-block-buttons is-layout-flex wp-block-buttons-is-layout-flex\">\n<div class=\"wp-block-button has-custom-width wp-block-button__width-100\"><a class=\"wp-block-button__link has-extra-1-background-color has-background wp-element-button\" href=\"https:\/\/pos.uel.br\/pecem\/wp-content\/uploads\/2021\/08\/devolucao-custeio-e-capital.pdf\" target=\"_blank\" rel=\"noreferrer noopener\"><strong>Guidelines for the Return of Operating and Capital Resources<\/strong><\/a><\/div>\n<\/div>\n<\/div>\n<\/div>\n\n\n\n<p><strong>Members of the PECEM Scholarship Committee:<\/strong><br>President: Prof. Mariana A. Bologna Soares de Andrade<br>Prof. Fabiele Cristiane Dias Broietti<br>Prof. Pamela Emanueli Alves Ferreira<br>Student Representative: Isadora Polvani Barbosa<\/p>\n","protected":false},"excerpt":{"rendered":"<p>Current Number of Scholarships The Program has 33 (thirty-three) CAPES Doctoral scholarships, 2 (two) active CAPES Doctoral scholarships through the Funda\u00e7\u00e3o Arauc\u00e1ria public notice and 1 (one) active CNPQ Doctoral scholarship through the Funda\u00e7\u00e3o Arauc\u00e1ria public notice. For the Master&#8217;s level, the Program has 19 (nineteen) CAPES scholarships, 1 (one) CAPES scholarship through the Funda\u00e7\u00e3o [&hellip;]<\/p>\n","protected":false},"author":8,"featured_media":0,"parent":0,"menu_order":0,"comment_status":"closed","ping_status":"closed","template":"","meta":{"_acf_changed":false,"footnotes":""},"class_list":["post-1184","page","type-page","status-publish","hentry"],"acf":[],"_links":{"self":[{"href":"https:\/\/pos.uel.br\/pecem\/wp-json\/wp\/v2\/pages\/1184","targetHints":{"allow":["GET"]}}],"collection":[{"href":"https:\/\/pos.uel.br\/pecem\/wp-json\/wp\/v2\/pages"}],"about":[{"href":"https:\/\/pos.uel.br\/pecem\/wp-json\/wp\/v2\/types\/page"}],"author":[{"embeddable":true,"href":"https:\/\/pos.uel.br\/pecem\/wp-json\/wp\/v2\/users\/8"}],"replies":[{"embeddable":true,"href":"https:\/\/pos.uel.br\/pecem\/wp-json\/wp\/v2\/comments?post=1184"}],"version-history":[{"count":6,"href":"https:\/\/pos.uel.br\/pecem\/wp-json\/wp\/v2\/pages\/1184\/revisions"}],"predecessor-version":[{"id":3367,"href":"https:\/\/pos.uel.br\/pecem\/wp-json\/wp\/v2\/pages\/1184\/revisions\/3367"}],"wp:attachment":[{"href":"https:\/\/pos.uel.br\/pecem\/wp-json\/wp\/v2\/media?parent=1184"}],"curies":[{"name":"wp","href":"https:\/\/api.w.org\/{rel}","templated":true}]}}