{"id":405,"date":"2022-09-07T02:08:08","date_gmt":"2022-09-07T05:08:08","guid":{"rendered":"https:\/\/pos.uel.br\/patologiaexperimental\/?page_id=405"},"modified":"2022-09-27T12:40:17","modified_gmt":"2022-09-27T15:40:17","slug":"biblioteca-digital","status":"publish","type":"page","link":"https:\/\/pos.uel.br\/patologiaexperimental\/biblioteca-digital\/","title":{"rendered":"Biblioteca Digital"},"content":{"rendered":"\n<div style=\"height:35px\" aria-hidden=\"true\" class=\"wp-block-spacer\"><\/div>\n\n\n\n<h2 class=\"has-text-align-center is-style-highlighted-heading wp-block-heading\"><strong><a href=\"http:\/\/www.bibliotecadigital.uel.br\/document\/list.php?tid=94\" data-type=\"URL\" data-id=\"http:\/\/www.bibliotecadigital.uel.br\/document\/list.php?tid=94\" target=\"_blank\" rel=\"noreferrer noopener\">Sistema Nou Rau<\/a><\/strong><\/h2>\n\n\n\n<p class=\"has-text-align-center\">Acesso \u00e0s Disserta\u00e7\u00f5es e Teses conclu\u00eddas no Programa de Patologia Experimental.<\/p>\n\n\n\n<div style=\"height:35px\" aria-hidden=\"true\" class=\"wp-block-spacer\"><\/div>\n\n\n\n<h2 class=\"has-text-align-center is-style-highlighted-heading wp-block-heading\"><strong><a href=\"http:\/\/ojs.uel.br\/offline.html\" data-type=\"URL\" data-id=\"http:\/\/ojs.uel.br\/offline.html\" target=\"_blank\" rel=\"noreferrer noopener\">Revista Biosa\u00fade<\/a><\/strong><\/h2>\n\n\n\n<p class=\"has-text-align-center\">Revista de publica\u00e7\u00e3o de artigos cient\u00edficos, vinculada ao Departamento de Ci\u00eancias Patol\u00f3gicas, CCB, UEL.<\/p>\n\n\n\n<div style=\"height:35px\" aria-hidden=\"true\" class=\"wp-block-spacer\"><\/div>\n\n\n\n<h2 class=\"has-text-align-center is-style-highlighted-heading wp-block-heading\"><strong><a href=\"https:\/\/www-periodicos-capes-gov-br.ezl.periodicos.capes.gov.br\/index.php?\" data-type=\"URL\" data-id=\"https:\/\/www-periodicos-capes-gov-br.ezl.periodicos.capes.gov.br\/index.php?\" target=\"_blank\" rel=\"noreferrer noopener\">Peri\u00f3dicos da CAPES<\/a><\/strong><\/h2>\n\n\n\n<p class=\"has-text-align-center\">Acesso a artigos cient\u00edficos.<\/p>\n\n\n\n<div style=\"height:35px\" aria-hidden=\"true\" class=\"wp-block-spacer\"><\/div>\n\n\n\n<h2 class=\"has-text-align-center is-style-highlighted-heading wp-block-heading\"><strong><a href=\"https:\/\/sucupira.capes.gov.br\/sucupira\/public\/consultas\/coleta\/veiculoPublicacaoQualis\/listaConsultaGeralPeriodicos.jsf\" data-type=\"URL\" data-id=\"https:\/\/sucupira.capes.gov.br\/sucupira\/public\/consultas\/coleta\/veiculoPublicacaoQualis\/listaConsultaGeralPeriodicos.jsf\" target=\"_blank\" rel=\"noreferrer noopener\">Plataforma Sucupira<\/a><\/strong><\/h2>\n\n\n\n<p class=\"has-text-align-center\">&nbsp;Para consultar o Qualis da revista para o Programa de Patologia Experimental, escolha a op\u00e7\u00e3o Medicina II em \u00c1rea de Avalia\u00e7\u00e3o.<\/p>\n","protected":false},"excerpt":{"rendered":"<p>Sistema Nou Rau Acesso \u00e0s Disserta\u00e7\u00f5es e Teses conclu\u00eddas no Programa de Patologia Experimental. Revista Biosa\u00fade Revista de publica\u00e7\u00e3o de artigos cient\u00edficos, vinculada ao Departamento de Ci\u00eancias Patol\u00f3gicas, CCB, UEL. Peri\u00f3dicos da CAPES Acesso a artigos cient\u00edficos. Plataforma Sucupira &nbsp;Para consultar o Qualis da revista para o Programa de Patologia Experimental, escolha a op\u00e7\u00e3o Medicina [&hellip;]<\/p>\n","protected":false},"author":10,"featured_media":0,"parent":0,"menu_order":0,"comment_status":"closed","ping_status":"closed","template":"","meta":{"footnotes":""},"class_list":["post-405","page","type-page","status-publish","hentry"],"_links":{"self":[{"href":"https:\/\/pos.uel.br\/patologiaexperimental\/wp-json\/wp\/v2\/pages\/405","targetHints":{"allow":["GET"]}}],"collection":[{"href":"https:\/\/pos.uel.br\/patologiaexperimental\/wp-json\/wp\/v2\/pages"}],"about":[{"href":"https:\/\/pos.uel.br\/patologiaexperimental\/wp-json\/wp\/v2\/types\/page"}],"author":[{"embeddable":true,"href":"https:\/\/pos.uel.br\/patologiaexperimental\/wp-json\/wp\/v2\/users\/10"}],"replies":[{"embeddable":true,"href":"https:\/\/pos.uel.br\/patologiaexperimental\/wp-json\/wp\/v2\/comments?post=405"}],"version-history":[{"count":5,"href":"https:\/\/pos.uel.br\/patologiaexperimental\/wp-json\/wp\/v2\/pages\/405\/revisions"}],"predecessor-version":[{"id":526,"href":"https:\/\/pos.uel.br\/patologiaexperimental\/wp-json\/wp\/v2\/pages\/405\/revisions\/526"}],"wp:attachment":[{"href":"https:\/\/pos.uel.br\/patologiaexperimental\/wp-json\/wp\/v2\/media?parent=405"}],"curies":[{"name":"wp","href":"https:\/\/api.w.org\/{rel}","templated":true}]}}