{"id":401,"date":"2022-09-07T02:06:02","date_gmt":"2022-09-07T05:06:02","guid":{"rendered":"https:\/\/pos.uel.br\/patologiaexperimental\/?page_id=401"},"modified":"2025-09-05T15:22:48","modified_gmt":"2025-09-05T18:22:48","slug":"processos-seletivos","status":"publish","type":"page","link":"https:\/\/pos.uel.br\/patologiaexperimental\/processos-seletivos\/","title":{"rendered":"Processos Seletivos"},"content":{"rendered":"\n<div style=\"height:0px\" aria-hidden=\"true\" class=\"wp-block-spacer\"><\/div>\n\n\n<h1>\u00a0<\/h1>\n<h1 style=\"text-align: center\"><em><span style=\"color: #666699\"><strong>PROCESSOS SELETIVOS EM ANDAMENTO<\/strong><\/span><\/em><\/h1>\n\n\n<h2 class=\"wp-block-heading has-text-align-center is-style-highlighted-heading has-text-color has-background has-link-color has-medium-font-size wp-elements-687d631679b4ba4d254d0983c5826c81\" style=\"color:#ee9a5f;background:radial-gradient(rgb(238,238,238) 65%,rgb(169,184,195) 100%)\">Estudante Regular<\/h2>\n\n\n\n<p class=\"has-extra-1-color has-text-color has-link-color wp-elements-4a661e2fb8592ca6a522a9a5514ab2b7\" style=\"font-size:17px\"><img loading=\"lazy\" decoding=\"async\" width=\"397\" height=\"263\" class=\"wp-image-1035\" style=\"width: 150px\" src=\"https:\/\/pos.uel.br\/patologiaexperimental\/wp-content\/uploads\/2025\/09\/card-edital.jpeg\" alt=\"\" srcset=\"https:\/\/pos.uel.br\/patologiaexperimental\/wp-content\/uploads\/2025\/09\/card-edital.jpeg 397w, https:\/\/pos.uel.br\/patologiaexperimental\/wp-content\/uploads\/2025\/09\/card-edital-300x199.jpeg 300w\" sizes=\"auto, (max-width: 397px) 100vw, 397px\" \/> <strong><a href=\"https:\/\/drive.google.com\/file\/d\/1aS6Vrd5-dXQ6fLC2Zh_cXS9ct82OyJBk\/view?usp=sharing\">EDITAL No. 020\/2025 &#8211; Sele\u00e7\u00e3o para estudantes regulares &#8211; 2025\/2 <\/a><\/strong>(vers\u00e3o somente em portugu\u00eas)<\/p>\n\n\n\n<h2 class=\"wp-block-heading has-text-align-center is-style-highlighted-heading has-text-color has-background has-link-color has-medium-font-size wp-elements-2a22a12fdaf35d765048552e5c87fe18\" style=\"color:#ee9a5f;background:radial-gradient(rgb(238,238,238) 61%,rgb(169,184,195) 100%)\">Estudante Especial<\/h2>\n\n\n\n<p class=\"has-extra-1-color has-text-color has-link-color wp-elements-efd3cceab8f44bda04b94cb8cf4599d7\" style=\"font-size:17px\"><img loading=\"lazy\" decoding=\"async\" width=\"397\" height=\"263\" class=\"wp-image-1035\" style=\"width: 90px\" src=\"https:\/\/pos.uel.br\/patologiaexperimental\/wp-content\/uploads\/2025\/09\/card-edital.jpeg\" alt=\"\" srcset=\"https:\/\/pos.uel.br\/patologiaexperimental\/wp-content\/uploads\/2025\/09\/card-edital.jpeg 397w, https:\/\/pos.uel.br\/patologiaexperimental\/wp-content\/uploads\/2025\/09\/card-edital-300x199.jpeg 300w\" sizes=\"auto, (max-width: 397px) 100vw, 397px\" \/> <a href=\"https:\/\/drive.google.com\/file\/d\/1hVuVksiLAndR1wf4Clf5OmKGnjLyMzyT\/view?usp=sharing\"><strong>EDITAL No. 014\/2025<\/strong> <strong>&#8211; Sele\u00e7\u00e3o para Estudantes Especiais &#8211; 2025\/2<\/strong> (somente em portugu\u00eas)<\/a><\/p>\n\n\n\n<p class=\"has-extra-1-color has-text-color has-link-color wp-elements-9112c868a6ba803de2bfed0270d5387f\" style=\"font-size:17px\"><img loading=\"lazy\" decoding=\"async\" width=\"397\" height=\"263\" class=\"wp-image-1035\" style=\"width: 90px\" src=\"https:\/\/pos.uel.br\/patologiaexperimental\/wp-content\/uploads\/2025\/09\/card-edital.jpeg\" alt=\"\" srcset=\"https:\/\/pos.uel.br\/patologiaexperimental\/wp-content\/uploads\/2025\/09\/card-edital.jpeg 397w, https:\/\/pos.uel.br\/patologiaexperimental\/wp-content\/uploads\/2025\/09\/card-edital-300x199.jpeg 300w\" sizes=\"auto, (max-width: 397px) 100vw, 397px\" \/><strong>EDITAL No. 019\/2025<\/strong>\u00a0<strong>\u2013 Sele\u00e7\u00e3o para Estudantes Especiais \u2013 2025\/2<\/strong>\u00a0RESULTADO FINAL<\/p>\n\n\n\n<p class=\"has-small-font-size\">                         Divulga o Resultado para o ingresso no Programa de P\u00f3s-Gradua\u00e7\u00e3o Stricto sensu em Patologia Experimental como Estudante Especial\u00a0<a href=\"https:\/\/drive.google.com\/file\/d\/1jzlvPc6gyMO9IOB7ki8XGY3Ludbterpm\/view?usp=sharing\">(clique aqui)<\/a><\/p>\n\n\n\n<p><\/p>\n\n\n\n<h2 class=\"wp-block-heading has-text-align-center is-style-default has-text-color has-background has-link-color has-medium-font-size wp-elements-2a1b7baecaa0d1b88fdb96ec5af21da7\" style=\"color:#ee9a5f;background:radial-gradient(rgb(238,238,238) 58%,rgb(169,184,195) 100%)\">                 <strong>Documentos utilizados nos processos seletivos<\/strong><\/h2>\n\n\n\n<p><\/p>\n\n\n\n<p class=\"has-extra-1-color has-text-color has-link-color wp-elements-83e45a91d02772088b8191f8d7892583\" style=\"font-size:17px\"><img loading=\"lazy\" decoding=\"async\" width=\"36\" height=\"36\" class=\"wp-image-1039\" style=\"width: 36px\" src=\"https:\/\/pos.uel.br\/patologiaexperimental\/wp-content\/uploads\/2025\/09\/i\u0301cone-documentos-e1757081757143.png\" alt=\"\"> <strong>Tabela de pontua\u00e7\u00e3o autoatribu\u00edda &#8211; Processo Seletivo para MESTRADO<\/strong> &#8211; Download <a href=\"https:\/\/docs.google.com\/document\/d\/17nPMsJd37NQhwZm1fcILk2TPifsvTynq\/edit?usp=sharing&amp;ouid=102106691859238797476&amp;rtpof=true&amp;sd=true\"><img loading=\"lazy\" decoding=\"async\" width=\"512\" height=\"512\" class=\"wp-image-1004\" style=\"width: 50px\" src=\"https:\/\/pos.uel.br\/patologiaexperimental\/wp-content\/uploads\/2025\/09\/I\u0301CONE-DOWNLOAD.png\" alt=\"DOWNLOAD AQUI\n\" srcset=\"https:\/\/pos.uel.br\/patologiaexperimental\/wp-content\/uploads\/2025\/09\/I\u0301CONE-DOWNLOAD.png 512w, https:\/\/pos.uel.br\/patologiaexperimental\/wp-content\/uploads\/2025\/09\/I\u0301CONE-DOWNLOAD-300x300.png 300w, https:\/\/pos.uel.br\/patologiaexperimental\/wp-content\/uploads\/2025\/09\/I\u0301CONE-DOWNLOAD-150x150.png 150w\" sizes=\"auto, (max-width: 512px) 100vw, 512px\" \/><\/a><\/p>\n\n\n\n<p class=\"has-extra-1-color has-text-color has-link-color wp-elements-3569ef885b6fb8ea711c7bb80b214255\" style=\"font-size:17px\"><img loading=\"lazy\" decoding=\"async\" width=\"36\" height=\"36\" class=\"wp-image-1039\" style=\"width: 36px\" src=\"https:\/\/pos.uel.br\/patologiaexperimental\/wp-content\/uploads\/2025\/09\/i\u0301cone-documentos-e1757081757143.png\" alt=\"\"> <strong>Tabela de pontua\u00e7\u00e3o autoatribu\u00edda &#8211; Processo Seletivo para DOUTORADO<\/strong> &#8211; Download <a href=\"https:\/\/docs.google.com\/document\/d\/1ov_rdFyrjGn6ECcjtpwao30tKXxhqaOp\/edit?usp=sharing&amp;ouid=102106691859238797476&amp;rtpof=true&amp;sd=true\"><img loading=\"lazy\" decoding=\"async\" width=\"512\" height=\"512\" class=\"wp-image-1004\" style=\"width: 50px\" src=\"https:\/\/pos.uel.br\/patologiaexperimental\/wp-content\/uploads\/2025\/09\/I\u0301CONE-DOWNLOAD.png\" alt=\"DOWNLOAD AQUI\n\" srcset=\"https:\/\/pos.uel.br\/patologiaexperimental\/wp-content\/uploads\/2025\/09\/I\u0301CONE-DOWNLOAD.png 512w, https:\/\/pos.uel.br\/patologiaexperimental\/wp-content\/uploads\/2025\/09\/I\u0301CONE-DOWNLOAD-300x300.png 300w, https:\/\/pos.uel.br\/patologiaexperimental\/wp-content\/uploads\/2025\/09\/I\u0301CONE-DOWNLOAD-150x150.png 150w\" sizes=\"auto, (max-width: 512px) 100vw, 512px\" \/><\/a><\/p>\n\n\n\n<p class=\"has-extra-1-color has-text-color has-link-color wp-elements-2f763ca4f0cbc428680a3069f2862cf9\" style=\"font-size:17px\"><img loading=\"lazy\" decoding=\"async\" width=\"36\" height=\"36\" class=\"wp-image-1039\" style=\"width: 36px\" src=\"https:\/\/pos.uel.br\/patologiaexperimental\/wp-content\/uploads\/2025\/09\/i\u0301cone-documentos-e1757081757143.png\" alt=\"\"> <strong>Tabela de pontua\u00e7\u00e3o entrevista\/argui\u00e7\u00e3o da prova escrita &#8211; MESTRADO e DOUTORADO<\/strong> &#8211; Download <a href=\"https:\/\/drive.google.com\/file\/d\/1QJklE2_R1yz87b7L1nvoGG4Hy-AlN-f4\/view?usp=sharing\"><img loading=\"lazy\" decoding=\"async\" width=\"512\" height=\"512\" class=\"wp-image-1004\" style=\"width: 50px\" src=\"https:\/\/pos.uel.br\/patologiaexperimental\/wp-content\/uploads\/2025\/09\/I\u0301CONE-DOWNLOAD.png\" alt=\"DOWNLOAD AQUI\n\" srcset=\"https:\/\/pos.uel.br\/patologiaexperimental\/wp-content\/uploads\/2025\/09\/I\u0301CONE-DOWNLOAD.png 512w, https:\/\/pos.uel.br\/patologiaexperimental\/wp-content\/uploads\/2025\/09\/I\u0301CONE-DOWNLOAD-300x300.png 300w, https:\/\/pos.uel.br\/patologiaexperimental\/wp-content\/uploads\/2025\/09\/I\u0301CONE-DOWNLOAD-150x150.png 150w\" sizes=\"auto, (max-width: 512px) 100vw, 512px\" \/><\/a><\/p>\n\n\n\n<p class=\"has-extra-1-color has-text-color has-link-color wp-elements-08ee21a0138bc6a082b5e65d5cfb2b1c\" style=\"font-size:17px\"><img loading=\"lazy\" decoding=\"async\" width=\"36\" height=\"36\" class=\"wp-image-1039\" style=\"width: 36px\" src=\"https:\/\/pos.uel.br\/patologiaexperimental\/wp-content\/uploads\/2025\/09\/i\u0301cone-documentos-e1757081757143.png\" alt=\"\"> <strong>Delibera\u00e7\u00e3o no.001\/2019 &#8211; PPE &#8211; Roteiro de Prepara\u00e7\u00e3o do Pr\u00e9 Projeto e tabela de pontua\u00e7\u00e3o<\/strong> (doutorado) &#8211; Download <a href=\"https:\/\/drive.google.com\/file\/d\/15TNN-Ul0K0AnMIurog-D3N385EQnPBRz\/view?usp=sharing\"><img loading=\"lazy\" decoding=\"async\" width=\"512\" height=\"512\" class=\"wp-image-1004\" style=\"width: 50px\" src=\"https:\/\/pos.uel.br\/patologiaexperimental\/wp-content\/uploads\/2025\/09\/I\u0301CONE-DOWNLOAD.png\" alt=\"DOWNLOAD AQUI\n\" srcset=\"https:\/\/pos.uel.br\/patologiaexperimental\/wp-content\/uploads\/2025\/09\/I\u0301CONE-DOWNLOAD.png 512w, https:\/\/pos.uel.br\/patologiaexperimental\/wp-content\/uploads\/2025\/09\/I\u0301CONE-DOWNLOAD-300x300.png 300w, https:\/\/pos.uel.br\/patologiaexperimental\/wp-content\/uploads\/2025\/09\/I\u0301CONE-DOWNLOAD-150x150.png 150w\" sizes=\"auto, (max-width: 512px) 100vw, 512px\" \/><\/a><\/p>\n\n\n\n<p><\/p>\n\n\n\n<hr class=\"wp-block-separator has-text-color has-alpha-channel-opacity has-background is-style-wide\" style=\"background-color:#808080cc;color:#808080cc\" \/>\n\n\n\n<p><\/p>\n\n\n\n<p><\/p>\n\n\n\n<figure class=\"wp-block-image size-large is-resized is-style-default\"><img loading=\"lazy\" decoding=\"async\" width=\"1024\" height=\"247\" src=\"https:\/\/pos.uel.br\/patologiaexperimental\/wp-content\/uploads\/2025\/09\/Assinatura-de-e-mail-1024x247.jpg\" alt=\"\" class=\"wp-image-1042\" style=\"width:449px;height:auto\" srcset=\"https:\/\/pos.uel.br\/patologiaexperimental\/wp-content\/uploads\/2025\/09\/Assinatura-de-e-mail-1024x247.jpg 1024w, https:\/\/pos.uel.br\/patologiaexperimental\/wp-content\/uploads\/2025\/09\/Assinatura-de-e-mail-300x72.jpg 300w, https:\/\/pos.uel.br\/patologiaexperimental\/wp-content\/uploads\/2025\/09\/Assinatura-de-e-mail-768x185.jpg 768w, https:\/\/pos.uel.br\/patologiaexperimental\/wp-content\/uploads\/2025\/09\/Assinatura-de-e-mail-1536x371.jpg 1536w, https:\/\/pos.uel.br\/patologiaexperimental\/wp-content\/uploads\/2025\/09\/Assinatura-de-e-mail.jpg 1600w\" sizes=\"auto, (max-width: 1024px) 100vw, 1024px\" \/><\/figure>\n\n\n\n<p><\/p>\n","protected":false},"excerpt":{"rendered":"<p>\u00a0 PROCESSOS SELETIVOS EM ANDAMENTO Estudante Regular EDITAL No. 020\/2025 &#8211; Sele\u00e7\u00e3o para estudantes regulares &#8211; 2025\/2 (vers\u00e3o somente em portugu\u00eas) Estudante Especial EDITAL No. 014\/2025 &#8211; Sele\u00e7\u00e3o para Estudantes Especiais &#8211; 2025\/2 (somente em portugu\u00eas) EDITAL No. 019\/2025\u00a0\u2013 Sele\u00e7\u00e3o para Estudantes Especiais \u2013 2025\/2\u00a0RESULTADO FINAL Divulga o Resultado para o ingresso no Programa de [&hellip;]<\/p>\n","protected":false},"author":10,"featured_media":1024,"parent":0,"menu_order":0,"comment_status":"closed","ping_status":"closed","template":"page-templates\/template-without-title.php","meta":{"footnotes":""},"class_list":["post-401","page","type-page","status-publish","has-post-thumbnail","hentry"],"_links":{"self":[{"href":"https:\/\/pos.uel.br\/patologiaexperimental\/wp-json\/wp\/v2\/pages\/401","targetHints":{"allow":["GET"]}}],"collection":[{"href":"https:\/\/pos.uel.br\/patologiaexperimental\/wp-json\/wp\/v2\/pages"}],"about":[{"href":"https:\/\/pos.uel.br\/patologiaexperimental\/wp-json\/wp\/v2\/types\/page"}],"author":[{"embeddable":true,"href":"https:\/\/pos.uel.br\/patologiaexperimental\/wp-json\/wp\/v2\/users\/10"}],"replies":[{"embeddable":true,"href":"https:\/\/pos.uel.br\/patologiaexperimental\/wp-json\/wp\/v2\/comments?post=401"}],"version-history":[{"count":34,"href":"https:\/\/pos.uel.br\/patologiaexperimental\/wp-json\/wp\/v2\/pages\/401\/revisions"}],"predecessor-version":[{"id":1065,"href":"https:\/\/pos.uel.br\/patologiaexperimental\/wp-json\/wp\/v2\/pages\/401\/revisions\/1065"}],"wp:featuredmedia":[{"embeddable":true,"href":"https:\/\/pos.uel.br\/patologiaexperimental\/wp-json\/wp\/v2\/media\/1024"}],"wp:attachment":[{"href":"https:\/\/pos.uel.br\/patologiaexperimental\/wp-json\/wp\/v2\/media?parent=401"}],"curies":[{"name":"wp","href":"https:\/\/api.w.org\/{rel}","templated":true}]}}