{"id":392,"date":"2022-09-06T20:42:49","date_gmt":"2022-09-06T23:42:49","guid":{"rendered":"https:\/\/pos.uel.br\/patologiaexperimental\/?page_id=392"},"modified":"2022-09-07T03:27:04","modified_gmt":"2022-09-07T06:27:04","slug":"duvidas-frequentes","status":"publish","type":"page","link":"https:\/\/pos.uel.br\/patologiaexperimental\/duvidas-frequentes\/","title":{"rendered":"D\u00favidas Frequentes"},"content":{"rendered":"\n<p><strong>1) Quais s\u00e3o as regras para a concess\u00e3o de bolsas?<\/strong><\/p>\n\n\n\n<p>A bolsa de Mestrado\/Doutorado ser\u00e1 concedida ao aluno seguindo as regras abaixo:<\/p>\n\n\n\n<p>Bolsa de Mestrado:<\/p>\n\n\n\n<p>Nota final: Prova escrita (Peso 2) + An\u00e1lise de Curriculum Lattes (Peso 1)<\/p>\n\n\n\n<p>Bolsa de Doutorado:<\/p>\n\n\n\n<p>Nota final: Prova escrita (Peso 2) + An\u00e1lise de Curriculum Lattes (Peso 2) + Apresenta\u00e7\u00e3o oral do projeto (peso 1)<\/p>\n\n\n\n<div style=\"height:50px\" aria-hidden=\"true\" class=\"wp-block-spacer\"><\/div>\n\n\n\n<p><strong>2) Quais s\u00e3o as normas para conciliar Bolsa X Emprego?<\/strong><\/p>\n\n\n\n<p>Ver nas Atas do Programa 2017 na sess\u00e3o Downloads<\/p>\n\n\n\n<p>\u00c9 permitida a concilia\u00e7\u00e3o do recebimento da bolsa, apenas com atividade docente remunerada, restringindo-se a carga hor\u00e1ria semanal m\u00e1xima de aulas de acordo com as seguintes regras:<\/p>\n\n\n\n<p>Para alunos de doutorado:<\/p>\n\n\n\n<p>No primeiro ano: 4 horas;<\/p>\n\n\n\n<p>No segundo ano: 6 horas;<\/p>\n\n\n\n<p>No terceiro ano: 8 horas;<\/p>\n\n\n\n<p>No quarto ano: 10 horas;<\/p>\n\n\n\n<p>Para alunos de mestrado:<\/p>\n\n\n\n<p>Primeiro ano: N\u00e3o permitido;<\/p>\n\n\n\n<p>Segundo ano: At\u00e9 4 horas desde que tenha todos os cr\u00e9ditos de disciplinas cumpridos;<\/p>\n\n\n\n<div style=\"height:50px\" aria-hidden=\"true\" class=\"wp-block-spacer\"><\/div>\n\n\n\n<p><strong>3) Qual o n\u00famero de cr\u00e9ditos (optativas\/obrigat\u00f3rias) necess\u00e1rios para a conclus\u00e3o:<\/strong><\/p>\n\n\n\n<p>Ver Regimento atual na sess\u00e3o Downloads<\/p>\n\n\n\n<p>Aluno de Mestrado<\/p>\n\n\n\n<p>Dever\u00e1 completar 1.005 horas, isto equivale a 67 cr\u00e9ditos distribu\u00eddos em:<\/p>\n\n\n\n<p>\u00b7&nbsp;&nbsp;&nbsp;&nbsp;&nbsp;&nbsp;&nbsp;22 cr\u00e9ditos em disciplinas obrigat\u00f3rias<\/p>\n\n\n\n<p>\u00b7&nbsp;&nbsp;&nbsp;&nbsp;&nbsp;&nbsp;&nbsp;10 cr\u00e9ditos em disciplinas optativas<\/p>\n\n\n\n<p>\u00b7&nbsp;&nbsp;&nbsp;&nbsp;&nbsp;&nbsp;&nbsp;35 cr\u00e9ditos em Disserta\u00e7\u00f5es<\/p>\n\n\n\n<p>Aluno de Doutorado<\/p>\n\n\n\n<p>Dever\u00e1 completar 2.700 horas, isto equivale a 180 cr\u00e9ditos distribu\u00eddos em:<\/p>\n\n\n\n<p>\u00b7&nbsp;&nbsp;&nbsp;&nbsp;&nbsp;&nbsp;&nbsp;22 cr\u00e9ditos em disciplinas obrigat\u00f3rias<\/p>\n\n\n\n<p>\u00b7&nbsp;&nbsp;&nbsp;&nbsp;&nbsp;&nbsp;&nbsp;18 cr\u00e9ditos em disciplinas optativas<\/p>\n\n\n\n<p>\u00b7&nbsp;&nbsp;&nbsp;&nbsp;&nbsp;&nbsp;&nbsp;140 cr\u00e9ditos em Tese<\/p>\n\n\n\n<div style=\"height:50px\" aria-hidden=\"true\" class=\"wp-block-spacer\"><\/div>\n\n\n\n<p><strong>4) Como s\u00e3o convalidados os pedidos de cr\u00e9ditos?<\/strong><\/p>\n\n\n\n<p>Ver Regimento atual na sess\u00e3o Downloads<\/p>\n\n\n\n<p>Cr\u00e9ditos obtidos em outros Programas de P\u00f3s-gradua\u00e7\u00e3o, desde que haja correla\u00e7\u00e3o com a forma\u00e7\u00e3o em Patologia, ser\u00e3o aceitos at\u00e9 1\/3 (um ter\u00e7o) no m\u00e1ximo, dos cr\u00e9ditos exigidos em disciplinas.<\/p>\n\n\n\n<p>Mestrado (32 cr\u00e9ditos exigidos)<\/p>\n\n\n\n<p>Poder\u00e1 ser concedido no m\u00e1ximo 11 cr\u00e9ditos<\/p>\n\n\n\n<p>Doutorado (40 cr\u00e9ditos exigidos)<\/p>\n\n\n\n<p>Poder\u00e1 ser concedido no m\u00e1ximo 13 cr\u00e9ditos<\/p>\n\n\n\n<div style=\"height:50px\" aria-hidden=\"true\" class=\"wp-block-spacer\"><\/div>\n\n\n\n<p><strong>5) Quais as normas para ingresso no programa?<\/strong><\/p>\n\n\n\n<p>Ver mais informa\u00e7\u00f5es dos Editais de sele\u00e7\u00e3o, quando dispon\u00edveis.<\/p>\n\n\n\n<p>MESTRADO:<\/p>\n\n\n\n<p>Prova escrita (peso 2) e An\u00e1lise do Curr\u00edculo (peso 1).<\/p>\n\n\n\n<p>OBS: A prova ser\u00e1 composta de quest\u00f5es que contenham os conte\u00fados de Imunologia e Patologia, e ser\u00e3o formuladas pela comiss\u00e3o de sele\u00e7\u00e3o. Os t\u00f3picos a serem estudados ser\u00e3o divulgados no site do programa.<\/p>\n\n\n\n<p>DOUTORADO:<\/p>\n\n\n\n<p>Prova (peso 2), An\u00e1lise do Curr\u00edculo (peso 2) e Apresenta\u00e7\u00e3o oral do projeto (peso 1).<\/p>\n\n\n\n<p>OBS: A prova de doutorado constara da interpreta\u00e7\u00e3o de um artigo cientifico, cujas quest\u00f5es conceituais e de racioc\u00ednio cient\u00edfico ser\u00e3o formuladas pela comiss\u00e3o de sele\u00e7\u00e3o.<\/p>\n\n\n\n<div style=\"height:50px\" aria-hidden=\"true\" class=\"wp-block-spacer\"><\/div>\n\n\n\n<p><strong>6) Qual o modelo de projeto para a sele\u00e7\u00e3o de doutorado?<\/strong><\/p>\n\n\n\n<p>Ver na sess\u00e3o Downloads do site.<\/p>\n\n\n\n<p>Roteiro para a elabora\u00e7\u00e3o do projeto de pesquisa<\/p>\n\n\n\n<p>1. P\u00e1gina inicial: deve conter o t\u00edtulo da pesquisa, nome do candidato e do orientador;<\/p>\n\n\n\n<p>2. Resumo do projeto de no m\u00e1ximo 300 palavras;<\/p>\n\n\n\n<p>3. Justificativa de no m\u00e1ximo 300 palavras;<\/p>\n\n\n\n<p>4. Hip\u00f3tese do trabalho de no m\u00e1ximo 300 palavras;<\/p>\n\n\n\n<p>5. Introdu\u00e7\u00e3o de no m\u00e1ximo 8 p\u00e1ginas;<\/p>\n\n\n\n<p>6. Descri\u00e7\u00e3o do modelo da pesquisa e da metodologia a ser empregada;<\/p>\n\n\n\n<p>7. Resultados esperados;<\/p>\n\n\n\n<p>8. Refer\u00eancias bibliogr\u00e1ficas;<\/p>\n\n\n\n<p>9. Cronograma de atividades;<\/p>\n\n\n\n<p>10. Anexos: Aprova\u00e7\u00e3o do Comit\u00ea de \u00e9tica ou Atestado de envio para o Comit\u00ea<\/p>\n\n\n\n<div style=\"height:50px\" aria-hidden=\"true\" class=\"wp-block-spacer\"><\/div>\n\n\n\n<p><strong>7) Qual o modelo de apresenta\u00e7\u00e3o oral do projeto para a sele\u00e7\u00e3o de doutorado?<\/strong><\/p>\n\n\n\n<p>Ver mais informa\u00e7\u00f5es dos Editais de sele\u00e7\u00e3o, quando dispon\u00edveis.<\/p>\n\n\n\n<p>Roteiro para a apresenta\u00e7\u00e3o oral do projeto de pesquisa<\/p>\n\n\n\n<p>1. A apresenta\u00e7\u00e3o deve ter dura\u00e7\u00e3o de no m\u00e1ximo 10 minutos;<\/p>\n\n\n\n<p>2. Possuir o nome do orientador e do candidato;<\/p>\n\n\n\n<p>3. Ter introdu\u00e7\u00e3o, justificativa, hip\u00f3teses e objetivos;<\/p>\n\n\n\n<p>4. Deve apresentar os m\u00e9todos a serem utilizados para a execu\u00e7\u00e3o do trabalho;<\/p>\n\n\n\n<p>5. Destacar os resultados esperados;<\/p>\n\n\n\n<p>6. Cronograma das atividades<\/p>\n","protected":false},"excerpt":{"rendered":"<p>1) Quais s\u00e3o as regras para a concess\u00e3o de bolsas? A bolsa de Mestrado\/Doutorado ser\u00e1 concedida ao aluno seguindo as regras abaixo: Bolsa de Mestrado: Nota final: Prova escrita (Peso 2) + An\u00e1lise de Curriculum Lattes (Peso 1) Bolsa de Doutorado: Nota final: Prova escrita (Peso 2) + An\u00e1lise de Curriculum Lattes (Peso 2) + [&hellip;]<\/p>\n","protected":false},"author":10,"featured_media":0,"parent":0,"menu_order":0,"comment_status":"closed","ping_status":"closed","template":"","meta":{"footnotes":""},"class_list":["post-392","page","type-page","status-publish","hentry"],"_links":{"self":[{"href":"https:\/\/pos.uel.br\/patologiaexperimental\/wp-json\/wp\/v2\/pages\/392","targetHints":{"allow":["GET"]}}],"collection":[{"href":"https:\/\/pos.uel.br\/patologiaexperimental\/wp-json\/wp\/v2\/pages"}],"about":[{"href":"https:\/\/pos.uel.br\/patologiaexperimental\/wp-json\/wp\/v2\/types\/page"}],"author":[{"embeddable":true,"href":"https:\/\/pos.uel.br\/patologiaexperimental\/wp-json\/wp\/v2\/users\/10"}],"replies":[{"embeddable":true,"href":"https:\/\/pos.uel.br\/patologiaexperimental\/wp-json\/wp\/v2\/comments?post=392"}],"version-history":[{"count":3,"href":"https:\/\/pos.uel.br\/patologiaexperimental\/wp-json\/wp\/v2\/pages\/392\/revisions"}],"predecessor-version":[{"id":426,"href":"https:\/\/pos.uel.br\/patologiaexperimental\/wp-json\/wp\/v2\/pages\/392\/revisions\/426"}],"wp:attachment":[{"href":"https:\/\/pos.uel.br\/patologiaexperimental\/wp-json\/wp\/v2\/media?parent=392"}],"curies":[{"name":"wp","href":"https:\/\/api.w.org\/{rel}","templated":true}]}}