{"id":308,"date":"2022-07-22T18:26:12","date_gmt":"2022-07-22T21:26:12","guid":{"rendered":"https:\/\/pos.uel.br\/patologiaexperimental\/?page_id=308"},"modified":"2025-09-04T16:01:09","modified_gmt":"2025-09-04T19:01:09","slug":"resolucoes-normas-e-atos-executivos","status":"publish","type":"page","link":"https:\/\/pos.uel.br\/patologiaexperimental\/resolucoes-normas-e-atos-executivos\/","title":{"rendered":"Resolu\u00e7\u00f5es, Normas e Delibera\u00e7\u00f5es"},"content":{"rendered":"\n<div style=\"height:1px\" aria-hidden=\"true\" class=\"wp-block-spacer\"><\/div>\n\n\n\n<div class=\"wp-block-columns is-layout-flex wp-container-core-columns-is-layout-9d6595d7 wp-block-columns-is-layout-flex\">\n<div class=\"wp-block-column is-layout-flow wp-block-column-is-layout-flow\" style=\"flex-basis:66.66%\">\n<p><\/p>\n\n\n\n<h2 class=\"wp-block-heading has-medium-font-size\"><strong>Regimento &#8211;<\/strong> <strong><mark style=\"background-color:#ffffff;color:#f8951f\" class=\"has-inline-color\">Para discentes com matr\u00edcula a partir de 2019\/1<\/mark><\/strong><\/h2>\n\n\n\n<p><\/p>\n\n\n\n<p class=\"has-text-align-left has-small-font-size\"><strong>Regimento Geral do PPGPE<\/strong> &#8211; Resolu\u00e7\u00e3o CEPE no. 029\/2018 &#8211; <a href=\"https:\/\/drive.google.com\/file\/d\/1W5vajpxhEI-dN6yITf00UMXGnPmvcnxo\/view?usp=sharing\">acesse aqui<\/a><\/p>\n\n\n\n<p class=\"has-text-align-left has-small-font-size\"><strong>Organiza\u00e7\u00e3o Curricular do PPGPE<\/strong> &#8211; Delibera\u00e7\u00e3o C\u00e2mara de P\u00f3s-gradua\u00e7\u00e3o no. 28\/2015 &#8211; <a href=\"https:\/\/drive.google.com\/file\/d\/103Xxt8Mwolo2ohvAaHbxRHddSInHm-OY\/view?usp=sharing\">acesse aqui<\/a><\/p>\n\n\n\n<p><\/p>\n\n\n\n<p><\/p>\n\n\n\n<p class=\"has-medium-font-size\"><mark style=\"background-color:#ffffff\" class=\"has-inline-color has-primary-accent-color\"><strong>Delibera\u00e7\u00f5es PPGPE<\/strong><\/mark><\/p>\n\n\n\n<p><\/p>\n\n\n\n<p class=\"has-text-align-left has-small-font-size\"><strong><mark style=\"background-color:#ffffff\" class=\"has-inline-color has-secondary-accent-color\">Delibera\u00e7\u00e3o 001\/2019 PPGPE<\/mark><\/strong><mark style=\"background-color:#ffffff\" class=\"has-inline-color\"><strong> <\/strong>&#8211;<\/mark> Estabelece <strong><em>Normas e Procedimentos para elabora\u00e7\u00e3o, assim como a tabela de pontua\u00e7\u00e3o, do pr\u00e9-projeto de pesquisa submetido \u00e0 avalia\u00e7\u00e3o durante o processo seletivo para os ingressantes ao Curso de Doutorado<\/em><\/strong> do Programa P\u00f3s-Gradua\u00e7\u00e3o em Patologia Experimental (PPGPE) da Universidade Estadual de Londrina &#8211; <a href=\"https:\/\/drive.google.com\/file\/d\/15TNN-Ul0K0AnMIurog-D3N385EQnPBRz\/view?usp=sharing\">acesse aqui<\/a><\/p>\n\n\n\n<p class=\"has-text-align-left has-small-font-size\"><mark style=\"background-color:#ffffff\" class=\"has-inline-color has-secondary-accent-color\"><strong>Delibera\u00e7\u00e3o 002\/2019 PPGPE<\/strong> <\/mark>&#8211; Estabelece <strong><em>Normas e Procedimentos para concess\u00e3o, acompanhamento e renova\u00e7\u00e3o das Bolsas de Estudo<\/em> <\/strong>concedidas aos discentes do Programa P\u00f3s-gradua\u00e7\u00e3o em Patologia Experimental (PPGPE) da Universidade Estadual de Londrina &#8211; <a href=\"https:\/\/drive.google.com\/file\/d\/1ycNTVEVkffulCgoJZAbFdMug8qae13io\/view?usp=sharing\">acesse aqui<\/a><\/p>\n\n\n\n<p class=\"has-text-align-left has-small-font-size\"><strong><mark style=\"background-color:#ffffff\" class=\"has-inline-color has-secondary-accent-color\">Delibera\u00e7\u00e3o 001\/2023 PPGPE<\/mark><\/strong> &#8211; Estabelece <em><strong>Normas e Procedimentos para concess\u00e3o, acompanhamento e renova\u00e7\u00e3o das Bolsas de Estudo concedidas aos discentes ingressantes dentro do sistema de<\/strong> <strong>vagas de reserva<\/strong><\/em><strong> <\/strong>do Programa P\u00f3s-gradua\u00e7\u00e3o em Patologia Experimental (PPGPE) da Universidade Estadual de Londrina &#8211; <a href=\"https:\/\/drive.google.com\/file\/d\/1LkboiQwuWk6f7HCokY9zFPtnugqaCz5L\/view?usp=sharing\">acesse aqui<\/a><\/p>\n\n\n\n<p class=\"has-text-align-left has-small-font-size\"><mark style=\"background-color:#ffffff\" class=\"has-inline-color has-secondary-accent-color\"><strong>Delibera\u00e7\u00e3o 002\/2023 PPGPE<\/strong> <\/mark>&#8211; Estabelece <strong><em>Normas e Procedimentos para concess\u00e3o, acompanhamento e renova\u00e7\u00e3o das Bolsas de Estudo concedidas aos discentes do Programa P\u00f3s-gradua\u00e7\u00e3o em Patologia Experimental<\/em> <\/strong>(PPGPE) da Universidade Estadual de Londrina, considerando as Portarias CAPES nos. 133\/2023 de 10 de julho de 2023, e 187\/2023 de 28 de setembro de 2023 &#8211; <a href=\"https:\/\/drive.google.com\/file\/d\/1SZ-f8D2T1qh_fFgA9jeehSjtTMN4UqmP\/view?usp=sharing\">acesse aqui<\/a><\/p>\n\n\n\n<p class=\"has-text-align-left has-small-font-size\"><strong><mark style=\"background-color:#fefefe\" class=\"has-inline-color has-secondary-accent-color\">Delibera\u00e7\u00e3o 001\/2025 PPGPE<\/mark><\/strong> &#8211; Estabelece Normas e <strong><em>Procedimentos para elabora\u00e7\u00e3o, assim como a tabela de pontua\u00e7\u00e3o, do Plano de pesquisa submetido \u00e0 avalia\u00e7\u00e3o durante o processo seletivo para o Programa de Doutorado Sandu\u00edche no Exterior<\/em><\/strong> (PDSE &#8211; CAPES) &#8211; <a href=\"https:\/\/drive.google.com\/file\/d\/1gxkqL3OOFoNu3t0ORgYyv4LKMNHUV0Wd\/view?usp=sharing\">acesse aqui<\/a><\/p>\n\n\n\n<p class=\"has-small-font-size\"><s><strong><mark style=\"background-color:#fefefe\" class=\"has-inline-color has-secondary-accent-color\">Delibera\u00e7\u00e3o 002\/2025 PPGPE<\/mark><\/strong> &#8211; Estabelece <strong><em>Normas e Procedimentos para elabora\u00e7\u00e3o, apresenta\u00e7\u00e3o e tabela de pontua\u00e7\u00e3o, de planos de trabalho que envolvam qualquer processo seletivo referente \u00e0 concess\u00e3o de bolsas de p\u00f3s-doutorado por ag\u00eancias de fomento e que sejam implantadas <\/em><\/strong>pelo<strong> <\/strong>Programa P\u00f3s-Gradua\u00e7\u00e3o em Patologia Experimental (PPGPE) da Universidade Estadual de Londrina &#8211; acesse aqui<\/s><\/p>\n\n\n\n<p class=\"has-small-font-size\"><strong><mark style=\"background-color:#fefefe\" class=\"has-inline-color has-secondary-accent-color\">Delibera\u00e7\u00e3o 003\/2025 PPGPE<\/mark><\/strong> &#8211; Estabelece <strong><em>Normas e Procedimentos para elabora\u00e7\u00e3o, apresenta\u00e7\u00e3o e tabela de pontua\u00e7\u00e3o, de planos de trabalho que envolvam qualquer processo seletivo referente \u00e0 concess\u00e3o de bolsas de p\u00f3s-doutorado por ag\u00eancias de fomento e que sejam implantadas <\/em><\/strong>pelo<strong> <\/strong>Programa P\u00f3s-Gradua\u00e7\u00e3o em Patologia Experimental (PPGPE) da Universidade Estadual de Londrina. <strong>Retifica a Delibera\u00e7\u00e3o 002\/2025<\/strong> &#8211; <a href=\"https:\/\/drive.google.com\/file\/d\/12bfscngr4FgiX0nDv7_fGrphNZmNjAuh\/view?usp=sharing\">acesse aqui<\/a><\/p>\n<\/div>\n\n\n\n<div class=\"wp-block-column is-layout-flow wp-block-column-is-layout-flow\" style=\"flex-basis:33.33%\"><div class=\"wp-block-image\">\n<figure class=\"aligncenter is-resized\"><img loading=\"lazy\" decoding=\"async\" width=\"850\" height=\"850\" src=\"https:\/\/pos.uel.br\/patologiaexperimental\/wp-content\/uploads\/2025\/01\/Patologia_Experimental_Selo_AF-1.png\" alt=\"\" class=\"wp-image-904\" style=\"width:320px;height:auto\" srcset=\"https:\/\/pos.uel.br\/patologiaexperimental\/wp-content\/uploads\/2025\/01\/Patologia_Experimental_Selo_AF-1.png 850w, https:\/\/pos.uel.br\/patologiaexperimental\/wp-content\/uploads\/2025\/01\/Patologia_Experimental_Selo_AF-1-300x300.png 300w, https:\/\/pos.uel.br\/patologiaexperimental\/wp-content\/uploads\/2025\/01\/Patologia_Experimental_Selo_AF-1-150x150.png 150w, https:\/\/pos.uel.br\/patologiaexperimental\/wp-content\/uploads\/2025\/01\/Patologia_Experimental_Selo_AF-1-768x768.png 768w\" sizes=\"auto, (max-width: 850px) 100vw, 850px\" \/><\/figure>\n<\/div><\/div>\n<\/div>\n\n\n\n<p class=\"has-text-color has-link-color has-medium-font-size wp-elements-a027c6868e91f567b5e580b5efce3b4f\" style=\"color:#f28b0f\"><\/p>\n\n\n\n<p class=\"has-medium-font-size\"><\/p>\n\n\n\n<div style=\"height:35px\" aria-hidden=\"true\" class=\"wp-block-spacer\"><\/div>\n\n\n\n<p><\/p>\n","protected":false},"excerpt":{"rendered":"<p>Regimento &#8211; Para discentes com matr\u00edcula a partir de 2019\/1 Regimento Geral do PPGPE &#8211; Resolu\u00e7\u00e3o CEPE no. 029\/2018 &#8211; acesse aqui Organiza\u00e7\u00e3o Curricular do PPGPE &#8211; Delibera\u00e7\u00e3o C\u00e2mara de P\u00f3s-gradua\u00e7\u00e3o no. 28\/2015 &#8211; acesse aqui Delibera\u00e7\u00f5es PPGPE Delibera\u00e7\u00e3o 001\/2019 PPGPE &#8211; Estabelece Normas e Procedimentos para elabora\u00e7\u00e3o, assim como a tabela de pontua\u00e7\u00e3o, do [&hellip;]<\/p>\n","protected":false},"author":10,"featured_media":0,"parent":0,"menu_order":0,"comment_status":"closed","ping_status":"closed","template":"","meta":{"footnotes":""},"class_list":["post-308","page","type-page","status-publish","hentry"],"_links":{"self":[{"href":"https:\/\/pos.uel.br\/patologiaexperimental\/wp-json\/wp\/v2\/pages\/308","targetHints":{"allow":["GET"]}}],"collection":[{"href":"https:\/\/pos.uel.br\/patologiaexperimental\/wp-json\/wp\/v2\/pages"}],"about":[{"href":"https:\/\/pos.uel.br\/patologiaexperimental\/wp-json\/wp\/v2\/types\/page"}],"author":[{"embeddable":true,"href":"https:\/\/pos.uel.br\/patologiaexperimental\/wp-json\/wp\/v2\/users\/10"}],"replies":[{"embeddable":true,"href":"https:\/\/pos.uel.br\/patologiaexperimental\/wp-json\/wp\/v2\/comments?post=308"}],"version-history":[{"count":39,"href":"https:\/\/pos.uel.br\/patologiaexperimental\/wp-json\/wp\/v2\/pages\/308\/revisions"}],"predecessor-version":[{"id":1006,"href":"https:\/\/pos.uel.br\/patologiaexperimental\/wp-json\/wp\/v2\/pages\/308\/revisions\/1006"}],"wp:attachment":[{"href":"https:\/\/pos.uel.br\/patologiaexperimental\/wp-json\/wp\/v2\/media?parent=308"}],"curies":[{"name":"wp","href":"https:\/\/api.w.org\/{rel}","templated":true}]}}