{"id":303,"date":"2022-07-22T18:15:54","date_gmt":"2022-07-22T21:15:54","guid":{"rendered":"https:\/\/pos.uel.br\/patologiaexperimental\/?page_id=303"},"modified":"2023-08-04T21:19:02","modified_gmt":"2023-08-05T00:19:02","slug":"informaciones-generales","status":"publish","type":"page","link":"https:\/\/pos.uel.br\/patologiaexperimental\/informaciones-generales\/","title":{"rendered":"\u00a0Informaciones generales"},"content":{"rendered":"\n<div class=\"wp-block-columns is-layout-flex wp-container-core-columns-is-layout-9d6595d7 wp-block-columns-is-layout-flex\">\n<div class=\"wp-block-column is-layout-flow wp-block-column-is-layout-flow\">\n<p>El Programa de Posgrado en Patolog\u00eda Experimental fue creado con base en una s\u00f3lida formaci\u00f3n cient\u00edfica, capacitando a nuestros estudiantes a impartir docencia dentro del conocimiento cient\u00edfico de los mecanismos de Agresi\u00f3n y Defensa, comprendidos principalmente en las disciplinas de Patolog\u00eda General e Inmunolog\u00eda.<\/p>\n\n\n\n<p>Para la formaci\u00f3n integral de nuestros reci\u00e9n llegados, el perfil cient\u00edfico y la propuesta pedag\u00f3gica del programa se basan en el desarrollo de disertaciones y tesis basadas en proyectos relacionados con la salud humana y orientados a comprender los mecanismos de las enfermedades a partir del agente etiol\u00f3gico, a trav\u00e9s de su patogenia, hasta la resoluci\u00f3n de la enfermedad, ya sea de forma espont\u00e1nea o mediante f\u00e1rmacos o medicamentos. A trav\u00e9s de modelos experimentales de enfermedades <em>in vitro<\/em>, <em>ex vivo<\/em>, <em>in vivo<\/em> o modelos humanos, se pretende buscar el estado del arte en la investigaci\u00f3n cient\u00edfica con calidad e innovaci\u00f3n.<\/p>\n\n\n\n<p>En 2021, el posgrado en Patolog\u00eda Experimental complet\u00f3 20 a\u00f1os como Programa de Excelencia por CAPES (concepto 6), habi\u00e9ndose graduado ya m\u00e1s de 200 maestr\u00edas y 80 m\u00e9dicos a diciembre de 2020.<\/p>\n\n\n\n<p>La calidad de nuestra facultad es un reflejo de la calidad de nuestro trabajo publicado a nivel nacional e internacional. En el cuatrienio 2013-2016, la producci\u00f3n de art\u00edculos completos en revistas calificadas fue de 406 (promedio de 20 art\u00edculos por profesor permanente), con 80% de estos art\u00edculos con estudiantes graduados en la autor\u00eda de los trabajos. Esta producci\u00f3n provino de un elevado n\u00famero de 27 doctorados y 55 maestr\u00edas completadas en el cuatrienio 2013-2016. Asimismo, desde un principio, los profesores del PPGPE \/ UEL consideraron fundamental que los proyectos de investigaci\u00f3n se desarrollen en colaboraci\u00f3n con otras instituciones. Inicialmente, los profesores del Programa establecieron alianzas con otras instituciones en Paran\u00e1 y, posteriormente, instituciones de otros Estados tambi\u00e9n fueron incluidas en la lista de colaboraciones. Las colaboraciones internacionales comenzaron en 2013 y se expandieron en los a\u00f1os siguientes, lo que contribuy\u00f3 fuertemente a la elevaci\u00f3n del concepto CAPES. Las principales acciones de internacionalizaci\u00f3n llevadas a cabo hasta el momento por el Programa involucran misiones de estudio e investigaci\u00f3n en el exterior, participaci\u00f3n en eventos cient\u00edficos en el exterior y recepci\u00f3n de estudiantes de grado y posgrado y profesores-investigadores del exterior para misiones de estudio y \/ o investigaci\u00f3n. Cabe destacar tambi\u00e9n que el Programa ha organizado el Simposio Internacional de Patolog\u00eda Experimental, cuya cuarta edici\u00f3n concluy\u00f3 en 2021 (<a href=\"http:\/\/www.uel.br\/eventos\/simposiopato\">http:\/\/www.uel.br\/eventos\/simposiopato<\/a>). <\/p>\n\n\n\n<p>La amplia gama de l\u00edneas de investigaci\u00f3n del programa, as\u00ed como los laboratorios de investigaci\u00f3n equipados y el laboratorio multiusuario, apoyan proyectos innovadores, desde la investigaci\u00f3n b\u00e1sica hasta la investigaci\u00f3n cl\u00ednica, retratando la investigaci\u00f3n traslacional moderna en \u00e1reas prioritarias a nivel nacional e internacional.<\/p>\n<\/div>\n<\/div>\n","protected":false},"excerpt":{"rendered":"<p>El Programa de Posgrado en Patolog\u00eda Experimental fue creado con base en una s\u00f3lida formaci\u00f3n cient\u00edfica, capacitando a nuestros estudiantes a impartir docencia dentro del conocimiento cient\u00edfico de los mecanismos de Agresi\u00f3n y Defensa, comprendidos principalmente en las disciplinas de Patolog\u00eda General e Inmunolog\u00eda. Para la formaci\u00f3n integral de nuestros reci\u00e9n llegados, el perfil cient\u00edfico [&hellip;]<\/p>\n","protected":false},"author":10,"featured_media":0,"parent":0,"menu_order":0,"comment_status":"closed","ping_status":"closed","template":"","meta":{"footnotes":""},"class_list":["post-303","page","type-page","status-publish","hentry"],"_links":{"self":[{"href":"https:\/\/pos.uel.br\/patologiaexperimental\/wp-json\/wp\/v2\/pages\/303","targetHints":{"allow":["GET"]}}],"collection":[{"href":"https:\/\/pos.uel.br\/patologiaexperimental\/wp-json\/wp\/v2\/pages"}],"about":[{"href":"https:\/\/pos.uel.br\/patologiaexperimental\/wp-json\/wp\/v2\/types\/page"}],"author":[{"embeddable":true,"href":"https:\/\/pos.uel.br\/patologiaexperimental\/wp-json\/wp\/v2\/users\/10"}],"replies":[{"embeddable":true,"href":"https:\/\/pos.uel.br\/patologiaexperimental\/wp-json\/wp\/v2\/comments?post=303"}],"version-history":[{"count":2,"href":"https:\/\/pos.uel.br\/patologiaexperimental\/wp-json\/wp\/v2\/pages\/303\/revisions"}],"predecessor-version":[{"id":346,"href":"https:\/\/pos.uel.br\/patologiaexperimental\/wp-json\/wp\/v2\/pages\/303\/revisions\/346"}],"wp:attachment":[{"href":"https:\/\/pos.uel.br\/patologiaexperimental\/wp-json\/wp\/v2\/media?parent=303"}],"curies":[{"name":"wp","href":"https:\/\/api.w.org\/{rel}","templated":true}]}}