{"id":275,"date":"2022-07-21T12:20:23","date_gmt":"2022-07-21T15:20:23","guid":{"rendered":"https:\/\/pos.uel.br\/patologiaexperimental\/?page_id=275"},"modified":"2023-06-21T20:21:12","modified_gmt":"2023-06-21T23:21:12","slug":"regulamentacao-geral","status":"publish","type":"page","link":"https:\/\/pos.uel.br\/patologiaexperimental\/regulamentacao-geral\/","title":{"rendered":"Regulamenta\u00e7\u00e3o geral"},"content":{"rendered":"\n<p>A cada processo seletivo, a classifica\u00e7\u00e3o dos candidatos aprovados ser\u00e1 gerada em ordem crescente tendo como base a m\u00e9dia finalobtida pelos candidatos, e divulgada por n\u00famero de inscri\u00e7\u00e3o.<\/p>\n\n\n\n<p>O preenchimento das vagas para MESTRADO e DOUTORADO no Programa de P\u00f3s-gradua\u00e7\u00e3o em Patologia Experimental obedecer\u00e1 ao n\u00famero de vagas ofertadas a cada Edital de Sele\u00e7\u00e3o, n\u00e3o sendo obrigat\u00f3rio o preenchimento da totalidade das vagas disponibilizadas. N\u00e3o h\u00e1 lista de suplentes.<\/p>\n\n\n\n<p>A ordem de concess\u00e3o de bolsas de estudos de Mestrado e Doutorado seguir\u00e1 a ordem de classifica\u00e7\u00e3o dos candidatos aprovados, obedecendo a quantidade de bolsas dispon\u00edveis nos anos de suas implanta\u00e7\u00f5es.<\/p>\n\n\n\n<p>N\u00e3o h\u00e1 obrigatoriedade de concess\u00e3o de bolsas de estudos para todos os aprovados.<\/p>\n\n\n\n<p class=\"has-primary-accent-color has-text-color\"><strong>Normas para concilia\u00e7\u00e3o de bolsa com v\u00ednculo empregat\u00edcio:<\/strong><\/p>\n\n\n\n<p><strong>Regulamenta\u00e7\u00e3o de Bolsas CAPES\/DS<\/strong> <strong><a href=\"https:\/\/pos.uel.br\/patologiaexperimental\/wp-content\/uploads\/2022\/09\/Portaria-regulamentac\u0327a\u0303o-Bolsas-DS.pdf\" data-type=\"attachment\" data-id=\"463\" target=\"_blank\" rel=\"noreferrer noopener\">(PDF)<\/a><\/strong><\/p>\n\n\n\n<p>De acordo com reuni\u00e3o realizada entre a Comiss\u00e3o Coordenadora do PPGPE e o corpo de discentes em 2017 (Vide atas de reuni\u00f5es 2017, arquivo Secretaria do PPGPE), fica estabelecido que:<\/p>\n\n\n\n<p>\u00c9 permitida a concilia\u00e7\u00e3o do recebimento da bolsa, apenas com atividade DOCENTE remunerada, restringindo-se a carga hor\u00e1ria semanal m\u00e1xima de aulas de acordo com as seguintes regras:<\/p>\n\n\n\n<p class=\"has-primary-accent-color has-text-color\"><strong>Para alunos do Curso de Mestrado:<\/strong><\/p>\n\n\n\n<p>Primeiro ano: N\u00e3o permitido;<br>Segundo ano: At\u00e9 4 horas desde que tenha todos os cr\u00e9ditos de disciplinas cumpridos;<\/p>\n\n\n\n<p class=\"has-primary-accent-color has-text-color\"><strong>Para alunos do Curso de Doutorado:<\/strong><\/p>\n\n\n\n<p>No primeiro ano: 4 horas;<br>No segundo ano: 6 horas;<br>No terceiro ano: 8 horas;<br>No quarto ano: 10 horas;<\/p>\n\n\n\n<p class=\"has-primary-accent-color has-text-color has-medium-font-size\"><strong>Documentos \u00fateis:<\/strong><\/p>\n\n\n\n<p><strong>Termo de aceite de bolsas CAPES\/DS <a href=\"https:\/\/pos.uel.br\/patologiaexperimental\/wp-content\/uploads\/2022\/09\/Termo-Compromisso-Bolsa-CAPES-DS-2020.doc\" data-type=\"attachment\" data-id=\"464\" target=\"_blank\" rel=\"noreferrer noopener\">(Word)<\/a><\/strong><\/p>\n\n\n\n<p><strong>Normas e Procedimentos para concess\u00e3o, acompanhamento e renova\u00e7\u00e3o das Bolsas de Estudo <a rel=\"noreferrer noopener\" href=\"https:\/\/pos.uel.br\/patologiaexperimental\/wp-content\/uploads\/2022\/09\/Normas-para-concessa303o-e-renovac327a303o-de-bolsas-002.2019-1.pdf\" data-type=\"attachment\" data-id=\"465\" target=\"_blank\">(PDF)<\/a><\/strong><\/p>\n\n\n\n<p><strong>Normas e Procedimentos para concess\u00e3o, acompanhamento e renova\u00e7\u00e3o das Bolsas de Estudo  concedidas \u00e0s a\u00e7\u00f5es afirmativas <a href=\"https:\/\/drive.google.com\/file\/d\/1LkboiQwuWk6f7HCokY9zFPtnugqaCz5L\/view?usp=sharing\" target=\"_blank\" rel=\"noreferrer noopener\">(PDF)<\/a><\/strong><\/p>\n","protected":false},"excerpt":{"rendered":"<p>A cada processo seletivo, a classifica\u00e7\u00e3o dos candidatos aprovados ser\u00e1 gerada em ordem crescente tendo como base a m\u00e9dia finalobtida pelos candidatos, e divulgada por n\u00famero de inscri\u00e7\u00e3o. O preenchimento das vagas para MESTRADO e DOUTORADO no Programa de P\u00f3s-gradua\u00e7\u00e3o em Patologia Experimental obedecer\u00e1 ao n\u00famero de vagas ofertadas a cada Edital de Sele\u00e7\u00e3o, n\u00e3o [&hellip;]<\/p>\n","protected":false},"author":10,"featured_media":0,"parent":0,"menu_order":0,"comment_status":"closed","ping_status":"closed","template":"","meta":{"footnotes":""},"class_list":["post-275","page","type-page","status-publish","hentry"],"_links":{"self":[{"href":"https:\/\/pos.uel.br\/patologiaexperimental\/wp-json\/wp\/v2\/pages\/275","targetHints":{"allow":["GET"]}}],"collection":[{"href":"https:\/\/pos.uel.br\/patologiaexperimental\/wp-json\/wp\/v2\/pages"}],"about":[{"href":"https:\/\/pos.uel.br\/patologiaexperimental\/wp-json\/wp\/v2\/types\/page"}],"author":[{"embeddable":true,"href":"https:\/\/pos.uel.br\/patologiaexperimental\/wp-json\/wp\/v2\/users\/10"}],"replies":[{"embeddable":true,"href":"https:\/\/pos.uel.br\/patologiaexperimental\/wp-json\/wp\/v2\/comments?post=275"}],"version-history":[{"count":4,"href":"https:\/\/pos.uel.br\/patologiaexperimental\/wp-json\/wp\/v2\/pages\/275\/revisions"}],"predecessor-version":[{"id":701,"href":"https:\/\/pos.uel.br\/patologiaexperimental\/wp-json\/wp\/v2\/pages\/275\/revisions\/701"}],"wp:attachment":[{"href":"https:\/\/pos.uel.br\/patologiaexperimental\/wp-json\/wp\/v2\/media?parent=275"}],"curies":[{"name":"wp","href":"https:\/\/api.w.org\/{rel}","templated":true}]}}