{"id":19,"date":"2021-04-28T15:35:54","date_gmt":"2021-04-28T18:35:54","guid":{"rendered":"https:\/\/pos.uel.br\/patologiaexperimental\/?page_id=19"},"modified":"2022-09-24T23:06:26","modified_gmt":"2022-09-25T02:06:26","slug":"estrutura-curricular-mestrado","status":"publish","type":"page","link":"https:\/\/pos.uel.br\/patologiaexperimental\/estrutura-curricular-mestrado\/","title":{"rendered":"Estrutura curricular do Mestrado"},"content":{"rendered":"\n<p class=\"has-medium-font-size\"><strong>Regimento: Resolu\u00e7\u00e3o CEPE\/UEL no. 019\/2018 e Delibera\u00e7\u00e3o &#8211; C\u00e2mara de P\u00f3s-gradua\u00e7\u00e3o no. 28\/2015<\/strong><\/p>\n\n\n\n<p>As disciplinas s\u00e3o agrupadas em obrigat\u00f3rias e optativas de acordo com as respectivas ementas, bem como atividades especiais e est\u00e1gio de doc\u00eancia na gradua\u00e7\u00e3o.<\/p>\n\n\n\n<p class=\"has-medium-font-size\"><strong>Curr\u00edculo: 1005 horas (67 cr\u00e9ditos)<\/strong><\/p>\n\n\n\n<p>N\u00famero M\u00ednimo de Cr\u00e9ditos em Disciplinas Obrigat\u00f3rias: 22 cr\u00e9ditos<br>N\u00famero M\u00ednimo de Cr\u00e9ditos em Disciplinas Optativas: 10 cr\u00e9ditos<br>N\u00famero M\u00ednimo de Cr\u00e9ditos em Disserta\u00e7\u00e3o (I, II, III e IV)*: 35 cr\u00e9ditos<br>Cr\u00e9ditos em Est\u00e1gio em Doc\u00eancia (obrigat\u00f3rio para bolsistas)**: 02 cr\u00e9ditos<\/p>\n\n\n\n<p>*S\u00e3o cursadas na forma de 01 (uma) disciplina por semestre: as de n\u00fameros \u00edmpares devem ser cursadas em semestres \u00edmpares; as de n\u00fameros pares devem ser cursadas em semestres pares.<\/p>\n\n\n\n<p>**N\u00e3o s\u00e3o computados como cr\u00e9ditos de disciplinas optativas.<\/p>\n\n\n\n<p>Cr\u00e9ditos obtidos em outros Programas de P\u00f3s-gradua\u00e7\u00e3o de \u00e1reas afins (pertencentes \u00e0 Universidade Estadual de Londrina ou \u00e0 outras Universidades do territ\u00f3rio Nacional), recomendados pela CAPES, poder\u00e3o ser aceitos at\u00e9 1\/3, no m\u00e1ximo, dos cr\u00e9ditos exigidos em disciplinas OPTATIVAS. <strong>Assim, para o Curso de Mestrado, o n\u00famero m\u00e1ximo de Disciplinas CONVALIDADAS ser\u00e1 de <u>03 (tr\u00eas) cr\u00e9ditos<\/u><\/strong>.<\/p>\n\n\n\n<p>Cada disciplina possui uma carga hor\u00e1ria expressa em cr\u00e9ditos, sendo cada cr\u00e9dito correspondente a 15 horas-aula.<\/p>\n","protected":false},"excerpt":{"rendered":"<p>Regimento: Resolu\u00e7\u00e3o CEPE\/UEL no. 019\/2018 e Delibera\u00e7\u00e3o &#8211; C\u00e2mara de P\u00f3s-gradua\u00e7\u00e3o no. 28\/2015 As disciplinas s\u00e3o agrupadas em obrigat\u00f3rias e optativas de acordo com as respectivas ementas, bem como atividades especiais e est\u00e1gio de doc\u00eancia na gradua\u00e7\u00e3o. Curr\u00edculo: 1005 horas (67 cr\u00e9ditos) N\u00famero M\u00ednimo de Cr\u00e9ditos em Disciplinas Obrigat\u00f3rias: 22 cr\u00e9ditosN\u00famero M\u00ednimo de Cr\u00e9ditos em [&hellip;]<\/p>\n","protected":false},"author":7,"featured_media":0,"parent":0,"menu_order":0,"comment_status":"closed","ping_status":"closed","template":"","meta":{"footnotes":""},"class_list":["post-19","page","type-page","status-publish","hentry"],"_links":{"self":[{"href":"https:\/\/pos.uel.br\/patologiaexperimental\/wp-json\/wp\/v2\/pages\/19","targetHints":{"allow":["GET"]}}],"collection":[{"href":"https:\/\/pos.uel.br\/patologiaexperimental\/wp-json\/wp\/v2\/pages"}],"about":[{"href":"https:\/\/pos.uel.br\/patologiaexperimental\/wp-json\/wp\/v2\/types\/page"}],"author":[{"embeddable":true,"href":"https:\/\/pos.uel.br\/patologiaexperimental\/wp-json\/wp\/v2\/users\/7"}],"replies":[{"embeddable":true,"href":"https:\/\/pos.uel.br\/patologiaexperimental\/wp-json\/wp\/v2\/comments?post=19"}],"version-history":[{"count":3,"href":"https:\/\/pos.uel.br\/patologiaexperimental\/wp-json\/wp\/v2\/pages\/19\/revisions"}],"predecessor-version":[{"id":460,"href":"https:\/\/pos.uel.br\/patologiaexperimental\/wp-json\/wp\/v2\/pages\/19\/revisions\/460"}],"wp:attachment":[{"href":"https:\/\/pos.uel.br\/patologiaexperimental\/wp-json\/wp\/v2\/media?parent=19"}],"curies":[{"name":"wp","href":"https:\/\/api.w.org\/{rel}","templated":true}]}}